{"id":502,"date":"2024-09-20T15:34:30","date_gmt":"2024-09-20T13:34:30","guid":{"rendered":"https:\/\/www.minesparis.psl.eu\/persee\/?page_id=502"},"modified":"2026-04-27T11:43:59","modified_gmt":"2026-04-27T09:43:59","slug":"nous-rejoindre","status":"publish","type":"page","link":"https:\/\/www.minesparis.psl.eu\/persee\/nous-rejoindre\/","title":{"rendered":"Nous rejoindre"},"content":{"rendered":"\n<div class=\"container block-full-largeur\">\n\t<div class=\"row mt-4\">\n\t\t<div class=\"col-md-12\">\n\t\t\t<h2 style=\"text-align: justify\">Le Campus Pierre Laffitte<\/h2>\n<p style=\"text-align: justify\">Le Centre PERSEE est situ\u00e9 \u00e0 Sophia Antipolis, premi\u00e8re technopole d\u2019Europe, rassemblant 2500 entreprises. Localis\u00e9e dans les Alpes-Maritimes et s&rsquo;\u00e9tendant sur 2 400 hectares de pin\u00e8de, c\u2019est \u00e0 la fois un lieu d\u2019innovation \u00e0 rayonnement europ\u00e9en et un espace de nature et de sport tr\u00e8s appr\u00e9ci\u00e9.<\/p>\n<p style=\"text-align: justify\">Le Campus Pierre Laffitte regroupe cinq Centres de recherche de l\u2019\u00e9cole des Mines de Paris, dont le Centre PERSEE, qui b\u00e9n\u00e9ficient des installations de l&rsquo;\u00e9cole avec salles de cours, amphith\u00e9\u00e2tres, etc. La vie du campus est anim\u00e9e par l\u2019association des \u00e9tudiants et rythm\u00e9e par de nombreuses activit\u00e9s festives et sportives.<\/p>\n<p><a class=\"button-mines btn-bleu flech lf-blanc\" href=\"https:\/\/www.minesparis.psl.eu\/persee\/nous-rejoindre\/campus-pierre-laffite\/\">En savoir plus<\/a><\/p>\n<p>&nbsp;<\/p>\n\t\t<\/div>\n\t<\/div>\n<\/div>\n\n\n<div class=\"container block-full-largeur\">\n\t<div class=\"row mt-4\">\n\t\t<div class=\"col-md-12\">\n\t\t\t<h2>Recrutement<\/h2>\n<p style=\"text-align: justify\">Nous visons l\u2019excellence scientifique dans la recherche et la qualit\u00e9 p\u00e9dagogique dans l\u2019enseignement et la formation. Pour soutenir nos enseignements et projets, nous recrutons en fonction des besoins et possibilit\u00e9s de nouveaux enseignants-chercheurs, des ing\u00e9nieurs de recherche, des techniciens de laboratoire et des personnels administratifs.<\/p>\n<p><span class=\"NormalTextRun SCXO194574917 BCX8\">Vous trouverez\u00a0<\/span><span class=\"ContextualSpellingAndGrammarError SCXO194574917 BCX8\">ci-dessous<\/span><span class=\"NormalTextRun SCXO194574917 BCX8\">\u00a0<strong>les offres de th\u00e8se du D\u00e9partement Energ\u00e9tique et Proc\u00e9d\u00e9s,<\/strong> auquel est rattach\u00e9 le Centre PERSEE, ainsi que les autres postes ouverts par le Centre.<\/span><\/p>\n<p>&nbsp;<\/p>\n\t\t<\/div>\n\t<\/div>\n<\/div>\n\n\n<div class=\"container bloc-50-50\">\n\t<div class=\"row mt-4\">\n\t\t<div class=\"col-md-6\">\n\t\t\t<p><a class=\"button-mines btn-bleu flech lf-blanc\" href=\"https:\/\/www.minesparis.psl.eu\/persee\/propositions-des-sujets-de-these\/\" rel=\"noopener\">Les offres de th\u00e8ses<\/a><\/p>\n\t\t<\/div>\n\t\t<div class=\"col-md-6\">\n\t\t\t<p><a class=\"button-mines btn-bleu flech lf-blanc\" href=\"https:\/\/www.minesparis.psl.eu\/persee\/les-offres-de-postes\/\">Les autres offres de postes<\/a><\/p>\n\t\t<\/div>\n\t<\/div>\n<\/div>\n\n\n<div class=\"container bloc-50-50\">\n\t<div class=\"row mt-4\">\n\t\t<div class=\"col-md-6\">\n\t\t\t<p>&nbsp;<\/p>\n<h2>Acc\u00e8s<\/h2>\n<p style=\"text-align: justify\">L\u2019adresse du Centre est 1 Rue Claude Daunesse, B.P. 207 06904 Sophia Antipolis Cedex :<\/p>\n<ul style=\"text-align: justify\">\n<li>Consulter le <a href=\"https:\/\/www.google.fr\/maps\/place\/Rue+Claude+Daunesse,+06560+Valbonne\/@43.6156925,7.049444,17z\/data=!3m1!4b1!4m6!3m5!1s0x12cc2b00dfb49d33:0xa48067046adf6011!8m2!3d43.6156925!4d7.0520189!16s%2Fg%2F1tdlr54v?hl=fr&amp;entry=ttu&amp;g_ep=EgoyMDI0MDgyMC4xIKXMDSoASAFQAw%3D%3D\" target=\"_blank\" rel=\"noopener\">plan d\u2019acc\u00e8s<\/a><\/li>\n<li>Voir le plan des b\u00e2timents<\/li>\n<li>Pour venir en bus depuis Nice (centre-ville ou a\u00e9roport), emprunter la ligne 630 (arr\u00eat Sophie Laffitte) : <a href=\"https:\/\/itineraires-zou.maregionsud.fr\/fr\/horaires\/Zou%20!%20Proximit%C3%A9\/BUS\/ligne\/630\/direction\/OUTWARD\/14633\" target=\"_blank\" rel=\"noopener\">d\u00e9tails ici<\/a>.<\/li>\n<li>Pour venir en bus depuis Antibes (gare SNCF la plus proche), emprunter la ligne 9 ou la ligne B (arr\u00eat Sophie Lafitte) : <a href=\"https:\/\/www.envibus.fr\/le-reseau\/lignes-urbaines\" target=\"_blank\" rel=\"noopener\">d\u00e9tails ici<\/a>.<\/li>\n<\/ul>\n<p style=\"text-align: justify\">\n\t\t<\/div>\n\t\t<div class=\"col-md-6\">\n\t\t\t<p>&nbsp;<\/p>\n<p>&nbsp;<\/p>\n<p><img loading=\"lazy\" decoding=\"async\" class=\"alignnone wp-image-5110 size-large\" src=\"https:\/\/www.minesparis.psl.eu\/persee\/wp-content\/uploads\/sites\/22\/2026\/03\/Campus-Pierre-LAFFITTE_250326_004_l-1024x683.jpeg\" alt=\"Ext. campus Pierre LAFFITTE\" width=\"1024\" height=\"683\" srcset=\"https:\/\/www.minesparis.psl.eu\/persee\/wp-content\/uploads\/sites\/22\/2026\/03\/Campus-Pierre-LAFFITTE_250326_004_l-1024x683.jpeg 1024w, https:\/\/www.minesparis.psl.eu\/persee\/wp-content\/uploads\/sites\/22\/2026\/03\/Campus-Pierre-LAFFITTE_250326_004_l-300x200.jpeg 300w, https:\/\/www.minesparis.psl.eu\/persee\/wp-content\/uploads\/sites\/22\/2026\/03\/Campus-Pierre-LAFFITTE_250326_004_l-768x512.jpeg 768w, https:\/\/www.minesparis.psl.eu\/persee\/wp-content\/uploads\/sites\/22\/2026\/03\/Campus-Pierre-LAFFITTE_250326_004_l-1536x1024.jpeg 1536w, https:\/\/www.minesparis.psl.eu\/persee\/wp-content\/uploads\/sites\/22\/2026\/03\/Campus-Pierre-LAFFITTE_250326_004_l-2048x1365.jpeg 2048w, https:\/\/www.minesparis.psl.eu\/persee\/wp-content\/uploads\/sites\/22\/2026\/03\/Campus-Pierre-LAFFITTE_250326_004_l-1300x867.jpeg 1300w\" sizes=\"auto, (max-width: 1024px) 100vw, 1024px\" \/><\/p>\n\t\t<\/div>\n\t<\/div>\n<\/div>\n\n\n<div class=\"container block-full-largeur\">\n\t<div class=\"row mt-4\">\n\t\t<div class=\"col-md-12\">\n\t\t\t<p>&nbsp;<\/p>\n<h2>Nous contacter<\/h2>\n<p>Num\u00e9ro de t\u00e9l\u00e9phone du secr\u00e9tariat: 04 93 95 75 99<\/p>\n<p>Par mail via <a href=\"\/contact\">le formulaire<\/a><\/p>\n<p>&nbsp;<\/p>\n\t\t<\/div>\n\t<\/div>\n<\/div>","protected":false},"excerpt":{"rendered":"","protected":false},"author":1,"featured_media":4940,"parent":0,"menu_order":0,"comment_status":"closed","ping_status":"closed","template":"","meta":{"footnotes":""},"class_list":["post-502","page","type-page","status-publish","has-post-thumbnail","hentry"],"acf":[],"yoast_head":"<!-- This site is optimized with the Yoast SEO plugin v27.2 - https:\/\/yoast.com\/product\/yoast-seo-wordpress\/ -->\n<title>Nous rejoindre - PERSEE Mines Paris - PSL<\/title>\n<meta name=\"robots\" content=\"index, follow, max-snippet:-1, max-image-preview:large, max-video-preview:-1\" \/>\n<link rel=\"canonical\" href=\"https:\/\/www.minesparis.psl.eu\/persee\/nous-rejoindre\/\" \/>\n<meta property=\"og:locale\" content=\"fr_FR\" \/>\n<meta property=\"og:type\" content=\"article\" \/>\n<meta property=\"og:title\" content=\"Nous rejoindre - PERSEE Mines Paris - PSL\" \/>\n<meta property=\"og:url\" content=\"https:\/\/www.minesparis.psl.eu\/persee\/nous-rejoindre\/\" \/>\n<meta property=\"og:site_name\" content=\"PERSEE Mines Paris - PSL\" \/>\n<meta property=\"article:modified_time\" content=\"2026-04-27T09:43:59+00:00\" \/>\n<meta property=\"og:image\" content=\"https:\/\/www.minesparis.psl.eu\/persee\/wp-content\/uploads\/sites\/22\/2026\/02\/GroupePERSEE-scaled-e1770971837209.jpeg\" \/>\n\t<meta property=\"og:image:width\" content=\"2560\" \/>\n\t<meta property=\"og:image:height\" content=\"1182\" \/>\n\t<meta property=\"og:image:type\" content=\"image\/jpeg\" \/>\n<meta name=\"twitter:card\" content=\"summary_large_image\" \/>\n<meta name=\"twitter:label1\" content=\"Dur\u00e9e de lecture estim\u00e9e\" \/>\n\t<meta name=\"twitter:data1\" content=\"1 minute\" \/>\n<script type=\"application\/ld+json\" class=\"yoast-schema-graph\">{\"@context\":\"https:\/\/schema.org\",\"@graph\":[{\"@type\":\"WebPage\",\"@id\":\"https:\/\/www.minesparis.psl.eu\/persee\/nous-rejoindre\/\",\"url\":\"https:\/\/www.minesparis.psl.eu\/persee\/nous-rejoindre\/\",\"name\":\"Nous rejoindre - PERSEE Mines Paris - PSL\",\"isPartOf\":{\"@id\":\"https:\/\/www.minesparis.psl.eu\/persee\/#website\"},\"primaryImageOfPage\":{\"@id\":\"https:\/\/www.minesparis.psl.eu\/persee\/nous-rejoindre\/#primaryimage\"},\"image\":{\"@id\":\"https:\/\/www.minesparis.psl.eu\/persee\/nous-rejoindre\/#primaryimage\"},\"thumbnailUrl\":\"https:\/\/www.minesparis.psl.eu\/persee\/wp-content\/uploads\/sites\/22\/2026\/02\/GroupePERSEE-scaled-e1770971837209.jpeg\",\"datePublished\":\"2024-09-20T13:34:30+00:00\",\"dateModified\":\"2026-04-27T09:43:59+00:00\",\"breadcrumb\":{\"@id\":\"https:\/\/www.minesparis.psl.eu\/persee\/nous-rejoindre\/#breadcrumb\"},\"inLanguage\":\"fr-FR\",\"potentialAction\":[{\"@type\":\"ReadAction\",\"target\":[\"https:\/\/www.minesparis.psl.eu\/persee\/nous-rejoindre\/\"]}]},{\"@type\":\"ImageObject\",\"inLanguage\":\"fr-FR\",\"@id\":\"https:\/\/www.minesparis.psl.eu\/persee\/nous-rejoindre\/#primaryimage\",\"url\":\"https:\/\/www.minesparis.psl.eu\/persee\/wp-content\/uploads\/sites\/22\/2026\/02\/GroupePERSEE-scaled-e1770971837209.jpeg\",\"contentUrl\":\"https:\/\/www.minesparis.psl.eu\/persee\/wp-content\/uploads\/sites\/22\/2026\/02\/GroupePERSEE-scaled-e1770971837209.jpeg\",\"width\":2560,\"height\":1182,\"caption\":\"Photo de groupe du Centre PERSEE\"},{\"@type\":\"BreadcrumbList\",\"@id\":\"https:\/\/www.minesparis.psl.eu\/persee\/nous-rejoindre\/#breadcrumb\",\"itemListElement\":[{\"@type\":\"ListItem\",\"position\":1,\"name\":\"Accueil\",\"item\":\"https:\/\/www.minesparis.psl.eu\/persee\/\"},{\"@type\":\"ListItem\",\"position\":2,\"name\":\"Nous rejoindre\"}]},{\"@type\":\"WebSite\",\"@id\":\"https:\/\/www.minesparis.psl.eu\/persee\/#website\",\"url\":\"https:\/\/www.minesparis.psl.eu\/persee\/\",\"name\":\"PERSEE\",\"description\":\"\",\"publisher\":{\"@id\":\"https:\/\/www.minesparis.psl.eu\/persee\/#organization\"},\"potentialAction\":[{\"@type\":\"SearchAction\",\"target\":{\"@type\":\"EntryPoint\",\"urlTemplate\":\"https:\/\/www.minesparis.psl.eu\/persee\/?s={search_term_string}\"},\"query-input\":{\"@type\":\"PropertyValueSpecification\",\"valueRequired\":true,\"valueName\":\"search_term_string\"}}],\"inLanguage\":\"fr-FR\"},{\"@type\":\"Organization\",\"@id\":\"https:\/\/www.minesparis.psl.eu\/persee\/#organization\",\"name\":\"PERSEE\",\"url\":\"https:\/\/www.minesparis.psl.eu\/persee\/\",\"logo\":{\"@type\":\"ImageObject\",\"inLanguage\":\"fr-FR\",\"@id\":\"https:\/\/www.minesparis.psl.eu\/persee\/#\/schema\/logo\/image\/\",\"url\":\"https:\/\/www.minesparis.psl.eu\/persee\/wp-content\/uploads\/sites\/22\/2025\/02\/logo-persee.png\",\"contentUrl\":\"https:\/\/www.minesparis.psl.eu\/persee\/wp-content\/uploads\/sites\/22\/2025\/02\/logo-persee.png\",\"width\":1013,\"height\":185,\"caption\":\"PERSEE\"},\"image\":{\"@id\":\"https:\/\/www.minesparis.psl.eu\/persee\/#\/schema\/logo\/image\/\"}}]}<\/script>\n<!-- \/ Yoast SEO plugin. -->","yoast_head_json":{"title":"Nous rejoindre - PERSEE Mines Paris - PSL","robots":{"index":"index","follow":"follow","max-snippet":"max-snippet:-1","max-image-preview":"max-image-preview:large","max-video-preview":"max-video-preview:-1"},"canonical":"https:\/\/www.minesparis.psl.eu\/persee\/nous-rejoindre\/","og_locale":"fr_FR","og_type":"article","og_title":"Nous rejoindre - PERSEE Mines Paris - PSL","og_url":"https:\/\/www.minesparis.psl.eu\/persee\/nous-rejoindre\/","og_site_name":"PERSEE Mines Paris - PSL","article_modified_time":"2026-04-27T09:43:59+00:00","og_image":[{"width":2560,"height":1182,"url":"https:\/\/www.minesparis.psl.eu\/persee\/wp-content\/uploads\/sites\/22\/2026\/02\/GroupePERSEE-scaled-e1770971837209.jpeg","type":"image\/jpeg"}],"twitter_card":"summary_large_image","twitter_misc":{"Dur\u00e9e de lecture estim\u00e9e":"1 minute"},"schema":{"@context":"https:\/\/schema.org","@graph":[{"@type":"WebPage","@id":"https:\/\/www.minesparis.psl.eu\/persee\/nous-rejoindre\/","url":"https:\/\/www.minesparis.psl.eu\/persee\/nous-rejoindre\/","name":"Nous rejoindre - PERSEE Mines Paris - PSL","isPartOf":{"@id":"https:\/\/www.minesparis.psl.eu\/persee\/#website"},"primaryImageOfPage":{"@id":"https:\/\/www.minesparis.psl.eu\/persee\/nous-rejoindre\/#primaryimage"},"image":{"@id":"https:\/\/www.minesparis.psl.eu\/persee\/nous-rejoindre\/#primaryimage"},"thumbnailUrl":"https:\/\/www.minesparis.psl.eu\/persee\/wp-content\/uploads\/sites\/22\/2026\/02\/GroupePERSEE-scaled-e1770971837209.jpeg","datePublished":"2024-09-20T13:34:30+00:00","dateModified":"2026-04-27T09:43:59+00:00","breadcrumb":{"@id":"https:\/\/www.minesparis.psl.eu\/persee\/nous-rejoindre\/#breadcrumb"},"inLanguage":"fr-FR","potentialAction":[{"@type":"ReadAction","target":["https:\/\/www.minesparis.psl.eu\/persee\/nous-rejoindre\/"]}]},{"@type":"ImageObject","inLanguage":"fr-FR","@id":"https:\/\/www.minesparis.psl.eu\/persee\/nous-rejoindre\/#primaryimage","url":"https:\/\/www.minesparis.psl.eu\/persee\/wp-content\/uploads\/sites\/22\/2026\/02\/GroupePERSEE-scaled-e1770971837209.jpeg","contentUrl":"https:\/\/www.minesparis.psl.eu\/persee\/wp-content\/uploads\/sites\/22\/2026\/02\/GroupePERSEE-scaled-e1770971837209.jpeg","width":2560,"height":1182,"caption":"Photo de groupe du Centre PERSEE"},{"@type":"BreadcrumbList","@id":"https:\/\/www.minesparis.psl.eu\/persee\/nous-rejoindre\/#breadcrumb","itemListElement":[{"@type":"ListItem","position":1,"name":"Accueil","item":"https:\/\/www.minesparis.psl.eu\/persee\/"},{"@type":"ListItem","position":2,"name":"Nous rejoindre"}]},{"@type":"WebSite","@id":"https:\/\/www.minesparis.psl.eu\/persee\/#website","url":"https:\/\/www.minesparis.psl.eu\/persee\/","name":"PERSEE","description":"","publisher":{"@id":"https:\/\/www.minesparis.psl.eu\/persee\/#organization"},"potentialAction":[{"@type":"SearchAction","target":{"@type":"EntryPoint","urlTemplate":"https:\/\/www.minesparis.psl.eu\/persee\/?s={search_term_string}"},"query-input":{"@type":"PropertyValueSpecification","valueRequired":true,"valueName":"search_term_string"}}],"inLanguage":"fr-FR"},{"@type":"Organization","@id":"https:\/\/www.minesparis.psl.eu\/persee\/#organization","name":"PERSEE","url":"https:\/\/www.minesparis.psl.eu\/persee\/","logo":{"@type":"ImageObject","inLanguage":"fr-FR","@id":"https:\/\/www.minesparis.psl.eu\/persee\/#\/schema\/logo\/image\/","url":"https:\/\/www.minesparis.psl.eu\/persee\/wp-content\/uploads\/sites\/22\/2025\/02\/logo-persee.png","contentUrl":"https:\/\/www.minesparis.psl.eu\/persee\/wp-content\/uploads\/sites\/22\/2025\/02\/logo-persee.png","width":1013,"height":185,"caption":"PERSEE"},"image":{"@id":"https:\/\/www.minesparis.psl.eu\/persee\/#\/schema\/logo\/image\/"}}]}},"_links":{"self":[{"href":"https:\/\/www.minesparis.psl.eu\/persee\/wp-json\/wp\/v2\/pages\/502","targetHints":{"allow":["GET"]}}],"collection":[{"href":"https:\/\/www.minesparis.psl.eu\/persee\/wp-json\/wp\/v2\/pages"}],"about":[{"href":"https:\/\/www.minesparis.psl.eu\/persee\/wp-json\/wp\/v2\/types\/page"}],"author":[{"embeddable":true,"href":"https:\/\/www.minesparis.psl.eu\/persee\/wp-json\/wp\/v2\/users\/1"}],"replies":[{"embeddable":true,"href":"https:\/\/www.minesparis.psl.eu\/persee\/wp-json\/wp\/v2\/comments?post=502"}],"version-history":[{"count":82,"href":"https:\/\/www.minesparis.psl.eu\/persee\/wp-json\/wp\/v2\/pages\/502\/revisions"}],"predecessor-version":[{"id":5246,"href":"https:\/\/www.minesparis.psl.eu\/persee\/wp-json\/wp\/v2\/pages\/502\/revisions\/5246"}],"wp:featuredmedia":[{"embeddable":true,"href":"https:\/\/www.minesparis.psl.eu\/persee\/wp-json\/wp\/v2\/media\/4940"}],"wp:attachment":[{"href":"https:\/\/www.minesparis.psl.eu\/persee\/wp-json\/wp\/v2\/media?parent=502"}],"curies":[{"name":"wp","href":"https:\/\/api.w.org\/{rel}","templated":true}]}}