{"id":490,"date":"2024-09-20T15:17:20","date_gmt":"2024-09-20T13:17:20","guid":{"rendered":"https:\/\/www.minesparis.psl.eu\/persee\/?page_id=490"},"modified":"2025-07-03T10:34:48","modified_gmt":"2025-07-03T08:34:48","slug":"lequipe","status":"publish","type":"page","link":"https:\/\/www.minesparis.psl.eu\/persee\/le-centre\/lequipe\/","title":{"rendered":"L\u2019\u00e9quipe"},"content":{"rendered":"\n<div class=\"container block-full-largeur\">\n\t<div class=\"row mt-4\">\n\t\t<div class=\"col-md-12\">\n\t\t\t<p>Avec un effectif oscillant autour de 60 personnes, PERSEE rassemble personnel scientifique et technique (enseignants-chercheurs, ing\u00e9nieurs, techniciens de recherche, doctorants, post-doctorants) et \u00e9quipe administrative.<\/p>\n<p>&nbsp;<\/p>\n<h2>Personnel scientifique &amp; technique<\/h2>\n<p>Vous pouvez consulter ci-dessous les profils des membres des trois groupes de travail du Centre:<\/p>\n<ul>\n<li>Les <a href=\"https:\/\/www.minesparis.psl.eu\/persee\/lequipe\/lequipe-matpro\/\">membres du groupe MATPRO<\/a> &#8211; Mat\u00e9riaux et proc\u00e9d\u00e9s pour l&rsquo;\u00e9nergie<\/li>\n<li>Les <a href=\"https:\/\/www.minesparis.psl.eu\/persee\/lequipe-tep\/\">membres du groupe TeP<\/a> &#8211; Thermochimie et plasma<\/li>\n<li>Les <a href=\"https:\/\/www.minesparis.psl.eu\/persee\/lequipe-ersei\/\">membres du groupe ERSEI<\/a> &#8211; Energies renouvelables et syst\u00e8mes \u00e9nerg\u00e9tiques intelligents<\/li>\n<\/ul>\n\t\t<\/div>\n\t<\/div>\n<\/div>\n\n\n<div class=\"container block-full-largeur\">\n\t<div class=\"row mt-4\">\n\t\t<div class=\"col-md-12\">\n\t\t\t<p>&nbsp;<\/p>\n<h2>L&rsquo;\u00e9quipe administrative et informatique<\/h2>\n<p>Vous trouverez dans <a href=\"https:\/\/www.minesparis.psl.eu\/persee\/lequipe\/lequipe-administrative\/\">cette page<\/a> les contacts de notre \u00e9quipe administrative et informatique.<\/p>\n<p>&nbsp;<\/p>\n<p>&nbsp;<\/p>\n<hr \/>\n<p>&nbsp;<\/p>\n\t\t<\/div>\n\t<\/div>\n<\/div>","protected":false},"excerpt":{"rendered":"","protected":false},"author":1,"featured_media":1289,"parent":2408,"menu_order":0,"comment_status":"closed","ping_status":"closed","template":"page-niveau1.php","meta":{"footnotes":""},"class_list":["post-490","page","type-page","status-publish","has-post-thumbnail","hentry"],"acf":[],"yoast_head":"<!-- This site is optimized with the Yoast SEO plugin v27.2 - https:\/\/yoast.com\/product\/yoast-seo-wordpress\/ -->\n<title>L&#039;\u00e9quipe - PERSEE Mines Paris - PSL<\/title>\n<meta name=\"robots\" content=\"index, follow, max-snippet:-1, max-image-preview:large, max-video-preview:-1\" \/>\n<link rel=\"canonical\" href=\"https:\/\/www.minesparis.psl.eu\/persee\/le-centre\/lequipe\/\" \/>\n<meta property=\"og:locale\" content=\"fr_FR\" \/>\n<meta property=\"og:type\" content=\"article\" \/>\n<meta property=\"og:title\" content=\"L&#039;\u00e9quipe - PERSEE Mines Paris - PSL\" \/>\n<meta property=\"og:url\" content=\"https:\/\/www.minesparis.psl.eu\/persee\/le-centre\/lequipe\/\" \/>\n<meta property=\"og:site_name\" content=\"PERSEE Mines Paris - PSL\" \/>\n<meta property=\"article:modified_time\" content=\"2025-07-03T08:34:48+00:00\" \/>\n<meta property=\"og:image\" content=\"https:\/\/www.minesparis.psl.eu\/persee\/wp-content\/uploads\/sites\/22\/2024\/11\/equipe-persee-Copie.jpg\" \/>\n\t<meta property=\"og:image:width\" content=\"985\" \/>\n\t<meta property=\"og:image:height\" content=\"418\" \/>\n\t<meta property=\"og:image:type\" content=\"image\/jpeg\" \/>\n<meta name=\"twitter:card\" content=\"summary_large_image\" \/>\n<meta name=\"twitter:label1\" content=\"Dur\u00e9e de lecture estim\u00e9e\" \/>\n\t<meta name=\"twitter:data1\" content=\"1 minute\" \/>\n<script type=\"application\/ld+json\" class=\"yoast-schema-graph\">{\"@context\":\"https:\/\/schema.org\",\"@graph\":[{\"@type\":\"WebPage\",\"@id\":\"https:\/\/www.minesparis.psl.eu\/persee\/le-centre\/lequipe\/\",\"url\":\"https:\/\/www.minesparis.psl.eu\/persee\/le-centre\/lequipe\/\",\"name\":\"L'\u00e9quipe - PERSEE Mines Paris - PSL\",\"isPartOf\":{\"@id\":\"https:\/\/www.minesparis.psl.eu\/persee\/#website\"},\"primaryImageOfPage\":{\"@id\":\"https:\/\/www.minesparis.psl.eu\/persee\/le-centre\/lequipe\/#primaryimage\"},\"image\":{\"@id\":\"https:\/\/www.minesparis.psl.eu\/persee\/le-centre\/lequipe\/#primaryimage\"},\"thumbnailUrl\":\"https:\/\/www.minesparis.psl.eu\/persee\/wp-content\/uploads\/sites\/22\/2024\/11\/equipe-persee-Copie.jpg\",\"datePublished\":\"2024-09-20T13:17:20+00:00\",\"dateModified\":\"2025-07-03T08:34:48+00:00\",\"breadcrumb\":{\"@id\":\"https:\/\/www.minesparis.psl.eu\/persee\/le-centre\/lequipe\/#breadcrumb\"},\"inLanguage\":\"fr-FR\",\"potentialAction\":[{\"@type\":\"ReadAction\",\"target\":[\"https:\/\/www.minesparis.psl.eu\/persee\/le-centre\/lequipe\/\"]}]},{\"@type\":\"ImageObject\",\"inLanguage\":\"fr-FR\",\"@id\":\"https:\/\/www.minesparis.psl.eu\/persee\/le-centre\/lequipe\/#primaryimage\",\"url\":\"https:\/\/www.minesparis.psl.eu\/persee\/wp-content\/uploads\/sites\/22\/2024\/11\/equipe-persee-Copie.jpg\",\"contentUrl\":\"https:\/\/www.minesparis.psl.eu\/persee\/wp-content\/uploads\/sites\/22\/2024\/11\/equipe-persee-Copie.jpg\",\"width\":985,\"height\":418},{\"@type\":\"BreadcrumbList\",\"@id\":\"https:\/\/www.minesparis.psl.eu\/persee\/le-centre\/lequipe\/#breadcrumb\",\"itemListElement\":[{\"@type\":\"ListItem\",\"position\":1,\"name\":\"Accueil\",\"item\":\"https:\/\/www.minesparis.psl.eu\/persee\/\"},{\"@type\":\"ListItem\",\"position\":2,\"name\":\"Le Centre\",\"item\":\"https:\/\/www.minesparis.psl.eu\/persee\/le-centre\/\"},{\"@type\":\"ListItem\",\"position\":3,\"name\":\"L\u2019\u00e9quipe\"}]},{\"@type\":\"WebSite\",\"@id\":\"https:\/\/www.minesparis.psl.eu\/persee\/#website\",\"url\":\"https:\/\/www.minesparis.psl.eu\/persee\/\",\"name\":\"PERSEE\",\"description\":\"\",\"publisher\":{\"@id\":\"https:\/\/www.minesparis.psl.eu\/persee\/#organization\"},\"potentialAction\":[{\"@type\":\"SearchAction\",\"target\":{\"@type\":\"EntryPoint\",\"urlTemplate\":\"https:\/\/www.minesparis.psl.eu\/persee\/?s={search_term_string}\"},\"query-input\":{\"@type\":\"PropertyValueSpecification\",\"valueRequired\":true,\"valueName\":\"search_term_string\"}}],\"inLanguage\":\"fr-FR\"},{\"@type\":\"Organization\",\"@id\":\"https:\/\/www.minesparis.psl.eu\/persee\/#organization\",\"name\":\"PERSEE\",\"url\":\"https:\/\/www.minesparis.psl.eu\/persee\/\",\"logo\":{\"@type\":\"ImageObject\",\"inLanguage\":\"fr-FR\",\"@id\":\"https:\/\/www.minesparis.psl.eu\/persee\/#\/schema\/logo\/image\/\",\"url\":\"https:\/\/www.minesparis.psl.eu\/persee\/wp-content\/uploads\/sites\/22\/2025\/02\/logo-persee.png\",\"contentUrl\":\"https:\/\/www.minesparis.psl.eu\/persee\/wp-content\/uploads\/sites\/22\/2025\/02\/logo-persee.png\",\"width\":1013,\"height\":185,\"caption\":\"PERSEE\"},\"image\":{\"@id\":\"https:\/\/www.minesparis.psl.eu\/persee\/#\/schema\/logo\/image\/\"}}]}<\/script>\n<!-- \/ Yoast SEO plugin. -->","yoast_head_json":{"title":"L'\u00e9quipe - PERSEE Mines Paris - PSL","robots":{"index":"index","follow":"follow","max-snippet":"max-snippet:-1","max-image-preview":"max-image-preview:large","max-video-preview":"max-video-preview:-1"},"canonical":"https:\/\/www.minesparis.psl.eu\/persee\/le-centre\/lequipe\/","og_locale":"fr_FR","og_type":"article","og_title":"L'\u00e9quipe - PERSEE Mines Paris - PSL","og_url":"https:\/\/www.minesparis.psl.eu\/persee\/le-centre\/lequipe\/","og_site_name":"PERSEE Mines Paris - PSL","article_modified_time":"2025-07-03T08:34:48+00:00","og_image":[{"width":985,"height":418,"url":"https:\/\/www.minesparis.psl.eu\/persee\/wp-content\/uploads\/sites\/22\/2024\/11\/equipe-persee-Copie.jpg","type":"image\/jpeg"}],"twitter_card":"summary_large_image","twitter_misc":{"Dur\u00e9e de lecture estim\u00e9e":"1 minute"},"schema":{"@context":"https:\/\/schema.org","@graph":[{"@type":"WebPage","@id":"https:\/\/www.minesparis.psl.eu\/persee\/le-centre\/lequipe\/","url":"https:\/\/www.minesparis.psl.eu\/persee\/le-centre\/lequipe\/","name":"L'\u00e9quipe - PERSEE Mines Paris - PSL","isPartOf":{"@id":"https:\/\/www.minesparis.psl.eu\/persee\/#website"},"primaryImageOfPage":{"@id":"https:\/\/www.minesparis.psl.eu\/persee\/le-centre\/lequipe\/#primaryimage"},"image":{"@id":"https:\/\/www.minesparis.psl.eu\/persee\/le-centre\/lequipe\/#primaryimage"},"thumbnailUrl":"https:\/\/www.minesparis.psl.eu\/persee\/wp-content\/uploads\/sites\/22\/2024\/11\/equipe-persee-Copie.jpg","datePublished":"2024-09-20T13:17:20+00:00","dateModified":"2025-07-03T08:34:48+00:00","breadcrumb":{"@id":"https:\/\/www.minesparis.psl.eu\/persee\/le-centre\/lequipe\/#breadcrumb"},"inLanguage":"fr-FR","potentialAction":[{"@type":"ReadAction","target":["https:\/\/www.minesparis.psl.eu\/persee\/le-centre\/lequipe\/"]}]},{"@type":"ImageObject","inLanguage":"fr-FR","@id":"https:\/\/www.minesparis.psl.eu\/persee\/le-centre\/lequipe\/#primaryimage","url":"https:\/\/www.minesparis.psl.eu\/persee\/wp-content\/uploads\/sites\/22\/2024\/11\/equipe-persee-Copie.jpg","contentUrl":"https:\/\/www.minesparis.psl.eu\/persee\/wp-content\/uploads\/sites\/22\/2024\/11\/equipe-persee-Copie.jpg","width":985,"height":418},{"@type":"BreadcrumbList","@id":"https:\/\/www.minesparis.psl.eu\/persee\/le-centre\/lequipe\/#breadcrumb","itemListElement":[{"@type":"ListItem","position":1,"name":"Accueil","item":"https:\/\/www.minesparis.psl.eu\/persee\/"},{"@type":"ListItem","position":2,"name":"Le Centre","item":"https:\/\/www.minesparis.psl.eu\/persee\/le-centre\/"},{"@type":"ListItem","position":3,"name":"L\u2019\u00e9quipe"}]},{"@type":"WebSite","@id":"https:\/\/www.minesparis.psl.eu\/persee\/#website","url":"https:\/\/www.minesparis.psl.eu\/persee\/","name":"PERSEE","description":"","publisher":{"@id":"https:\/\/www.minesparis.psl.eu\/persee\/#organization"},"potentialAction":[{"@type":"SearchAction","target":{"@type":"EntryPoint","urlTemplate":"https:\/\/www.minesparis.psl.eu\/persee\/?s={search_term_string}"},"query-input":{"@type":"PropertyValueSpecification","valueRequired":true,"valueName":"search_term_string"}}],"inLanguage":"fr-FR"},{"@type":"Organization","@id":"https:\/\/www.minesparis.psl.eu\/persee\/#organization","name":"PERSEE","url":"https:\/\/www.minesparis.psl.eu\/persee\/","logo":{"@type":"ImageObject","inLanguage":"fr-FR","@id":"https:\/\/www.minesparis.psl.eu\/persee\/#\/schema\/logo\/image\/","url":"https:\/\/www.minesparis.psl.eu\/persee\/wp-content\/uploads\/sites\/22\/2025\/02\/logo-persee.png","contentUrl":"https:\/\/www.minesparis.psl.eu\/persee\/wp-content\/uploads\/sites\/22\/2025\/02\/logo-persee.png","width":1013,"height":185,"caption":"PERSEE"},"image":{"@id":"https:\/\/www.minesparis.psl.eu\/persee\/#\/schema\/logo\/image\/"}}]}},"_links":{"self":[{"href":"https:\/\/www.minesparis.psl.eu\/persee\/wp-json\/wp\/v2\/pages\/490","targetHints":{"allow":["GET"]}}],"collection":[{"href":"https:\/\/www.minesparis.psl.eu\/persee\/wp-json\/wp\/v2\/pages"}],"about":[{"href":"https:\/\/www.minesparis.psl.eu\/persee\/wp-json\/wp\/v2\/types\/page"}],"author":[{"embeddable":true,"href":"https:\/\/www.minesparis.psl.eu\/persee\/wp-json\/wp\/v2\/users\/1"}],"replies":[{"embeddable":true,"href":"https:\/\/www.minesparis.psl.eu\/persee\/wp-json\/wp\/v2\/comments?post=490"}],"version-history":[{"count":40,"href":"https:\/\/www.minesparis.psl.eu\/persee\/wp-json\/wp\/v2\/pages\/490\/revisions"}],"predecessor-version":[{"id":3825,"href":"https:\/\/www.minesparis.psl.eu\/persee\/wp-json\/wp\/v2\/pages\/490\/revisions\/3825"}],"up":[{"embeddable":true,"href":"https:\/\/www.minesparis.psl.eu\/persee\/wp-json\/wp\/v2\/pages\/2408"}],"wp:featuredmedia":[{"embeddable":true,"href":"https:\/\/www.minesparis.psl.eu\/persee\/wp-json\/wp\/v2\/media\/1289"}],"wp:attachment":[{"href":"https:\/\/www.minesparis.psl.eu\/persee\/wp-json\/wp\/v2\/media?parent=490"}],"curies":[{"name":"wp","href":"https:\/\/api.w.org\/{rel}","templated":true}]}}