{"id":192,"date":"2024-09-03T14:42:02","date_gmt":"2024-09-03T12:42:02","guid":{"rendered":"http:\/\/center1-mines.localhost:8000\/?page_id=192"},"modified":"2025-12-01T16:19:12","modified_gmt":"2025-12-01T15:19:12","slug":"la-recherche","status":"publish","type":"page","link":"https:\/\/www.minesparis.psl.eu\/persee\/la-recherche\/","title":{"rendered":"La recherche"},"content":{"rendered":"\n<div class=\"container block-full-largeur\">\n\t<div class=\"row mt-4\">\n\t\t<div class=\"col-md-12\">\n\t\t\t<p><strong><span class=\"surtitre\">LES TH\u00c9MATIQUES DE RECHERCHE<\/span><\/strong><\/p>\n<h2>La recherche du Centre est ax\u00e9e sur trois th\u00e9matiques<\/h2>\n\t\t<\/div>\n\t<\/div>\n<\/div>\n\n<div class=\"container bloc-30-70\">\n\t<div class=\"row mt-4\">\n\t\t<div class=\"col-md-4\">\n\t\t\t<h3>Mat\u00e9riaux et composants pour l&rsquo;\u00e9nergie<\/h3>\n\t\t<\/div>\n\t\t<div class=\"col-md-8\">\n\t\t\t<p style=\"text-align: justify\">Une part importante de nos travaux est d\u00e9di\u00e9e aux (nano)mat\u00e9riaux, \u00e9labor\u00e9s selon deux familles de proc\u00e9d\u00e9s compl\u00e9mentaires\u00a0: d\u2019une part, par \u00ab\u00a0chimie douce\u00a0\u00bb en phase liquide (e.g. <a href=\"https:\/\/www.minesparis.psl.eu\/persee\/page-niveau-1\/aerogels\/\" target=\"_blank\" rel=\"noopener\">a\u00e9rogels<\/a>) et d\u2019autre part, en phase gaz \u00ab\u00a0haute temp\u00e9rature\u00a0\u00bb par proc\u00e9d\u00e9s plasmas (e.g. noirs de carbone).<\/p>\n<p style=\"text-align: justify\">Nous attachons une importance particuli\u00e8re \u00e0 la caract\u00e9risation fine de ces mat\u00e9riaux et \u00e0 leur mise en \u0153uvre en composants innovants (e.g. assemblage membrane-\u00e9lectrodes). Ces d\u00e9veloppements sont centr\u00e9s sur trois applications : le stockage et la conversion d\u2019\u00e9nergie (e.g. piles \u00e0 combustible et \u00e9lectrolyseurs \u00ab\u00a0PEM\u00a0\u00bb pour la fili\u00e8re <a href=\"https:\/\/www.minesparis.psl.eu\/persee\/la-recherche\/hydrogene\/\">hydrog\u00e8ne-\u00e9nergie<\/a>, batteries et supercapacit\u00e9s, etc.) et la conservation de l\u2019\u00e9nergie (e.g. superisolants thermiques).<\/p>\n\t\t<\/div>\n\t<\/div>\n<\/div>\n\n\n<div class=\"container block-full-largeur\">\n\t<div class=\"row mt-4\">\n\t\t<div class=\"col-md-12\">\n\t\t\t<hr \/>\n<p>&nbsp;<\/p>\n\t\t<\/div>\n\t<\/div>\n<\/div>\n\n<div class=\"container bloc-30-70\">\n\t<div class=\"row mt-4\">\n\t\t<div class=\"col-md-4\">\n\t\t\t<h3>Proc\u00e9d\u00e9s de stockage et de conversion d&rsquo;\u00e9nergie<\/h3>\n\t\t<\/div>\n\t\t<div class=\"col-md-8\">\n\t\t\t<p style=\"text-align: justify\">Nous travaillons sur la <strong>conversion thermochimique<\/strong> : la pyrolyse, le reformage, la combustion assist\u00e9e des hydrocarbures (notamment renouvelables) et la reconversion chimique du CO<sub>2<\/sub> par plasma. L\u2019ensemble des proc\u00e9d\u00e9s d\u00e9velopp\u00e9s et \u00e9tudi\u00e9s dans ce cadre repose sur la mise en \u0153uvre de\u00a0sources de plasma thermique et non thermique selon diff\u00e9rentes approches d\u2019int\u00e9gration.<\/p>\n<p style=\"text-align: justify\">Les recherches sur la <strong>conversion \u00e9lectrochimique<\/strong> portent principalement sur la probl\u00e9matique des <a href=\"https:\/\/www.minesparis.psl.eu\/persee\/la-recherche\/hydrogene\/\" target=\"_blank\" rel=\"noopener\">piles \u00e0 combustible et leur alimentation en hydrog\u00e8ne<\/a>. Elles concernent les piles \u00ab\u00a0basse temp\u00e9rature\u00a0\u00bb \u00e0 membrane \u00e9changeuse de protons (PEMFC) pour la mobilit\u00e9 terrestre.<\/p>\n<p style=\"text-align: justify\">Une part importante des travaux porte \u00e9galement sur la <a href=\"https:\/\/www.minesparis.psl.eu\/persee\/la-recherche\/hydrogene\/\">production d\u2019hydrog\u00e8ne<\/a> bas-carbone, par \u00e9lectrolyse et pyrolyse.<\/p>\n\t\t<\/div>\n\t<\/div>\n<\/div>\n\n\n<div class=\"container block-full-largeur\">\n\t<div class=\"row mt-4\">\n\t\t<div class=\"col-md-12\">\n\t\t\t<hr \/>\n<p>&nbsp;<\/p>\n\t\t<\/div>\n\t<\/div>\n<\/div>\n\n<div class=\"container bloc-30-70\">\n\t<div class=\"row mt-4\">\n\t\t<div class=\"col-md-4\">\n\t\t\t<h3>Int\u00e9gration des syst\u00e8mes \u00e9nerg\u00e9tiques<\/h3>\n\t\t<\/div>\n\t\t<div class=\"col-md-8\">\n\t\t\t<p style=\"text-align: justify\">Nos recherches traitent du d\u00e9veloppement de m\u00e9thodes et d\u2019outils permettant l\u2019int\u00e9gration optimale de technologies innovantes \u2013 dont les \u00e9nergies renouvelables et le <a href=\"https:\/\/www.minesparis.psl.eu\/persee\/page-niveau-1\/hydrogene\/\" target=\"_blank\" rel=\"noopener\">vecteur hydrog\u00e8ne<\/a> \u2013 dans les syst\u00e8mes \u00e9nerg\u00e9tiques (i.e. r\u00e9seaux dont les smart-grids, syst\u00e8mes multi-\u00e9nergies, territoires, stocks de b\u00e2timents, bassins industriels, centrales virtuelles, etc.) et les march\u00e9s de l\u2019\u00e9lectricit\u00e9.<\/p>\n<p style=\"text-align: justify\">Les sujets trait\u00e9s incluent le d\u00e9veloppement de m\u00e9thodes de pr\u00e9vision \u00e0 court-terme pour l\u2019\u00e9nergie (production \u00e9olienne, solaire, consommation, capacit\u00e9 dynamique des lignes \u00e9lectriques, prix des march\u00e9s) ; le contr\u00f4le et la gestion pr\u00e9dictive des syst\u00e8mes concern\u00e9s \u00e0 des \u00e9chelles de temps allant du temps r\u00e9el jusqu\u2019\u00e0 quelques jours ; la mod\u00e9lisation prospective de l\u2019\u00e9volution des syst\u00e8mes \u00e9nerg\u00e9tiques pour la planification de la transition vers des syst\u00e8mes bas-carbone.<\/p>\n\t\t<\/div>\n\t<\/div>\n<\/div>\n\n\n<div class=\"container block-full-largeur\">\n\t<div class=\"row mt-4\">\n\t\t<div class=\"col-md-12\">\n\t\t\t<hr \/>\n<h2>Une expertise de pointe<\/h2>\n<p>L&rsquo;\u00e9quipe PERSEE allie innovation et expertise de pointe notamment dans cinq domaines cl\u00e9s que sont: les <a href=\"https:\/\/www.minesparis.psl.eu\/persee\/page-niveau-1\/aerogels\/\">a\u00e9rogels<\/a>, les plasmas, l&rsquo;<a href=\"https:\/\/www.minesparis.psl.eu\/persee\/page-niveau-1\/hydrogene\/\">hydrog\u00e8ne<\/a>, les \u00e9nergies renouvelables et l&rsquo;intelligence artificielle.<\/p>\n<p><img loading=\"lazy\" decoding=\"async\" src=\"https:\/\/www.minesparis.psl.eu\/persee\/wp-content\/uploads\/sites\/22\/2025\/06\/technos-cles.jpg\" alt=\"\" width=\"1024\" height=\"173\" class=\"aligncenter wp-image-3365 size-full\" srcset=\"https:\/\/www.minesparis.psl.eu\/persee\/wp-content\/uploads\/sites\/22\/2025\/06\/technos-cles.jpg 1024w, https:\/\/www.minesparis.psl.eu\/persee\/wp-content\/uploads\/sites\/22\/2025\/06\/technos-cles-300x51.jpg 300w, https:\/\/www.minesparis.psl.eu\/persee\/wp-content\/uploads\/sites\/22\/2025\/06\/technos-cles-768x130.jpg 768w\" sizes=\"auto, (max-width: 1024px) 100vw, 1024px\" \/><\/p>\n\t\t<\/div>\n\t<\/div>\n<\/div>\n\n\n<div class=\"container block-full-largeur\">\n\t<div class=\"row mt-4\">\n\t\t<div class=\"col-md-12\">\n\t\t\t<p>&nbsp;<\/p>\n<hr \/>\n<h2>Une activit\u00e9 structur\u00e9e autour de trois groupes de recherche<\/h2>\n<p>&nbsp;<\/p>\n\t\t<\/div>\n\t<\/div>\n<\/div>\n\n\n<div class=\"container bloc-30-30-30\">\n\t<div class=\"row mt-4\">\n\t\t<div class=\"col-md-4\">\n\t\t\t<p><img loading=\"lazy\" decoding=\"async\" src=\"https:\/\/www.minesparis.psl.eu\/persee\/wp-content\/uploads\/sites\/22\/2025\/07\/MATPRO-photo-scaled.jpg\" alt=\"\" width=\"2560\" height=\"1707\" class=\"alignnone size-full wp-image-4265\" srcset=\"https:\/\/www.minesparis.psl.eu\/persee\/wp-content\/uploads\/sites\/22\/2025\/07\/MATPRO-photo-scaled.jpg 2560w, https:\/\/www.minesparis.psl.eu\/persee\/wp-content\/uploads\/sites\/22\/2025\/07\/MATPRO-photo-300x200.jpg 300w, https:\/\/www.minesparis.psl.eu\/persee\/wp-content\/uploads\/sites\/22\/2025\/07\/MATPRO-photo-1024x683.jpg 1024w, https:\/\/www.minesparis.psl.eu\/persee\/wp-content\/uploads\/sites\/22\/2025\/07\/MATPRO-photo-768x512.jpg 768w, https:\/\/www.minesparis.psl.eu\/persee\/wp-content\/uploads\/sites\/22\/2025\/07\/MATPRO-photo-1536x1024.jpg 1536w, https:\/\/www.minesparis.psl.eu\/persee\/wp-content\/uploads\/sites\/22\/2025\/07\/MATPRO-photo-2048x1365.jpg 2048w, https:\/\/www.minesparis.psl.eu\/persee\/wp-content\/uploads\/sites\/22\/2025\/07\/MATPRO-photo-1300x867.jpg 1300w\" sizes=\"auto, (max-width: 2560px) 100vw, 2560px\" \/><\/p>\n\t\t<\/div>\n\t\t<div class=\"col-md-4\">\n\t\t\t<p><img loading=\"lazy\" decoding=\"async\" class=\"alignnone size-full wp-image-1394\" src=\"https:\/\/www.minesparis.psl.eu\/persee\/wp-content\/uploads\/sites\/22\/2024\/11\/Plasma-4.jpg\" alt=\"\" width=\"2048\" height=\"1367\" srcset=\"https:\/\/www.minesparis.psl.eu\/persee\/wp-content\/uploads\/sites\/22\/2024\/11\/Plasma-4.jpg 2048w, https:\/\/www.minesparis.psl.eu\/persee\/wp-content\/uploads\/sites\/22\/2024\/11\/Plasma-4-300x200.jpg 300w, https:\/\/www.minesparis.psl.eu\/persee\/wp-content\/uploads\/sites\/22\/2024\/11\/Plasma-4-1024x684.jpg 1024w, https:\/\/www.minesparis.psl.eu\/persee\/wp-content\/uploads\/sites\/22\/2024\/11\/Plasma-4-768x513.jpg 768w, https:\/\/www.minesparis.psl.eu\/persee\/wp-content\/uploads\/sites\/22\/2024\/11\/Plasma-4-1536x1025.jpg 1536w, https:\/\/www.minesparis.psl.eu\/persee\/wp-content\/uploads\/sites\/22\/2024\/11\/Plasma-4-1300x868.jpg 1300w\" sizes=\"auto, (max-width: 2048px) 100vw, 2048px\" \/><\/p>\n\t\t<\/div>\n\t\t<div class=\"col-md-4\">\n\t\t\t<p><img loading=\"lazy\" decoding=\"async\" class=\"alignnone size-full wp-image-1009\" src=\"https:\/\/www.minesparis.psl.eu\/persee\/wp-content\/uploads\/sites\/22\/2024\/10\/ENR-ligth.jpg\" alt=\"\" width=\"2119\" height=\"1414\" srcset=\"https:\/\/www.minesparis.psl.eu\/persee\/wp-content\/uploads\/sites\/22\/2024\/10\/ENR-ligth.jpg 2119w, https:\/\/www.minesparis.psl.eu\/persee\/wp-content\/uploads\/sites\/22\/2024\/10\/ENR-ligth-300x200.jpg 300w, https:\/\/www.minesparis.psl.eu\/persee\/wp-content\/uploads\/sites\/22\/2024\/10\/ENR-ligth-1024x683.jpg 1024w, https:\/\/www.minesparis.psl.eu\/persee\/wp-content\/uploads\/sites\/22\/2024\/10\/ENR-ligth-768x512.jpg 768w, https:\/\/www.minesparis.psl.eu\/persee\/wp-content\/uploads\/sites\/22\/2024\/10\/ENR-ligth-1536x1025.jpg 1536w, https:\/\/www.minesparis.psl.eu\/persee\/wp-content\/uploads\/sites\/22\/2024\/10\/ENR-ligth-2048x1367.jpg 2048w, https:\/\/www.minesparis.psl.eu\/persee\/wp-content\/uploads\/sites\/22\/2024\/10\/ENR-ligth-1300x867.jpg 1300w\" sizes=\"auto, (max-width: 2119px) 100vw, 2119px\" \/><\/p>\n\t\t<\/div>\n\t<\/div>\n<\/div>\n\n\n<div class=\"container bloc-30-30-30\">\n\t<div class=\"row mt-4\">\n\t\t<div class=\"col-md-4\">\n\t\t\t<h3>Mat\u00e9riaux et Proc\u00e9d\u00e9s pour l\u2019\u00e9nergie (MATPRO)<\/h3>\n<p>MATPRO s\u2019int\u00e9resse \u00e0 la fili\u00e8re hydrog\u00e8ne \u2013 \u00e9nergie (piles \u00e0 combustible et production d\u2019hydrog\u00e8ne bas-carbone), au stockage de l\u2019\u00e9lectricit\u00e9 (batteries et supercapacit\u00e9s), \u00e0 la superisolation thermique et aux enveloppes faiblement d\u00e9perditives (e.g. b\u00e2timent).<\/p>\n<p><a href=\"https:\/\/www.minesparis.psl.eu\/persee\/page-niveau-1\/materiaux-et-procedes-pour-lenergie\/\" target=\"_blank\" class=\"button-mines btn-bleu flech lf-blanc\" rel=\"noopener\">D\u00e9couvrir<\/a><\/p>\n\t\t<\/div>\n\t\t<div class=\"col-md-4\">\n\t\t\t<h3>Thermochimie et Plasmas (TeP)<\/h3>\n<p>TeP \u00e9tudie et met au point de nouveaux proc\u00e9d\u00e9s \u00e9lectriques de conversion thermochimique pour des applications \u00e9nerg\u00e9tiques et chimiques, avec un savoir-faire qui va des sources de plasma hautes performances aux proc\u00e9d\u00e9s thermochimiques de rupture les int\u00e9grant.<\/p>\n<p><a href=\"https:\/\/www.minesparis.psl.eu\/persee\/page-niveau-1\/thermochimie-et-plasmas\/\" target=\"_blank\" class=\"button-mines btn-bleu flech lf-blanc\" rel=\"noopener\">D\u00e9couvrir<\/a><\/p>\n\t\t<\/div>\n\t\t<div class=\"col-md-4\">\n\t\t\t<h3>\u00c9nergies Renouvelables et Syst\u00e8mes \u00c9nerg\u00e9tiques Intelligents (ERSEI)<\/h3>\n<p>ERSEI traite conjointement des ressources renouvelables, des syst\u00e8mes \u00e9lectriques et des march\u00e9s de l\u2019\u00e9lectricit\u00e9, avec un focus sur la pr\u00e9vision d\u2019\u00e9nergie, le contr\u00f4le et la gestion pr\u00e9dictive des syst\u00e8mes \u00e9nerg\u00e9tiques et la mod\u00e9lisation prospective.<\/p>\n<p><a href=\"https:\/\/www.minesparis.psl.eu\/persee\/page-niveau-1\/energies-renouvelables-et-systemes-energetiques-intelligents\/\" target=\"_blank\" class=\"button-mines btn-bleu flech lf-blanc\" rel=\"noopener\">D\u00e9couvrir<\/a><\/p>\n\t\t<\/div>\n\t<\/div>\n<\/div>\n\n\n<div class=\"container block-full-largeur\">\n\t<div class=\"row mt-4\">\n\t\t<div class=\"col-md-12\">\n\t\t\t<hr \/>\n<h2>Les moyens exp\u00e9rimentaux<\/h2>\n<p style=\"text-align: justify\">Le Centre dispose de moyens exp\u00e9rimentaux de pointe pour conduire ses travaux de recherche :<\/p>\n<ul style=\"text-align: justify\">\n<li><strong>Laboratoires mat\u00e9riaux<\/strong> : boucle de s\u00e9chage au CO<sub>2<\/sub> supercritique, porosim\u00e8tre gaz, conductim\u00e8tre thermique en r\u00e9gime permanent, enceinte climatique.<\/li>\n<li><strong>Laboratoire hydrog\u00e8ne<\/strong>: laboratoire 24\/7, bancs d\u2019essais piles \u00e0 combustible &#8211; de l\u2019assemblage membrane-\u00e9lectrodes aux stacks de 15 kW \u2013 et \u00e9lectrolyseurs, unit\u00e9 de reformage et de stockage d\u2019hydrog\u00e8ne.<\/li>\n<li><strong>Plateforme Plasma<\/strong>: r\u00e9acteurs \u00e0 plasma thermique \/ non-thermique, sources \u00e9lectriques en ode AC\/DC et impulsionnel, plateforme plasma triphas\u00e9e haute temp\u00e9rature de 250 kWe, bancs d\u2019essais plasma non-thermique \u00ab sur mesure \u00bb.<\/li>\n<li><strong>Cellule test d\u2019enveloppes de b\u00e2timent<\/strong><\/li>\n<li><strong>Banc d&rsquo;essai capteurs solaires thermiques<\/strong><\/li>\n<li><strong>Plateforme solaire CRESUS<\/strong><\/li>\n<li><strong>Laboratoire de Syst\u00e8mes Energ\u00e9tiques Intelligents<\/strong> &#8211; Plateforme LSEI : outil d\u00e9di\u00e9 \u00e0 la simulation temps-r\u00e9el des r\u00e9seaux \u00e9lectriques.<\/li>\n<\/ul>\n<p>&nbsp;<\/p>\n<hr \/>\n<h2 style=\"text-align: justify\">Les publications<\/h2>\n<p style=\"text-align: justify\">Le Centre publie r\u00e9guli\u00e8rement les r\u00e9sultats de ses travaux dans des revues avec comit\u00e9 de lecture. Retrouvez toutes publications du Centre :<\/p>\n\t\t<\/div>\n\t<\/div>\n<\/div>\n\n\n<div class=\"container bloc-30-30-30\">\n\t<div class=\"row mt-4\">\n\t\t<div class=\"col-md-4\">\n\t\t\t\t\t<\/div>\n\t\t<div class=\"col-md-4\">\n\t\t\t\t\t<\/div>\n\t\t<div class=\"col-md-4\">\n\t\t\t\t\t<\/div>\n\t<\/div>\n<\/div>\n\n\n<div class=\"container bloc-30-30-30\">\n\t<div class=\"row mt-4\">\n\t\t<div class=\"col-md-4\">\n\t\t\t<p><a class=\"button-mines btn-bleu flech lf-blanc\" href=\"https:\/\/hal.science\/search\/index\/q\/*\/structId_i\/214579\">Publications du Centre PERSEE<\/a><\/p>\n\t\t<\/div>\n\t\t<div class=\"col-md-4\">\n\t\t\t<p><a class=\"button-mines btn-bleu flech lf-blanc\" href=\"https:\/\/hal.science\/ERSEI\/browse\/latest-publications\">Collection sp\u00e9cifique du groupe ERSEI<\/a><\/p>\n\t\t<\/div>\n\t\t<div class=\"col-md-4\">\n\t\t\t<p><a href=\"https:\/\/minesparis-psl.hal.science\/ENSMP_PERSEE_MATPRO\/\" target=\"_blank\" class=\"button-mines btn-bleu flech lf-blanc\" rel=\"noopener\">Collection sp\u00e9cifique du groupe MATPRO<\/a><\/p>\n\t\t<\/div>\n\t<\/div>\n<\/div>\n\n\n<div class=\"container block-full-largeur\">\n\t<div class=\"row mt-4\">\n\t\t<div class=\"col-md-12\">\n\t\t\t<p>&nbsp;<\/p>\n<hr \/>\n<p>&nbsp;<\/p>\n<p>&nbsp;<\/p>\n\t\t<\/div>\n\t<\/div>\n<\/div>","protected":false},"excerpt":{"rendered":"","protected":false},"author":1,"featured_media":4521,"parent":0,"menu_order":0,"comment_status":"closed","ping_status":"closed","template":"","meta":{"footnotes":""},"class_list":["post-192","page","type-page","status-publish","has-post-thumbnail","hentry"],"acf":[],"yoast_head":"<!-- This site is optimized with the Yoast SEO plugin v27.2 - https:\/\/yoast.com\/product\/yoast-seo-wordpress\/ -->\n<title>La recherche - PERSEE Mines Paris - PSL<\/title>\n<meta name=\"robots\" content=\"index, follow, max-snippet:-1, max-image-preview:large, max-video-preview:-1\" \/>\n<link rel=\"canonical\" href=\"https:\/\/www.minesparis.psl.eu\/persee\/la-recherche\/\" \/>\n<meta property=\"og:locale\" content=\"fr_FR\" \/>\n<meta property=\"og:type\" content=\"article\" \/>\n<meta property=\"og:title\" content=\"La recherche - PERSEE Mines Paris - PSL\" \/>\n<meta property=\"og:url\" content=\"https:\/\/www.minesparis.psl.eu\/persee\/la-recherche\/\" \/>\n<meta property=\"og:site_name\" content=\"PERSEE Mines Paris - PSL\" \/>\n<meta property=\"article:modified_time\" content=\"2025-12-01T15:19:12+00:00\" \/>\n<meta property=\"og:image\" content=\"https:\/\/www.minesparis.psl.eu\/persee\/wp-content\/uploads\/sites\/22\/2025\/12\/recherche.png\" \/>\n\t<meta property=\"og:image:width\" content=\"784\" \/>\n\t<meta property=\"og:image:height\" content=\"333\" \/>\n\t<meta property=\"og:image:type\" content=\"image\/png\" \/>\n<meta name=\"twitter:card\" content=\"summary_large_image\" \/>\n<meta name=\"twitter:label1\" content=\"Dur\u00e9e de lecture estim\u00e9e\" \/>\n\t<meta name=\"twitter:data1\" content=\"1 minute\" \/>\n<script type=\"application\/ld+json\" class=\"yoast-schema-graph\">{\"@context\":\"https:\/\/schema.org\",\"@graph\":[{\"@type\":\"WebPage\",\"@id\":\"https:\/\/www.minesparis.psl.eu\/persee\/la-recherche\/\",\"url\":\"https:\/\/www.minesparis.psl.eu\/persee\/la-recherche\/\",\"name\":\"La recherche - PERSEE Mines Paris - PSL\",\"isPartOf\":{\"@id\":\"https:\/\/www.minesparis.psl.eu\/persee\/#website\"},\"primaryImageOfPage\":{\"@id\":\"https:\/\/www.minesparis.psl.eu\/persee\/la-recherche\/#primaryimage\"},\"image\":{\"@id\":\"https:\/\/www.minesparis.psl.eu\/persee\/la-recherche\/#primaryimage\"},\"thumbnailUrl\":\"https:\/\/www.minesparis.psl.eu\/persee\/wp-content\/uploads\/sites\/22\/2025\/12\/recherche.png\",\"datePublished\":\"2024-09-03T12:42:02+00:00\",\"dateModified\":\"2025-12-01T15:19:12+00:00\",\"breadcrumb\":{\"@id\":\"https:\/\/www.minesparis.psl.eu\/persee\/la-recherche\/#breadcrumb\"},\"inLanguage\":\"fr-FR\",\"potentialAction\":[{\"@type\":\"ReadAction\",\"target\":[\"https:\/\/www.minesparis.psl.eu\/persee\/la-recherche\/\"]}]},{\"@type\":\"ImageObject\",\"inLanguage\":\"fr-FR\",\"@id\":\"https:\/\/www.minesparis.psl.eu\/persee\/la-recherche\/#primaryimage\",\"url\":\"https:\/\/www.minesparis.psl.eu\/persee\/wp-content\/uploads\/sites\/22\/2025\/12\/recherche.png\",\"contentUrl\":\"https:\/\/www.minesparis.psl.eu\/persee\/wp-content\/uploads\/sites\/22\/2025\/12\/recherche.png\",\"width\":784,\"height\":333},{\"@type\":\"BreadcrumbList\",\"@id\":\"https:\/\/www.minesparis.psl.eu\/persee\/la-recherche\/#breadcrumb\",\"itemListElement\":[{\"@type\":\"ListItem\",\"position\":1,\"name\":\"Accueil\",\"item\":\"https:\/\/www.minesparis.psl.eu\/persee\/\"},{\"@type\":\"ListItem\",\"position\":2,\"name\":\"La recherche\"}]},{\"@type\":\"WebSite\",\"@id\":\"https:\/\/www.minesparis.psl.eu\/persee\/#website\",\"url\":\"https:\/\/www.minesparis.psl.eu\/persee\/\",\"name\":\"PERSEE\",\"description\":\"\",\"publisher\":{\"@id\":\"https:\/\/www.minesparis.psl.eu\/persee\/#organization\"},\"potentialAction\":[{\"@type\":\"SearchAction\",\"target\":{\"@type\":\"EntryPoint\",\"urlTemplate\":\"https:\/\/www.minesparis.psl.eu\/persee\/?s={search_term_string}\"},\"query-input\":{\"@type\":\"PropertyValueSpecification\",\"valueRequired\":true,\"valueName\":\"search_term_string\"}}],\"inLanguage\":\"fr-FR\"},{\"@type\":\"Organization\",\"@id\":\"https:\/\/www.minesparis.psl.eu\/persee\/#organization\",\"name\":\"PERSEE\",\"url\":\"https:\/\/www.minesparis.psl.eu\/persee\/\",\"logo\":{\"@type\":\"ImageObject\",\"inLanguage\":\"fr-FR\",\"@id\":\"https:\/\/www.minesparis.psl.eu\/persee\/#\/schema\/logo\/image\/\",\"url\":\"https:\/\/www.minesparis.psl.eu\/persee\/wp-content\/uploads\/sites\/22\/2025\/02\/logo-persee.png\",\"contentUrl\":\"https:\/\/www.minesparis.psl.eu\/persee\/wp-content\/uploads\/sites\/22\/2025\/02\/logo-persee.png\",\"width\":1013,\"height\":185,\"caption\":\"PERSEE\"},\"image\":{\"@id\":\"https:\/\/www.minesparis.psl.eu\/persee\/#\/schema\/logo\/image\/\"}}]}<\/script>\n<!-- \/ Yoast SEO plugin. -->","yoast_head_json":{"title":"La recherche - PERSEE Mines Paris - PSL","robots":{"index":"index","follow":"follow","max-snippet":"max-snippet:-1","max-image-preview":"max-image-preview:large","max-video-preview":"max-video-preview:-1"},"canonical":"https:\/\/www.minesparis.psl.eu\/persee\/la-recherche\/","og_locale":"fr_FR","og_type":"article","og_title":"La recherche - PERSEE Mines Paris - PSL","og_url":"https:\/\/www.minesparis.psl.eu\/persee\/la-recherche\/","og_site_name":"PERSEE Mines Paris - PSL","article_modified_time":"2025-12-01T15:19:12+00:00","og_image":[{"width":784,"height":333,"url":"https:\/\/www.minesparis.psl.eu\/persee\/wp-content\/uploads\/sites\/22\/2025\/12\/recherche.png","type":"image\/png"}],"twitter_card":"summary_large_image","twitter_misc":{"Dur\u00e9e de lecture estim\u00e9e":"1 minute"},"schema":{"@context":"https:\/\/schema.org","@graph":[{"@type":"WebPage","@id":"https:\/\/www.minesparis.psl.eu\/persee\/la-recherche\/","url":"https:\/\/www.minesparis.psl.eu\/persee\/la-recherche\/","name":"La recherche - PERSEE Mines Paris - PSL","isPartOf":{"@id":"https:\/\/www.minesparis.psl.eu\/persee\/#website"},"primaryImageOfPage":{"@id":"https:\/\/www.minesparis.psl.eu\/persee\/la-recherche\/#primaryimage"},"image":{"@id":"https:\/\/www.minesparis.psl.eu\/persee\/la-recherche\/#primaryimage"},"thumbnailUrl":"https:\/\/www.minesparis.psl.eu\/persee\/wp-content\/uploads\/sites\/22\/2025\/12\/recherche.png","datePublished":"2024-09-03T12:42:02+00:00","dateModified":"2025-12-01T15:19:12+00:00","breadcrumb":{"@id":"https:\/\/www.minesparis.psl.eu\/persee\/la-recherche\/#breadcrumb"},"inLanguage":"fr-FR","potentialAction":[{"@type":"ReadAction","target":["https:\/\/www.minesparis.psl.eu\/persee\/la-recherche\/"]}]},{"@type":"ImageObject","inLanguage":"fr-FR","@id":"https:\/\/www.minesparis.psl.eu\/persee\/la-recherche\/#primaryimage","url":"https:\/\/www.minesparis.psl.eu\/persee\/wp-content\/uploads\/sites\/22\/2025\/12\/recherche.png","contentUrl":"https:\/\/www.minesparis.psl.eu\/persee\/wp-content\/uploads\/sites\/22\/2025\/12\/recherche.png","width":784,"height":333},{"@type":"BreadcrumbList","@id":"https:\/\/www.minesparis.psl.eu\/persee\/la-recherche\/#breadcrumb","itemListElement":[{"@type":"ListItem","position":1,"name":"Accueil","item":"https:\/\/www.minesparis.psl.eu\/persee\/"},{"@type":"ListItem","position":2,"name":"La recherche"}]},{"@type":"WebSite","@id":"https:\/\/www.minesparis.psl.eu\/persee\/#website","url":"https:\/\/www.minesparis.psl.eu\/persee\/","name":"PERSEE","description":"","publisher":{"@id":"https:\/\/www.minesparis.psl.eu\/persee\/#organization"},"potentialAction":[{"@type":"SearchAction","target":{"@type":"EntryPoint","urlTemplate":"https:\/\/www.minesparis.psl.eu\/persee\/?s={search_term_string}"},"query-input":{"@type":"PropertyValueSpecification","valueRequired":true,"valueName":"search_term_string"}}],"inLanguage":"fr-FR"},{"@type":"Organization","@id":"https:\/\/www.minesparis.psl.eu\/persee\/#organization","name":"PERSEE","url":"https:\/\/www.minesparis.psl.eu\/persee\/","logo":{"@type":"ImageObject","inLanguage":"fr-FR","@id":"https:\/\/www.minesparis.psl.eu\/persee\/#\/schema\/logo\/image\/","url":"https:\/\/www.minesparis.psl.eu\/persee\/wp-content\/uploads\/sites\/22\/2025\/02\/logo-persee.png","contentUrl":"https:\/\/www.minesparis.psl.eu\/persee\/wp-content\/uploads\/sites\/22\/2025\/02\/logo-persee.png","width":1013,"height":185,"caption":"PERSEE"},"image":{"@id":"https:\/\/www.minesparis.psl.eu\/persee\/#\/schema\/logo\/image\/"}}]}},"_links":{"self":[{"href":"https:\/\/www.minesparis.psl.eu\/persee\/wp-json\/wp\/v2\/pages\/192","targetHints":{"allow":["GET"]}}],"collection":[{"href":"https:\/\/www.minesparis.psl.eu\/persee\/wp-json\/wp\/v2\/pages"}],"about":[{"href":"https:\/\/www.minesparis.psl.eu\/persee\/wp-json\/wp\/v2\/types\/page"}],"author":[{"embeddable":true,"href":"https:\/\/www.minesparis.psl.eu\/persee\/wp-json\/wp\/v2\/users\/1"}],"replies":[{"embeddable":true,"href":"https:\/\/www.minesparis.psl.eu\/persee\/wp-json\/wp\/v2\/comments?post=192"}],"version-history":[{"count":164,"href":"https:\/\/www.minesparis.psl.eu\/persee\/wp-json\/wp\/v2\/pages\/192\/revisions"}],"predecessor-version":[{"id":4640,"href":"https:\/\/www.minesparis.psl.eu\/persee\/wp-json\/wp\/v2\/pages\/192\/revisions\/4640"}],"wp:featuredmedia":[{"embeddable":true,"href":"https:\/\/www.minesparis.psl.eu\/persee\/wp-json\/wp\/v2\/media\/4521"}],"wp:attachment":[{"href":"https:\/\/www.minesparis.psl.eu\/persee\/wp-json\/wp\/v2\/media?parent=192"}],"curies":[{"name":"wp","href":"https:\/\/api.w.org\/{rel}","templated":true}]}}