{"id":185,"date":"2024-09-03T14:38:10","date_gmt":"2024-09-03T12:38:10","guid":{"rendered":"http:\/\/center1-mines.localhost:8000\/?page_id=185"},"modified":"2026-02-11T14:11:25","modified_gmt":"2026-02-11T13:11:25","slug":"campus-pierre-laffite","status":"publish","type":"page","link":"https:\/\/www.minesparis.psl.eu\/persee\/nous-rejoindre\/campus-pierre-laffite\/","title":{"rendered":"Le Campus Pierre Laffitte"},"content":{"rendered":"\n<div class=\"container block-full-largeur\">\n\t<div class=\"row mt-4\">\n\t\t<div class=\"col-md-12\">\n\t\t\t<h2>Sophia Antipolis, premi\u00e8re technopole d\u2019Europe<\/h2>\n<p>Sophia Antipolis rassemble aujourd\u2019hui 2500 entreprises, 4500 chercheurs et 6000 \u00e9tudiants. Ce laboratoire d\u2019innovation qui agr\u00e8ge startups, grandes entreprises, organismes de recherche et \u00e9tablissements d\u2019enseignement, constitue une r\u00e9f\u00e9rence mondiale dans des domaines tels que les technologies de l\u2019information, l\u2019\u00e9nergie et le d\u00e9veloppement durable.<\/p>\n<p>La technopole a \u00e9t\u00e9 fond\u00e9e en 1969 par Pierre Laffitte. Alors s\u00e9nateur et directeur de l\u2019Ecole des Mines de Paris, il d\u00e9cida d\u2019y installer plusieurs centres de recherche de l\u2019Ecole, dont le Centre d&rsquo;\u00e9nerg\u00e9tique duquel est issu PERSEE.\nSitu\u00e9e au c\u0153ur du d\u00e9partement des Alpes-Maritimes, Sophia Antipolis est aussi un \u00e9crin de verdure entre mer et montagne, offrant une grande qualit\u00e9 de vie.<\/p>\n<p>A proximit\u00e9 des villes d\u2019Antibes et de Cannes, la technopole est \u00e0 25 km de l\u2019a\u00e9roport de Nice, deuxi\u00e8me plateforme a\u00e9roportuaire fran\u00e7aise.<\/p>\n<p>&nbsp;<\/p>\n<h2>La vie du Campus<\/h2>\n<p>Au c\u0153ur de Sophia Antipolis, le Campus Pierre Laffitte rassemble cinq Centres de recherche de l\u2019\u00e9cole des Mines de Paris :<\/p>\n<ul>\n<li>Le Centre PERSEE (Centre proc\u00e9d\u00e9s \u00e9nregies renouvelables et syst\u00e8mes \u00e9nerg\u00e9tiques)<\/li>\n<li>le <a href=\"https:\/\/www.cemef.minesparis.psl.eu\/\" target=\"_blank\" rel=\"noopener\">CEMEF<\/a> (Centre de mise en forme des mat\u00e9riaux)<\/li>\n<li>le <a href=\"https:\/\/www.cma.mines-paristech.fr\/\" target=\"_blank\" rel=\"noopener\">CMA<\/a> (Centre de math\u00e9matiques appliqu\u00e9es)<\/li>\n<li>le <a href=\"https:\/\/www.minesparis.psl.eu\/crc\/\" target=\"_blank\" rel=\"noopener\">CRC<\/a> (Centre de recherche sur les risques et crises)<\/li>\n<li>et le centre <a href=\"https:\/\/www.oie.minesparis.psl.eu\/Accueil\/\" target=\"_blank\" rel=\"noopener\">O.I.E<\/a> (Centre observation, impacts, \u00e9nergie)<\/li>\n<\/ul>\n<p>Il r\u00e9unit environ 65 enseignant-chercheurs, 125 doctorants, des post-doctorants et stagiaires, 40 techniciens et ing\u00e9nieurs de recherche et 20 personnels sur les fonctions support.\nL\u2019association Mines Sport Valbonne (MSV) anime la vie de campus et propose des activit\u00e9s culturelles et sportives. Les \u00e9tudiants peuvent par exemple participer aux Jeux de Sophia, grand \u00e9v\u00e8nement annuel proposant des \u00e9preuves dans de tr\u00e8s nombreuses disciplines.<\/p>\n<p><img loading=\"lazy\" decoding=\"async\" class=\"aligncenter wp-image-2942 size-large\" src=\"https:\/\/www.minesparis.psl.eu\/persee\/wp-content\/uploads\/sites\/22\/2025\/03\/Montage-photo-compus-3-1024x241.jpg\" alt=\"\" width=\"1024\" height=\"241\" srcset=\"https:\/\/www.minesparis.psl.eu\/persee\/wp-content\/uploads\/sites\/22\/2025\/03\/Montage-photo-compus-3-1024x241.jpg 1024w, https:\/\/www.minesparis.psl.eu\/persee\/wp-content\/uploads\/sites\/22\/2025\/03\/Montage-photo-compus-3-300x71.jpg 300w, https:\/\/www.minesparis.psl.eu\/persee\/wp-content\/uploads\/sites\/22\/2025\/03\/Montage-photo-compus-3-768x181.jpg 768w, https:\/\/www.minesparis.psl.eu\/persee\/wp-content\/uploads\/sites\/22\/2025\/03\/Montage-photo-compus-3-1536x362.jpg 1536w, https:\/\/www.minesparis.psl.eu\/persee\/wp-content\/uploads\/sites\/22\/2025\/03\/Montage-photo-compus-3-2048x482.jpg 2048w, https:\/\/www.minesparis.psl.eu\/persee\/wp-content\/uploads\/sites\/22\/2025\/03\/Montage-photo-compus-3-1300x306.jpg 1300w\" sizes=\"auto, (max-width: 1024px) 100vw, 1024px\" \/><\/p>\n<p>&nbsp;<\/p>\n\t\t<\/div>\n\t<\/div>\n<\/div>\n\n\n<div class=\"container block-full-largeur\">\n\t<div class=\"row mt-4\">\n\t\t<div class=\"col-md-12\">\n\t\t\t<h2>Un \u00e9cosyst\u00e8me de recherche dynamique<\/h2>\n<p>Nos enseignants-chercheurs accordent la plus grande attention \u00e0 la qualit\u00e9 d\u2019encadrement des doctorants. Leurs liens forts avec l\u2019industrie et leur implication dans de nombreux r\u00e9seaux, partenariats et projets collaboratifs, tant au niveau national qu\u2019europ\u00e9en, garantissent une formation en phase avec les besoins du march\u00e9 et des d\u00e9bouch\u00e9s professionnels de haut niveau.<\/p>\n<p>&nbsp;<\/p>\n\t\t<\/div>\n\t<\/div>\n<\/div>","protected":false},"excerpt":{"rendered":"","protected":false},"author":1,"featured_media":523,"parent":502,"menu_order":0,"comment_status":"closed","ping_status":"closed","template":"","meta":{"footnotes":""},"class_list":["post-185","page","type-page","status-publish","has-post-thumbnail","hentry"],"acf":[],"yoast_head":"<!-- This site is optimized with the Yoast SEO plugin v27.2 - https:\/\/yoast.com\/product\/yoast-seo-wordpress\/ -->\n<title>Le Campus Pierre Laffitte - PERSEE Mines Paris - PSL<\/title>\n<meta name=\"robots\" content=\"index, follow, max-snippet:-1, max-image-preview:large, max-video-preview:-1\" \/>\n<link rel=\"canonical\" href=\"https:\/\/www.minesparis.psl.eu\/persee\/nous-rejoindre\/campus-pierre-laffite\/\" \/>\n<meta property=\"og:locale\" content=\"fr_FR\" \/>\n<meta property=\"og:type\" content=\"article\" \/>\n<meta property=\"og:title\" content=\"Le Campus Pierre Laffitte - PERSEE Mines Paris - PSL\" \/>\n<meta property=\"og:url\" content=\"https:\/\/www.minesparis.psl.eu\/persee\/nous-rejoindre\/campus-pierre-laffite\/\" \/>\n<meta property=\"og:site_name\" content=\"PERSEE Mines Paris - PSL\" \/>\n<meta property=\"article:modified_time\" content=\"2026-02-11T13:11:25+00:00\" \/>\n<meta property=\"og:image\" content=\"https:\/\/www.minesparis.psl.eu\/persee\/wp-content\/uploads\/sites\/22\/2024\/09\/centre-persee-e1744099496306.png\" \/>\n\t<meta property=\"og:image:width\" content=\"578\" \/>\n\t<meta property=\"og:image:height\" content=\"280\" \/>\n\t<meta property=\"og:image:type\" content=\"image\/png\" \/>\n<meta name=\"twitter:card\" content=\"summary_large_image\" \/>\n<meta name=\"twitter:label1\" content=\"Dur\u00e9e de lecture estim\u00e9e\" \/>\n\t<meta name=\"twitter:data1\" content=\"1 minute\" \/>\n<script type=\"application\/ld+json\" class=\"yoast-schema-graph\">{\"@context\":\"https:\/\/schema.org\",\"@graph\":[{\"@type\":\"WebPage\",\"@id\":\"https:\/\/www.minesparis.psl.eu\/persee\/nous-rejoindre\/campus-pierre-laffite\/\",\"url\":\"https:\/\/www.minesparis.psl.eu\/persee\/nous-rejoindre\/campus-pierre-laffite\/\",\"name\":\"Le Campus Pierre Laffitte - PERSEE Mines Paris - PSL\",\"isPartOf\":{\"@id\":\"https:\/\/www.minesparis.psl.eu\/persee\/#website\"},\"primaryImageOfPage\":{\"@id\":\"https:\/\/www.minesparis.psl.eu\/persee\/nous-rejoindre\/campus-pierre-laffite\/#primaryimage\"},\"image\":{\"@id\":\"https:\/\/www.minesparis.psl.eu\/persee\/nous-rejoindre\/campus-pierre-laffite\/#primaryimage\"},\"thumbnailUrl\":\"https:\/\/www.minesparis.psl.eu\/persee\/wp-content\/uploads\/sites\/22\/2024\/09\/centre-persee-e1744099496306.png\",\"datePublished\":\"2024-09-03T12:38:10+00:00\",\"dateModified\":\"2026-02-11T13:11:25+00:00\",\"breadcrumb\":{\"@id\":\"https:\/\/www.minesparis.psl.eu\/persee\/nous-rejoindre\/campus-pierre-laffite\/#breadcrumb\"},\"inLanguage\":\"fr-FR\",\"potentialAction\":[{\"@type\":\"ReadAction\",\"target\":[\"https:\/\/www.minesparis.psl.eu\/persee\/nous-rejoindre\/campus-pierre-laffite\/\"]}]},{\"@type\":\"ImageObject\",\"inLanguage\":\"fr-FR\",\"@id\":\"https:\/\/www.minesparis.psl.eu\/persee\/nous-rejoindre\/campus-pierre-laffite\/#primaryimage\",\"url\":\"https:\/\/www.minesparis.psl.eu\/persee\/wp-content\/uploads\/sites\/22\/2024\/09\/centre-persee-e1744099496306.png\",\"contentUrl\":\"https:\/\/www.minesparis.psl.eu\/persee\/wp-content\/uploads\/sites\/22\/2024\/09\/centre-persee-e1744099496306.png\",\"width\":578,\"height\":280},{\"@type\":\"BreadcrumbList\",\"@id\":\"https:\/\/www.minesparis.psl.eu\/persee\/nous-rejoindre\/campus-pierre-laffite\/#breadcrumb\",\"itemListElement\":[{\"@type\":\"ListItem\",\"position\":1,\"name\":\"Accueil\",\"item\":\"https:\/\/www.minesparis.psl.eu\/persee\/\"},{\"@type\":\"ListItem\",\"position\":2,\"name\":\"Nous rejoindre\",\"item\":\"https:\/\/www.minesparis.psl.eu\/persee\/nous-rejoindre\/\"},{\"@type\":\"ListItem\",\"position\":3,\"name\":\"Le Campus Pierre Laffitte\"}]},{\"@type\":\"WebSite\",\"@id\":\"https:\/\/www.minesparis.psl.eu\/persee\/#website\",\"url\":\"https:\/\/www.minesparis.psl.eu\/persee\/\",\"name\":\"PERSEE\",\"description\":\"\",\"publisher\":{\"@id\":\"https:\/\/www.minesparis.psl.eu\/persee\/#organization\"},\"potentialAction\":[{\"@type\":\"SearchAction\",\"target\":{\"@type\":\"EntryPoint\",\"urlTemplate\":\"https:\/\/www.minesparis.psl.eu\/persee\/?s={search_term_string}\"},\"query-input\":{\"@type\":\"PropertyValueSpecification\",\"valueRequired\":true,\"valueName\":\"search_term_string\"}}],\"inLanguage\":\"fr-FR\"},{\"@type\":\"Organization\",\"@id\":\"https:\/\/www.minesparis.psl.eu\/persee\/#organization\",\"name\":\"PERSEE\",\"url\":\"https:\/\/www.minesparis.psl.eu\/persee\/\",\"logo\":{\"@type\":\"ImageObject\",\"inLanguage\":\"fr-FR\",\"@id\":\"https:\/\/www.minesparis.psl.eu\/persee\/#\/schema\/logo\/image\/\",\"url\":\"https:\/\/www.minesparis.psl.eu\/persee\/wp-content\/uploads\/sites\/22\/2025\/02\/logo-persee.png\",\"contentUrl\":\"https:\/\/www.minesparis.psl.eu\/persee\/wp-content\/uploads\/sites\/22\/2025\/02\/logo-persee.png\",\"width\":1013,\"height\":185,\"caption\":\"PERSEE\"},\"image\":{\"@id\":\"https:\/\/www.minesparis.psl.eu\/persee\/#\/schema\/logo\/image\/\"}}]}<\/script>\n<!-- \/ Yoast SEO plugin. -->","yoast_head_json":{"title":"Le Campus Pierre Laffitte - PERSEE Mines Paris - PSL","robots":{"index":"index","follow":"follow","max-snippet":"max-snippet:-1","max-image-preview":"max-image-preview:large","max-video-preview":"max-video-preview:-1"},"canonical":"https:\/\/www.minesparis.psl.eu\/persee\/nous-rejoindre\/campus-pierre-laffite\/","og_locale":"fr_FR","og_type":"article","og_title":"Le Campus Pierre Laffitte - PERSEE Mines Paris - PSL","og_url":"https:\/\/www.minesparis.psl.eu\/persee\/nous-rejoindre\/campus-pierre-laffite\/","og_site_name":"PERSEE Mines Paris - PSL","article_modified_time":"2026-02-11T13:11:25+00:00","og_image":[{"width":578,"height":280,"url":"https:\/\/www.minesparis.psl.eu\/persee\/wp-content\/uploads\/sites\/22\/2024\/09\/centre-persee-e1744099496306.png","type":"image\/png"}],"twitter_card":"summary_large_image","twitter_misc":{"Dur\u00e9e de lecture estim\u00e9e":"1 minute"},"schema":{"@context":"https:\/\/schema.org","@graph":[{"@type":"WebPage","@id":"https:\/\/www.minesparis.psl.eu\/persee\/nous-rejoindre\/campus-pierre-laffite\/","url":"https:\/\/www.minesparis.psl.eu\/persee\/nous-rejoindre\/campus-pierre-laffite\/","name":"Le Campus Pierre Laffitte - PERSEE Mines Paris - PSL","isPartOf":{"@id":"https:\/\/www.minesparis.psl.eu\/persee\/#website"},"primaryImageOfPage":{"@id":"https:\/\/www.minesparis.psl.eu\/persee\/nous-rejoindre\/campus-pierre-laffite\/#primaryimage"},"image":{"@id":"https:\/\/www.minesparis.psl.eu\/persee\/nous-rejoindre\/campus-pierre-laffite\/#primaryimage"},"thumbnailUrl":"https:\/\/www.minesparis.psl.eu\/persee\/wp-content\/uploads\/sites\/22\/2024\/09\/centre-persee-e1744099496306.png","datePublished":"2024-09-03T12:38:10+00:00","dateModified":"2026-02-11T13:11:25+00:00","breadcrumb":{"@id":"https:\/\/www.minesparis.psl.eu\/persee\/nous-rejoindre\/campus-pierre-laffite\/#breadcrumb"},"inLanguage":"fr-FR","potentialAction":[{"@type":"ReadAction","target":["https:\/\/www.minesparis.psl.eu\/persee\/nous-rejoindre\/campus-pierre-laffite\/"]}]},{"@type":"ImageObject","inLanguage":"fr-FR","@id":"https:\/\/www.minesparis.psl.eu\/persee\/nous-rejoindre\/campus-pierre-laffite\/#primaryimage","url":"https:\/\/www.minesparis.psl.eu\/persee\/wp-content\/uploads\/sites\/22\/2024\/09\/centre-persee-e1744099496306.png","contentUrl":"https:\/\/www.minesparis.psl.eu\/persee\/wp-content\/uploads\/sites\/22\/2024\/09\/centre-persee-e1744099496306.png","width":578,"height":280},{"@type":"BreadcrumbList","@id":"https:\/\/www.minesparis.psl.eu\/persee\/nous-rejoindre\/campus-pierre-laffite\/#breadcrumb","itemListElement":[{"@type":"ListItem","position":1,"name":"Accueil","item":"https:\/\/www.minesparis.psl.eu\/persee\/"},{"@type":"ListItem","position":2,"name":"Nous rejoindre","item":"https:\/\/www.minesparis.psl.eu\/persee\/nous-rejoindre\/"},{"@type":"ListItem","position":3,"name":"Le Campus Pierre Laffitte"}]},{"@type":"WebSite","@id":"https:\/\/www.minesparis.psl.eu\/persee\/#website","url":"https:\/\/www.minesparis.psl.eu\/persee\/","name":"PERSEE","description":"","publisher":{"@id":"https:\/\/www.minesparis.psl.eu\/persee\/#organization"},"potentialAction":[{"@type":"SearchAction","target":{"@type":"EntryPoint","urlTemplate":"https:\/\/www.minesparis.psl.eu\/persee\/?s={search_term_string}"},"query-input":{"@type":"PropertyValueSpecification","valueRequired":true,"valueName":"search_term_string"}}],"inLanguage":"fr-FR"},{"@type":"Organization","@id":"https:\/\/www.minesparis.psl.eu\/persee\/#organization","name":"PERSEE","url":"https:\/\/www.minesparis.psl.eu\/persee\/","logo":{"@type":"ImageObject","inLanguage":"fr-FR","@id":"https:\/\/www.minesparis.psl.eu\/persee\/#\/schema\/logo\/image\/","url":"https:\/\/www.minesparis.psl.eu\/persee\/wp-content\/uploads\/sites\/22\/2025\/02\/logo-persee.png","contentUrl":"https:\/\/www.minesparis.psl.eu\/persee\/wp-content\/uploads\/sites\/22\/2025\/02\/logo-persee.png","width":1013,"height":185,"caption":"PERSEE"},"image":{"@id":"https:\/\/www.minesparis.psl.eu\/persee\/#\/schema\/logo\/image\/"}}]}},"_links":{"self":[{"href":"https:\/\/www.minesparis.psl.eu\/persee\/wp-json\/wp\/v2\/pages\/185","targetHints":{"allow":["GET"]}}],"collection":[{"href":"https:\/\/www.minesparis.psl.eu\/persee\/wp-json\/wp\/v2\/pages"}],"about":[{"href":"https:\/\/www.minesparis.psl.eu\/persee\/wp-json\/wp\/v2\/types\/page"}],"author":[{"embeddable":true,"href":"https:\/\/www.minesparis.psl.eu\/persee\/wp-json\/wp\/v2\/users\/1"}],"replies":[{"embeddable":true,"href":"https:\/\/www.minesparis.psl.eu\/persee\/wp-json\/wp\/v2\/comments?post=185"}],"version-history":[{"count":47,"href":"https:\/\/www.minesparis.psl.eu\/persee\/wp-json\/wp\/v2\/pages\/185\/revisions"}],"predecessor-version":[{"id":4928,"href":"https:\/\/www.minesparis.psl.eu\/persee\/wp-json\/wp\/v2\/pages\/185\/revisions\/4928"}],"up":[{"embeddable":true,"href":"https:\/\/www.minesparis.psl.eu\/persee\/wp-json\/wp\/v2\/pages\/502"}],"wp:featuredmedia":[{"embeddable":true,"href":"https:\/\/www.minesparis.psl.eu\/persee\/wp-json\/wp\/v2\/media\/523"}],"wp:attachment":[{"href":"https:\/\/www.minesparis.psl.eu\/persee\/wp-json\/wp\/v2\/media?parent=185"}],"curies":[{"name":"wp","href":"https:\/\/api.w.org\/{rel}","templated":true}]}}