{"id":155,"date":"2024-09-03T14:12:10","date_gmt":"2024-09-03T12:12:10","guid":{"rendered":"http:\/\/center1-mines.localhost:8000\/?page_id=155"},"modified":"2026-04-30T12:08:32","modified_gmt":"2026-04-30T10:08:32","slug":"accueil","status":"publish","type":"page","link":"https:\/\/www.minesparis.psl.eu\/persee\/","title":{"rendered":"Accueil"},"content":{"rendered":"<div class=\"position-strategique-de-lecole\">\n    <div class=\"container\">\n        <div class=\"row\">\n            <div class=\"col-md-9 mx-auto\">\n                <div class=\"position-text\">\n                    <div class=\"psl-accroche\">\n                        <h1>\n                            Centre proc\u00e9d\u00e9s, \u00e9nergies renouvelables et syst\u00e8mes \u00e9nerg\u00e9tiques                        <\/h1>\n                    <\/div>\n                <\/div>\n                                                <a class=\"decouvrire white\" href=\"https:\/\/www.minesparis.psl.eu\/persee\/le-centre\/\">\n                    <span>D\u00e9couvrir  <\/span>\n                    <svg width=\"24\" height=\"25\" viewBox=\"0 0 24 25\" fill=\"none\" xmlns=\"http:\/\/www.w3.org\/2000\/svg\">\n                        <circle cx=\"12\" cy=\"12.5\" r=\"12\" fill=\"#005E9E\"\/>\n                        <path d=\"M16 12L12.1429 15.5M16 12L12.1429 8.5M16 12L7 12\" stroke=\"white\" stroke-linecap=\"round\" stroke-linejoin=\"round\"\/>\n                    <\/svg>\n                <\/a>\n                            <\/div>\n        <\/div>\n    <\/div>\n<\/div>\n\n\n\n<div class=\"la-recherche\">\n\t<div class=\"row\">\n\t\t<div class=\"img col-md-6\">\n      <img decoding=\"async\" class=\"eco img-fluid\" src=\"https:\/\/www.minesparis.psl.eu\/persee\/wp-content\/uploads\/sites\/22\/2024\/10\/ENR-ligth.jpg\" \/>\n\t\t<\/div>\n\t\t<div class=\"details col-md-6 align-self-center\">\n\t\t\t<div class=\"surtitre\">\n\t\t\t\t\t\t\t<\/div>\n\t\t\t<h2 class=\"titre\">\n\t\t\t\tPERSEE\t\t\t<\/h2>\n\t\t\t<div class=\"description\">\n\t\t\t\t<h3>Centre de r\u00e9f\u00e9rence dans le domaine de la transition \u00e9nerg\u00e9tique<\/h3>\n<p>PERSEE est un Centre pionnier dans les technologies bas-carbone depuis plus de 40 ans, couvrant un large spectre de recherches, des nanomat\u00e9riaux aux syst\u00e8mes \u00e9nerg\u00e9tiques complexes. Notre projet allie excellence scientifique et recherche orient\u00e9e au service de l\u2019industrie et de la soci\u00e9t\u00e9.<\/p>\n<p>PERSEE explore trois grandes th\u00e9matiques que sont les mat\u00e9riaux et composants pour l\u2019\u00e9nergie, les\u00a0proc\u00e9d\u00e9s de stockage et conversion d\u2019\u00e9nergie et l\u2019int\u00e9gration des nouvelles technologies dans les syst\u00e8mes \u00e9nerg\u00e9tiques.<\/p>\n<p>L\u2019\u00e9quipe dispose d\u2019expertises de pointe dans le domaine des a\u00e9rogels, de\u00a0l\u2019hydrog\u00e8ne, des\u00a0plasmas, des\u00a0\u00e9nergies renouvelables\u00a0et\u00a0de\u00a0l\u2019intelligence artificielle, au service de la d\u00e9carbonation des syst\u00e8mes \u00e9nerg\u00e9tiques.<\/p>\n<h5><\/h5>\n\t\t\t<\/div>\n\t\t\t<div class=\"pages\">\n\t\t\t\t\t\t\t\t\t<div class=\"page\">\n\t\t\t\t\t\t<a href=\"https:\/\/www.minesparis.psl.eu\/persee\/la-recherche\/materiaux-et-procedes-pour-lenergie\/\">\n\t\t\t\t\t\t\tMat\u00e9riaux et proc\u00e9d\u00e9s pour l\u2019\u00e9nergie\t\t\t\t\t\t<\/a>\n\t\t\t\t\t<\/div>\n\t\t\t\t\t\t\t\t\t<div class=\"page\">\n\t\t\t\t\t\t<a href=\"https:\/\/www.minesparis.psl.eu\/persee\/la-recherche\/thermochimie-et-plasmas\/\">\n\t\t\t\t\t\t\tThermochimie et Plasmas\t\t\t\t\t\t<\/a>\n\t\t\t\t\t<\/div>\n\t\t\t\t\t\t\t\t\t<div class=\"page\">\n\t\t\t\t\t\t<a href=\"https:\/\/www.minesparis.psl.eu\/persee\/la-recherche\/energies-renouvelables-et-systemes-energetiques-intelligents\/\">\n\t\t\t\t\t\t\t\u00c9nergies Renouvelables et Syst\u00e8mes \u00c9nerg\u00e9tiques Intelligents\t\t\t\t\t\t<\/a>\n\t\t\t\t\t<\/div>\n\t\t\t\t\t\t\t\t\t\t\t\t\t<div class=\"suite\">\n\t\t\t\t\t\t<a href=\"https:\/\/www.minesparis.psl.eu\/persee\/la-recherche\/\">\n\t\t\t\t\t\t\t<svg width=\"25\" height=\"24\" viewBox=\"0 0 25 24\" fill=\"none\" xmlns=\"http:\/\/www.w3.org\/2000\/svg\">\n\t\t\t\t\t\t\t\t<path d=\"M4.5 12L20.5 12M20.5 12L14.5 18M20.5 12L14.5 6\" stroke=\"white\" stroke-width=\"1.5\" stroke-linecap=\"round\" stroke-linejoin=\"round\"\/>\n\t\t\t\t\t\t\t<\/svg>\n\t\t\t\t\t\t\t<span>En savoir plus<\/span>\n\t\t\t\t\t\t<\/a>\n\t\t\t\t\t<\/div>\n\t\t\t\t\t\t\t<\/div>\n\t\t<\/div>\n\t<\/div>\n<\/div>\n\n<div class=\"formations\">\n\t<div class=\"container custom\">\n\t\t<div class=\"row\">\n\t\t\t<div class=\"col-md-6\">\n\t\t\t\t<span class=\"surtitre\">\n\t\t\t\t\t\t\t\t\t<\/span>\n\t\t\t\t<h2 class=\"titre\">\n\t\t\t\t\t\t\t\t\t<\/h2>\n\t\t\t\t<div class=\"description\">\n\t\t\t\t\t<h3>Pour plus d&rsquo;information sur nos activit\u00e9s &amp; notre \u00e9quipe<\/h3>\n\t\t\t\t<\/div>\n\t\t\t<\/div>\n\t\t<\/div>\n\t\t\n\t\t<div class=\"carousel-formations\">\n\t\t\t\t\t\t\t<div class=\"owl-carousel owl-theme owl-formations\">\n\t\t\t\t\t\t\t\t\t\t\t<div class=\"item\">\n\t\t\t\t\t\t\t\t\t\t\t\t\t\t<p><h3>La recherche<\/h3>\n<p>D\u00e9couvrez les th\u00e9matiques de recherche du Centre, ses trois groupes de recherche et les technologies cl\u00e9s \u00e9tudi\u00e9es.<\/p>\n<\/p>\n\t\t\t\t\t\t\t<a href=\"https:\/\/www.minesparis.psl.eu\/persee\/la-recherche\/\">Je m\u2019informe<\/a>\n\t\t\t\t\t\t<\/div>\n\t\t\t\t\t\t\t\t\t\t\t<div class=\"item\">\n\t\t\t\t\t\t\t\t\t\t\t\t\t\t<p><h3>La formation<\/h3>\n<p>PERSEE forme les chercheurs et ing\u00e9nieurs de demain, du cycle ing\u00e9nieur civil \u00e0 la formation doctorale, en passant par les masters recherche et mast\u00e8res sp\u00e9cialis\u00e9s.<\/p>\n<\/p>\n\t\t\t\t\t\t\t<a href=\"https:\/\/www.minesparis.psl.eu\/persee\/formation\/\">Je m\u2019informe<\/a>\n\t\t\t\t\t\t<\/div>\n\t\t\t\t\t\t\t\t\t\t\t<div class=\"item\">\n\t\t\t\t\t\t\t\t\t\t\t\t\t\t<p><h3>Le Centre<\/h3>\n<p>PERSEE compte une soixantaine de membres, enseignants-chercheurs, collaborateurs administratifs et techniques, doctorants et post-doctorants.<\/p>\n<\/p>\n\t\t\t\t\t\t\t<a href=\"https:\/\/www.minesparis.psl.eu\/persee\/le-centre\/\">Je m\u2019informe<\/a>\n\t\t\t\t\t\t<\/div>\n\t\t\t\t\t\t\t\t\t\t\t<div class=\"item\">\n\t\t\t\t\t\t\t\t\t\t\t\t\t\t<p><h3>Le Campus<\/h3>\n<p>PERSEE est situ\u00e9 sur le Campus Pierre Laffitte, au centre historique de la technopole de Sophia Antipolis.<\/p>\n<\/p>\n\t\t\t\t\t\t\t<a href=\"https:\/\/www.minesparis.psl.eu\/persee\/nous-rejoindre\/campus-pierre-laffite\/\">Je m\u2019informe<\/a>\n\t\t\t\t\t\t<\/div>\n\t\t\t\t\t\t\t\t\t\t\t<div class=\"item\">\n\t\t\t\t\t\t\t\t\t\t\t\t\t\t<p><h3>Le Mast\u00e8re Sp\u00e9cialis\u00e9 ENR<\/h3>\n<p>Le Mast\u00e8re Sp\u00e9clialis\u00e9 Energies Renouvelables forme des cadres de haut niveau pour le secteur des \u00e9nergies renouvelables.<\/p>\n<\/p>\n\t\t\t\t\t\t\t<a href=\"https:\/\/www.minesparis.psl.eu\/persee\/formation\/mastere-enr\/\">Je m\u2019informe<\/a>\n\t\t\t\t\t\t<\/div>\n\t\t\t\t\t\t\t\t\t<\/div>\n\t\t\t\t\t<\/div>\n\t\t\n\t\t\t<\/div>\n<\/div>\n\n<div class=\"une-actualite-ou-evenement\">\n    <div class=\"mobile-img\">\n            <img decoding=\"async\" src=\"https:\/\/www.minesparis.psl.eu\/persee\/wp-content\/uploads\/sites\/22\/2025\/07\/1753200876964.jpeg\" alt=\"Recherche, formation, engagement soci\u00e9tal : un partenariat strat\u00e9gique avec Petroineos Ineos Lav\u00e9ra.\" class=\"img-fluid eco\">    <\/div>\n    <div class=\"content\">\n        <div class=\"row\">\n            <div class=\"col-md-4 infos align-self-center\">\n                <div class=\"titre\">\n                    <h2 class=\"h2-basique\">\n                        Recherche, formation, engagement soci\u00e9tal : un partenariat strat\u00e9gique avec Petroineos Ineos Lav\u00e9ra.                    <\/h2>\n                <\/div>\n                <div class=\"description\">\n                    <p>Un partenariat au croisement de la recherche, de l&rsquo;innovation et de l&rsquo;engagement soci\u00e9tal pour accompagner la transition industrielle.<\/p>\n                <\/div>\n                                <div class=\"lien\">\n                    <a class=\"decouvrire blue\" href=\"https:\/\/www.minesparis.psl.eu\/persee\/actualites\/recherche-formation-engagement-societal-un-partenariat-strategique-avec-petroineos-ineos-lavera\/\">\n                        <span>Lire la suite  <\/span>\n                        <svg width=\"25\" height=\"24\" viewBox=\"0 0 25 24\" fill=\"none\" xmlns=\"http:\/\/www.w3.org\/2000\/svg\">\n                            <circle cx=\"12.5\" cy=\"12\" r=\"12\" fill=\"white\"\/>\n                            <path d=\"M16.5 11.5L12.6429 15M16.5 11.5L12.6429 8M16.5 11.5L7.5 11.5\" stroke=\"black\" stroke-linecap=\"round\" stroke-linejoin=\"round\"\/>\n                        <\/svg>\n                    <\/a>\n                <\/div>\n            <\/div>\n            <div class=\"col-md-8 desktop-img\">\n                    <img decoding=\"async\" src=\"https:\/\/www.minesparis.psl.eu\/persee\/wp-content\/uploads\/sites\/22\/2025\/07\/1753200876964.jpeg\" alt=\"Recherche, formation, engagement soci\u00e9tal : un partenariat strat\u00e9gique avec Petroineos Ineos Lav\u00e9ra.\" class=\"img-fluid eco\">            <\/div>\n        <\/div>\n    <\/div>\n<\/div>\n","protected":false},"excerpt":{"rendered":"","protected":false},"author":1,"featured_media":0,"parent":0,"menu_order":0,"comment_status":"closed","ping_status":"closed","template":"accueil-page.php","meta":{"footnotes":""},"class_list":["post-155","page","type-page","status-publish","hentry"],"acf":[],"yoast_head":"<!-- This site is optimized with the Yoast SEO plugin v27.2 - https:\/\/yoast.com\/product\/yoast-seo-wordpress\/ -->\n<title>PERSEE Mines Paris - PSL<\/title>\n<meta name=\"robots\" content=\"index, follow, max-snippet:-1, max-image-preview:large, max-video-preview:-1\" \/>\n<link rel=\"canonical\" href=\"https:\/\/www.minesparis.psl.eu\/persee\/\" \/>\n<meta property=\"og:locale\" content=\"fr_FR\" \/>\n<meta property=\"og:type\" content=\"article\" \/>\n<meta property=\"og:title\" content=\"PERSEE Mines Paris - PSL\" \/>\n<meta property=\"og:url\" content=\"https:\/\/www.minesparis.psl.eu\/persee\/\" \/>\n<meta property=\"og:site_name\" content=\"PERSEE Mines Paris - PSL\" \/>\n<meta property=\"article:modified_time\" content=\"2026-04-30T10:08:32+00:00\" \/>\n<meta name=\"twitter:card\" content=\"summary_large_image\" \/>\n<script type=\"application\/ld+json\" class=\"yoast-schema-graph\">{\"@context\":\"https:\/\/schema.org\",\"@graph\":[{\"@type\":\"WebPage\",\"@id\":\"https:\/\/www.minesparis.psl.eu\/persee\/\",\"url\":\"https:\/\/www.minesparis.psl.eu\/persee\/\",\"name\":\"PERSEE Mines Paris - PSL\",\"isPartOf\":{\"@id\":\"https:\/\/www.minesparis.psl.eu\/persee\/#website\"},\"datePublished\":\"2024-09-03T12:12:10+00:00\",\"dateModified\":\"2026-04-30T10:08:32+00:00\",\"breadcrumb\":{\"@id\":\"https:\/\/www.minesparis.psl.eu\/persee\/#breadcrumb\"},\"inLanguage\":\"fr-FR\",\"potentialAction\":[{\"@type\":\"ReadAction\",\"target\":[\"https:\/\/www.minesparis.psl.eu\/persee\/\"]}]},{\"@type\":\"BreadcrumbList\",\"@id\":\"https:\/\/www.minesparis.psl.eu\/persee\/#breadcrumb\",\"itemListElement\":[{\"@type\":\"ListItem\",\"position\":1,\"name\":\"Accueil\",\"item\":\"https:\/\/www.minesparis.psl.eu\/persee\/\"},{\"@type\":\"ListItem\",\"position\":2,\"name\":\"Accueil\"}]},{\"@type\":\"WebSite\",\"@id\":\"https:\/\/www.minesparis.psl.eu\/persee\/#website\",\"url\":\"https:\/\/www.minesparis.psl.eu\/persee\/\",\"name\":\"PERSEE\",\"description\":\"\",\"publisher\":{\"@id\":\"https:\/\/www.minesparis.psl.eu\/persee\/#organization\"},\"potentialAction\":[{\"@type\":\"SearchAction\",\"target\":{\"@type\":\"EntryPoint\",\"urlTemplate\":\"https:\/\/www.minesparis.psl.eu\/persee\/?s={search_term_string}\"},\"query-input\":{\"@type\":\"PropertyValueSpecification\",\"valueRequired\":true,\"valueName\":\"search_term_string\"}}],\"inLanguage\":\"fr-FR\"},{\"@type\":\"Organization\",\"@id\":\"https:\/\/www.minesparis.psl.eu\/persee\/#organization\",\"name\":\"PERSEE\",\"url\":\"https:\/\/www.minesparis.psl.eu\/persee\/\",\"logo\":{\"@type\":\"ImageObject\",\"inLanguage\":\"fr-FR\",\"@id\":\"https:\/\/www.minesparis.psl.eu\/persee\/#\/schema\/logo\/image\/\",\"url\":\"https:\/\/www.minesparis.psl.eu\/persee\/wp-content\/uploads\/sites\/22\/2025\/02\/logo-persee.png\",\"contentUrl\":\"https:\/\/www.minesparis.psl.eu\/persee\/wp-content\/uploads\/sites\/22\/2025\/02\/logo-persee.png\",\"width\":1013,\"height\":185,\"caption\":\"PERSEE\"},\"image\":{\"@id\":\"https:\/\/www.minesparis.psl.eu\/persee\/#\/schema\/logo\/image\/\"}}]}<\/script>\n<!-- \/ Yoast SEO plugin. -->","yoast_head_json":{"title":"PERSEE Mines Paris - PSL","robots":{"index":"index","follow":"follow","max-snippet":"max-snippet:-1","max-image-preview":"max-image-preview:large","max-video-preview":"max-video-preview:-1"},"canonical":"https:\/\/www.minesparis.psl.eu\/persee\/","og_locale":"fr_FR","og_type":"article","og_title":"PERSEE Mines Paris - PSL","og_url":"https:\/\/www.minesparis.psl.eu\/persee\/","og_site_name":"PERSEE Mines Paris - PSL","article_modified_time":"2026-04-30T10:08:32+00:00","twitter_card":"summary_large_image","schema":{"@context":"https:\/\/schema.org","@graph":[{"@type":"WebPage","@id":"https:\/\/www.minesparis.psl.eu\/persee\/","url":"https:\/\/www.minesparis.psl.eu\/persee\/","name":"PERSEE Mines Paris - PSL","isPartOf":{"@id":"https:\/\/www.minesparis.psl.eu\/persee\/#website"},"datePublished":"2024-09-03T12:12:10+00:00","dateModified":"2026-04-30T10:08:32+00:00","breadcrumb":{"@id":"https:\/\/www.minesparis.psl.eu\/persee\/#breadcrumb"},"inLanguage":"fr-FR","potentialAction":[{"@type":"ReadAction","target":["https:\/\/www.minesparis.psl.eu\/persee\/"]}]},{"@type":"BreadcrumbList","@id":"https:\/\/www.minesparis.psl.eu\/persee\/#breadcrumb","itemListElement":[{"@type":"ListItem","position":1,"name":"Accueil","item":"https:\/\/www.minesparis.psl.eu\/persee\/"},{"@type":"ListItem","position":2,"name":"Accueil"}]},{"@type":"WebSite","@id":"https:\/\/www.minesparis.psl.eu\/persee\/#website","url":"https:\/\/www.minesparis.psl.eu\/persee\/","name":"PERSEE","description":"","publisher":{"@id":"https:\/\/www.minesparis.psl.eu\/persee\/#organization"},"potentialAction":[{"@type":"SearchAction","target":{"@type":"EntryPoint","urlTemplate":"https:\/\/www.minesparis.psl.eu\/persee\/?s={search_term_string}"},"query-input":{"@type":"PropertyValueSpecification","valueRequired":true,"valueName":"search_term_string"}}],"inLanguage":"fr-FR"},{"@type":"Organization","@id":"https:\/\/www.minesparis.psl.eu\/persee\/#organization","name":"PERSEE","url":"https:\/\/www.minesparis.psl.eu\/persee\/","logo":{"@type":"ImageObject","inLanguage":"fr-FR","@id":"https:\/\/www.minesparis.psl.eu\/persee\/#\/schema\/logo\/image\/","url":"https:\/\/www.minesparis.psl.eu\/persee\/wp-content\/uploads\/sites\/22\/2025\/02\/logo-persee.png","contentUrl":"https:\/\/www.minesparis.psl.eu\/persee\/wp-content\/uploads\/sites\/22\/2025\/02\/logo-persee.png","width":1013,"height":185,"caption":"PERSEE"},"image":{"@id":"https:\/\/www.minesparis.psl.eu\/persee\/#\/schema\/logo\/image\/"}}]}},"_links":{"self":[{"href":"https:\/\/www.minesparis.psl.eu\/persee\/wp-json\/wp\/v2\/pages\/155","targetHints":{"allow":["GET"]}}],"collection":[{"href":"https:\/\/www.minesparis.psl.eu\/persee\/wp-json\/wp\/v2\/pages"}],"about":[{"href":"https:\/\/www.minesparis.psl.eu\/persee\/wp-json\/wp\/v2\/types\/page"}],"author":[{"embeddable":true,"href":"https:\/\/www.minesparis.psl.eu\/persee\/wp-json\/wp\/v2\/users\/1"}],"replies":[{"embeddable":true,"href":"https:\/\/www.minesparis.psl.eu\/persee\/wp-json\/wp\/v2\/comments?post=155"}],"version-history":[{"count":263,"href":"https:\/\/www.minesparis.psl.eu\/persee\/wp-json\/wp\/v2\/pages\/155\/revisions"}],"predecessor-version":[{"id":5252,"href":"https:\/\/www.minesparis.psl.eu\/persee\/wp-json\/wp\/v2\/pages\/155\/revisions\/5252"}],"wp:attachment":[{"href":"https:\/\/www.minesparis.psl.eu\/persee\/wp-json\/wp\/v2\/media?parent=155"}],"curies":[{"name":"wp","href":"https:\/\/api.w.org\/{rel}","templated":true}]}}