{"id":446,"date":"2025-01-10T17:19:42","date_gmt":"2025-01-10T16:19:42","guid":{"rendered":"https:\/\/www.minesparis.psl.eu\/ismme\/?page_id=446"},"modified":"2025-03-20T12:58:14","modified_gmt":"2025-03-20T11:58:14","slug":"materiaux-mecanique","status":"publish","type":"page","link":"https:\/\/www.minesparis.psl.eu\/ismme\/axes-scientifiques-et-laboratoires-daccueil\/materiaux-mecanique\/","title":{"rendered":"Mat\u00e9riaux & M\u00e9canique"},"content":{"rendered":"\n<div class=\"container block-full-largeur\">\n\t<div class=\"row mt-4\">\n\t\t<div class=\"col-md-12\">\n\t\t\t<p><strong>La recherche porte sur les types de mat\u00e9riaux suivants :<\/strong><\/p>\n\t\t<\/div>\n\t<\/div>\n<\/div>\n\n\n<div class=\"container bloc-50-50\">\n\t<div class=\"row mt-4\">\n\t\t<div class=\"col-md-6\">\n\t\t\t<ul>\n<li style=\"text-align: justify\">Mat\u00e9riaux du futur (all\u00e9gement, sobri\u00e9t\u00e9, ressources responsables, recyclabilit\u00e9\u2026), mat\u00e9riaux tol\u00e9rants au dommage, durabilit\u00e9 des structures.<\/li>\n<li style=\"text-align: justify\">Microstructures multi-\u00e9chelles, assemblages multimat\u00e9riaux, rev\u00eatements, fonctionnalisation de surface et mat\u00e9riaux architectur\u00e9s avec la ma\u00eetrise de leur transformation, biomat\u00e9riaux, mat\u00e9riaux pour la mobilit\u00e9 \u00e9lectrique etc.<\/li>\n<li style=\"text-align: justify\">Proc\u00e9d\u00e9s innovants, fabrication additive et proc\u00e9d\u00e9s \u00ab Net Shape \u00bb.<\/li>\n<\/ul>\n\t\t<\/div>\n\t\t<div class=\"col-md-6\">\n\t\t\t<ul>\n<li style=\"text-align: justify\">Mod\u00e9lisation multi-physique et multi-\u00e9chelle des proc\u00e9d\u00e9s, du comportement des mat\u00e9riaux et de la rupture des structures.<\/li>\n<li style=\"text-align: justify\">D\u00e9veloppement de m\u00e9thodes num\u00e9riques innovantes, r\u00e9duction de mod\u00e8les en m\u00e9canique num\u00e9rique, IA appliqu\u00e9e \u00e0 la m\u00e9canique, aux proc\u00e9d\u00e9s et aux microstructures.<\/li>\n<\/ul>\n\t\t<\/div>\n\t<\/div>\n<\/div>\n\n\n<div class=\"container block-full-largeur\">\n\t<div class=\"row mt-4\">\n\t\t<div class=\"col-md-12\">\n\t\t\t<h4><span style=\"color: #000000\">Le centre de recherche de Mines Paris &#8211; PSL associ\u00e9 \u00e0 l&rsquo;axe Mat\u00e9riaux &amp; M\u00e9canique :<\/span><\/h4>\n<h3><span style=\"color: #015d9e\">Le Centre des Mat\u00e9riaux Pierre Marie Fourt (MAT)<\/span><\/h3>\n<ul>\n<li><strong>Site : <\/strong>Paris, Evry<\/li>\n<\/ul>\n\t\t<\/div>\n\t<\/div>\n<\/div>\n\n\n<div class=\"container bloc-50-50\">\n\t<div class=\"row mt-4\">\n\t\t<div class=\"col-md-6\">\n\t\t\t<ul>\n<li><strong>Sp\u00e9cialit\u00e9 doctorale : <\/strong>M\u00e9canique<\/li>\n<li><strong>Responsable de Sp\u00e9cialit\u00e9<\/strong> : <a class=\"button-mines btn-blanc flech lf-bleu\" href=\"mailto:cristian.ovalle_rodas@minesparis.psl.eu\">Cristian OVALLE RODAS<\/a><\/li>\n<\/ul>\n\t\t<\/div>\n\t\t<div class=\"col-md-6\">\n\t\t\t<ul>\n<li><strong>Sp\u00e9cialit\u00e9 doctorale : <\/strong>Sciences et G\u00e9nie des Mat\u00e9riaux<\/li>\n<li><strong>Responsable de Sp\u00e9cialit\u00e9<\/strong> : <a class=\"button-mines btn-blanc flech lf-bleu\" href=\"mailto:armelle.ringuede@minesparis.psl.eu\">Armelle RINGUEDE<\/a><\/li>\n<\/ul>\n\t\t<\/div>\n\t<\/div>\n<\/div>\n\n\n<div class=\"container block-full-largeur\">\n\t<div class=\"row mt-4\">\n\t\t<div class=\"col-md-12\">\n\t\t\t<p style=\"text-align: left\"><a class=\"button-mines btn-bleu flech lf-blanc\" href=\"https:\/\/www.mat.minesparis.psl.eu\/\" target=\"_blank\" rel=\"noopener\">En savoir plus<\/a><\/p>\n<h4><span style=\"color: #000000\">Deux \u00e9quipes de recherche de l&rsquo;Institut de Recherche de Chimie Paris (IRCP) sont associ\u00e9es \u00e0 cet axe :<\/span><\/h4>\n\t\t<\/div>\n\t<\/div>\n<\/div>\n\n\n<div class=\"container bloc-50-50\">\n\t<div class=\"row mt-4\">\n\t\t<div class=\"col-md-6\">\n\t\t\t<h3 style=\"text-align: left\"><span style=\"color: #015d9e\">M\u00e9tallurgie Structurale (MS)<\/span><\/h3>\n<ul>\n<li><strong>Site :\u00a0<\/strong>Chimie ParisTech<\/li>\n<li><strong>\u00a0Sp\u00e9cialit\u00e9 doctorale : <\/strong>Sciences et G\u00e9nie des Mat\u00e9riaux<\/li>\n<li><strong>Responsable de Sp\u00e9cialit\u00e9<\/strong> : <a class=\"button-mines btn-blanc flech lf-bleu\" href=\"mailto:armelle.ringuede@minesparis.psl.eu\">Armelle RINGUEDE<\/a><\/li>\n<\/ul>\n<p style=\"text-align: left\"><a class=\"button-mines btn-bleu flech lf-blanc\" href=\"https:\/\/www.ircp.cnrs.fr\/la-recherche\/equipe-ms\/\" target=\"_blank\" rel=\"noopener\">En savoir plus<\/a><\/p>\n\t\t<\/div>\n\t\t<div class=\"col-md-6\">\n\t\t\t<h3><span style=\"color: #015d9e\">Interfaces, \u00c9lectrochimie, \u00c9nergie (I2E)<\/span><\/h3>\n<ul>\n<li><strong>Site :\u00a0<\/strong>Chimie ParisTech<\/li>\n<li><strong>\u00a0Sp\u00e9cialit\u00e9 doctorale :\u00a0<\/strong>\u00c9nerg\u00e9tique et G\u00e9nie des Proc\u00e9d\u00e9s<\/li>\n<li><strong>Responsable de Sp\u00e9cialit\u00e9<\/strong> : <a class=\"button-mines btn-blanc flech lf-bleu\" href=\"mailto:armelle.ringuede@minesparis.psl.eu\">Armelle RINGUEDE<\/a><\/li>\n<\/ul>\n<p><a class=\"button-mines btn-bleu flech lf-blanc\" href=\"https:\/\/www.ircp.cnrs.fr\/la-recherche\/equipe-i2e\/\" target=\"_blank\" rel=\"noopener\">En savoir plus<\/a><\/p>\n\t\t<\/div>\n\t<\/div>\n<\/div>","protected":false},"excerpt":{"rendered":"","protected":false},"author":1,"featured_media":1072,"parent":236,"menu_order":0,"comment_status":"closed","ping_status":"closed","template":"","meta":{"footnotes":""},"class_list":["post-446","page","type-page","status-publish","has-post-thumbnail","hentry"],"acf":[],"yoast_head":"<!-- This site is optimized with the Yoast SEO plugin v27.2 - https:\/\/yoast.com\/product\/yoast-seo-wordpress\/ -->\n<title>Mat\u00e9riaux &amp; M\u00e9canique - Ecole doctorale ISMME Mines Paris - PSL<\/title>\n<meta name=\"robots\" content=\"index, follow, max-snippet:-1, max-image-preview:large, max-video-preview:-1\" \/>\n<link rel=\"canonical\" href=\"https:\/\/www.minesparis.psl.eu\/ismme\/axes-scientifiques-et-laboratoires-daccueil\/materiaux-mecanique\/\" \/>\n<meta property=\"og:locale\" content=\"fr_FR\" \/>\n<meta property=\"og:type\" content=\"article\" \/>\n<meta property=\"og:title\" content=\"Mat\u00e9riaux &amp; M\u00e9canique - Ecole doctorale ISMME Mines Paris - PSL\" \/>\n<meta property=\"og:url\" content=\"https:\/\/www.minesparis.psl.eu\/ismme\/axes-scientifiques-et-laboratoires-daccueil\/materiaux-mecanique\/\" \/>\n<meta property=\"og:site_name\" content=\"Ecole doctorale ISMME Mines Paris - PSL\" \/>\n<meta property=\"article:modified_time\" content=\"2025-03-20T11:58:14+00:00\" \/>\n<meta property=\"og:image\" content=\"https:\/\/www.minesparis.psl.eu\/ismme\/wp-content\/uploads\/sites\/20\/2025\/03\/Bandeau-ISMME.png\" \/>\n\t<meta property=\"og:image:width\" content=\"1300\" \/>\n\t<meta property=\"og:image:height\" content=\"500\" \/>\n\t<meta property=\"og:image:type\" content=\"image\/png\" \/>\n<meta name=\"twitter:card\" content=\"summary_large_image\" \/>\n<script type=\"application\/ld+json\" class=\"yoast-schema-graph\">{\"@context\":\"https:\/\/schema.org\",\"@graph\":[{\"@type\":\"WebPage\",\"@id\":\"https:\/\/www.minesparis.psl.eu\/ismme\/axes-scientifiques-et-laboratoires-daccueil\/materiaux-mecanique\/\",\"url\":\"https:\/\/www.minesparis.psl.eu\/ismme\/axes-scientifiques-et-laboratoires-daccueil\/materiaux-mecanique\/\",\"name\":\"Mat\u00e9riaux &amp; M\u00e9canique - Ecole doctorale ISMME Mines Paris - PSL\",\"isPartOf\":{\"@id\":\"https:\/\/www.minesparis.psl.eu\/ismme\/#website\"},\"primaryImageOfPage\":{\"@id\":\"https:\/\/www.minesparis.psl.eu\/ismme\/axes-scientifiques-et-laboratoires-daccueil\/materiaux-mecanique\/#primaryimage\"},\"image\":{\"@id\":\"https:\/\/www.minesparis.psl.eu\/ismme\/axes-scientifiques-et-laboratoires-daccueil\/materiaux-mecanique\/#primaryimage\"},\"thumbnailUrl\":\"https:\/\/www.minesparis.psl.eu\/ismme\/wp-content\/uploads\/sites\/20\/2025\/03\/Bandeau-ISMME.png\",\"datePublished\":\"2025-01-10T16:19:42+00:00\",\"dateModified\":\"2025-03-20T11:58:14+00:00\",\"breadcrumb\":{\"@id\":\"https:\/\/www.minesparis.psl.eu\/ismme\/axes-scientifiques-et-laboratoires-daccueil\/materiaux-mecanique\/#breadcrumb\"},\"inLanguage\":\"fr-FR\",\"potentialAction\":[{\"@type\":\"ReadAction\",\"target\":[\"https:\/\/www.minesparis.psl.eu\/ismme\/axes-scientifiques-et-laboratoires-daccueil\/materiaux-mecanique\/\"]}]},{\"@type\":\"ImageObject\",\"inLanguage\":\"fr-FR\",\"@id\":\"https:\/\/www.minesparis.psl.eu\/ismme\/axes-scientifiques-et-laboratoires-daccueil\/materiaux-mecanique\/#primaryimage\",\"url\":\"https:\/\/www.minesparis.psl.eu\/ismme\/wp-content\/uploads\/sites\/20\/2025\/03\/Bandeau-ISMME.png\",\"contentUrl\":\"https:\/\/www.minesparis.psl.eu\/ismme\/wp-content\/uploads\/sites\/20\/2025\/03\/Bandeau-ISMME.png\",\"width\":1300,\"height\":500},{\"@type\":\"BreadcrumbList\",\"@id\":\"https:\/\/www.minesparis.psl.eu\/ismme\/axes-scientifiques-et-laboratoires-daccueil\/materiaux-mecanique\/#breadcrumb\",\"itemListElement\":[{\"@type\":\"ListItem\",\"position\":1,\"name\":\"Accueil\",\"item\":\"https:\/\/www.minesparis.psl.eu\/ismme\/\"},{\"@type\":\"ListItem\",\"position\":2,\"name\":\"Axes scientifiques et laboratoires d\u2019accueil\",\"item\":\"https:\/\/www.minesparis.psl.eu\/ismme\/axes-scientifiques-et-laboratoires-daccueil\/\"},{\"@type\":\"ListItem\",\"position\":3,\"name\":\"Mat\u00e9riaux & M\u00e9canique\"}]},{\"@type\":\"WebSite\",\"@id\":\"https:\/\/www.minesparis.psl.eu\/ismme\/#website\",\"url\":\"https:\/\/www.minesparis.psl.eu\/ismme\/\",\"name\":\"Ecole doctorale ISMME Mines Paris - PSL\",\"description\":\"\",\"publisher\":{\"@id\":\"https:\/\/www.minesparis.psl.eu\/ismme\/#organization\"},\"potentialAction\":[{\"@type\":\"SearchAction\",\"target\":{\"@type\":\"EntryPoint\",\"urlTemplate\":\"https:\/\/www.minesparis.psl.eu\/ismme\/?s={search_term_string}\"},\"query-input\":{\"@type\":\"PropertyValueSpecification\",\"valueRequired\":true,\"valueName\":\"search_term_string\"}}],\"inLanguage\":\"fr-FR\"},{\"@type\":\"Organization\",\"@id\":\"https:\/\/www.minesparis.psl.eu\/ismme\/#organization\",\"name\":\"Ecole doctorale ISMME Mines Paris - PSL\",\"url\":\"https:\/\/www.minesparis.psl.eu\/ismme\/\",\"logo\":{\"@type\":\"ImageObject\",\"inLanguage\":\"fr-FR\",\"@id\":\"https:\/\/www.minesparis.psl.eu\/ismme\/#\/schema\/logo\/image\/\",\"url\":\"https:\/\/www.minesparis.psl.eu\/ismme\/wp-content\/uploads\/sites\/20\/2025\/03\/Design-sans-titre12-1.svg\",\"contentUrl\":\"https:\/\/www.minesparis.psl.eu\/ismme\/wp-content\/uploads\/sites\/20\/2025\/03\/Design-sans-titre12-1.svg\",\"width\":320,\"height\":320,\"caption\":\"Ecole doctorale ISMME Mines Paris - PSL\"},\"image\":{\"@id\":\"https:\/\/www.minesparis.psl.eu\/ismme\/#\/schema\/logo\/image\/\"}}]}<\/script>\n<!-- \/ Yoast SEO plugin. -->","yoast_head_json":{"title":"Mat\u00e9riaux &amp; M\u00e9canique - Ecole doctorale ISMME Mines Paris - PSL","robots":{"index":"index","follow":"follow","max-snippet":"max-snippet:-1","max-image-preview":"max-image-preview:large","max-video-preview":"max-video-preview:-1"},"canonical":"https:\/\/www.minesparis.psl.eu\/ismme\/axes-scientifiques-et-laboratoires-daccueil\/materiaux-mecanique\/","og_locale":"fr_FR","og_type":"article","og_title":"Mat\u00e9riaux &amp; M\u00e9canique - Ecole doctorale ISMME Mines Paris - PSL","og_url":"https:\/\/www.minesparis.psl.eu\/ismme\/axes-scientifiques-et-laboratoires-daccueil\/materiaux-mecanique\/","og_site_name":"Ecole doctorale ISMME Mines Paris - PSL","article_modified_time":"2025-03-20T11:58:14+00:00","og_image":[{"width":1300,"height":500,"url":"https:\/\/www.minesparis.psl.eu\/ismme\/wp-content\/uploads\/sites\/20\/2025\/03\/Bandeau-ISMME.png","type":"image\/png"}],"twitter_card":"summary_large_image","schema":{"@context":"https:\/\/schema.org","@graph":[{"@type":"WebPage","@id":"https:\/\/www.minesparis.psl.eu\/ismme\/axes-scientifiques-et-laboratoires-daccueil\/materiaux-mecanique\/","url":"https:\/\/www.minesparis.psl.eu\/ismme\/axes-scientifiques-et-laboratoires-daccueil\/materiaux-mecanique\/","name":"Mat\u00e9riaux &amp; M\u00e9canique - Ecole doctorale ISMME Mines Paris - PSL","isPartOf":{"@id":"https:\/\/www.minesparis.psl.eu\/ismme\/#website"},"primaryImageOfPage":{"@id":"https:\/\/www.minesparis.psl.eu\/ismme\/axes-scientifiques-et-laboratoires-daccueil\/materiaux-mecanique\/#primaryimage"},"image":{"@id":"https:\/\/www.minesparis.psl.eu\/ismme\/axes-scientifiques-et-laboratoires-daccueil\/materiaux-mecanique\/#primaryimage"},"thumbnailUrl":"https:\/\/www.minesparis.psl.eu\/ismme\/wp-content\/uploads\/sites\/20\/2025\/03\/Bandeau-ISMME.png","datePublished":"2025-01-10T16:19:42+00:00","dateModified":"2025-03-20T11:58:14+00:00","breadcrumb":{"@id":"https:\/\/www.minesparis.psl.eu\/ismme\/axes-scientifiques-et-laboratoires-daccueil\/materiaux-mecanique\/#breadcrumb"},"inLanguage":"fr-FR","potentialAction":[{"@type":"ReadAction","target":["https:\/\/www.minesparis.psl.eu\/ismme\/axes-scientifiques-et-laboratoires-daccueil\/materiaux-mecanique\/"]}]},{"@type":"ImageObject","inLanguage":"fr-FR","@id":"https:\/\/www.minesparis.psl.eu\/ismme\/axes-scientifiques-et-laboratoires-daccueil\/materiaux-mecanique\/#primaryimage","url":"https:\/\/www.minesparis.psl.eu\/ismme\/wp-content\/uploads\/sites\/20\/2025\/03\/Bandeau-ISMME.png","contentUrl":"https:\/\/www.minesparis.psl.eu\/ismme\/wp-content\/uploads\/sites\/20\/2025\/03\/Bandeau-ISMME.png","width":1300,"height":500},{"@type":"BreadcrumbList","@id":"https:\/\/www.minesparis.psl.eu\/ismme\/axes-scientifiques-et-laboratoires-daccueil\/materiaux-mecanique\/#breadcrumb","itemListElement":[{"@type":"ListItem","position":1,"name":"Accueil","item":"https:\/\/www.minesparis.psl.eu\/ismme\/"},{"@type":"ListItem","position":2,"name":"Axes scientifiques et laboratoires d\u2019accueil","item":"https:\/\/www.minesparis.psl.eu\/ismme\/axes-scientifiques-et-laboratoires-daccueil\/"},{"@type":"ListItem","position":3,"name":"Mat\u00e9riaux & M\u00e9canique"}]},{"@type":"WebSite","@id":"https:\/\/www.minesparis.psl.eu\/ismme\/#website","url":"https:\/\/www.minesparis.psl.eu\/ismme\/","name":"Ecole doctorale ISMME Mines Paris - PSL","description":"","publisher":{"@id":"https:\/\/www.minesparis.psl.eu\/ismme\/#organization"},"potentialAction":[{"@type":"SearchAction","target":{"@type":"EntryPoint","urlTemplate":"https:\/\/www.minesparis.psl.eu\/ismme\/?s={search_term_string}"},"query-input":{"@type":"PropertyValueSpecification","valueRequired":true,"valueName":"search_term_string"}}],"inLanguage":"fr-FR"},{"@type":"Organization","@id":"https:\/\/www.minesparis.psl.eu\/ismme\/#organization","name":"Ecole doctorale ISMME Mines Paris - PSL","url":"https:\/\/www.minesparis.psl.eu\/ismme\/","logo":{"@type":"ImageObject","inLanguage":"fr-FR","@id":"https:\/\/www.minesparis.psl.eu\/ismme\/#\/schema\/logo\/image\/","url":"https:\/\/www.minesparis.psl.eu\/ismme\/wp-content\/uploads\/sites\/20\/2025\/03\/Design-sans-titre12-1.svg","contentUrl":"https:\/\/www.minesparis.psl.eu\/ismme\/wp-content\/uploads\/sites\/20\/2025\/03\/Design-sans-titre12-1.svg","width":320,"height":320,"caption":"Ecole doctorale ISMME Mines Paris - PSL"},"image":{"@id":"https:\/\/www.minesparis.psl.eu\/ismme\/#\/schema\/logo\/image\/"}}]}},"_links":{"self":[{"href":"https:\/\/www.minesparis.psl.eu\/ismme\/wp-json\/wp\/v2\/pages\/446","targetHints":{"allow":["GET"]}}],"collection":[{"href":"https:\/\/www.minesparis.psl.eu\/ismme\/wp-json\/wp\/v2\/pages"}],"about":[{"href":"https:\/\/www.minesparis.psl.eu\/ismme\/wp-json\/wp\/v2\/types\/page"}],"author":[{"embeddable":true,"href":"https:\/\/www.minesparis.psl.eu\/ismme\/wp-json\/wp\/v2\/users\/1"}],"replies":[{"embeddable":true,"href":"https:\/\/www.minesparis.psl.eu\/ismme\/wp-json\/wp\/v2\/comments?post=446"}],"version-history":[{"count":1,"href":"https:\/\/www.minesparis.psl.eu\/ismme\/wp-json\/wp\/v2\/pages\/446\/revisions"}],"predecessor-version":[{"id":1078,"href":"https:\/\/www.minesparis.psl.eu\/ismme\/wp-json\/wp\/v2\/pages\/446\/revisions\/1078"}],"up":[{"embeddable":true,"href":"https:\/\/www.minesparis.psl.eu\/ismme\/wp-json\/wp\/v2\/pages\/236"}],"wp:featuredmedia":[{"embeddable":true,"href":"https:\/\/www.minesparis.psl.eu\/ismme\/wp-json\/wp\/v2\/media\/1072"}],"wp:attachment":[{"href":"https:\/\/www.minesparis.psl.eu\/ismme\/wp-json\/wp\/v2\/media?parent=446"}],"curies":[{"name":"wp","href":"https:\/\/api.w.org\/{rel}","templated":true}]}}