{"id":439,"date":"2025-01-10T17:04:34","date_gmt":"2025-01-10T16:04:34","guid":{"rendered":"https:\/\/www.minesparis.psl.eu\/ismme\/?page_id=439"},"modified":"2025-03-20T12:58:08","modified_gmt":"2025-03-20T11:58:08","slug":"energetique-et-genie-des-procedes","status":"publish","type":"page","link":"https:\/\/www.minesparis.psl.eu\/ismme\/axes-scientifiques-et-laboratoires-daccueil\/energetique-et-genie-des-procedes\/","title":{"rendered":"\u00c9nerg\u00e9tique & G\u00e9nie des Proc\u00e9d\u00e9s"},"content":{"rendered":"\n<div class=\"container block-full-largeur\">\n\t<div class=\"row mt-4\">\n\t\t<div class=\"col-md-12\">\n\t\t\t<p style=\"text-align: justify\"><strong>Les 5 principaux th\u00e8mes scientifiques sont :<\/strong><\/p>\n\t\t<\/div>\n\t<\/div>\n<\/div>\n\n\n<div class=\"container bloc-50-50\">\n\t<div class=\"row mt-4\">\n\t\t<div class=\"col-md-6\">\n\t\t\t<ul>\n<li style=\"text-align: justify\">Am\u00e9lioration de l&rsquo;efficacit\u00e9 \u00e9nerg\u00e9tique des syst\u00e8mes complexes ( b\u00e2timents, proc\u00e9d\u00e9s industriels et transport ).<\/li>\n<li style=\"text-align: justify\">\u00c9nergies renouvelables: analyse de la ressource, int\u00e9gration dans des syst\u00e8mes \u00e9lectriques intelligents, impacts environnementaux.<\/li>\n<li style=\"text-align: justify\">Nouveaux proc\u00e9d\u00e9s et technologies durables de conversion (proc\u00e9d\u00e9s thermochimiques, \u00e9lectrochimiques \u00a0et plasmas, micror\u00e9acteurs)\u00a0 et de stockage d\u2019\u00e9nergie.<\/li>\n<\/ul>\n\t\t<\/div>\n\t\t<div class=\"col-md-6\">\n\t\t\t<ul>\n<li style=\"text-align: justify\">Conception et r\u00e9alisation de mat\u00e9riaux et composants avanc\u00e9s pour une \u00e9nergie d\u00e9carbon\u00e9e.<\/li>\n<li style=\"text-align: justify\">Analyse des comportements individuels, collectifs et organisationnels dans le management de la pr\u00e9vention et de la gestion des risques.<\/li>\n<\/ul>\n\t\t<\/div>\n\t<\/div>\n<\/div>\n\n\n<div class=\"container block-full-largeur\">\n\t<div class=\"row mt-4\">\n\t\t<div class=\"col-md-12\">\n\t\t\t<h4><span style=\"color: #000000\">Les centres de recherche de Mines Paris &#8211; PSL associ\u00e9s \u00e0 l&rsquo;axe \u00c9nerg\u00e9tique et G\u00e9nie des Proc\u00e9d\u00e9s :<\/span><\/h4>\n\t\t<\/div>\n\t<\/div>\n<\/div>\n\n\n<div class=\"container bloc-50-50\">\n\t<div class=\"row mt-4\">\n\t\t<div class=\"col-md-6\">\n\t\t\t<h3 style=\"text-align: left\"><span style=\"color: #015d9e\">Le Centre \u00c9nergie, Environnement, Proc\u00e9d\u00e9s (CEEP)<\/span><\/h3>\n<ul>\n<li><strong>Sites : <\/strong>Paris, Fontainebleau, Palaiseau<strong>\n<\/strong><\/li>\n<li><strong>Sp\u00e9cialit\u00e9s doctorales : <\/strong>\u00c9nerg\u00e9tique et G\u00e9nie des Proc\u00e9d\u00e9s<strong>\n<\/strong><\/li>\n<li><strong>Responsable de Sp\u00e9cialit\u00e9<\/strong> : <a class=\"button-mines btn-blanc flech lf-bleu\" href=\"elise.el_ahmar@minesparis.psl.eu\" target=\"_blank\" rel=\"noopener\">Elise EL AHMAR<\/a><\/li>\n<\/ul>\n<p style=\"text-align: left\"><a class=\"button-mines btn-bleu flech lf-blanc\" href=\"https:\/\/www.ctp.minesparis.psl.eu\/Accueil\/\" target=\"_blank\" rel=\"noopener\">CTP <\/a>\u00a0 \u00a0 \u00a0 \u00a0 \u00a0 \u00a0 \u00a0<a class=\"button-mines btn-bleu flech lf-blanc\" href=\"https:\/\/www.ces.minesparis.psl.eu\/Accueil\/\" target=\"_blank\" rel=\"noopener\">CES<\/a><\/p>\n\t\t<\/div>\n\t\t<div class=\"col-md-6\">\n\t\t\t<h3 style=\"text-align: left\"><span style=\"color: #015d9e\">Le Centre Observation, Impacts, \u00c9nergie (OIE)<\/span><\/h3>\n<ul>\n<li><strong>Sites : <\/strong>Paris, Sophia Antipolis<strong>\n<\/strong><\/li>\n<li><strong>Sp\u00e9cialit\u00e9s doctorales : <\/strong><\/li>\n<li>\u00c9nerg\u00e9tique et G\u00e9nie des Proc\u00e9d\u00e9s<\/li>\n<li><strong>Responsable de Sp\u00e9cialit\u00e9<\/strong> : <a class=\"button-mines btn-blanc flech lf-bleu\" href=\"elise.el_ahmar@minesparis.psl.eu\" target=\"_blank\" rel=\"noopener\">Elise EL AHMAR<\/a><\/li>\n<\/ul>\n<p style=\"text-align: left\"><a class=\"button-mines btn-bleu flech lf-blanc\" href=\"https:\/\/www.oie.minesparis.psl.eu\/Accueil\/\" target=\"_blank\" rel=\"noopener\">En savoir plus<\/a><\/p>\n\t\t<\/div>\n\t<\/div>\n<\/div>\n\n\n<div class=\"container bloc-50-50\">\n\t<div class=\"row mt-4\">\n\t\t<div class=\"col-md-6\">\n\t\t\t<h3 style=\"text-align: left\"><span style=\"color: #015d9e\">Le Centre proc\u00e9d\u00e9s, \u00e9nergies renouvelables et syst\u00e8mes \u00e9nerg\u00e9tiques (PERSEE)<\/span><\/h3>\n<ul>\n<li><strong>Sites : <\/strong>Paris, Sophia Antipolis<strong>\n<\/strong><\/li>\n<li><strong>Sp\u00e9cialit\u00e9s doctorales : <\/strong><\/li>\n<li>\u00c9nerg\u00e9tique et G\u00e9nie des Proc\u00e9d\u00e9s<\/li>\n<li><strong>Responsable de Sp\u00e9cialit\u00e9<\/strong> : <a class=\"button-mines btn-blanc flech lf-bleu\" href=\"elise.el_ahmar@minesparis.psl.eu\" target=\"_blank\" rel=\"noopener\">Elise EL AHMAR<\/a><\/li>\n<\/ul>\n<p style=\"text-align: left\"><a class=\"button-mines btn-bleu flech lf-blanc\" href=\"https:\/\/www.minesparis.psl.eu\/recherche\/18-centres-de-recherche-5-domaines-disciplinaires\/energetiques-et-procedes\/le-centre-persee\/\" target=\"_blank\" rel=\"noopener\">En savoir plus<\/a><\/p>\n\t\t<\/div>\n\t\t<div class=\"col-md-6\">\n\t\t\t\t\t<\/div>\n\t<\/div>\n<\/div>\n\n\n<div class=\"container block-full-largeur\">\n\t<div class=\"row mt-4\">\n\t\t<div class=\"col-md-12\">\n\t\t\t<h4><span style=\"color: #000000\">Deux \u00e9quipes de recherche de l&rsquo;Institut de Recherche de Chimie Paris (IRCP) sont associ\u00e9es \u00e0 cet axe :<\/span><\/h4>\n\t\t<\/div>\n\t<\/div>\n<\/div>\n\n\n<div class=\"container bloc-50-50\">\n\t<div class=\"row mt-4\">\n\t\t<div class=\"col-md-6\">\n\t\t\t<h3><span style=\"color: #015d9e\">Proc\u00e9d\u00e9s, Plasmas, Microsyst\u00e8mes (2PM)<\/span><\/h3>\n<ul>\n<li><strong>Site :\u00a0<\/strong>Chimie ParisTech<\/li>\n<li><strong>\u00a0Sp\u00e9cialit\u00e9 doctorale :\u00a0<\/strong>\u00c9nerg\u00e9tique et G\u00e9nie des Proc\u00e9d\u00e9s<\/li>\n<li><strong>Responsable de Sp\u00e9cialit\u00e9<\/strong> : <a class=\"button-mines btn-blanc flech lf-bleu\" href=\"mailto:armelle.ringuede@minesparis.psl.eu\">Armelle RINGUEDE<\/a><\/li>\n<\/ul>\n<p style=\"text-align: left\"><a class=\"button-mines btn-bleu flech lf-blanc\" href=\"https:\/\/www.ircp.cnrs.fr\/la-recherche\/equipe-2pm\/\" target=\"_blank\" rel=\"noopener\">En savoir plus<\/a><\/p>\n\t\t<\/div>\n\t\t<div class=\"col-md-6\">\n\t\t\t<h3 style=\"text-align: left\"><span style=\"color: #015d9e\">Interfaces, \u00c9lectrochimie, \u00c9nergie (I2E)<\/span><\/h3>\n<ul>\n<li><strong>Site :\u00a0<\/strong>Chimie ParisTech<\/li>\n<li><strong>\u00a0Sp\u00e9cialit\u00e9 doctorale :\u00a0<\/strong>\u00c9nerg\u00e9tique et G\u00e9nie des Proc\u00e9d\u00e9s<\/li>\n<li><strong>Responsable de Sp\u00e9cialit\u00e9<\/strong> : <a class=\"button-mines btn-blanc flech lf-bleu\" href=\"mailto:armelle.ringuede@minesparis.psl.eu\">Armelle RINGUEDE<\/a><\/li>\n<\/ul>\n<p style=\"text-align: left\"><a class=\"button-mines btn-bleu flech lf-blanc\" href=\"https:\/\/www.ircp.cnrs.fr\/la-recherche\/equipe-i2e\/\" target=\"_blank\" rel=\"noopener\">En savoir plus<\/a><\/p>\n\t\t<\/div>\n\t<\/div>\n<\/div>","protected":false},"excerpt":{"rendered":"","protected":false},"author":1,"featured_media":1072,"parent":236,"menu_order":0,"comment_status":"closed","ping_status":"closed","template":"","meta":{"footnotes":""},"class_list":["post-439","page","type-page","status-publish","has-post-thumbnail","hentry"],"acf":[],"yoast_head":"<!-- This site is optimized with the Yoast SEO plugin v27.2 - https:\/\/yoast.com\/product\/yoast-seo-wordpress\/ -->\n<title>\u00c9nerg\u00e9tique &amp; G\u00e9nie des Proc\u00e9d\u00e9s - Ecole doctorale ISMME Mines Paris - PSL<\/title>\n<meta name=\"robots\" content=\"index, follow, max-snippet:-1, max-image-preview:large, max-video-preview:-1\" \/>\n<link rel=\"canonical\" href=\"https:\/\/www.minesparis.psl.eu\/ismme\/axes-scientifiques-et-laboratoires-daccueil\/energetique-et-genie-des-procedes\/\" \/>\n<meta property=\"og:locale\" content=\"fr_FR\" \/>\n<meta property=\"og:type\" content=\"article\" \/>\n<meta property=\"og:title\" content=\"\u00c9nerg\u00e9tique &amp; G\u00e9nie des Proc\u00e9d\u00e9s - Ecole doctorale ISMME Mines Paris - PSL\" \/>\n<meta property=\"og:url\" content=\"https:\/\/www.minesparis.psl.eu\/ismme\/axes-scientifiques-et-laboratoires-daccueil\/energetique-et-genie-des-procedes\/\" \/>\n<meta property=\"og:site_name\" content=\"Ecole doctorale ISMME Mines Paris - PSL\" \/>\n<meta property=\"article:modified_time\" content=\"2025-03-20T11:58:08+00:00\" \/>\n<meta property=\"og:image\" content=\"https:\/\/www.minesparis.psl.eu\/ismme\/wp-content\/uploads\/sites\/20\/2025\/03\/Bandeau-ISMME.png\" \/>\n\t<meta property=\"og:image:width\" content=\"1300\" \/>\n\t<meta property=\"og:image:height\" content=\"500\" \/>\n\t<meta property=\"og:image:type\" content=\"image\/png\" \/>\n<meta name=\"twitter:card\" content=\"summary_large_image\" \/>\n<script type=\"application\/ld+json\" class=\"yoast-schema-graph\">{\"@context\":\"https:\/\/schema.org\",\"@graph\":[{\"@type\":\"WebPage\",\"@id\":\"https:\/\/www.minesparis.psl.eu\/ismme\/axes-scientifiques-et-laboratoires-daccueil\/energetique-et-genie-des-procedes\/\",\"url\":\"https:\/\/www.minesparis.psl.eu\/ismme\/axes-scientifiques-et-laboratoires-daccueil\/energetique-et-genie-des-procedes\/\",\"name\":\"\u00c9nerg\u00e9tique &amp; G\u00e9nie des Proc\u00e9d\u00e9s - Ecole doctorale ISMME Mines Paris - PSL\",\"isPartOf\":{\"@id\":\"https:\/\/www.minesparis.psl.eu\/ismme\/#website\"},\"primaryImageOfPage\":{\"@id\":\"https:\/\/www.minesparis.psl.eu\/ismme\/axes-scientifiques-et-laboratoires-daccueil\/energetique-et-genie-des-procedes\/#primaryimage\"},\"image\":{\"@id\":\"https:\/\/www.minesparis.psl.eu\/ismme\/axes-scientifiques-et-laboratoires-daccueil\/energetique-et-genie-des-procedes\/#primaryimage\"},\"thumbnailUrl\":\"https:\/\/www.minesparis.psl.eu\/ismme\/wp-content\/uploads\/sites\/20\/2025\/03\/Bandeau-ISMME.png\",\"datePublished\":\"2025-01-10T16:04:34+00:00\",\"dateModified\":\"2025-03-20T11:58:08+00:00\",\"breadcrumb\":{\"@id\":\"https:\/\/www.minesparis.psl.eu\/ismme\/axes-scientifiques-et-laboratoires-daccueil\/energetique-et-genie-des-procedes\/#breadcrumb\"},\"inLanguage\":\"fr-FR\",\"potentialAction\":[{\"@type\":\"ReadAction\",\"target\":[\"https:\/\/www.minesparis.psl.eu\/ismme\/axes-scientifiques-et-laboratoires-daccueil\/energetique-et-genie-des-procedes\/\"]}]},{\"@type\":\"ImageObject\",\"inLanguage\":\"fr-FR\",\"@id\":\"https:\/\/www.minesparis.psl.eu\/ismme\/axes-scientifiques-et-laboratoires-daccueil\/energetique-et-genie-des-procedes\/#primaryimage\",\"url\":\"https:\/\/www.minesparis.psl.eu\/ismme\/wp-content\/uploads\/sites\/20\/2025\/03\/Bandeau-ISMME.png\",\"contentUrl\":\"https:\/\/www.minesparis.psl.eu\/ismme\/wp-content\/uploads\/sites\/20\/2025\/03\/Bandeau-ISMME.png\",\"width\":1300,\"height\":500},{\"@type\":\"BreadcrumbList\",\"@id\":\"https:\/\/www.minesparis.psl.eu\/ismme\/axes-scientifiques-et-laboratoires-daccueil\/energetique-et-genie-des-procedes\/#breadcrumb\",\"itemListElement\":[{\"@type\":\"ListItem\",\"position\":1,\"name\":\"Accueil\",\"item\":\"https:\/\/www.minesparis.psl.eu\/ismme\/\"},{\"@type\":\"ListItem\",\"position\":2,\"name\":\"Axes scientifiques et laboratoires d\u2019accueil\",\"item\":\"https:\/\/www.minesparis.psl.eu\/ismme\/axes-scientifiques-et-laboratoires-daccueil\/\"},{\"@type\":\"ListItem\",\"position\":3,\"name\":\"\u00c9nerg\u00e9tique & G\u00e9nie des Proc\u00e9d\u00e9s\"}]},{\"@type\":\"WebSite\",\"@id\":\"https:\/\/www.minesparis.psl.eu\/ismme\/#website\",\"url\":\"https:\/\/www.minesparis.psl.eu\/ismme\/\",\"name\":\"Ecole doctorale ISMME Mines Paris - PSL\",\"description\":\"\",\"publisher\":{\"@id\":\"https:\/\/www.minesparis.psl.eu\/ismme\/#organization\"},\"potentialAction\":[{\"@type\":\"SearchAction\",\"target\":{\"@type\":\"EntryPoint\",\"urlTemplate\":\"https:\/\/www.minesparis.psl.eu\/ismme\/?s={search_term_string}\"},\"query-input\":{\"@type\":\"PropertyValueSpecification\",\"valueRequired\":true,\"valueName\":\"search_term_string\"}}],\"inLanguage\":\"fr-FR\"},{\"@type\":\"Organization\",\"@id\":\"https:\/\/www.minesparis.psl.eu\/ismme\/#organization\",\"name\":\"Ecole doctorale ISMME Mines Paris - PSL\",\"url\":\"https:\/\/www.minesparis.psl.eu\/ismme\/\",\"logo\":{\"@type\":\"ImageObject\",\"inLanguage\":\"fr-FR\",\"@id\":\"https:\/\/www.minesparis.psl.eu\/ismme\/#\/schema\/logo\/image\/\",\"url\":\"https:\/\/www.minesparis.psl.eu\/ismme\/wp-content\/uploads\/sites\/20\/2025\/03\/Design-sans-titre12-1.svg\",\"contentUrl\":\"https:\/\/www.minesparis.psl.eu\/ismme\/wp-content\/uploads\/sites\/20\/2025\/03\/Design-sans-titre12-1.svg\",\"width\":320,\"height\":320,\"caption\":\"Ecole doctorale ISMME Mines Paris - PSL\"},\"image\":{\"@id\":\"https:\/\/www.minesparis.psl.eu\/ismme\/#\/schema\/logo\/image\/\"}}]}<\/script>\n<!-- \/ Yoast SEO plugin. -->","yoast_head_json":{"title":"\u00c9nerg\u00e9tique &amp; G\u00e9nie des Proc\u00e9d\u00e9s - Ecole doctorale ISMME Mines Paris - PSL","robots":{"index":"index","follow":"follow","max-snippet":"max-snippet:-1","max-image-preview":"max-image-preview:large","max-video-preview":"max-video-preview:-1"},"canonical":"https:\/\/www.minesparis.psl.eu\/ismme\/axes-scientifiques-et-laboratoires-daccueil\/energetique-et-genie-des-procedes\/","og_locale":"fr_FR","og_type":"article","og_title":"\u00c9nerg\u00e9tique &amp; G\u00e9nie des Proc\u00e9d\u00e9s - Ecole doctorale ISMME Mines Paris - PSL","og_url":"https:\/\/www.minesparis.psl.eu\/ismme\/axes-scientifiques-et-laboratoires-daccueil\/energetique-et-genie-des-procedes\/","og_site_name":"Ecole doctorale ISMME Mines Paris - PSL","article_modified_time":"2025-03-20T11:58:08+00:00","og_image":[{"width":1300,"height":500,"url":"https:\/\/www.minesparis.psl.eu\/ismme\/wp-content\/uploads\/sites\/20\/2025\/03\/Bandeau-ISMME.png","type":"image\/png"}],"twitter_card":"summary_large_image","schema":{"@context":"https:\/\/schema.org","@graph":[{"@type":"WebPage","@id":"https:\/\/www.minesparis.psl.eu\/ismme\/axes-scientifiques-et-laboratoires-daccueil\/energetique-et-genie-des-procedes\/","url":"https:\/\/www.minesparis.psl.eu\/ismme\/axes-scientifiques-et-laboratoires-daccueil\/energetique-et-genie-des-procedes\/","name":"\u00c9nerg\u00e9tique &amp; G\u00e9nie des Proc\u00e9d\u00e9s - Ecole doctorale ISMME Mines Paris - PSL","isPartOf":{"@id":"https:\/\/www.minesparis.psl.eu\/ismme\/#website"},"primaryImageOfPage":{"@id":"https:\/\/www.minesparis.psl.eu\/ismme\/axes-scientifiques-et-laboratoires-daccueil\/energetique-et-genie-des-procedes\/#primaryimage"},"image":{"@id":"https:\/\/www.minesparis.psl.eu\/ismme\/axes-scientifiques-et-laboratoires-daccueil\/energetique-et-genie-des-procedes\/#primaryimage"},"thumbnailUrl":"https:\/\/www.minesparis.psl.eu\/ismme\/wp-content\/uploads\/sites\/20\/2025\/03\/Bandeau-ISMME.png","datePublished":"2025-01-10T16:04:34+00:00","dateModified":"2025-03-20T11:58:08+00:00","breadcrumb":{"@id":"https:\/\/www.minesparis.psl.eu\/ismme\/axes-scientifiques-et-laboratoires-daccueil\/energetique-et-genie-des-procedes\/#breadcrumb"},"inLanguage":"fr-FR","potentialAction":[{"@type":"ReadAction","target":["https:\/\/www.minesparis.psl.eu\/ismme\/axes-scientifiques-et-laboratoires-daccueil\/energetique-et-genie-des-procedes\/"]}]},{"@type":"ImageObject","inLanguage":"fr-FR","@id":"https:\/\/www.minesparis.psl.eu\/ismme\/axes-scientifiques-et-laboratoires-daccueil\/energetique-et-genie-des-procedes\/#primaryimage","url":"https:\/\/www.minesparis.psl.eu\/ismme\/wp-content\/uploads\/sites\/20\/2025\/03\/Bandeau-ISMME.png","contentUrl":"https:\/\/www.minesparis.psl.eu\/ismme\/wp-content\/uploads\/sites\/20\/2025\/03\/Bandeau-ISMME.png","width":1300,"height":500},{"@type":"BreadcrumbList","@id":"https:\/\/www.minesparis.psl.eu\/ismme\/axes-scientifiques-et-laboratoires-daccueil\/energetique-et-genie-des-procedes\/#breadcrumb","itemListElement":[{"@type":"ListItem","position":1,"name":"Accueil","item":"https:\/\/www.minesparis.psl.eu\/ismme\/"},{"@type":"ListItem","position":2,"name":"Axes scientifiques et laboratoires d\u2019accueil","item":"https:\/\/www.minesparis.psl.eu\/ismme\/axes-scientifiques-et-laboratoires-daccueil\/"},{"@type":"ListItem","position":3,"name":"\u00c9nerg\u00e9tique & G\u00e9nie des Proc\u00e9d\u00e9s"}]},{"@type":"WebSite","@id":"https:\/\/www.minesparis.psl.eu\/ismme\/#website","url":"https:\/\/www.minesparis.psl.eu\/ismme\/","name":"Ecole doctorale ISMME Mines Paris - PSL","description":"","publisher":{"@id":"https:\/\/www.minesparis.psl.eu\/ismme\/#organization"},"potentialAction":[{"@type":"SearchAction","target":{"@type":"EntryPoint","urlTemplate":"https:\/\/www.minesparis.psl.eu\/ismme\/?s={search_term_string}"},"query-input":{"@type":"PropertyValueSpecification","valueRequired":true,"valueName":"search_term_string"}}],"inLanguage":"fr-FR"},{"@type":"Organization","@id":"https:\/\/www.minesparis.psl.eu\/ismme\/#organization","name":"Ecole doctorale ISMME Mines Paris - PSL","url":"https:\/\/www.minesparis.psl.eu\/ismme\/","logo":{"@type":"ImageObject","inLanguage":"fr-FR","@id":"https:\/\/www.minesparis.psl.eu\/ismme\/#\/schema\/logo\/image\/","url":"https:\/\/www.minesparis.psl.eu\/ismme\/wp-content\/uploads\/sites\/20\/2025\/03\/Design-sans-titre12-1.svg","contentUrl":"https:\/\/www.minesparis.psl.eu\/ismme\/wp-content\/uploads\/sites\/20\/2025\/03\/Design-sans-titre12-1.svg","width":320,"height":320,"caption":"Ecole doctorale ISMME Mines Paris - PSL"},"image":{"@id":"https:\/\/www.minesparis.psl.eu\/ismme\/#\/schema\/logo\/image\/"}}]}},"_links":{"self":[{"href":"https:\/\/www.minesparis.psl.eu\/ismme\/wp-json\/wp\/v2\/pages\/439","targetHints":{"allow":["GET"]}}],"collection":[{"href":"https:\/\/www.minesparis.psl.eu\/ismme\/wp-json\/wp\/v2\/pages"}],"about":[{"href":"https:\/\/www.minesparis.psl.eu\/ismme\/wp-json\/wp\/v2\/types\/page"}],"author":[{"embeddable":true,"href":"https:\/\/www.minesparis.psl.eu\/ismme\/wp-json\/wp\/v2\/users\/1"}],"replies":[{"embeddable":true,"href":"https:\/\/www.minesparis.psl.eu\/ismme\/wp-json\/wp\/v2\/comments?post=439"}],"version-history":[{"count":1,"href":"https:\/\/www.minesparis.psl.eu\/ismme\/wp-json\/wp\/v2\/pages\/439\/revisions"}],"predecessor-version":[{"id":1077,"href":"https:\/\/www.minesparis.psl.eu\/ismme\/wp-json\/wp\/v2\/pages\/439\/revisions\/1077"}],"up":[{"embeddable":true,"href":"https:\/\/www.minesparis.psl.eu\/ismme\/wp-json\/wp\/v2\/pages\/236"}],"wp:featuredmedia":[{"embeddable":true,"href":"https:\/\/www.minesparis.psl.eu\/ismme\/wp-json\/wp\/v2\/media\/1072"}],"wp:attachment":[{"href":"https:\/\/www.minesparis.psl.eu\/ismme\/wp-json\/wp\/v2\/media?parent=439"}],"curies":[{"name":"wp","href":"https:\/\/api.w.org\/{rel}","templated":true}]}}