{"id":2670,"date":"2025-04-23T11:47:05","date_gmt":"2025-04-23T09:47:05","guid":{"rendered":"https:\/\/www.minesparis.psl.eu\/isige\/?page_id=2670"},"modified":"2025-10-14T15:16:33","modified_gmt":"2025-10-14T13:16:33","slug":"success-stories-de-nos-etudiants","status":"publish","type":"page","link":"https:\/\/www.minesparis.psl.eu\/isige\/lisige\/success-stories-de-nos-etudiants\/","title":{"rendered":"Success Stories de nos \u00e9tudiants"},"content":{"rendered":"\n<div class=\"container bloc-50-50\">\n\t<div class=\"row mt-4\">\n\t\t<div class=\"col-md-6\">\n\t\t\t<h2 class=\"\" data-start=\"297\" data-end=\"386\">Des parcours inspirants apr\u00e8s le Mast\u00e8re Sp\u00e9cialis\u00e9<\/h2>\n<p><img loading=\"lazy\" decoding=\"async\" class=\"alignleft wp-image-2713\" src=\"https:\/\/www.minesparis.psl.eu\/isige\/wp-content\/uploads\/sites\/21\/2025\/04\/IMG_5132-753x1024.jpg\" alt=\"\" width=\"500\" height=\"680\" srcset=\"https:\/\/www.minesparis.psl.eu\/isige\/wp-content\/uploads\/sites\/21\/2025\/04\/IMG_5132-753x1024.jpg 753w, https:\/\/www.minesparis.psl.eu\/isige\/wp-content\/uploads\/sites\/21\/2025\/04\/IMG_5132-221x300.jpg 221w, https:\/\/www.minesparis.psl.eu\/isige\/wp-content\/uploads\/sites\/21\/2025\/04\/IMG_5132-768x1044.jpg 768w, https:\/\/www.minesparis.psl.eu\/isige\/wp-content\/uploads\/sites\/21\/2025\/04\/IMG_5132-1130x1536.jpg 1130w, https:\/\/www.minesparis.psl.eu\/isige\/wp-content\/uploads\/sites\/21\/2025\/04\/IMG_5132.jpg 1200w\" sizes=\"auto, (max-width: 500px) 100vw, 500px\" \/><\/p>\n\t\t<\/div>\n\t\t<div class=\"col-md-6\">\n\t\t\t<h3 class=\"\" data-start=\"388\" data-end=\"431\">D\u00e9couvrez les r\u00e9ussites de nos dipl\u00f4m\u00e9s<\/h3>\n<p class=\"\" data-start=\"433\" data-end=\"876\">Les <strong data-start=\"437\" data-end=\"489\">anciens \u00e9tudiants de l\u2019ISIGE &#8211; MINES Paris &#8211; PSL<\/strong> t\u00e9moignent d\u2019un v\u00e9ritable tremplin vers des carri\u00e8res \u00e0 impact. Gr\u00e2ce \u00e0 nos trois <strong data-start=\"563\" data-end=\"636\">Mast\u00e8re Sp\u00e9cialis\u00e9\u00ae Expert en Environnement et en D\u00e9veloppement Durable<\/strong>, nos dipl\u00f4m\u00e9s acc\u00e8dent \u00e0 des postes cl\u00e9s dans les secteurs de la transition \u00e9cologique, de la responsabilit\u00e9 soci\u00e9tale des entreprises (RSE) et du d\u00e9veloppement durable.<\/p>\n<h3 class=\"\" data-start=\"878\" data-end=\"940\">Des carri\u00e8res engag\u00e9es dans des secteurs en transformation<\/h3>\n<p class=\"\" data-start=\"942\" data-end=\"1004\">Nos alumni occupent aujourd\u2019hui des fonctions strat\u00e9giques :<\/p>\n<p class=\"\" data-start=\"1007\" data-end=\"1043\"><strong data-start=\"1007\" data-end=\"1040\">&#8211; Responsable RSE en entreprise<\/strong>,<\/p>\n<p class=\"\" data-start=\"1007\" data-end=\"1043\"><strong data-start=\"1046\" data-end=\"1085\">&#8211; Consultant en transition \u00e9cologique<\/strong>,<\/p>\n<p class=\"\" data-start=\"1091\" data-end=\"1134\"><strong data-start=\"1091\" data-end=\"1131\">&#8211; Chef de projet d\u00e9veloppement durable<\/strong>,<\/p>\n<p class=\"\" data-start=\"1137\" data-end=\"1180\"><strong data-start=\"1137\" data-end=\"1177\">&#8211; Charg\u00e9 d\u2019innovation environnementale<\/strong>,<\/p>\n<p class=\"\" data-start=\"1183\" data-end=\"1237\">&#8211; ou encore <strong data-start=\"1193\" data-end=\"1236\">entrepreneur dans l\u2019\u00e9conomie circulaire<\/strong>.<\/p>\n<p class=\"\" data-start=\"1239\" data-end=\"1413\">Leur point commun ? Une volont\u00e9 forte de <strong data-start=\"1280\" data-end=\"1343\">contribuer activement \u00e0 la transformation des organisations<\/strong> et de r\u00e9pondre aux d\u00e9fis environnementaux et sociaux de notre \u00e9poque.<\/p>\n<h3 class=\"\" data-start=\"1415\" data-end=\"1469\">T\u00e9moignages d\u2019anciens : retour sur leur exp\u00e9rience<\/h3>\n<p class=\"\" data-start=\"1471\" data-end=\"1615\">Chaque parcours est unique, mais tous partagent l\u2019impact de la formation dans leur \u00e9volution professionnelle. Nos \u00e9tudiants mettent en avant :<\/p>\n<p class=\"\" data-start=\"1618\" data-end=\"1663\"><strong data-start=\"1618\" data-end=\"1660\">&#8211; l\u2019acquisition de comp\u00e9tences concr\u00e8tes<\/strong>,<\/p>\n<p class=\"\" data-start=\"1666\" data-end=\"1700\"><strong data-start=\"1666\" data-end=\"1697\">&#8211; la qualit\u00e9 des intervenants<\/strong>,<\/p>\n<p class=\"\" data-start=\"1703\" data-end=\"1739\"><strong data-start=\"1703\" data-end=\"1736\">&#8211; l\u2019approche interdisciplinaire<\/strong>,<\/p>\n<p class=\"\" data-start=\"1703\" data-end=\"1739\">&#8211; et <strong data-start=\"1745\" data-end=\"1779\">la richesse du r\u00e9seau d\u2019alumni<\/strong>.<\/p>\n\t\t<\/div>\n\t<\/div>\n<\/div>\n\n\n<div class=\"container block-full-largeur\">\n\t<div class=\"row mt-4\">\n\t\t<div class=\"col-md-12\">\n\t\t\t<hr \/>\n<p>&nbsp;<\/p>\n\t\t<\/div>\n\t<\/div>\n<\/div>\n\n\n<div class=\"container bloc-30-30-30\">\n\t<div class=\"row mt-4\">\n\t\t<div class=\"col-md-4\">\n\t\t\t<p style=\"text-align: center\"><img loading=\"lazy\" decoding=\"async\" class=\"wp-image-2686 size-medium aligncenter\" src=\"https:\/\/www.minesparis.psl.eu\/isige\/wp-content\/uploads\/sites\/21\/2025\/04\/Photo-Julie-Site-web2-1300x1136-1-300x262.jpeg\" alt=\"\" width=\"300\" height=\"262\" srcset=\"https:\/\/www.minesparis.psl.eu\/isige\/wp-content\/uploads\/sites\/21\/2025\/04\/Photo-Julie-Site-web2-1300x1136-1-300x262.jpeg 300w, https:\/\/www.minesparis.psl.eu\/isige\/wp-content\/uploads\/sites\/21\/2025\/04\/Photo-Julie-Site-web2-1300x1136-1-1024x895.jpeg 1024w, https:\/\/www.minesparis.psl.eu\/isige\/wp-content\/uploads\/sites\/21\/2025\/04\/Photo-Julie-Site-web2-1300x1136-1-768x671.jpeg 768w, https:\/\/www.minesparis.psl.eu\/isige\/wp-content\/uploads\/sites\/21\/2025\/04\/Photo-Julie-Site-web2-1300x1136-1.jpeg 1300w\" sizes=\"auto, (max-width: 300px) 100vw, 300px\" \/><\/p>\n<p style=\"text-align: center\"><em>Julie Cr\u00e9mieux, laur\u00e9ate du Prix \u00c9mergence 2024 de Mines Paris \u2013 PSL, incarne une vision audacieuse de l\u2019entrepreneuriat durable.<\/em><\/p>\n<p style=\"text-align: center\"><a class=\"button-mines btn-bleu flech lf-blanc\" href=\"https:\/\/www.minesparis.psl.eu\/blog\/actualites\/julie-cremieux-co-fondatrice-de-neofarm-et-laureat-du-prix-emergence-2024-mines-paris-psl-transformer-les-dechets-organiques-en-solutions-durables\/\">En savoir plus<\/a><\/p>\n\t\t<\/div>\n\t\t<div class=\"col-md-4\">\n\t\t\t<p><img loading=\"lazy\" decoding=\"async\" class=\"aligncenter wp-image-2308\" src=\"https:\/\/www.minesparis.psl.eu\/isige\/wp-content\/uploads\/sites\/21\/2025\/03\/IMG_5108-300x241.jpg\" alt=\"Titouan Palomino, alumni de l\u2019ISIGE, lance son entreprise engag\u00e9e : Quasimodo, pour lutter contre le gaspillage alimentaire.\" width=\"326\" height=\"262\" srcset=\"https:\/\/www.minesparis.psl.eu\/isige\/wp-content\/uploads\/sites\/21\/2025\/03\/IMG_5108-300x241.jpg 300w, https:\/\/www.minesparis.psl.eu\/isige\/wp-content\/uploads\/sites\/21\/2025\/03\/IMG_5108-1024x822.jpg 1024w, https:\/\/www.minesparis.psl.eu\/isige\/wp-content\/uploads\/sites\/21\/2025\/03\/IMG_5108-768x616.jpg 768w, https:\/\/www.minesparis.psl.eu\/isige\/wp-content\/uploads\/sites\/21\/2025\/03\/IMG_5108.jpg 1200w\" sizes=\"auto, (max-width: 326px) 100vw, 326px\" \/><\/p>\n<p style=\"text-align: center\"><em>Titouan Palomino, ancien \u00e9tudiant IGE lance son entreprise engag\u00e9e : Quasimodo, pour lutter contre le gaspillage alimentaire.<\/em><\/p>\n<p style=\"text-align: center\"><a class=\"button-mines btn-bleu flech lf-blanc\" href=\"https:\/\/www.minesparis.psl.eu\/isige\/actualites\/2307\/\">En savoir plus<\/a><\/p>\n\t\t<\/div>\n\t\t<div class=\"col-md-4\">\n\t\t\t<p><img loading=\"lazy\" decoding=\"async\" class=\"aligncenter wp-image-2696\" src=\"https:\/\/www.minesparis.psl.eu\/isige\/wp-content\/uploads\/sites\/21\/2025\/04\/v2-kristen-300x279.jpg\" alt=\"\" width=\"282\" height=\"262\" srcset=\"https:\/\/www.minesparis.psl.eu\/isige\/wp-content\/uploads\/sites\/21\/2025\/04\/v2-kristen-300x279.jpg 300w, https:\/\/www.minesparis.psl.eu\/isige\/wp-content\/uploads\/sites\/21\/2025\/04\/v2-kristen.jpg 430w\" sizes=\"auto, (max-width: 282px) 100vw, 282px\" \/><\/p>\n<p style=\"text-align: center\"><em><span aria-hidden=\"true\">Kristen King&rsquo;s career journey has been shaped by her passion for sustainability and environmental management.\n<\/span><\/em><\/p>\n<p style=\"text-align: center\"><a class=\"button-mines btn-bleu flech lf-blanc\" href=\"https:\/\/www.minesparis.psl.eu\/isige\/actualites\/success-story\/\">En savoir plus<\/a><\/p>\n\t\t<\/div>\n\t<\/div>\n<\/div>\n\n\n<div class=\"container bloc-30-30-30\">\n\t<div class=\"row mt-4\">\n\t\t<div class=\"col-md-4\">\n\t\t\t<p style=\"text-align: center\"><img loading=\"lazy\" decoding=\"async\" class=\"alignnone wp-image-3178 size-medium\" src=\"https:\/\/www.minesparis.psl.eu\/isige\/wp-content\/uploads\/sites\/21\/2025\/07\/Newsletter-Juin-2025-5-1-300x293.jpeg\" alt=\"\" width=\"300\" height=\"293\" srcset=\"https:\/\/www.minesparis.psl.eu\/isige\/wp-content\/uploads\/sites\/21\/2025\/07\/Newsletter-Juin-2025-5-1-300x293.jpeg 300w, https:\/\/www.minesparis.psl.eu\/isige\/wp-content\/uploads\/sites\/21\/2025\/07\/Newsletter-Juin-2025-5-1.jpeg 554w\" sizes=\"auto, (max-width: 300px) 100vw, 300px\" \/><\/p>\n<p style=\"text-align: center\"><em>Gilles Delteil, un parcours de dirigeant de plus de 30 ans engag\u00e9 dans la transformation environnementale des organisations, que ce soit dans l\u2019industrie ou le conseil.\n<\/em><\/p>\n<p style=\"text-align: center\"><a class=\"button-mines btn-bleu flech lf-blanc\" href=\"https:\/\/www.minesparis.psl.eu\/isige\/actualites\/trente-ans-apres-le-retour-dun-pionnier-de-la-transition\/\">En savoir plus<\/a><\/p>\n\t\t<\/div>\n\t\t<div class=\"col-md-4\">\n\t\t\t<p><img loading=\"lazy\" decoding=\"async\" class=\"aligncenter wp-image-3183 size-medium\" src=\"https:\/\/www.minesparis.psl.eu\/isige\/wp-content\/uploads\/sites\/21\/2025\/07\/IMG_2007-294x300.jpg\" alt=\"Lucie Marchandeau\" width=\"294\" height=\"300\" srcset=\"https:\/\/www.minesparis.psl.eu\/isige\/wp-content\/uploads\/sites\/21\/2025\/07\/IMG_2007-294x300.jpg 294w, https:\/\/www.minesparis.psl.eu\/isige\/wp-content\/uploads\/sites\/21\/2025\/07\/IMG_2007-1004x1024.jpg 1004w, https:\/\/www.minesparis.psl.eu\/isige\/wp-content\/uploads\/sites\/21\/2025\/07\/IMG_2007-768x783.jpg 768w, https:\/\/www.minesparis.psl.eu\/isige\/wp-content\/uploads\/sites\/21\/2025\/07\/IMG_2007-1506x1536.jpg 1506w, https:\/\/www.minesparis.psl.eu\/isige\/wp-content\/uploads\/sites\/21\/2025\/07\/IMG_2007-2008x2048.jpg 2008w, https:\/\/www.minesparis.psl.eu\/isige\/wp-content\/uploads\/sites\/21\/2025\/07\/IMG_2007-1300x1326.jpg 1300w\" sizes=\"auto, (max-width: 294px) 100vw, 294px\" \/><\/p>\n<p style=\"text-align: center\"><em>Lucie Marchandeau, ancienne \u00e9tudiante IGE lance son entreprise \u00e0 missions \u00e0 Vannes : Diatom\u00e9es, pour aider les acteurs locaux \u00e0 \u0153uvrer pour la transition \u00e9cologique .<\/em><\/p>\n<p style=\"text-align: center\"><a class=\"button-mines btn-bleu flech lf-blanc\" href=\"https:\/\/www.minesparis.psl.eu\/isige\/actualites\/entretien-avec-lucie-marchandeau-co-fondatrice-de-lagence-diatomees-et-alumni-du-ms-eedd-parcours-ige\/\">En savoir plus<\/a><\/p>\n\t\t<\/div>\n\t\t<div class=\"col-md-4\">\n\t\t\t<p><img loading=\"lazy\" decoding=\"async\" src=\"https:\/\/www.minesparis.psl.eu\/isige\/wp-content\/uploads\/sites\/21\/2025\/10\/GERMOUTY-Alexandre-2.jpg\" alt=\"\" width=\"300\" height=\"312\" class=\"aligncenter wp-image-3672\" \/><\/p>\n<p style=\"text-align: center\"><em>Committed to a just transition to a green economy, where environmental preservation meets social justice. Advocate for sustainable development at the international level that leaves no one behind.<\/em><\/p>\n<p style=\"text-align: center\"><a href=\"https:\/\/www.minesparis.psl.eu\/isige\/actualites\/success-story-2\/\" class=\"button-mines btn-bleu flech lf-blanc\">En savoir plus\u00a0<\/a><\/p>\n\t\t<\/div>\n\t<\/div>\n<\/div>\n\n\n<div class=\"container block-full-largeur\">\n\t<div class=\"row mt-4\">\n\t\t<div class=\"col-md-12\">\n\t\t\t<p style=\"text-align: center\"><span style=\"color: #015d9e\"><em data-start=\"1784\" data-end=\"2037\">\u00ab Gr\u00e2ce au Mast\u00e8re RSEDD, j\u2019ai pu rejoindre une grande entreprise de l\u2019agroalimentaire en tant que Responsable d\u00e9veloppement durable. La formation m\u2019a permis de prendre du recul strat\u00e9gique tout en d\u00e9veloppant des outils imm\u00e9diatement op\u00e9rationnels. \u00bb<\/em> \u2013 Claire, promotion 2022.<\/span><\/p>\n<hr \/>\n<h3 class=\"\" data-start=\"2065\" data-end=\"2114\">Rejoignez un r\u00e9seau de professionnels engag\u00e9s<\/h3>\n<p class=\"\" data-start=\"2116\" data-end=\"2365\">Choisir l\u2019ISIGE &#8211; MINES Paris &#8211; PSL, c\u2019est int\u00e9grer une communaut\u00e9 dynamique de <strong data-start=\"2196\" data-end=\"2246\">professionnels de l\u2019environnement et de la RSE<\/strong>. C\u2019est aussi b\u00e9n\u00e9ficier d\u2019un accompagnement vers l\u2019emploi et d\u2019une reconnaissance acad\u00e9mique et professionnelle forte.<\/p>\n<p class=\"\" data-start=\"2367\" data-end=\"2529\">Vous souhaitez en savoir plus sur le parcours de nos dipl\u00f4m\u00e9s ?<\/p>\n<p class=\"\" style=\"text-align: center\" data-start=\"2367\" data-end=\"2529\"><a class=\"button-mines btn-bleu flech lf-blanc\" href=\"https:\/\/www.minesparis.psl.eu\/isige\/lisige\/etudiants\/\"><strong data-start=\"2436\" data-end=\"2473\">Consultez les portraits de nos alumni<\/strong>\n<\/a><\/p>\n\t\t<\/div>\n\t<\/div>\n<\/div>","protected":false},"excerpt":{"rendered":"","protected":false},"author":20,"featured_media":0,"parent":172,"menu_order":0,"comment_status":"closed","ping_status":"closed","template":"","meta":{"footnotes":""},"class_list":["post-2670","page","type-page","status-publish","hentry"],"acf":[],"yoast_head":"<!-- This site is optimized with the Yoast SEO plugin v27.2 - https:\/\/yoast.com\/product\/yoast-seo-wordpress\/ -->\n<title>Success Stories de nos \u00e9tudiants - ISIGE Mines Paris - PSL<\/title>\n<meta name=\"description\" content=\"Les success stories des \u00e9tudiants de l&#039;ISIGE Mines-Paris-PSL.\" \/>\n<meta name=\"robots\" content=\"index, follow, max-snippet:-1, max-image-preview:large, max-video-preview:-1\" \/>\n<link rel=\"canonical\" href=\"https:\/\/www.minesparis.psl.eu\/isige\/lisige\/success-stories-de-nos-etudiants\/\" \/>\n<meta property=\"og:locale\" content=\"fr_FR\" \/>\n<meta property=\"og:type\" content=\"article\" \/>\n<meta property=\"og:title\" content=\"Success Stories de nos \u00e9tudiants - ISIGE Mines Paris - PSL\" \/>\n<meta property=\"og:description\" content=\"Les success stories des \u00e9tudiants de l&#039;ISIGE Mines-Paris-PSL.\" \/>\n<meta property=\"og:url\" content=\"https:\/\/www.minesparis.psl.eu\/isige\/lisige\/success-stories-de-nos-etudiants\/\" \/>\n<meta property=\"og:site_name\" content=\"ISIGE Mines Paris - PSL\" \/>\n<meta property=\"article:modified_time\" content=\"2025-10-14T13:16:33+00:00\" \/>\n<meta name=\"twitter:card\" content=\"summary_large_image\" \/>\n<script type=\"application\/ld+json\" class=\"yoast-schema-graph\">{\"@context\":\"https:\/\/schema.org\",\"@graph\":[{\"@type\":\"WebPage\",\"@id\":\"https:\/\/www.minesparis.psl.eu\/isige\/lisige\/success-stories-de-nos-etudiants\/\",\"url\":\"https:\/\/www.minesparis.psl.eu\/isige\/lisige\/success-stories-de-nos-etudiants\/\",\"name\":\"Success Stories de nos \u00e9tudiants - ISIGE Mines Paris - PSL\",\"isPartOf\":{\"@id\":\"https:\/\/www.minesparis.psl.eu\/isige\/#website\"},\"datePublished\":\"2025-04-23T09:47:05+00:00\",\"dateModified\":\"2025-10-14T13:16:33+00:00\",\"description\":\"Les success stories des \u00e9tudiants de l'ISIGE Mines-Paris-PSL.\",\"breadcrumb\":{\"@id\":\"https:\/\/www.minesparis.psl.eu\/isige\/lisige\/success-stories-de-nos-etudiants\/#breadcrumb\"},\"inLanguage\":\"fr-FR\",\"potentialAction\":[{\"@type\":\"ReadAction\",\"target\":[\"https:\/\/www.minesparis.psl.eu\/isige\/lisige\/success-stories-de-nos-etudiants\/\"]}]},{\"@type\":\"BreadcrumbList\",\"@id\":\"https:\/\/www.minesparis.psl.eu\/isige\/lisige\/success-stories-de-nos-etudiants\/#breadcrumb\",\"itemListElement\":[{\"@type\":\"ListItem\",\"position\":1,\"name\":\"Accueil\",\"item\":\"https:\/\/www.minesparis.psl.eu\/isige\/\"},{\"@type\":\"ListItem\",\"position\":2,\"name\":\"L\u2019ISIGE\",\"item\":\"https:\/\/www.minesparis.psl.eu\/isige\/lisige\/\"},{\"@type\":\"ListItem\",\"position\":3,\"name\":\"Success Stories de nos \u00e9tudiants\"}]},{\"@type\":\"WebSite\",\"@id\":\"https:\/\/www.minesparis.psl.eu\/isige\/#website\",\"url\":\"https:\/\/www.minesparis.psl.eu\/isige\/\",\"name\":\"ISIGE Mines Paris - PSL\",\"description\":\"\",\"publisher\":{\"@id\":\"https:\/\/www.minesparis.psl.eu\/isige\/#organization\"},\"potentialAction\":[{\"@type\":\"SearchAction\",\"target\":{\"@type\":\"EntryPoint\",\"urlTemplate\":\"https:\/\/www.minesparis.psl.eu\/isige\/?s={search_term_string}\"},\"query-input\":{\"@type\":\"PropertyValueSpecification\",\"valueRequired\":true,\"valueName\":\"search_term_string\"}}],\"inLanguage\":\"fr-FR\"},{\"@type\":\"Organization\",\"@id\":\"https:\/\/www.minesparis.psl.eu\/isige\/#organization\",\"name\":\"ISIGE Mines Paris - PSL\",\"url\":\"https:\/\/www.minesparis.psl.eu\/isige\/\",\"logo\":{\"@type\":\"ImageObject\",\"inLanguage\":\"fr-FR\",\"@id\":\"https:\/\/www.minesparis.psl.eu\/isige\/#\/schema\/logo\/image\/\",\"url\":\"https:\/\/www.minesparis.psl.eu\/isige\/wp-content\/uploads\/sites\/21\/2025\/02\/cropped-MinesParis-PSL-ISIGEOCoRVB-1.png\",\"contentUrl\":\"https:\/\/www.minesparis.psl.eu\/isige\/wp-content\/uploads\/sites\/21\/2025\/02\/cropped-MinesParis-PSL-ISIGEOCoRVB-1.png\",\"width\":1584,\"height\":360,\"caption\":\"ISIGE Mines Paris - PSL\"},\"image\":{\"@id\":\"https:\/\/www.minesparis.psl.eu\/isige\/#\/schema\/logo\/image\/\"}}]}<\/script>\n<!-- \/ Yoast SEO plugin. -->","yoast_head_json":{"title":"Success Stories de nos \u00e9tudiants - ISIGE Mines Paris - PSL","description":"Les success stories des \u00e9tudiants de l'ISIGE Mines-Paris-PSL.","robots":{"index":"index","follow":"follow","max-snippet":"max-snippet:-1","max-image-preview":"max-image-preview:large","max-video-preview":"max-video-preview:-1"},"canonical":"https:\/\/www.minesparis.psl.eu\/isige\/lisige\/success-stories-de-nos-etudiants\/","og_locale":"fr_FR","og_type":"article","og_title":"Success Stories de nos \u00e9tudiants - ISIGE Mines Paris - PSL","og_description":"Les success stories des \u00e9tudiants de l'ISIGE Mines-Paris-PSL.","og_url":"https:\/\/www.minesparis.psl.eu\/isige\/lisige\/success-stories-de-nos-etudiants\/","og_site_name":"ISIGE Mines Paris - PSL","article_modified_time":"2025-10-14T13:16:33+00:00","twitter_card":"summary_large_image","schema":{"@context":"https:\/\/schema.org","@graph":[{"@type":"WebPage","@id":"https:\/\/www.minesparis.psl.eu\/isige\/lisige\/success-stories-de-nos-etudiants\/","url":"https:\/\/www.minesparis.psl.eu\/isige\/lisige\/success-stories-de-nos-etudiants\/","name":"Success Stories de nos \u00e9tudiants - ISIGE Mines Paris - PSL","isPartOf":{"@id":"https:\/\/www.minesparis.psl.eu\/isige\/#website"},"datePublished":"2025-04-23T09:47:05+00:00","dateModified":"2025-10-14T13:16:33+00:00","description":"Les success stories des \u00e9tudiants de l'ISIGE Mines-Paris-PSL.","breadcrumb":{"@id":"https:\/\/www.minesparis.psl.eu\/isige\/lisige\/success-stories-de-nos-etudiants\/#breadcrumb"},"inLanguage":"fr-FR","potentialAction":[{"@type":"ReadAction","target":["https:\/\/www.minesparis.psl.eu\/isige\/lisige\/success-stories-de-nos-etudiants\/"]}]},{"@type":"BreadcrumbList","@id":"https:\/\/www.minesparis.psl.eu\/isige\/lisige\/success-stories-de-nos-etudiants\/#breadcrumb","itemListElement":[{"@type":"ListItem","position":1,"name":"Accueil","item":"https:\/\/www.minesparis.psl.eu\/isige\/"},{"@type":"ListItem","position":2,"name":"L\u2019ISIGE","item":"https:\/\/www.minesparis.psl.eu\/isige\/lisige\/"},{"@type":"ListItem","position":3,"name":"Success Stories de nos \u00e9tudiants"}]},{"@type":"WebSite","@id":"https:\/\/www.minesparis.psl.eu\/isige\/#website","url":"https:\/\/www.minesparis.psl.eu\/isige\/","name":"ISIGE Mines Paris - PSL","description":"","publisher":{"@id":"https:\/\/www.minesparis.psl.eu\/isige\/#organization"},"potentialAction":[{"@type":"SearchAction","target":{"@type":"EntryPoint","urlTemplate":"https:\/\/www.minesparis.psl.eu\/isige\/?s={search_term_string}"},"query-input":{"@type":"PropertyValueSpecification","valueRequired":true,"valueName":"search_term_string"}}],"inLanguage":"fr-FR"},{"@type":"Organization","@id":"https:\/\/www.minesparis.psl.eu\/isige\/#organization","name":"ISIGE Mines Paris - PSL","url":"https:\/\/www.minesparis.psl.eu\/isige\/","logo":{"@type":"ImageObject","inLanguage":"fr-FR","@id":"https:\/\/www.minesparis.psl.eu\/isige\/#\/schema\/logo\/image\/","url":"https:\/\/www.minesparis.psl.eu\/isige\/wp-content\/uploads\/sites\/21\/2025\/02\/cropped-MinesParis-PSL-ISIGEOCoRVB-1.png","contentUrl":"https:\/\/www.minesparis.psl.eu\/isige\/wp-content\/uploads\/sites\/21\/2025\/02\/cropped-MinesParis-PSL-ISIGEOCoRVB-1.png","width":1584,"height":360,"caption":"ISIGE Mines Paris - PSL"},"image":{"@id":"https:\/\/www.minesparis.psl.eu\/isige\/#\/schema\/logo\/image\/"}}]}},"_links":{"self":[{"href":"https:\/\/www.minesparis.psl.eu\/isige\/wp-json\/wp\/v2\/pages\/2670","targetHints":{"allow":["GET"]}}],"collection":[{"href":"https:\/\/www.minesparis.psl.eu\/isige\/wp-json\/wp\/v2\/pages"}],"about":[{"href":"https:\/\/www.minesparis.psl.eu\/isige\/wp-json\/wp\/v2\/types\/page"}],"author":[{"embeddable":true,"href":"https:\/\/www.minesparis.psl.eu\/isige\/wp-json\/wp\/v2\/users\/20"}],"replies":[{"embeddable":true,"href":"https:\/\/www.minesparis.psl.eu\/isige\/wp-json\/wp\/v2\/comments?post=2670"}],"version-history":[{"count":58,"href":"https:\/\/www.minesparis.psl.eu\/isige\/wp-json\/wp\/v2\/pages\/2670\/revisions"}],"predecessor-version":[{"id":3678,"href":"https:\/\/www.minesparis.psl.eu\/isige\/wp-json\/wp\/v2\/pages\/2670\/revisions\/3678"}],"up":[{"embeddable":true,"href":"https:\/\/www.minesparis.psl.eu\/isige\/wp-json\/wp\/v2\/pages\/172"}],"wp:attachment":[{"href":"https:\/\/www.minesparis.psl.eu\/isige\/wp-json\/wp\/v2\/media?parent=2670"}],"curies":[{"name":"wp","href":"https:\/\/api.w.org\/{rel}","templated":true}]}}