{"id":190,"date":"2025-01-22T12:25:11","date_gmt":"2025-01-22T11:25:11","guid":{"rendered":"https:\/\/www.minesparis.psl.eu\/isige\/?page_id=190"},"modified":"2026-03-27T14:51:32","modified_gmt":"2026-03-27T13:51:32","slug":"equipe","status":"publish","type":"page","link":"https:\/\/www.minesparis.psl.eu\/isige\/lisige\/equipe\/","title":{"rendered":"L\u2019\u00e9quipe"},"content":{"rendered":"\n<div class=\"container block-full-largeur\">\n\t<div class=\"row mt-4\">\n\t\t<div class=\"col-md-12\">\n\t\t\t<h2>Enseignement et recherche<\/h2>\n\t\t<\/div>\n\t<\/div>\n<\/div>\n\n\n<div class=\"container bloc-30-30-30\">\n\t<div class=\"row mt-4\">\n\t\t<div class=\"col-md-4\">\n\t\t\t<p><img loading=\"lazy\" decoding=\"async\" class=\"alignnone size-medium wp-image-191 aligncenter\" src=\"https:\/\/www.minesparis.psl.eu\/isige\/wp-content\/uploads\/sites\/21\/2025\/01\/Jasha-Oosterbaan-300x300.png\" alt=\"\" width=\"300\" height=\"300\" srcset=\"https:\/\/www.minesparis.psl.eu\/isige\/wp-content\/uploads\/sites\/21\/2025\/01\/Jasha-Oosterbaan-300x300.png 300w, https:\/\/www.minesparis.psl.eu\/isige\/wp-content\/uploads\/sites\/21\/2025\/01\/Jasha-Oosterbaan-150x150.png 150w, https:\/\/www.minesparis.psl.eu\/isige\/wp-content\/uploads\/sites\/21\/2025\/01\/Jasha-Oosterbaan.png 724w\" sizes=\"auto, (max-width: 300px) 100vw, 300px\" \/><\/p>\n<h3 style=\"text-align: center\">Jasha Oosterbaan<\/h3>\n<p style=\"text-align: center\">Directrice &amp; Responsable du Mast\u00e8re Sp\u00e9cialis\u00e9 Executive RSE-DD<\/p>\n\t\t<\/div>\n\t\t<div class=\"col-md-4\">\n\t\t\t<p><img loading=\"lazy\" decoding=\"async\" class=\"alignnone size-medium wp-image-192 aligncenter\" src=\"https:\/\/www.minesparis.psl.eu\/isige\/wp-content\/uploads\/sites\/21\/2025\/01\/cathy-Descamps-Large-300x300.png\" alt=\"\" width=\"300\" height=\"300\" srcset=\"https:\/\/www.minesparis.psl.eu\/isige\/wp-content\/uploads\/sites\/21\/2025\/01\/cathy-Descamps-Large-300x300.png 300w, https:\/\/www.minesparis.psl.eu\/isige\/wp-content\/uploads\/sites\/21\/2025\/01\/cathy-Descamps-Large-150x150.png 150w, https:\/\/www.minesparis.psl.eu\/isige\/wp-content\/uploads\/sites\/21\/2025\/01\/cathy-Descamps-Large.png 724w\" sizes=\"auto, (max-width: 300px) 100vw, 300px\" \/><\/p>\n<h3 style=\"text-align: center\">Cathy Descamps-Large<\/h3>\n<p style=\"text-align: center\">Maitre Assistante &#8211; Responsable du Mast\u00e8re International ENVIM<\/p>\n\t\t<\/div>\n\t\t<div class=\"col-md-4\">\n\t\t\t<p style=\"text-align: center\"><img loading=\"lazy\" decoding=\"async\" class=\"alignnone size-medium wp-image-197 aligncenter\" src=\"https:\/\/www.minesparis.psl.eu\/isige\/wp-content\/uploads\/sites\/21\/2025\/01\/Cecile-Schwartz-300x300.png\" alt=\"\" width=\"300\" height=\"300\" srcset=\"https:\/\/www.minesparis.psl.eu\/isige\/wp-content\/uploads\/sites\/21\/2025\/01\/Cecile-Schwartz-300x300.png 300w, https:\/\/www.minesparis.psl.eu\/isige\/wp-content\/uploads\/sites\/21\/2025\/01\/Cecile-Schwartz-150x150.png 150w, https:\/\/www.minesparis.psl.eu\/isige\/wp-content\/uploads\/sites\/21\/2025\/01\/Cecile-Schwartz.png 724w\" sizes=\"auto, (max-width: 300px) 100vw, 300px\" \/><\/p>\n<h3 style=\"text-align: center\">C\u00e9cile Schwartz<\/h3>\n<p style=\"text-align: center\">Responsable P\u00e9dagogique du MS EEDD parcours IGE<\/p>\n\t\t<\/div>\n\t<\/div>\n<\/div>\n\n\n<div class=\"container bloc-30-30-30\">\n\t<div class=\"row mt-4\">\n\t\t<div class=\"col-md-4\">\n\t\t\t<p><img loading=\"lazy\" decoding=\"async\" class=\"alignnone size-medium wp-image-193 aligncenter\" src=\"https:\/\/www.minesparis.psl.eu\/isige\/wp-content\/uploads\/sites\/21\/2025\/01\/Emmanuel-Garbolino-300x300.png\" alt=\"\" width=\"300\" height=\"300\" srcset=\"https:\/\/www.minesparis.psl.eu\/isige\/wp-content\/uploads\/sites\/21\/2025\/01\/Emmanuel-Garbolino-300x300.png 300w, https:\/\/www.minesparis.psl.eu\/isige\/wp-content\/uploads\/sites\/21\/2025\/01\/Emmanuel-Garbolino-150x150.png 150w, https:\/\/www.minesparis.psl.eu\/isige\/wp-content\/uploads\/sites\/21\/2025\/01\/Emmanuel-Garbolino.png 724w\" sizes=\"auto, (max-width: 300px) 100vw, 300px\" \/><\/p>\n<h3 style=\"text-align: center\">Emmanuel Garbolino<\/h3>\n<p style=\"text-align: center\">S\u00e9nior Researcher en biodiversit\u00e9 et changement climatique<\/p>\n<p style=\"text-align: center\"><a class=\"button-mines btn-bleu flech lf-blanc\" href=\"https:\/\/www.linkedin.com\/in\/emmanuel-garbolino-34805971\/\" target=\"_blank\" rel=\"noopener\">En savoir plus<\/a><\/p>\n\t\t<\/div>\n\t\t<div class=\"col-md-4\">\n\t\t\t<p><img loading=\"lazy\" decoding=\"async\" class=\"wp-image-3954 size-medium aligncenter\" src=\"https:\/\/www.minesparis.psl.eu\/isige\/wp-content\/uploads\/sites\/21\/2026\/02\/IMG_8599-modified-300x300.png\" alt=\"Astrid Beaussier\" width=\"300\" height=\"300\" srcset=\"https:\/\/www.minesparis.psl.eu\/isige\/wp-content\/uploads\/sites\/21\/2026\/02\/IMG_8599-modified-300x300.png 300w, https:\/\/www.minesparis.psl.eu\/isige\/wp-content\/uploads\/sites\/21\/2026\/02\/IMG_8599-modified-1024x1024.png 1024w, https:\/\/www.minesparis.psl.eu\/isige\/wp-content\/uploads\/sites\/21\/2026\/02\/IMG_8599-modified-150x150.png 150w, https:\/\/www.minesparis.psl.eu\/isige\/wp-content\/uploads\/sites\/21\/2026\/02\/IMG_8599-modified-768x768.png 768w, https:\/\/www.minesparis.psl.eu\/isige\/wp-content\/uploads\/sites\/21\/2026\/02\/IMG_8599-modified-1536x1536.png 1536w, https:\/\/www.minesparis.psl.eu\/isige\/wp-content\/uploads\/sites\/21\/2026\/02\/IMG_8599-modified-2048x2048.png 2048w, https:\/\/www.minesparis.psl.eu\/isige\/wp-content\/uploads\/sites\/21\/2026\/02\/IMG_8599-modified-1300x1300.png 1300w\" sizes=\"auto, (max-width: 300px) 100vw, 300px\" \/><\/p>\n<h3 style=\"text-align: center\">Astrid Beaussier<\/h3>\n<p style=\"text-align: center\">Enseignante-chercheure<\/p>\n\t\t<\/div>\n\t\t<div class=\"col-md-4\">\n\t\t\t\t\t<\/div>\n\t<\/div>\n<\/div>\n\n\n<div class=\"container block-full-largeur\">\n\t<div class=\"row mt-4\">\n\t\t<div class=\"col-md-12\">\n\t\t\t<h2>L&rsquo;\u00e9quipe administrative<\/h2>\n\t\t<\/div>\n\t<\/div>\n<\/div>\n\n\n<div class=\"container bloc-30-30-30\">\n\t<div class=\"row mt-4\">\n\t\t<div class=\"col-md-4\">\n\t\t\t<p><img loading=\"lazy\" decoding=\"async\" class=\"alignnone size-medium wp-image-205 aligncenter\" src=\"https:\/\/www.minesparis.psl.eu\/isige\/wp-content\/uploads\/sites\/21\/2025\/01\/Stephanie-Barthelemy-300x300.png\" alt=\"\" width=\"300\" height=\"300\" srcset=\"https:\/\/www.minesparis.psl.eu\/isige\/wp-content\/uploads\/sites\/21\/2025\/01\/Stephanie-Barthelemy-300x300.png 300w, https:\/\/www.minesparis.psl.eu\/isige\/wp-content\/uploads\/sites\/21\/2025\/01\/Stephanie-Barthelemy-150x150.png 150w, https:\/\/www.minesparis.psl.eu\/isige\/wp-content\/uploads\/sites\/21\/2025\/01\/Stephanie-Barthelemy-768x768.png 768w, https:\/\/www.minesparis.psl.eu\/isige\/wp-content\/uploads\/sites\/21\/2025\/01\/Stephanie-Barthelemy.png 1024w\" sizes=\"auto, (max-width: 300px) 100vw, 300px\" \/><\/p>\n<h3 style=\"text-align: center\">St\u00e9phanie Barthelemy<\/h3>\n<p style=\"text-align: center\">Assistante de Direction du MS RSEDD<\/p>\n\t\t<\/div>\n\t\t<div class=\"col-md-4\">\n\t\t\t<p><img loading=\"lazy\" decoding=\"async\" class=\"wp-image-1675 size-medium aligncenter\" src=\"https:\/\/www.minesparis.psl.eu\/isige\/wp-content\/uploads\/sites\/21\/2025\/03\/Brigitte-Ferrand-modified-300x300.png\" alt=\"Brigitte Ferrand\" width=\"300\" height=\"300\" srcset=\"https:\/\/www.minesparis.psl.eu\/isige\/wp-content\/uploads\/sites\/21\/2025\/03\/Brigitte-Ferrand-modified-300x300.png 300w, https:\/\/www.minesparis.psl.eu\/isige\/wp-content\/uploads\/sites\/21\/2025\/03\/Brigitte-Ferrand-modified-150x150.png 150w, https:\/\/www.minesparis.psl.eu\/isige\/wp-content\/uploads\/sites\/21\/2025\/03\/Brigitte-Ferrand-modified-768x768.png 768w, https:\/\/www.minesparis.psl.eu\/isige\/wp-content\/uploads\/sites\/21\/2025\/03\/Brigitte-Ferrand-modified.png 921w\" sizes=\"auto, (max-width: 300px) 100vw, 300px\" \/><\/p>\n<h3 style=\"text-align: center\">Brigitte Ferrand<\/h3>\n<p style=\"text-align: center\">Assistante de Direction du MS EEDD parcours IGE<\/p>\n\t\t<\/div>\n\t\t<div class=\"col-md-4\">\n\t\t\t<p><img loading=\"lazy\" decoding=\"async\" class=\"alignnone size-medium wp-image-206 aligncenter\" src=\"https:\/\/www.minesparis.psl.eu\/isige\/wp-content\/uploads\/sites\/21\/2025\/01\/Nathalie-Roquet-300x300.png\" alt=\"\" width=\"300\" height=\"300\" srcset=\"https:\/\/www.minesparis.psl.eu\/isige\/wp-content\/uploads\/sites\/21\/2025\/01\/Nathalie-Roquet-300x300.png 300w, https:\/\/www.minesparis.psl.eu\/isige\/wp-content\/uploads\/sites\/21\/2025\/01\/Nathalie-Roquet-150x150.png 150w, https:\/\/www.minesparis.psl.eu\/isige\/wp-content\/uploads\/sites\/21\/2025\/01\/Nathalie-Roquet.png 724w\" sizes=\"auto, (max-width: 300px) 100vw, 300px\" \/><\/p>\n<h3 style=\"text-align: center\">Nathalie Roquet<\/h3>\n<p style=\"text-align: center\">Assistante de Direction de l&rsquo;ISIGE et du MS ENVIM<\/p>\n\t\t<\/div>\n\t<\/div>\n<\/div>\n\n\n<div class=\"container bloc-30-30-30\">\n\t<div class=\"row mt-4\">\n\t\t<div class=\"col-md-4\">\n\t\t\t<p><img loading=\"lazy\" decoding=\"async\" class=\"alignnone size-medium wp-image-212 aligncenter\" src=\"https:\/\/www.minesparis.psl.eu\/isige\/wp-content\/uploads\/sites\/21\/2025\/01\/Sabrina-Ramessur-300x300.png\" alt=\"\" width=\"300\" height=\"300\" srcset=\"https:\/\/www.minesparis.psl.eu\/isige\/wp-content\/uploads\/sites\/21\/2025\/01\/Sabrina-Ramessur-300x300.png 300w, https:\/\/www.minesparis.psl.eu\/isige\/wp-content\/uploads\/sites\/21\/2025\/01\/Sabrina-Ramessur-150x150.png 150w, https:\/\/www.minesparis.psl.eu\/isige\/wp-content\/uploads\/sites\/21\/2025\/01\/Sabrina-Ramessur.png 724w\" sizes=\"auto, (max-width: 300px) 100vw, 300px\" \/><\/p>\n<h3 style=\"text-align: center\">Sabrina Ramessur<\/h3>\n<p style=\"text-align: center\">Responsable Communication<\/p>\n\t\t<\/div>\n\t\t<div class=\"col-md-4\">\n\t\t\t\t\t<\/div>\n\t\t<div class=\"col-md-4\">\n\t\t\t\t\t<\/div>\n\t<\/div>\n<\/div>\n\n\n<div class=\"container block-full-largeur\">\n\t<div class=\"row mt-4\">\n\t\t<div class=\"col-md-12\">\n\t\t\t<h2>Chercheurs post-doctorants et doctorant<\/h2>\n\t\t<\/div>\n\t<\/div>\n<\/div>\n\n\n<div class=\"container bloc-30-30-30\">\n\t<div class=\"row mt-4\">\n\t\t<div class=\"col-md-4\">\n\t\t\t<p><img loading=\"lazy\" decoding=\"async\" class=\"alignnone size-medium wp-image-218 aligncenter\" src=\"https:\/\/www.minesparis.psl.eu\/isige\/wp-content\/uploads\/sites\/21\/2025\/01\/Astrid-PONSOT-LE-CHIPPEY-300x300.png\" alt=\"\" width=\"300\" height=\"300\" srcset=\"https:\/\/www.minesparis.psl.eu\/isige\/wp-content\/uploads\/sites\/21\/2025\/01\/Astrid-PONSOT-LE-CHIPPEY-300x300.png 300w, https:\/\/www.minesparis.psl.eu\/isige\/wp-content\/uploads\/sites\/21\/2025\/01\/Astrid-PONSOT-LE-CHIPPEY-150x150.png 150w, https:\/\/www.minesparis.psl.eu\/isige\/wp-content\/uploads\/sites\/21\/2025\/01\/Astrid-PONSOT-LE-CHIPPEY.png 351w\" sizes=\"auto, (max-width: 300px) 100vw, 300px\" \/><\/p>\n<h3 style=\"text-align: center\">Astrid Ponsot &#8211; Le Chippey<\/h3>\n<p style=\"text-align: center\">Doctorante<\/p>\n<p style=\"text-align: center\"><a class=\"button-mines btn-bleu flech lf-blanc\" href=\"https:\/\/www.minesparis.psl.eu\/isige\/actualites\/interview-dastrid-ponsot-le-chippey\/\" target=\"_blank\" rel=\"noopener\">En savoir plus<\/a><\/p>\n\t\t<\/div>\n\t\t<div class=\"col-md-4\">\n\t\t\t<p><img loading=\"lazy\" decoding=\"async\" class=\"alignnone size-medium wp-image-217 aligncenter\" src=\"https:\/\/www.minesparis.psl.eu\/isige\/wp-content\/uploads\/sites\/21\/2025\/01\/Hanna-SOTO-VARGAS-300x300.png\" alt=\"\" width=\"300\" height=\"300\" srcset=\"https:\/\/www.minesparis.psl.eu\/isige\/wp-content\/uploads\/sites\/21\/2025\/01\/Hanna-SOTO-VARGAS-300x300.png 300w, https:\/\/www.minesparis.psl.eu\/isige\/wp-content\/uploads\/sites\/21\/2025\/01\/Hanna-SOTO-VARGAS-150x150.png 150w, https:\/\/www.minesparis.psl.eu\/isige\/wp-content\/uploads\/sites\/21\/2025\/01\/Hanna-SOTO-VARGAS-768x768.png 768w, https:\/\/www.minesparis.psl.eu\/isige\/wp-content\/uploads\/sites\/21\/2025\/01\/Hanna-SOTO-VARGAS.png 867w\" sizes=\"auto, (max-width: 300px) 100vw, 300px\" \/><\/p>\n<h3 style=\"text-align: center\">Hanna Soto Vargas<\/h3>\n<p style=\"text-align: center\">Doctorante<\/p>\n<p style=\"text-align: center\"><a class=\"button-mines btn-bleu flech lf-blanc\" href=\"https:\/\/www.minesparis.psl.eu\/isige\/actualites\/interview-dhanna-soto-vargas\/\" target=\"_blank\" rel=\"noopener\">En savoir plus<\/a><\/p>\n\t\t<\/div>\n\t\t<div class=\"col-md-4\">\n\t\t\t\t\t<\/div>\n\t<\/div>\n<\/div>\n\n\n<div class=\"container block-full-largeur\">\n\t<div class=\"row mt-4\">\n\t\t<div class=\"col-md-12\">\n\t\t\t<h2>Ils ont fait partie de l\u2019\u00e9quipe<\/h2>\n\t\t<\/div>\n\t<\/div>\n<\/div>\n\n\n<div class=\"container bloc-30-30-30\">\n\t<div class=\"row mt-4\">\n\t\t<div class=\"col-md-4\">\n\t\t\t<p><img loading=\"lazy\" decoding=\"async\" class=\"size-medium wp-image-1178 aligncenter\" src=\"https:\/\/www.minesparis.psl.eu\/isige\/wp-content\/uploads\/sites\/21\/2025\/03\/Capture-decran-2025-03-10-152255-300x292.png\" alt=\"\" width=\"300\" height=\"292\" srcset=\"https:\/\/www.minesparis.psl.eu\/isige\/wp-content\/uploads\/sites\/21\/2025\/03\/Capture-decran-2025-03-10-152255-300x292.png 300w, https:\/\/www.minesparis.psl.eu\/isige\/wp-content\/uploads\/sites\/21\/2025\/03\/Capture-decran-2025-03-10-152255-768x748.png 768w, https:\/\/www.minesparis.psl.eu\/isige\/wp-content\/uploads\/sites\/21\/2025\/03\/Capture-decran-2025-03-10-152255.png 992w\" sizes=\"auto, (max-width: 300px) 100vw, 300px\" \/><\/p>\n<h3 style=\"text-align: center\">Daniel Florentin<\/h3>\n<p style=\"text-align: center\"><a class=\"button-mines btn-bleu flech lf-blanc\" href=\"https:\/\/cv.hal.science\/daniel-florentin\" target=\"_blank\" rel=\"noopener\">En savoir plus<\/a><\/p>\n\t\t<\/div>\n\t\t<div class=\"col-md-4\">\n\t\t\t<p><img loading=\"lazy\" decoding=\"async\" class=\"size-medium wp-image-1181 aligncenter\" src=\"https:\/\/www.minesparis.psl.eu\/isige\/wp-content\/uploads\/sites\/21\/2025\/03\/Capture-decran-2025-03-10-152517-300x300.png\" alt=\"\" width=\"300\" height=\"300\" srcset=\"https:\/\/www.minesparis.psl.eu\/isige\/wp-content\/uploads\/sites\/21\/2025\/03\/Capture-decran-2025-03-10-152517-300x300.png 300w, https:\/\/www.minesparis.psl.eu\/isige\/wp-content\/uploads\/sites\/21\/2025\/03\/Capture-decran-2025-03-10-152517-150x150.png 150w, https:\/\/www.minesparis.psl.eu\/isige\/wp-content\/uploads\/sites\/21\/2025\/03\/Capture-decran-2025-03-10-152517-768x769.png 768w, https:\/\/www.minesparis.psl.eu\/isige\/wp-content\/uploads\/sites\/21\/2025\/03\/Capture-decran-2025-03-10-152517.png 965w\" sizes=\"auto, (max-width: 300px) 100vw, 300px\" \/><\/p>\n<h3 style=\"text-align: center\">Agn\u00e8s Bastin<\/h3>\n<p style=\"text-align: center\"><a class=\"button-mines btn-bleu flech lf-blanc\" href=\"https:\/\/cv.hal.science\/agnes-bastin\" target=\"_blank\" rel=\"noopener\">En savoir plus<\/a><\/p>\n\t\t<\/div>\n\t\t<div class=\"col-md-4\">\n\t\t\t<p><img loading=\"lazy\" decoding=\"async\" class=\"alignnone size-medium wp-image-216 aligncenter\" src=\"https:\/\/www.minesparis.psl.eu\/isige\/wp-content\/uploads\/sites\/21\/2025\/01\/Julie-Perrin-300x300.png\" alt=\"\" width=\"300\" height=\"300\" srcset=\"https:\/\/www.minesparis.psl.eu\/isige\/wp-content\/uploads\/sites\/21\/2025\/01\/Julie-Perrin-300x300.png 300w, https:\/\/www.minesparis.psl.eu\/isige\/wp-content\/uploads\/sites\/21\/2025\/01\/Julie-Perrin-150x150.png 150w, https:\/\/www.minesparis.psl.eu\/isige\/wp-content\/uploads\/sites\/21\/2025\/01\/Julie-Perrin.png 724w\" sizes=\"auto, (max-width: 300px) 100vw, 300px\" \/><\/p>\n<h3 style=\"text-align: center\">Julie Perrin<\/h3>\n<p style=\"text-align: center\"><a class=\"button-mines btn-bleu flech lf-blanc\" href=\"https:\/\/cv.hal.science\/japerrin\" target=\"_blank\" rel=\"noopener\">En savoir plus<\/a><\/p>\n\t\t<\/div>\n\t<\/div>\n<\/div>","protected":false},"excerpt":{"rendered":"","protected":false},"author":1,"featured_media":2255,"parent":172,"menu_order":0,"comment_status":"closed","ping_status":"closed","template":"","meta":{"footnotes":""},"class_list":["post-190","page","type-page","status-publish","has-post-thumbnail","hentry"],"acf":[],"yoast_head":"<!-- This site is optimized with the Yoast SEO plugin v27.2 - https:\/\/yoast.com\/product\/yoast-seo-wordpress\/ -->\n<title>L&#039;\u00e9quipe - ISIGE Mines Paris - PSL<\/title>\n<meta name=\"robots\" content=\"index, follow, max-snippet:-1, max-image-preview:large, max-video-preview:-1\" \/>\n<link rel=\"canonical\" href=\"https:\/\/www.minesparis.psl.eu\/isige\/lisige\/equipe\/\" \/>\n<meta property=\"og:locale\" content=\"fr_FR\" \/>\n<meta property=\"og:type\" content=\"article\" \/>\n<meta property=\"og:title\" content=\"L&#039;\u00e9quipe - ISIGE Mines Paris - PSL\" \/>\n<meta property=\"og:url\" content=\"https:\/\/www.minesparis.psl.eu\/isige\/lisige\/equipe\/\" \/>\n<meta property=\"og:site_name\" content=\"ISIGE Mines Paris - PSL\" \/>\n<meta property=\"article:modified_time\" content=\"2026-03-27T13:51:32+00:00\" \/>\n<meta property=\"og:image\" content=\"https:\/\/www.minesparis.psl.eu\/isige\/wp-content\/uploads\/sites\/21\/2025\/03\/IMG_5644-bis.jpg\" \/>\n\t<meta property=\"og:image:width\" content=\"1200\" \/>\n\t<meta property=\"og:image:height\" content=\"938\" \/>\n\t<meta property=\"og:image:type\" content=\"image\/jpeg\" \/>\n<meta name=\"twitter:card\" content=\"summary_large_image\" \/>\n<meta name=\"twitter:label1\" content=\"Dur\u00e9e de lecture estim\u00e9e\" \/>\n\t<meta name=\"twitter:data1\" content=\"1 minute\" \/>\n<script type=\"application\/ld+json\" class=\"yoast-schema-graph\">{\"@context\":\"https:\/\/schema.org\",\"@graph\":[{\"@type\":\"WebPage\",\"@id\":\"https:\/\/www.minesparis.psl.eu\/isige\/lisige\/equipe\/\",\"url\":\"https:\/\/www.minesparis.psl.eu\/isige\/lisige\/equipe\/\",\"name\":\"L'\u00e9quipe - ISIGE Mines Paris - PSL\",\"isPartOf\":{\"@id\":\"https:\/\/www.minesparis.psl.eu\/isige\/#website\"},\"primaryImageOfPage\":{\"@id\":\"https:\/\/www.minesparis.psl.eu\/isige\/lisige\/equipe\/#primaryimage\"},\"image\":{\"@id\":\"https:\/\/www.minesparis.psl.eu\/isige\/lisige\/equipe\/#primaryimage\"},\"thumbnailUrl\":\"https:\/\/www.minesparis.psl.eu\/isige\/wp-content\/uploads\/sites\/21\/2025\/03\/IMG_5644-bis.jpg\",\"datePublished\":\"2025-01-22T11:25:11+00:00\",\"dateModified\":\"2026-03-27T13:51:32+00:00\",\"breadcrumb\":{\"@id\":\"https:\/\/www.minesparis.psl.eu\/isige\/lisige\/equipe\/#breadcrumb\"},\"inLanguage\":\"fr-FR\",\"potentialAction\":[{\"@type\":\"ReadAction\",\"target\":[\"https:\/\/www.minesparis.psl.eu\/isige\/lisige\/equipe\/\"]}]},{\"@type\":\"ImageObject\",\"inLanguage\":\"fr-FR\",\"@id\":\"https:\/\/www.minesparis.psl.eu\/isige\/lisige\/equipe\/#primaryimage\",\"url\":\"https:\/\/www.minesparis.psl.eu\/isige\/wp-content\/uploads\/sites\/21\/2025\/03\/IMG_5644-bis.jpg\",\"contentUrl\":\"https:\/\/www.minesparis.psl.eu\/isige\/wp-content\/uploads\/sites\/21\/2025\/03\/IMG_5644-bis.jpg\",\"width\":1200,\"height\":938,\"caption\":\"L'\u00e9quipe de l'ISIGE\"},{\"@type\":\"BreadcrumbList\",\"@id\":\"https:\/\/www.minesparis.psl.eu\/isige\/lisige\/equipe\/#breadcrumb\",\"itemListElement\":[{\"@type\":\"ListItem\",\"position\":1,\"name\":\"Accueil\",\"item\":\"https:\/\/www.minesparis.psl.eu\/isige\/\"},{\"@type\":\"ListItem\",\"position\":2,\"name\":\"L\u2019ISIGE\",\"item\":\"https:\/\/www.minesparis.psl.eu\/isige\/lisige\/\"},{\"@type\":\"ListItem\",\"position\":3,\"name\":\"L\u2019\u00e9quipe\"}]},{\"@type\":\"WebSite\",\"@id\":\"https:\/\/www.minesparis.psl.eu\/isige\/#website\",\"url\":\"https:\/\/www.minesparis.psl.eu\/isige\/\",\"name\":\"ISIGE Mines Paris - PSL\",\"description\":\"\",\"publisher\":{\"@id\":\"https:\/\/www.minesparis.psl.eu\/isige\/#organization\"},\"potentialAction\":[{\"@type\":\"SearchAction\",\"target\":{\"@type\":\"EntryPoint\",\"urlTemplate\":\"https:\/\/www.minesparis.psl.eu\/isige\/?s={search_term_string}\"},\"query-input\":{\"@type\":\"PropertyValueSpecification\",\"valueRequired\":true,\"valueName\":\"search_term_string\"}}],\"inLanguage\":\"fr-FR\"},{\"@type\":\"Organization\",\"@id\":\"https:\/\/www.minesparis.psl.eu\/isige\/#organization\",\"name\":\"ISIGE Mines Paris - PSL\",\"url\":\"https:\/\/www.minesparis.psl.eu\/isige\/\",\"logo\":{\"@type\":\"ImageObject\",\"inLanguage\":\"fr-FR\",\"@id\":\"https:\/\/www.minesparis.psl.eu\/isige\/#\/schema\/logo\/image\/\",\"url\":\"https:\/\/www.minesparis.psl.eu\/isige\/wp-content\/uploads\/sites\/21\/2025\/02\/cropped-MinesParis-PSL-ISIGEOCoRVB-1.png\",\"contentUrl\":\"https:\/\/www.minesparis.psl.eu\/isige\/wp-content\/uploads\/sites\/21\/2025\/02\/cropped-MinesParis-PSL-ISIGEOCoRVB-1.png\",\"width\":1584,\"height\":360,\"caption\":\"ISIGE Mines Paris - PSL\"},\"image\":{\"@id\":\"https:\/\/www.minesparis.psl.eu\/isige\/#\/schema\/logo\/image\/\"}}]}<\/script>\n<!-- \/ Yoast SEO plugin. -->","yoast_head_json":{"title":"L'\u00e9quipe - ISIGE Mines Paris - PSL","robots":{"index":"index","follow":"follow","max-snippet":"max-snippet:-1","max-image-preview":"max-image-preview:large","max-video-preview":"max-video-preview:-1"},"canonical":"https:\/\/www.minesparis.psl.eu\/isige\/lisige\/equipe\/","og_locale":"fr_FR","og_type":"article","og_title":"L'\u00e9quipe - ISIGE Mines Paris - PSL","og_url":"https:\/\/www.minesparis.psl.eu\/isige\/lisige\/equipe\/","og_site_name":"ISIGE Mines Paris - PSL","article_modified_time":"2026-03-27T13:51:32+00:00","og_image":[{"width":1200,"height":938,"url":"https:\/\/www.minesparis.psl.eu\/isige\/wp-content\/uploads\/sites\/21\/2025\/03\/IMG_5644-bis.jpg","type":"image\/jpeg"}],"twitter_card":"summary_large_image","twitter_misc":{"Dur\u00e9e de lecture estim\u00e9e":"1 minute"},"schema":{"@context":"https:\/\/schema.org","@graph":[{"@type":"WebPage","@id":"https:\/\/www.minesparis.psl.eu\/isige\/lisige\/equipe\/","url":"https:\/\/www.minesparis.psl.eu\/isige\/lisige\/equipe\/","name":"L'\u00e9quipe - ISIGE Mines Paris - PSL","isPartOf":{"@id":"https:\/\/www.minesparis.psl.eu\/isige\/#website"},"primaryImageOfPage":{"@id":"https:\/\/www.minesparis.psl.eu\/isige\/lisige\/equipe\/#primaryimage"},"image":{"@id":"https:\/\/www.minesparis.psl.eu\/isige\/lisige\/equipe\/#primaryimage"},"thumbnailUrl":"https:\/\/www.minesparis.psl.eu\/isige\/wp-content\/uploads\/sites\/21\/2025\/03\/IMG_5644-bis.jpg","datePublished":"2025-01-22T11:25:11+00:00","dateModified":"2026-03-27T13:51:32+00:00","breadcrumb":{"@id":"https:\/\/www.minesparis.psl.eu\/isige\/lisige\/equipe\/#breadcrumb"},"inLanguage":"fr-FR","potentialAction":[{"@type":"ReadAction","target":["https:\/\/www.minesparis.psl.eu\/isige\/lisige\/equipe\/"]}]},{"@type":"ImageObject","inLanguage":"fr-FR","@id":"https:\/\/www.minesparis.psl.eu\/isige\/lisige\/equipe\/#primaryimage","url":"https:\/\/www.minesparis.psl.eu\/isige\/wp-content\/uploads\/sites\/21\/2025\/03\/IMG_5644-bis.jpg","contentUrl":"https:\/\/www.minesparis.psl.eu\/isige\/wp-content\/uploads\/sites\/21\/2025\/03\/IMG_5644-bis.jpg","width":1200,"height":938,"caption":"L'\u00e9quipe de l'ISIGE"},{"@type":"BreadcrumbList","@id":"https:\/\/www.minesparis.psl.eu\/isige\/lisige\/equipe\/#breadcrumb","itemListElement":[{"@type":"ListItem","position":1,"name":"Accueil","item":"https:\/\/www.minesparis.psl.eu\/isige\/"},{"@type":"ListItem","position":2,"name":"L\u2019ISIGE","item":"https:\/\/www.minesparis.psl.eu\/isige\/lisige\/"},{"@type":"ListItem","position":3,"name":"L\u2019\u00e9quipe"}]},{"@type":"WebSite","@id":"https:\/\/www.minesparis.psl.eu\/isige\/#website","url":"https:\/\/www.minesparis.psl.eu\/isige\/","name":"ISIGE Mines Paris - PSL","description":"","publisher":{"@id":"https:\/\/www.minesparis.psl.eu\/isige\/#organization"},"potentialAction":[{"@type":"SearchAction","target":{"@type":"EntryPoint","urlTemplate":"https:\/\/www.minesparis.psl.eu\/isige\/?s={search_term_string}"},"query-input":{"@type":"PropertyValueSpecification","valueRequired":true,"valueName":"search_term_string"}}],"inLanguage":"fr-FR"},{"@type":"Organization","@id":"https:\/\/www.minesparis.psl.eu\/isige\/#organization","name":"ISIGE Mines Paris - PSL","url":"https:\/\/www.minesparis.psl.eu\/isige\/","logo":{"@type":"ImageObject","inLanguage":"fr-FR","@id":"https:\/\/www.minesparis.psl.eu\/isige\/#\/schema\/logo\/image\/","url":"https:\/\/www.minesparis.psl.eu\/isige\/wp-content\/uploads\/sites\/21\/2025\/02\/cropped-MinesParis-PSL-ISIGEOCoRVB-1.png","contentUrl":"https:\/\/www.minesparis.psl.eu\/isige\/wp-content\/uploads\/sites\/21\/2025\/02\/cropped-MinesParis-PSL-ISIGEOCoRVB-1.png","width":1584,"height":360,"caption":"ISIGE Mines Paris - PSL"},"image":{"@id":"https:\/\/www.minesparis.psl.eu\/isige\/#\/schema\/logo\/image\/"}}]}},"_links":{"self":[{"href":"https:\/\/www.minesparis.psl.eu\/isige\/wp-json\/wp\/v2\/pages\/190","targetHints":{"allow":["GET"]}}],"collection":[{"href":"https:\/\/www.minesparis.psl.eu\/isige\/wp-json\/wp\/v2\/pages"}],"about":[{"href":"https:\/\/www.minesparis.psl.eu\/isige\/wp-json\/wp\/v2\/types\/page"}],"author":[{"embeddable":true,"href":"https:\/\/www.minesparis.psl.eu\/isige\/wp-json\/wp\/v2\/users\/1"}],"replies":[{"embeddable":true,"href":"https:\/\/www.minesparis.psl.eu\/isige\/wp-json\/wp\/v2\/comments?post=190"}],"version-history":[{"count":74,"href":"https:\/\/www.minesparis.psl.eu\/isige\/wp-json\/wp\/v2\/pages\/190\/revisions"}],"predecessor-version":[{"id":4070,"href":"https:\/\/www.minesparis.psl.eu\/isige\/wp-json\/wp\/v2\/pages\/190\/revisions\/4070"}],"up":[{"embeddable":true,"href":"https:\/\/www.minesparis.psl.eu\/isige\/wp-json\/wp\/v2\/pages\/172"}],"wp:featuredmedia":[{"embeddable":true,"href":"https:\/\/www.minesparis.psl.eu\/isige\/wp-json\/wp\/v2\/media\/2255"}],"wp:attachment":[{"href":"https:\/\/www.minesparis.psl.eu\/isige\/wp-json\/wp\/v2\/media?parent=190"}],"curies":[{"name":"wp","href":"https:\/\/api.w.org\/{rel}","templated":true}]}}