{"id":15,"date":"2025-01-20T14:19:03","date_gmt":"2025-01-20T13:19:03","guid":{"rendered":"https:\/\/www.minesparis.psl.eu\/isige\/?page_id=15"},"modified":"2026-01-29T10:57:18","modified_gmt":"2026-01-29T09:57:18","slug":"accueil","status":"publish","type":"page","link":"https:\/\/www.minesparis.psl.eu\/isige\/","title":{"rendered":"Accueil"},"content":{"rendered":"<div class=\"position-strategique-de-lecole\">\n    <div class=\"container\">\n        <div class=\"row\">\n            <div class=\"col-md-9 mx-auto\">\n                <div class=\"position-text\">\n                    <div class=\"psl-accroche\">\n                        <h1>\n                            Institut Sup\u00e9rieur d&rsquo;Ing\u00e9nierie <br \/>\r\net de<br \/>\r\nGestion de l&rsquo;Environnement                        <\/h1>\n                    <\/div>\n                <\/div>\n                                                <a class=\"decouvrire white\" href=\"https:\/\/www.minesparis.psl.eu\/isige\/lisige\/notre-histoire\/\">\n                    <span>D\u00e9couvrir l&rsquo;Institut  <\/span>\n                    <svg width=\"24\" height=\"25\" viewBox=\"0 0 24 25\" fill=\"none\" xmlns=\"http:\/\/www.w3.org\/2000\/svg\">\n                        <circle cx=\"12\" cy=\"12.5\" r=\"12\" fill=\"#005E9E\"\/>\n                        <path d=\"M16 12L12.1429 15.5M16 12L12.1429 8.5M16 12L7 12\" stroke=\"white\" stroke-linecap=\"round\" stroke-linejoin=\"round\"\/>\n                    <\/svg>\n                <\/a>\n                            <\/div>\n        <\/div>\n    <\/div>\n<\/div>\n\n\n\n<div class=\"une-actualite-ou-evenement\">\n    <div class=\"mobile-img\">\n            <img decoding=\"async\" src=\"https:\/\/www.minesparis.psl.eu\/isige\/wp-content\/uploads\/sites\/21\/2026\/01\/IMG_7693-1300x865.jpg\" alt=\"Module G\u00e9opolitique des Ressources Min\u00e9rales \u2013 Regards crois\u00e9s IGE \/ MRIS\" class=\"img-fluid eco\">    <\/div>\n    <div class=\"content\">\n        <div class=\"row\">\n            <div class=\"col-md-4 infos align-self-center\">\n                <div class=\"titre\">\n                    <h2 class=\"h2-basique\">\n                        Module G\u00e9opolitique des Ressources Min\u00e9rales \u2013 Regards crois\u00e9s IGE \/ MRIS                    <\/h2>\n                <\/div>\n                <div class=\"description\">\n                    La semaine d\u00e9di\u00e9e aux Ressources Min\u00e9rales de la Transition a permis aux \u00e9tudiants du MS EEDD parcours IGE de mieux comprendre le r\u00f4le des ressources &#8230;                <\/div>\n                                <div class=\"lien\">\n                    <a class=\"decouvrire blue\" href=\"https:\/\/www.minesparis.psl.eu\/isige\/actualites\/module-geopolitique-des-ressources-minerales-regards-croises-ige-mris\/\">\n                        <span>Lire la suite  <\/span>\n                        <svg width=\"25\" height=\"24\" viewBox=\"0 0 25 24\" fill=\"none\" xmlns=\"http:\/\/www.w3.org\/2000\/svg\">\n                            <circle cx=\"12.5\" cy=\"12\" r=\"12\" fill=\"white\"\/>\n                            <path d=\"M16.5 11.5L12.6429 15M16.5 11.5L12.6429 8M16.5 11.5L7.5 11.5\" stroke=\"black\" stroke-linecap=\"round\" stroke-linejoin=\"round\"\/>\n                        <\/svg>\n                    <\/a>\n                <\/div>\n            <\/div>\n            <div class=\"col-md-8 desktop-img\">\n                    <img decoding=\"async\" src=\"https:\/\/www.minesparis.psl.eu\/isige\/wp-content\/uploads\/sites\/21\/2026\/01\/IMG_7693-1300x865.jpg\" alt=\"Module G\u00e9opolitique des Ressources Min\u00e9rales \u2013 Regards crois\u00e9s IGE \/ MRIS\" class=\"img-fluid eco\">            <\/div>\n        <\/div>\n    <\/div>\n<\/div>\n\n\n<div class=\"formations\">\n\t<div class=\"container custom\">\n\t\t<div class=\"row\">\n\t\t\t<div class=\"col-md-6\">\n\t\t\t\t<span class=\"surtitre\">\n\t\t\t\t\tCentre de Mines Paris &#8211; PSL\t\t\t\t<\/span>\n\t\t\t\t<h2 class=\"titre\">\n\t\t\t\t\tISIGE Mines Paris &#8211; PSL\t\t\t\t<\/h2>\n\t\t\t\t<div class=\"description\">\n\t\t\t\t\t<p style=\"text-align: justify\">L\u2019Institut Sup\u00e9rieur d\u2019Ing\u00e9nierie et de Gestion de l\u2019Environnement est l\u2019Institut de Mines Paris &#8211; PSL d\u00e9di\u00e9 \u00e0 l&rsquo;Environnement et au D\u00e9veloppement Durable. Son ambition : constituer une force motrice de la transition \u00e9cologique et de promouvoir une innovation environnementale exigeante.<\/p>\n\t\t\t\t<\/div>\n\t\t\t<\/div>\n\t\t<\/div>\n\t\t\n\t\t<div class=\"carousel-formations\">\n\t\t\t\t\t\t\t<div class=\"owl-carousel owl-theme owl-formations\">\n\t\t\t\t\t\t\t\t\t\t\t<div class=\"item\">\n\t\t\t\t\t\t\t\t\t\t\t\t\t\t<p><p><strong>FORMATIONS<\/strong><\/p>\n<p>Pionnier dans le domaine de la formation en Environnement et D\u00e9veloppement Durable, l&rsquo;ISIGE Mines Paris-PSL propose trois mast\u00e8res sp\u00e9cialis\u00e9s.<\/p>\n<\/p>\n\t\t\t\t\t\t\t<a href=\"https:\/\/www.minesparis.psl.eu\/isige\/formations\/\">Je m\u2019informe<\/a>\n\t\t\t\t\t\t<\/div>\n\t\t\t\t\t\t\t\t\t\t\t<div class=\"item\">\n\t\t\t\t\t\t\t\t\t\t\t\t\t\t<p><p><strong>RECHERCHE<\/strong><\/p>\n<p>Centre pluridisciplinaire sur les questions de D\u00e9veloppement Durable et d&rsquo;Environnement. S&rsquo;y m\u00ealent des connaissances et des comp\u00e9tences de plusieurs horizons pour r\u00e9pondre aux grands d\u00e9fis d&rsquo;aujourd&rsquo;hui et de demain.<\/p>\n<\/p>\n\t\t\t\t\t\t\t<a href=\"https:\/\/www.minesparis.psl.eu\/isige\/recherche\/\">Je m\u2019informe<\/a>\n\t\t\t\t\t\t<\/div>\n\t\t\t\t\t\t\t\t\t\t\t<div class=\"item\">\n\t\t\t\t\t\t\t\t\t\t\t\t\t\t<p><p><strong>EXPERTISE<\/strong><\/p>\n<p>R\u00e9solument tourn\u00e9 vers le partage de son expertise, l&rsquo;ISIGE Mines Paris &#8211; PSL est un v\u00e9ritable laboratoire d&rsquo;id\u00e9es. Cela se traduit notamment par l&rsquo;organisation fr\u00e9quente d&rsquo;\u00e9v\u00e8nements grand public.<\/p>\n<\/p>\n\t\t\t\t\t\t\t<a href=\"https:\/\/www.minesparis.psl.eu\/isige\/expertise\/\">Je m\u2019informe<\/a>\n\t\t\t\t\t\t<\/div>\n\t\t\t\t\t\t\t\t\t<\/div>\n\t\t\t\t\t<\/div>\n\t\t\n\t\t\t<\/div>\n<\/div>\n\n<div class=\"service-entreprises\">\n\t<div class=\"container\">\n\t\t<div class=\"row\">\n\t\t\t\t\t\t\t<div class=\"border-r details col-md-5\">\n\t\t\t\t\t<div class=\"surtitre\">\n\t\t\t\t\t\t\t\t\t\t\t<\/div>\n\t\t\t\t\t<h2 class=\"titre\">\n\t\t\t\t\t\tAXES DE RECHERCHE\t\t\t\t\t<\/h2>\n\t\t\t\t\t<div class=\"description\">\n\t\t\t\t\t\t<p><span class=\"TextRun SCXP201646237 BCX2\" lang=\"FR-FR\" xml:lang=\"FR-FR\" data-scheme-color=\"@004676,9,\" data-usefontface=\"true\" data-contrast=\"none\"><span class=\"NormalTextRun SCXP201646237 BCX2\">Les trois axes de Recherche de l&rsquo;ISIGE Mines Paris-PSL reposent sur une approche syst\u00e9mique, m\u00ealant th\u00e9orie et pratique, <\/span><\/span><span class=\"TextRun SCXP201646237 BCX2\" lang=\"FR-FR\" xml:lang=\"FR-FR\" data-scheme-color=\"@004676,9,\" data-usefontface=\"true\" data-contrast=\"none\"><span class=\"NormalTextRun SCXP201646237 BCX2\">ces recherches visent \u00e0 apporter aux d\u00e9cideurs des connaissances <\/span><\/span><span class=\"TextRun SCXP201646237 BCX2\" lang=\"FR-FR\" xml:lang=\"FR-FR\" data-scheme-color=\"@004676,9,\" data-usefontface=\"true\" data-contrast=\"none\"><span class=\"NormalTextRun SCXP201646237 BCX2\">environnementales pour des strat\u00e9gies\u00a0de transformation <\/span><\/span> <span class=\"TextRun SCXP201646237 BCX2\" lang=\"FR-FR\" xml:lang=\"FR-FR\" data-scheme-color=\"@004676,9,\" data-usefontface=\"true\" data-contrast=\"none\"><span class=\"NormalTextRun SCXP201646237 BCX2\">et d&rsquo;adaptation environnementales \u00e9clair\u00e9es.<\/span><\/span><\/p>\n\t\t\t\t\t<\/div>\n\t\t\t\t<\/div>\n\t\t\t\t\t\t\t\t\t\t<div class=\"details col-md-7\">\n\t\t\t\t\t<div class=\"pages\">\n\t\t\t\t\t\t\t\t\t\t\t\t\t<div class=\"page\">\n\t\t\t\t\t\t\t\t<a href=\"https:\/\/www.minesparis.psl.eu\/isige\/recherche\/societes-ecosystemes-prospective-environnementale-et-trajectoires\/\">\n\t\t\t\t\t\t\t\t\tAxe 1 : Soci\u00e9t\u00e9s, \u00e9cosyst\u00e8mes\u202f: prospective environnementale et trajectoires\t\t\t\t\t\t\t\t<\/a>\n\t\t\t\t\t\t\t<\/div>\n\t\t\t\t\t\t\t\t\t\t\t\t\t<div class=\"page\">\n\t\t\t\t\t\t\t\t<a href=\"https:\/\/www.minesparis.psl.eu\/isige\/recherche\/territoires-organisations-et-entreprises-pour-une-ecologisation-des-pratiques\/\">\n\t\t\t\t\t\t\t\t\tAxe 2 : Territoires, organisations et entreprises : pour une \u00e9cologisation des pratiques\t\t\t\t\t\t\t\t<\/a>\n\t\t\t\t\t\t\t<\/div>\n\t\t\t\t\t\t\t\t\t\t\t\t\t<div class=\"page\">\n\t\t\t\t\t\t\t\t<a href=\"https:\/\/www.minesparis.psl.eu\/isige\/recherche\/pedagogie-des-transitions\/\">\n\t\t\t\t\t\t\t\t\tAxe 3 : P\u00e9dagogie des transitions\t\t\t\t\t\t\t\t<\/a>\n\t\t\t\t\t\t\t<\/div>\n\t\t\t\t\t\t\t\n\t\t\t\t\t<\/div>\n\t\t\t\t\t\t\t\t\t\t\t<div class=\"suite\">\n\t\t\t\t\t\t\t<a href=\"https:\/\/www.minesparis.psl.eu\/isige\/recherche\/\">\n\t\t\t\t\t\t\t\t<svg width=\"24\" height=\"24\" viewBox=\"0 0 24 24\" fill=\"none\" xmlns=\"http:\/\/www.w3.org\/2000\/svg\">\n\t\t\t\t\t\t\t\t\t<path d=\"M4 12L20 12M20 12L14 18M20 12L14 6\" stroke=\"black\" stroke-width=\"1.5\" stroke-linecap=\"round\" stroke-linejoin=\"round\"\/>\n\t\t\t\t\t\t\t\t<\/svg>\n\t\t\t\t\t\t\t\t<span>En savoir plus<\/span>\n\t\t\t\t\t\t\t<\/a>\n\t\t\t\t\t\t<\/div>\n\t\t\t\t\t\t\t\t\t<\/div>\n\t\t\t\t\t<\/div>\n\t<\/div>\n<\/div>\n\n<div class=\"la-recherche\">\n\t<div class=\"row\">\n\t\t<div class=\"img col-md-6\">\n      <img decoding=\"async\" class=\"eco img-fluid\" src=\"https:\/\/www.minesparis.psl.eu\/isige\/wp-content\/uploads\/sites\/21\/2025\/02\/Terrain-YellowGreen.jpg\" \/>\n\t\t<\/div>\n\t\t<div class=\"details col-md-6 align-self-center\">\n\t\t\t<div class=\"surtitre\">\n\t\t\t\t\t\t\t<\/div>\n\t\t\t<h2 class=\"titre\">\n\t\t\t\tLA FORMATION\t\t\t<\/h2>\n\t\t\t<div class=\"description\">\n\t\t\t\t<p>Les formations propos\u00e9es par l&rsquo;ISIGE Mines Paris \u2013 PSL, con\u00e7ues pour r\u00e9pondre aux d\u00e9fis de la transition \u00e9cologique et du d\u00e9veloppement durable. Les programmes allient excellence acad\u00e9mique et approche pratique, permettant aux \u00e9tudiants et aux professionnels d\u2019acqu\u00e9rir des comp\u00e9tences strat\u00e9giques, techniques et manag\u00e9riales.<\/p>\n\t\t\t<\/div>\n\t\t\t<div class=\"pages\">\n\t\t\t\t\t\t\t\t\t<div class=\"page\">\n\t\t\t\t\t\t<a href=\"https:\/\/www.minesparis.psl.eu\/isige\/formations\/post-master-international-environmental-management-envim\/\">\n\t\t\t\t\t\t\tMast\u00e8re Sp\u00e9cialis\u00e9\u00aeEEDD parcours International Environmental Management (EnvIM)\t\t\t\t\t\t<\/a>\n\t\t\t\t\t<\/div>\n\t\t\t\t\t\t\t\t\t<div class=\"page\">\n\t\t\t\t\t\t<a href=\"https:\/\/www.minesparis.psl.eu\/isige\/formations\/mastere-specialise-eedd-parcours-ingenierie-et-gestion-de-lenvironnement-ige\/\">\n\t\t\t\t\t\t\tMast\u00e8re sp\u00e9cialis\u00e9 EEDD parcours Ing\u00e9nierie et Gestion de l\u2019Environnement (IGE)\t\t\t\t\t\t<\/a>\n\t\t\t\t\t<\/div>\n\t\t\t\t\t\t\t\t\t<div class=\"page\">\n\t\t\t\t\t\t<a href=\"https:\/\/www.minesparis.psl.eu\/isige\/formations\/mastere-specialise-eedd-parcours-management-global-de-la-rse-et-du-developpement-durable-rsedd\/\">\n\t\t\t\t\t\t\tMast\u00e8re sp\u00e9cialis\u00e9 EEDD parcours Management Global de la RSE et du D\u00e9veloppement Durable (RSEDD)\t\t\t\t\t\t<\/a>\n\t\t\t\t\t<\/div>\n\t\t\t\t\t\t\t\t\t\t\t\t\t<div class=\"suite\">\n\t\t\t\t\t\t<a href=\"https:\/\/www.minesparis.psl.eu\/isige\/formations\/\">\n\t\t\t\t\t\t\t<svg width=\"25\" height=\"24\" viewBox=\"0 0 25 24\" fill=\"none\" xmlns=\"http:\/\/www.w3.org\/2000\/svg\">\n\t\t\t\t\t\t\t\t<path d=\"M4.5 12L20.5 12M20.5 12L14.5 18M20.5 12L14.5 6\" stroke=\"white\" stroke-width=\"1.5\" stroke-linecap=\"round\" stroke-linejoin=\"round\"\/>\n\t\t\t\t\t\t\t<\/svg>\n\t\t\t\t\t\t\t<span>En savoir plus<\/span>\n\t\t\t\t\t\t<\/a>\n\t\t\t\t\t<\/div>\n\t\t\t\t\t\t\t<\/div>\n\t\t<\/div>\n\t<\/div>\n<\/div>\n\n<div class=\"videos\">\n\t<div class=\"container\">\n\t\t<div class=\"row\">\n\t\t\t<div class=\"col-md-12\">\n\t\t\t\t<div class=\"surtitre\">\n\t\t\t\t\tVid\u00e9os\t\t\t\t<\/div>\n\t\t\t<\/div>\n\t\t<\/div>\n\t\t<div class=\"row\">\n\t\t\t<div class=\"col-md-4\">\n\t\t\t\t<h2 class=\"titre\">\n\t\t\t\t\tD\u00e9couvrez nos formats vid\u00e9os\t\t\t\t<\/h2>\n\t\t\t\t\t\t\t\t\t<a class=\"decouvrire white\" href=\"https:\/\/www.youtube.com\/@IsigeMinesParisPSL\">\n\t\t\t\t\t\t<span>Voir toutes nos vid\u00e9os <\/span>\n\t\t\t\t\t\t<svg width=\"24\" height=\"24\" viewBox=\"0 0 24 24\" fill=\"none\" xmlns=\"http:\/\/www.w3.org\/2000\/svg\">\n\t\t\t\t\t\t\t<circle cx=\"12\" cy=\"12\" r=\"12\" fill=\"#005E9E\"\/>\n\t\t\t\t\t\t\t<path d=\"M16 11.5L12.1429 15M16 11.5L12.1429 8M16 11.5L7 11.5\" stroke=\"white\" stroke-linecap=\"round\" stroke-linejoin=\"round\"\/>\n\t\t\t\t\t\t<\/svg>\n\t\t\t\t\t<\/a>\n\t\t\t\t\t\t\t<\/div>\n\t\t\t<div class=\"col-md-8 align-self-center\">\n\t\t\t\t<div class=\"row\">\n\t\t\t\t\t\t\t\t\t\t\t<div class=\"col-md-6\">\n\t\t\t\t\t\t\t<div class=\"video\">\n\t\t\t\t\t\t\t\t<div class=\"lien\">\n\t\t\t\t\t\t\t\t\t\t\t\t\t\t\t\t\t\t<button class=\"btn p-0 js-play\" type=\"button\" data-bs-toggle=\"modal\" data-bs-target=\"#modalVideo\" data-src=\"bzkRRojJa3U\" data-title=\"Mines\">\n\t\t\t\t\t\t\t\t\t<img decoding=\"async\" src=\"https:\/\/img.youtube.com\/vi\/bzkRRojJa3U\/maxresdefault.jpg\" video-id=\"bzkRRojJa3U\" alt=\"D\u00e9couvrez nos formats vid\u00e9os\" class=\"card-img-top img-fluid eco\" \/>\n\t\t\t\t\t\t\t\t\t<div class=\"play-btn\">\n\t\t\t\t\t\t\t\t\t\t<svg width=\"48\" height=\"48\" viewBox=\"0 0 48 48\" fill=\"none\" xmlns=\"http:\/\/www.w3.org\/2000\/svg\">\n\t\t\t\t\t\t\t\t\t\t<circle cx=\"24\" cy=\"24\" r=\"19\" fill=\"#005E9E\"\/>\n\t\t\t\t\t\t\t\t\t\t<circle cx=\"24\" cy=\"24\" r=\"23.5\" stroke=\"#005E9E\"\/>\n\t\t\t\t\t\t\t\t\t\t<path d=\"M20.8979 16.9771L30.4374 23.4374L20.8979 29.8979L20.8979 23.4375L20.8979 16.9771Z\" fill=\"white\"\/>\n\t\t\t\t\t\t\t\t\t\t<\/svg>\n\t\t\t\t\t\t\t\t\t<\/div>\n\t\t\t\t\t\t\t\t\t<\/button>\n\t\t\t\t\t\t\t\t<\/div>\n\t\t\t\t\t\t\t\t<div class=\"description\">\n\t\t\t\t\t\t\t\t\t<p>MS EEDD parcours IGE<\/p>\n\t\t\t\t\t\t\t\t<\/div>\n\t\t\t\t\t\t\t<\/div>\n\t\t\t\t\t\t<\/div>\n\t\t\t\t\t\t\t\t\t\t\t<div class=\"col-md-6\">\n\t\t\t\t\t\t\t<div class=\"video\">\n\t\t\t\t\t\t\t\t<div class=\"lien\">\n\t\t\t\t\t\t\t\t\t\t\t\t\t\t\t\t\t\t<button class=\"btn p-0 js-play\" type=\"button\" data-bs-toggle=\"modal\" data-bs-target=\"#modalVideo\" data-src=\"h1ccx4n0Dq4\" data-title=\"Mines\">\n\t\t\t\t\t\t\t\t\t<img decoding=\"async\" src=\"https:\/\/img.youtube.com\/vi\/h1ccx4n0Dq4\/maxresdefault.jpg\" video-id=\"h1ccx4n0Dq4\" alt=\"D\u00e9couvrez nos formats vid\u00e9os\" class=\"card-img-top img-fluid eco\" \/>\n\t\t\t\t\t\t\t\t\t<div class=\"play-btn\">\n\t\t\t\t\t\t\t\t\t\t<svg width=\"48\" height=\"48\" viewBox=\"0 0 48 48\" fill=\"none\" xmlns=\"http:\/\/www.w3.org\/2000\/svg\">\n\t\t\t\t\t\t\t\t\t\t<circle cx=\"24\" cy=\"24\" r=\"19\" fill=\"#005E9E\"\/>\n\t\t\t\t\t\t\t\t\t\t<circle cx=\"24\" cy=\"24\" r=\"23.5\" stroke=\"#005E9E\"\/>\n\t\t\t\t\t\t\t\t\t\t<path d=\"M20.8979 16.9771L30.4374 23.4374L20.8979 29.8979L20.8979 23.4375L20.8979 16.9771Z\" fill=\"white\"\/>\n\t\t\t\t\t\t\t\t\t\t<\/svg>\n\t\t\t\t\t\t\t\t\t<\/div>\n\t\t\t\t\t\t\t\t\t<\/button>\n\t\t\t\t\t\t\t\t<\/div>\n\t\t\t\t\t\t\t\t<div class=\"description\">\n\t\t\t\t\t\t\t\t\t<p>MS EEDD parcours International\u00a0 EnVIM<\/p>\n\t\t\t\t\t\t\t\t<\/div>\n\t\t\t\t\t\t\t<\/div>\n\t\t\t\t\t\t<\/div>\n\t\t\t\t\t\t\t\t\t\t\t<div class=\"col-md-6\">\n\t\t\t\t\t\t\t<div class=\"video\">\n\t\t\t\t\t\t\t\t<div class=\"lien\">\n\t\t\t\t\t\t\t\t\t\t\t\t\t\t\t\t\t\t<button class=\"btn p-0 js-play\" type=\"button\" data-bs-toggle=\"modal\" data-bs-target=\"#modalVideo\" data-src=\"IWAx3yoR-W8\" data-title=\"Mines\">\n\t\t\t\t\t\t\t\t\t<img decoding=\"async\" src=\"https:\/\/img.youtube.com\/vi\/IWAx3yoR-W8\/maxresdefault.jpg\" video-id=\"IWAx3yoR-W8\" alt=\"D\u00e9couvrez nos formats vid\u00e9os\" class=\"card-img-top img-fluid eco\" \/>\n\t\t\t\t\t\t\t\t\t<div class=\"play-btn\">\n\t\t\t\t\t\t\t\t\t\t<svg width=\"48\" height=\"48\" viewBox=\"0 0 48 48\" fill=\"none\" xmlns=\"http:\/\/www.w3.org\/2000\/svg\">\n\t\t\t\t\t\t\t\t\t\t<circle cx=\"24\" cy=\"24\" r=\"19\" fill=\"#005E9E\"\/>\n\t\t\t\t\t\t\t\t\t\t<circle cx=\"24\" cy=\"24\" r=\"23.5\" stroke=\"#005E9E\"\/>\n\t\t\t\t\t\t\t\t\t\t<path d=\"M20.8979 16.9771L30.4374 23.4374L20.8979 29.8979L20.8979 23.4375L20.8979 16.9771Z\" fill=\"white\"\/>\n\t\t\t\t\t\t\t\t\t\t<\/svg>\n\t\t\t\t\t\t\t\t\t<\/div>\n\t\t\t\t\t\t\t\t\t<\/button>\n\t\t\t\t\t\t\t\t<\/div>\n\t\t\t\t\t\t\t\t<div class=\"description\">\n\t\t\t\t\t\t\t\t\t<p>MS EEDD parcours RSEDD<\/p>\n\t\t\t\t\t\t\t\t<\/div>\n\t\t\t\t\t\t\t<\/div>\n\t\t\t\t\t\t<\/div>\n\t\t\t\t\t\t\t\t\t<\/div>\n\t\t\t\t\n\t\t\t<\/div>\n\t\t<\/div>\n\t<\/div>\n<\/div>\n<!-- Modal -->\n<div class=\"modal fade \" id=\"modalVideo\" tabindex=\"-1\" aria-labelledby=\"modalVideoLabel\" aria-hidden=\"true\">\n  <div class=\"modal-dialog modal-lg\">\n    <div class=\"modal-content\">\n      <div class=\"modal-header\">\n        <h5 class=\"modal-title js-title-insert\" id=\"modalVideoLabel\">Vid\u00e9o<\/h5>\n        <button type=\"button\" class=\"btn-close\" data-bs-dismiss=\"modal\" aria-label=\"Close\"><\/button>\n      <\/div>\n      <div class=\"modal-body\">\n\t\t<div class=\"ratio ratio-16x9\">\n\t\t\t<div class=\"embed-responsive-item\" id=\"youTubeIframe\"><\/div>\n\t\t\t<\/div>\n      <\/div>\n    <\/div>\n  <\/div>\n<\/div>\n\n\n<div class=\"campus-block\">\n\t<div class=\"container\">\n\t\t<div class=\"row\">\n\t\t\t<div class=\"col-md-12\">\n\t\t\t\t<span class=\"surtitre\">\n\t\t\t\t\t\t\t\t\t<\/span>\n\t\t\t\t<h2 class=\"titre\">\n\t\t\t\t\tLes Campus\t\t\t\t<\/h2>\n\t\t\t<\/div>\n\t\t\t<div class=\"col-md-12\">\n\t\t\t\t<div class=\"carousel-campus\">\n\t\t\t\t\t\t\t\t\t<div class=\"owl-carousel owl-theme owl-campus\">\n\t\t\t\t\t\t\t\t\t\t\t\t\t<div class=\"item\">\n\t\t\t\t\t\t\t\t<div class=\"description\"><h3>Paris<\/h3>\n<p>60, boulevard Saint-Michel, 75006 Paris<\/p>\n<p>+33 1 40 51 90 00<\/p>\n<\/div>\n\t\t\t\t\t\t\t<\/div>\n\t\t\t\t\t\t\t\t\t\t\t\t\t<div class=\"item\">\n\t\t\t\t\t\t\t\t<div class=\"description\"><h3>Fontainebleau<\/h3>\n<p>35 rue Saint-Honor\u00e9, 77300 Fontainebleau<\/p>\n<p>+33 1 64 69 48 78<\/p>\n<\/div>\n\t\t\t\t\t\t\t<\/div>\n\t\t\t\t\t\t\t\t\t\t\t<\/div>\n\t\t\t\t\t\t\t<\/div>\n\t\t\t<\/div>\n\t\t<\/div>\n\t<\/div>\n<\/div>","protected":false},"excerpt":{"rendered":"","protected":false},"author":1,"featured_media":0,"parent":0,"menu_order":0,"comment_status":"closed","ping_status":"closed","template":"accueil-page.php","meta":{"footnotes":""},"class_list":["post-15","page","type-page","status-publish","hentry"],"acf":[],"yoast_head":"<!-- This site is optimized with the Yoast SEO plugin v27.2 - https:\/\/yoast.com\/product\/yoast-seo-wordpress\/ -->\n<title>ISIGE Mines Paris - PSL<\/title>\n<meta name=\"description\" content=\"Les MS propos\u00e9s par l&#039;ISIGE Mines Paris \u2013 PSL sont con\u00e7us pour r\u00e9pondre aux d\u00e9fis de la transition \u00e9cologique et du d\u00e9veloppement durable.\" \/>\n<meta name=\"robots\" content=\"index, follow, max-snippet:-1, max-image-preview:large, max-video-preview:-1\" \/>\n<link rel=\"canonical\" href=\"https:\/\/www.minesparis.psl.eu\/isige\/\" \/>\n<meta property=\"og:locale\" content=\"fr_FR\" \/>\n<meta property=\"og:type\" content=\"article\" \/>\n<meta property=\"og:title\" content=\"ISIGE Mines Paris - PSL\" \/>\n<meta property=\"og:description\" content=\"Les MS propos\u00e9s par l&#039;ISIGE Mines Paris \u2013 PSL sont con\u00e7us pour r\u00e9pondre aux d\u00e9fis de la transition \u00e9cologique et du d\u00e9veloppement durable.\" \/>\n<meta property=\"og:url\" content=\"https:\/\/www.minesparis.psl.eu\/isige\/\" \/>\n<meta property=\"og:site_name\" content=\"ISIGE Mines Paris - PSL\" \/>\n<meta property=\"article:modified_time\" content=\"2026-01-29T09:57:18+00:00\" \/>\n<meta name=\"twitter:card\" content=\"summary_large_image\" \/>\n<script type=\"application\/ld+json\" class=\"yoast-schema-graph\">{\"@context\":\"https:\/\/schema.org\",\"@graph\":[{\"@type\":\"WebPage\",\"@id\":\"https:\/\/www.minesparis.psl.eu\/isige\/\",\"url\":\"https:\/\/www.minesparis.psl.eu\/isige\/\",\"name\":\"ISIGE Mines Paris - PSL\",\"isPartOf\":{\"@id\":\"https:\/\/www.minesparis.psl.eu\/isige\/#website\"},\"datePublished\":\"2025-01-20T13:19:03+00:00\",\"dateModified\":\"2026-01-29T09:57:18+00:00\",\"description\":\"Les MS propos\u00e9s par l'ISIGE Mines Paris \u2013 PSL sont con\u00e7us pour r\u00e9pondre aux d\u00e9fis de la transition \u00e9cologique et du d\u00e9veloppement durable.\",\"breadcrumb\":{\"@id\":\"https:\/\/www.minesparis.psl.eu\/isige\/#breadcrumb\"},\"inLanguage\":\"fr-FR\",\"potentialAction\":[{\"@type\":\"ReadAction\",\"target\":[\"https:\/\/www.minesparis.psl.eu\/isige\/\"]}]},{\"@type\":\"BreadcrumbList\",\"@id\":\"https:\/\/www.minesparis.psl.eu\/isige\/#breadcrumb\",\"itemListElement\":[{\"@type\":\"ListItem\",\"position\":1,\"name\":\"Accueil\",\"item\":\"https:\/\/www.minesparis.psl.eu\/isige\/\"},{\"@type\":\"ListItem\",\"position\":2,\"name\":\"Accueil\"}]},{\"@type\":\"WebSite\",\"@id\":\"https:\/\/www.minesparis.psl.eu\/isige\/#website\",\"url\":\"https:\/\/www.minesparis.psl.eu\/isige\/\",\"name\":\"ISIGE Mines Paris - PSL\",\"description\":\"\",\"publisher\":{\"@id\":\"https:\/\/www.minesparis.psl.eu\/isige\/#organization\"},\"potentialAction\":[{\"@type\":\"SearchAction\",\"target\":{\"@type\":\"EntryPoint\",\"urlTemplate\":\"https:\/\/www.minesparis.psl.eu\/isige\/?s={search_term_string}\"},\"query-input\":{\"@type\":\"PropertyValueSpecification\",\"valueRequired\":true,\"valueName\":\"search_term_string\"}}],\"inLanguage\":\"fr-FR\"},{\"@type\":\"Organization\",\"@id\":\"https:\/\/www.minesparis.psl.eu\/isige\/#organization\",\"name\":\"ISIGE Mines Paris - PSL\",\"url\":\"https:\/\/www.minesparis.psl.eu\/isige\/\",\"logo\":{\"@type\":\"ImageObject\",\"inLanguage\":\"fr-FR\",\"@id\":\"https:\/\/www.minesparis.psl.eu\/isige\/#\/schema\/logo\/image\/\",\"url\":\"https:\/\/www.minesparis.psl.eu\/isige\/wp-content\/uploads\/sites\/21\/2025\/02\/cropped-MinesParis-PSL-ISIGEOCoRVB-1.png\",\"contentUrl\":\"https:\/\/www.minesparis.psl.eu\/isige\/wp-content\/uploads\/sites\/21\/2025\/02\/cropped-MinesParis-PSL-ISIGEOCoRVB-1.png\",\"width\":1584,\"height\":360,\"caption\":\"ISIGE Mines Paris - PSL\"},\"image\":{\"@id\":\"https:\/\/www.minesparis.psl.eu\/isige\/#\/schema\/logo\/image\/\"}}]}<\/script>\n<!-- \/ Yoast SEO plugin. -->","yoast_head_json":{"title":"ISIGE Mines Paris - PSL","description":"Les MS propos\u00e9s par l'ISIGE Mines Paris \u2013 PSL sont con\u00e7us pour r\u00e9pondre aux d\u00e9fis de la transition \u00e9cologique et du d\u00e9veloppement durable.","robots":{"index":"index","follow":"follow","max-snippet":"max-snippet:-1","max-image-preview":"max-image-preview:large","max-video-preview":"max-video-preview:-1"},"canonical":"https:\/\/www.minesparis.psl.eu\/isige\/","og_locale":"fr_FR","og_type":"article","og_title":"ISIGE Mines Paris - PSL","og_description":"Les MS propos\u00e9s par l'ISIGE Mines Paris \u2013 PSL sont con\u00e7us pour r\u00e9pondre aux d\u00e9fis de la transition \u00e9cologique et du d\u00e9veloppement durable.","og_url":"https:\/\/www.minesparis.psl.eu\/isige\/","og_site_name":"ISIGE Mines Paris - PSL","article_modified_time":"2026-01-29T09:57:18+00:00","twitter_card":"summary_large_image","schema":{"@context":"https:\/\/schema.org","@graph":[{"@type":"WebPage","@id":"https:\/\/www.minesparis.psl.eu\/isige\/","url":"https:\/\/www.minesparis.psl.eu\/isige\/","name":"ISIGE Mines Paris - PSL","isPartOf":{"@id":"https:\/\/www.minesparis.psl.eu\/isige\/#website"},"datePublished":"2025-01-20T13:19:03+00:00","dateModified":"2026-01-29T09:57:18+00:00","description":"Les MS propos\u00e9s par l'ISIGE Mines Paris \u2013 PSL sont con\u00e7us pour r\u00e9pondre aux d\u00e9fis de la transition \u00e9cologique et du d\u00e9veloppement durable.","breadcrumb":{"@id":"https:\/\/www.minesparis.psl.eu\/isige\/#breadcrumb"},"inLanguage":"fr-FR","potentialAction":[{"@type":"ReadAction","target":["https:\/\/www.minesparis.psl.eu\/isige\/"]}]},{"@type":"BreadcrumbList","@id":"https:\/\/www.minesparis.psl.eu\/isige\/#breadcrumb","itemListElement":[{"@type":"ListItem","position":1,"name":"Accueil","item":"https:\/\/www.minesparis.psl.eu\/isige\/"},{"@type":"ListItem","position":2,"name":"Accueil"}]},{"@type":"WebSite","@id":"https:\/\/www.minesparis.psl.eu\/isige\/#website","url":"https:\/\/www.minesparis.psl.eu\/isige\/","name":"ISIGE Mines Paris - PSL","description":"","publisher":{"@id":"https:\/\/www.minesparis.psl.eu\/isige\/#organization"},"potentialAction":[{"@type":"SearchAction","target":{"@type":"EntryPoint","urlTemplate":"https:\/\/www.minesparis.psl.eu\/isige\/?s={search_term_string}"},"query-input":{"@type":"PropertyValueSpecification","valueRequired":true,"valueName":"search_term_string"}}],"inLanguage":"fr-FR"},{"@type":"Organization","@id":"https:\/\/www.minesparis.psl.eu\/isige\/#organization","name":"ISIGE Mines Paris - PSL","url":"https:\/\/www.minesparis.psl.eu\/isige\/","logo":{"@type":"ImageObject","inLanguage":"fr-FR","@id":"https:\/\/www.minesparis.psl.eu\/isige\/#\/schema\/logo\/image\/","url":"https:\/\/www.minesparis.psl.eu\/isige\/wp-content\/uploads\/sites\/21\/2025\/02\/cropped-MinesParis-PSL-ISIGEOCoRVB-1.png","contentUrl":"https:\/\/www.minesparis.psl.eu\/isige\/wp-content\/uploads\/sites\/21\/2025\/02\/cropped-MinesParis-PSL-ISIGEOCoRVB-1.png","width":1584,"height":360,"caption":"ISIGE Mines Paris - PSL"},"image":{"@id":"https:\/\/www.minesparis.psl.eu\/isige\/#\/schema\/logo\/image\/"}}]}},"_links":{"self":[{"href":"https:\/\/www.minesparis.psl.eu\/isige\/wp-json\/wp\/v2\/pages\/15","targetHints":{"allow":["GET"]}}],"collection":[{"href":"https:\/\/www.minesparis.psl.eu\/isige\/wp-json\/wp\/v2\/pages"}],"about":[{"href":"https:\/\/www.minesparis.psl.eu\/isige\/wp-json\/wp\/v2\/types\/page"}],"author":[{"embeddable":true,"href":"https:\/\/www.minesparis.psl.eu\/isige\/wp-json\/wp\/v2\/users\/1"}],"replies":[{"embeddable":true,"href":"https:\/\/www.minesparis.psl.eu\/isige\/wp-json\/wp\/v2\/comments?post=15"}],"version-history":[{"count":81,"href":"https:\/\/www.minesparis.psl.eu\/isige\/wp-json\/wp\/v2\/pages\/15\/revisions"}],"predecessor-version":[{"id":4084,"href":"https:\/\/www.minesparis.psl.eu\/isige\/wp-json\/wp\/v2\/pages\/15\/revisions\/4084"}],"wp:attachment":[{"href":"https:\/\/www.minesparis.psl.eu\/isige\/wp-json\/wp\/v2\/media?parent=15"}],"curies":[{"name":"wp","href":"https:\/\/api.w.org\/{rel}","templated":true}]}}