{"id":186,"date":"2025-02-27T15:48:50","date_gmt":"2025-02-27T14:48:50","guid":{"rendered":"https:\/\/www.minesparis.psl.eu\/cmat\/?page_id=186"},"modified":"2025-04-24T16:51:54","modified_gmt":"2025-04-24T14:51:54","slug":"masters","status":"publish","type":"page","link":"https:\/\/www.minesparis.psl.eu\/cmat\/formations\/masters\/","title":{"rendered":"Masters"},"content":{"rendered":"\n<div class=\"container block-full-largeur\">\n\t<div class=\"row mt-4\">\n\t\t<div class=\"col-md-12\">\n\t\t\t<h2 data-start=\"749\" data-end=\"804\">Master BME-Paris : Bioing\u00e9nierie et Biom\u00e9canique<\/h2>\n<p class=\"\" style=\"text-align: justify;\" data-start=\"806\" data-end=\"1085\">Le Master BME-Paris (BioMedical Engineering) est une formation internationale port\u00e9e conjointement par <a href=\"https:\/\/psl.eu\/\" target=\"_blank\" rel=\"noopener\">l&rsquo;Universit\u00e9 PSL<\/a>, l&rsquo;<a href=\"https:\/\/u-paris.fr\/\" target=\"_blank\" rel=\"noopener\">Universit\u00e9 Paris-Cit\u00e9<\/a> et <a href=\"https:\/\/artsetmetiers.fr\/fr\" target=\"_blank\" rel=\"noopener\">Arts et M\u00e9tiers<\/a>. Il vise \u00e0 former des experts en bioing\u00e9nierie capables de relever les d\u00e9fis m\u00e9dicaux et technologiques de demain.<\/p>\n<h3 data-start=\"1087\" data-end=\"1154\">Le Centre des Mat\u00e9riaux intervient dans deux sp\u00e9cialit\u00e9s cl\u00e9s :<\/h3>\n\t\t<\/div>\n\t<\/div>\n<\/div>\n\n\n<div class=\"container bloc-50-50\">\n\t<div class=\"row mt-4\">\n\t\t<div class=\"col-md-6\">\n\t\t\t<p style=\"text-align: center;\"><span style=\"color: #015d9e;\"><strong data-start=\"1157\" data-end=\"1182\">Biomat\u00e9riaux (BioMAT)<\/strong> <\/span><\/p>\n<p style=\"text-align: center;\">\u00c9tude et conception de mat\u00e9riaux destin\u00e9s \u00e0 des applications m\u00e9dicales (implants, proth\u00e8ses, dispositifs).<\/p>\n\t\t<\/div>\n\t\t<div class=\"col-md-6\">\n\t\t\t<p style=\"text-align: center;\"><span style=\"color: #015d9e;\"><strong data-start=\"1294\" data-end=\"1320\">Biom\u00e9canique (BioMECH)<\/strong> <\/span><\/p>\n<p style=\"text-align: center;\">Analyse du comportement des tissus biologiques et de leurs interactions m\u00e9caniques avec les dispositifs m\u00e9dicaux.<\/p>\n\t\t<\/div>\n\t<\/div>\n<\/div>\n\n\n<div class=\"container block-full-largeur\">\n\t<div class=\"row mt-4\">\n\t\t<div class=\"col-md-12\">\n\t\t\t<p class=\"\" style=\"text-align: center;\" data-start=\"1885\" data-end=\"1931\">\u00a0<a class=\"button-mines btn-bleu flech lf-blanc\" href=\"https:\/\/www.bme-paris.com\/\" target=\"_blank\" rel=\"noopener\" data-start=\"1888\" data-end=\"1931\">D\u00e9couvrir le Master BME-Paris<\/a><\/p>\n<p data-start=\"1885\" data-end=\"1931\">\n<hr \/>\n<h2 data-start=\"1885\" data-end=\"1931\">Master Sciences et G\u00e9nie des Mat\u00e9riaux (SGM)<\/h2>\n<p class=\"\" style=\"text-align: justify;\" data-start=\"1991\" data-end=\"2200\">Le Master SGM forme des ing\u00e9nieurs et chercheurs capables de concevoir, optimiser et caract\u00e9riser des mat\u00e9riaux performants pour des domaines strat\u00e9giques tels que l\u2019\u00e9nergie, l\u2019a\u00e9ronautique, ou les transports. Ce master est port\u00e9 par Mines Paris \u2013 PSL en partenariat avec <a href=\"https:\/\/www.chimieparistech.psl.eu\/\" target=\"_blank\" rel=\"noopener\">Chimie Paris \u2013 PSL <\/a>et <a href=\"https:\/\/www.espci.psl.eu\/fr\/\" target=\"_blank\" rel=\"noopener\">ESPCI Paris \u2013 PSL<\/a>.<\/p>\n<h3 data-start=\"1087\" data-end=\"1154\">Le r\u00f4le du Centre des Mat\u00e9riaux :<\/h3>\n<p class=\"\" data-start=\"2318\" data-end=\"2428\">D\u00e8s la premi\u00e8re ann\u00e9e, les \u00e9tudiants sont int\u00e9gr\u00e9s au sein du Centre pour :<\/p>\n\t\t<\/div>\n\t<\/div>\n<\/div>\n\n\n<div class=\"container bloc-30-30-30\">\n\t<div class=\"row mt-4\">\n\t\t<div class=\"col-md-4\">\n\t\t\t<p class=\"\" style=\"text-align: center;\" data-start=\"2431\" data-end=\"2485\">Travailler sur des <span style=\"color: #015d9e;\"><strong>projets de recherche appliqu\u00e9e<\/strong><\/span><\/p>\n\t\t<\/div>\n\t\t<div class=\"col-md-4\">\n\t\t\t<p class=\"\" style=\"text-align: center;\" data-start=\"2488\" data-end=\"2560\">Apprendre en immersion <span style=\"color: #015d9e;\"><strong>dans un environnement de recherche de pointe<\/strong><\/span><\/p>\n\t\t<\/div>\n\t\t<div class=\"col-md-4\">\n\t\t\t<p style=\"text-align: center;\">D\u00e9velopper une <strong><span style=\"color: #015d9e;\">approche exp\u00e9rimentale concr\u00e8te<\/span><\/strong> des mat\u00e9riaux<\/p>\n\t\t<\/div>\n\t<\/div>\n<\/div>\n\n\n<div class=\"container block-full-largeur\">\n\t<div class=\"row mt-4\">\n\t\t<div class=\"col-md-12\">\n\t\t\t<p style=\"text-align: center;\"><a class=\"button-mines btn-bleu flech lf-blanc\" href=\"https:\/\/psl.eu\/formation\/master-sciences-et-genie-des-materiaux\" target=\"_blank\" rel=\"noopener\">D\u00e9couvrir le Master SGM<\/a><\/p>\n<p>&nbsp;<\/p>\n\t\t<\/div>\n\t<\/div>\n<\/div>","protected":false},"excerpt":{"rendered":"","protected":false},"author":4,"featured_media":1140,"parent":178,"menu_order":0,"comment_status":"closed","ping_status":"closed","template":"","meta":{"footnotes":""},"class_list":["post-186","page","type-page","status-publish","has-post-thumbnail","hentry"],"acf":[],"yoast_head":"<!-- This site is optimized with the Yoast SEO plugin v27.2 - https:\/\/yoast.com\/product\/yoast-seo-wordpress\/ -->\n<title>Masters - Centre des Mat\u00e9riaux Mines Paris - PSL<\/title>\n<meta name=\"robots\" content=\"index, follow, max-snippet:-1, max-image-preview:large, max-video-preview:-1\" \/>\n<link rel=\"canonical\" href=\"https:\/\/www.minesparis.psl.eu\/cmat\/formations\/masters\/\" \/>\n<meta property=\"og:locale\" content=\"fr_FR\" \/>\n<meta property=\"og:type\" content=\"article\" \/>\n<meta property=\"og:title\" content=\"Masters - Centre des Mat\u00e9riaux Mines Paris - PSL\" \/>\n<meta property=\"og:url\" content=\"https:\/\/www.minesparis.psl.eu\/cmat\/formations\/masters\/\" \/>\n<meta property=\"og:site_name\" content=\"Centre des Mat\u00e9riaux Mines Paris - PSL\" \/>\n<meta property=\"article:modified_time\" content=\"2025-04-24T14:51:54+00:00\" \/>\n<meta property=\"og:image\" content=\"https:\/\/www.minesparis.psl.eu\/cmat\/wp-content\/uploads\/sites\/25\/2025\/04\/Capture-decran-2025-04-24-163522.png\" \/>\n\t<meta property=\"og:image:width\" content=\"2478\" \/>\n\t<meta property=\"og:image:height\" content=\"1293\" \/>\n\t<meta property=\"og:image:type\" content=\"image\/png\" \/>\n<meta name=\"twitter:card\" content=\"summary_large_image\" \/>\n<script type=\"application\/ld+json\" class=\"yoast-schema-graph\">{\"@context\":\"https:\/\/schema.org\",\"@graph\":[{\"@type\":\"WebPage\",\"@id\":\"https:\/\/www.minesparis.psl.eu\/cmat\/formations\/masters\/\",\"url\":\"https:\/\/www.minesparis.psl.eu\/cmat\/formations\/masters\/\",\"name\":\"Masters - Centre des Mat\u00e9riaux Mines Paris - PSL\",\"isPartOf\":{\"@id\":\"https:\/\/www.minesparis.psl.eu\/cmat\/#website\"},\"primaryImageOfPage\":{\"@id\":\"https:\/\/www.minesparis.psl.eu\/cmat\/formations\/masters\/#primaryimage\"},\"image\":{\"@id\":\"https:\/\/www.minesparis.psl.eu\/cmat\/formations\/masters\/#primaryimage\"},\"thumbnailUrl\":\"https:\/\/www.minesparis.psl.eu\/cmat\/wp-content\/uploads\/sites\/25\/2025\/04\/Capture-decran-2025-04-24-163522.png\",\"datePublished\":\"2025-02-27T14:48:50+00:00\",\"dateModified\":\"2025-04-24T14:51:54+00:00\",\"breadcrumb\":{\"@id\":\"https:\/\/www.minesparis.psl.eu\/cmat\/formations\/masters\/#breadcrumb\"},\"inLanguage\":\"fr-FR\",\"potentialAction\":[{\"@type\":\"ReadAction\",\"target\":[\"https:\/\/www.minesparis.psl.eu\/cmat\/formations\/masters\/\"]}]},{\"@type\":\"ImageObject\",\"inLanguage\":\"fr-FR\",\"@id\":\"https:\/\/www.minesparis.psl.eu\/cmat\/formations\/masters\/#primaryimage\",\"url\":\"https:\/\/www.minesparis.psl.eu\/cmat\/wp-content\/uploads\/sites\/25\/2025\/04\/Capture-decran-2025-04-24-163522.png\",\"contentUrl\":\"https:\/\/www.minesparis.psl.eu\/cmat\/wp-content\/uploads\/sites\/25\/2025\/04\/Capture-decran-2025-04-24-163522.png\",\"width\":2478,\"height\":1293},{\"@type\":\"BreadcrumbList\",\"@id\":\"https:\/\/www.minesparis.psl.eu\/cmat\/formations\/masters\/#breadcrumb\",\"itemListElement\":[{\"@type\":\"ListItem\",\"position\":1,\"name\":\"Accueil\",\"item\":\"https:\/\/www.minesparis.psl.eu\/cmat\/\"},{\"@type\":\"ListItem\",\"position\":2,\"name\":\"Formations\",\"item\":\"https:\/\/www.minesparis.psl.eu\/cmat\/formations\/\"},{\"@type\":\"ListItem\",\"position\":3,\"name\":\"Masters\"}]},{\"@type\":\"WebSite\",\"@id\":\"https:\/\/www.minesparis.psl.eu\/cmat\/#website\",\"url\":\"https:\/\/www.minesparis.psl.eu\/cmat\/\",\"name\":\"Centre des Mat\u00e9riaux Mines Paris - PSL\",\"description\":\"\",\"publisher\":{\"@id\":\"https:\/\/www.minesparis.psl.eu\/cmat\/#organization\"},\"potentialAction\":[{\"@type\":\"SearchAction\",\"target\":{\"@type\":\"EntryPoint\",\"urlTemplate\":\"https:\/\/www.minesparis.psl.eu\/cmat\/?s={search_term_string}\"},\"query-input\":{\"@type\":\"PropertyValueSpecification\",\"valueRequired\":true,\"valueName\":\"search_term_string\"}}],\"inLanguage\":\"fr-FR\"},{\"@type\":\"Organization\",\"@id\":\"https:\/\/www.minesparis.psl.eu\/cmat\/#organization\",\"name\":\"Centre des Mat\u00e9riaux Mines Paris - PSL\",\"url\":\"https:\/\/www.minesparis.psl.eu\/cmat\/\",\"logo\":{\"@type\":\"ImageObject\",\"inLanguage\":\"fr-FR\",\"@id\":\"https:\/\/www.minesparis.psl.eu\/cmat\/#\/schema\/logo\/image\/\",\"url\":\"https:\/\/www.minesparis.psl.eu\/cmat\/wp-content\/uploads\/sites\/25\/2025\/06\/cropped-Logo-Mines-CNRS-scaled-1.png\",\"contentUrl\":\"https:\/\/www.minesparis.psl.eu\/cmat\/wp-content\/uploads\/sites\/25\/2025\/06\/cropped-Logo-Mines-CNRS-scaled-1.png\",\"width\":2479,\"height\":377,\"caption\":\"Centre des Mat\u00e9riaux Mines Paris - PSL\"},\"image\":{\"@id\":\"https:\/\/www.minesparis.psl.eu\/cmat\/#\/schema\/logo\/image\/\"}}]}<\/script>\n<!-- \/ Yoast SEO plugin. -->","yoast_head_json":{"title":"Masters - Centre des Mat\u00e9riaux Mines Paris - PSL","robots":{"index":"index","follow":"follow","max-snippet":"max-snippet:-1","max-image-preview":"max-image-preview:large","max-video-preview":"max-video-preview:-1"},"canonical":"https:\/\/www.minesparis.psl.eu\/cmat\/formations\/masters\/","og_locale":"fr_FR","og_type":"article","og_title":"Masters - Centre des Mat\u00e9riaux Mines Paris - PSL","og_url":"https:\/\/www.minesparis.psl.eu\/cmat\/formations\/masters\/","og_site_name":"Centre des Mat\u00e9riaux Mines Paris - PSL","article_modified_time":"2025-04-24T14:51:54+00:00","og_image":[{"width":2478,"height":1293,"url":"https:\/\/www.minesparis.psl.eu\/cmat\/wp-content\/uploads\/sites\/25\/2025\/04\/Capture-decran-2025-04-24-163522.png","type":"image\/png"}],"twitter_card":"summary_large_image","schema":{"@context":"https:\/\/schema.org","@graph":[{"@type":"WebPage","@id":"https:\/\/www.minesparis.psl.eu\/cmat\/formations\/masters\/","url":"https:\/\/www.minesparis.psl.eu\/cmat\/formations\/masters\/","name":"Masters - Centre des Mat\u00e9riaux Mines Paris - PSL","isPartOf":{"@id":"https:\/\/www.minesparis.psl.eu\/cmat\/#website"},"primaryImageOfPage":{"@id":"https:\/\/www.minesparis.psl.eu\/cmat\/formations\/masters\/#primaryimage"},"image":{"@id":"https:\/\/www.minesparis.psl.eu\/cmat\/formations\/masters\/#primaryimage"},"thumbnailUrl":"https:\/\/www.minesparis.psl.eu\/cmat\/wp-content\/uploads\/sites\/25\/2025\/04\/Capture-decran-2025-04-24-163522.png","datePublished":"2025-02-27T14:48:50+00:00","dateModified":"2025-04-24T14:51:54+00:00","breadcrumb":{"@id":"https:\/\/www.minesparis.psl.eu\/cmat\/formations\/masters\/#breadcrumb"},"inLanguage":"fr-FR","potentialAction":[{"@type":"ReadAction","target":["https:\/\/www.minesparis.psl.eu\/cmat\/formations\/masters\/"]}]},{"@type":"ImageObject","inLanguage":"fr-FR","@id":"https:\/\/www.minesparis.psl.eu\/cmat\/formations\/masters\/#primaryimage","url":"https:\/\/www.minesparis.psl.eu\/cmat\/wp-content\/uploads\/sites\/25\/2025\/04\/Capture-decran-2025-04-24-163522.png","contentUrl":"https:\/\/www.minesparis.psl.eu\/cmat\/wp-content\/uploads\/sites\/25\/2025\/04\/Capture-decran-2025-04-24-163522.png","width":2478,"height":1293},{"@type":"BreadcrumbList","@id":"https:\/\/www.minesparis.psl.eu\/cmat\/formations\/masters\/#breadcrumb","itemListElement":[{"@type":"ListItem","position":1,"name":"Accueil","item":"https:\/\/www.minesparis.psl.eu\/cmat\/"},{"@type":"ListItem","position":2,"name":"Formations","item":"https:\/\/www.minesparis.psl.eu\/cmat\/formations\/"},{"@type":"ListItem","position":3,"name":"Masters"}]},{"@type":"WebSite","@id":"https:\/\/www.minesparis.psl.eu\/cmat\/#website","url":"https:\/\/www.minesparis.psl.eu\/cmat\/","name":"Centre des Mat\u00e9riaux Mines Paris - PSL","description":"","publisher":{"@id":"https:\/\/www.minesparis.psl.eu\/cmat\/#organization"},"potentialAction":[{"@type":"SearchAction","target":{"@type":"EntryPoint","urlTemplate":"https:\/\/www.minesparis.psl.eu\/cmat\/?s={search_term_string}"},"query-input":{"@type":"PropertyValueSpecification","valueRequired":true,"valueName":"search_term_string"}}],"inLanguage":"fr-FR"},{"@type":"Organization","@id":"https:\/\/www.minesparis.psl.eu\/cmat\/#organization","name":"Centre des Mat\u00e9riaux Mines Paris - PSL","url":"https:\/\/www.minesparis.psl.eu\/cmat\/","logo":{"@type":"ImageObject","inLanguage":"fr-FR","@id":"https:\/\/www.minesparis.psl.eu\/cmat\/#\/schema\/logo\/image\/","url":"https:\/\/www.minesparis.psl.eu\/cmat\/wp-content\/uploads\/sites\/25\/2025\/06\/cropped-Logo-Mines-CNRS-scaled-1.png","contentUrl":"https:\/\/www.minesparis.psl.eu\/cmat\/wp-content\/uploads\/sites\/25\/2025\/06\/cropped-Logo-Mines-CNRS-scaled-1.png","width":2479,"height":377,"caption":"Centre des Mat\u00e9riaux Mines Paris - PSL"},"image":{"@id":"https:\/\/www.minesparis.psl.eu\/cmat\/#\/schema\/logo\/image\/"}}]}},"_links":{"self":[{"href":"https:\/\/www.minesparis.psl.eu\/cmat\/wp-json\/wp\/v2\/pages\/186","targetHints":{"allow":["GET"]}}],"collection":[{"href":"https:\/\/www.minesparis.psl.eu\/cmat\/wp-json\/wp\/v2\/pages"}],"about":[{"href":"https:\/\/www.minesparis.psl.eu\/cmat\/wp-json\/wp\/v2\/types\/page"}],"author":[{"embeddable":true,"href":"https:\/\/www.minesparis.psl.eu\/cmat\/wp-json\/wp\/v2\/users\/4"}],"replies":[{"embeddable":true,"href":"https:\/\/www.minesparis.psl.eu\/cmat\/wp-json\/wp\/v2\/comments?post=186"}],"version-history":[{"count":4,"href":"https:\/\/www.minesparis.psl.eu\/cmat\/wp-json\/wp\/v2\/pages\/186\/revisions"}],"predecessor-version":[{"id":1143,"href":"https:\/\/www.minesparis.psl.eu\/cmat\/wp-json\/wp\/v2\/pages\/186\/revisions\/1143"}],"up":[{"embeddable":true,"href":"https:\/\/www.minesparis.psl.eu\/cmat\/wp-json\/wp\/v2\/pages\/178"}],"wp:featuredmedia":[{"embeddable":true,"href":"https:\/\/www.minesparis.psl.eu\/cmat\/wp-json\/wp\/v2\/media\/1140"}],"wp:attachment":[{"href":"https:\/\/www.minesparis.psl.eu\/cmat\/wp-json\/wp\/v2\/media?parent=186"}],"curies":[{"name":"wp","href":"https:\/\/api.w.org\/{rel}","templated":true}]}}