{"id":184,"date":"2025-02-27T15:48:12","date_gmt":"2025-02-27T14:48:12","guid":{"rendered":"https:\/\/www.minesparis.psl.eu\/cmat\/?page_id=184"},"modified":"2025-09-25T11:23:42","modified_gmt":"2025-09-25T09:23:42","slug":"cycle-ingenieur-civil","status":"publish","type":"page","link":"https:\/\/www.minesparis.psl.eu\/cmat\/formations\/cycle-ingenieur-civil\/","title":{"rendered":"Cycle Ing\u00e9nieur civil"},"content":{"rendered":"\n<div class=\"container bloc-50-50\">\n\t<div class=\"row mt-4\">\n\t\t<div class=\"col-md-6\">\n\t\t\t\t\t<\/div>\n\t\t<div class=\"col-md-6\">\n\t\t\t\t\t<\/div>\n\t<\/div>\n<\/div>\n\n\n<div class=\"container bloc-50-50\">\n\t<div class=\"row mt-4\">\n\t\t<div class=\"col-md-6\">\n\t\t\t<h2>Tronc commun<\/h2>\n<p style=\"text-align: left;\">Les enseignants-chercheurs du Centre des Mat\u00e9riaux interviennent dans plusieurs cours du tronc commun, dont :<\/p>\n<ul>\n<li>M\u00e9canique des Milieux Continus (1\u00e8re ann\u00e9e)<\/li>\n<li>Mat\u00e9riaux pour l&rsquo;ing\u00e9nieur (1\u00e8re ann\u00e9e)<\/li>\n<li>M\u00e9canique des Mat\u00e9riaux Solides (2e ann\u00e9e)<\/li>\n<\/ul>\n\t\t<\/div>\n\t\t<div class=\"col-md-6\">\n\t\t\t<h2>Enseignements sp\u00e9cialis\u00e9s<\/h2>\n<p>Les \u00e9l\u00e8ves b\u00e9n\u00e9ficient de cours avanc\u00e9s, tels que :<\/p>\n<ul>\n<li>Cristallographie<\/li>\n<li>Nanomat\u00e9riaux<\/li>\n<li>Corrosion et durabilit\u00e9 des structures<\/li>\n<li>C\u00e9ramiques, verres et r\u00e9fractaires industriels<\/li>\n<li>\u00c9l\u00e9ments finis<\/li>\n<\/ul>\n\t\t<\/div>\n\t<\/div>\n<\/div>\n\n\n<div class=\"container bloc-50-50\">\n\t<div class=\"row mt-4\">\n\t\t<div class=\"col-md-6\">\n\t\t\t<h2 style=\"text-align: justify;\">Les options<\/h2>\n<h3 style=\"text-align: justify;\">\u00ab Sciences et G\u00e9nie des Mat\u00e9riaux \u00bb<\/h3>\n<p style=\"text-align: justify;\">Le Centre des Mat\u00e9riaux, en partenariat avec le CEMEF (Centre de Mise en Forme des Mat\u00e9riaux), propose cette option qui couvre l\u2019\u00e9tude des mat\u00e9riaux, leur \u00e9laboration et leur mise en forme, et les rend responsables de la conception et de l\u2019am\u00e9lioration des produits industriels.<\/p>\n<h4 style=\"text-align: justify;\">Organisation de l&rsquo;Option<strong><br \/>\n<\/strong><\/h4>\n<ul>\n<li style=\"text-align: justify;\"><strong>2e ann\u00e9e :<\/strong> D\u00e9couverte des mat\u00e9riaux \u00e0 travers des mini-projets en laboratoire, avec des contacts industriels.<\/li>\n<li style=\"text-align: justify;\"><strong>3e ann\u00e9e :<\/strong> Formation compl\u00e9mentaire avec un projet industriel, conf\u00e9rences et visites d\u2019entreprises.<\/li>\n<\/ul>\n\t\t<\/div>\n\t\t<div class=\"col-md-6\">\n\t\t\t<h1><span style=\"color: #ffffff;\">.<\/span><\/h1>\n<h3 style=\"text-align: left;\">\u00ab Science des donn\u00e9es et ing\u00e9nierie computationnelle \u00bb (DisCErN)<\/h3>\n<p style=\"text-align: justify;\">Cette option permet aux \u00e9tudiants d&rsquo;explorer la transformation digitale des m\u00e9tiers de l\u2019ing\u00e9nieur \u00e0 travers la gestion et la valorisation des donn\u00e9es massives, avec un focus sur la m\u00e9canique des milieux continus.<\/p>\n\t\t<\/div>\n\t<\/div>\n<\/div>\n\n\n<div class=\"container block-full-largeur\">\n\t<div class=\"row mt-4\">\n\t\t<div class=\"col-md-12\">\n\t\t\t<hr \/>\n<h3>Le Cycle Ing\u00e9nieur civil \u00e0 Mines Paris &#8211; PSL<\/h3>\n<div class=\"description\">\n<p style=\"text-align: justify;\">Pour\u00a0 Mines Paris \u2013 PSL, former \u00e0 l\u2019ing\u00e9nierie du XXI<sup>e<\/sup> si\u00e8cle, c\u2019est pr\u00e9parer ses dipl\u00f4m\u00e9s \u00e0 devenir acteurs d\u2019un d\u00e9veloppement durable, social et humain et \u00e0 \u00eatre des entrepreneurs de la transformation num\u00e9rique, en France comme \u00e0 l\u2019international.<\/p>\n<p style=\"text-align: justify;\">Pour acc\u00e9der au monde industriel ou tertiaire, d\u00e9velopper une start-up ou s\u2019engager dans un parcours de recherche, les \u00e9l\u00e8ves ing\u00e9nieurs de Mines Paris \u2013 PSL doivent savoir anticiper, pr\u00e9voir et s\u2019adapter, afin de r\u00e9pondre aux grands d\u00e9fis soci\u00e9taux et technologiques de leur \u00e9poque.<\/p>\n<\/div>\n<p style=\"text-align: center;\"><a class=\"button-mines btn-bleu flech lf-blanc\" href=\"https:\/\/www.minesparis.psl.eu\/formations\/le-cycle-ingenieur-civil\/\" target=\"_blank\" rel=\"noopener\">D\u00e9couvrir<\/a><\/p>\n\t\t<\/div>\n\t<\/div>\n<\/div>","protected":false},"excerpt":{"rendered":"","protected":false},"author":4,"featured_media":1100,"parent":178,"menu_order":0,"comment_status":"closed","ping_status":"closed","template":"","meta":{"footnotes":""},"class_list":["post-184","page","type-page","status-publish","has-post-thumbnail","hentry"],"acf":[],"yoast_head":"<!-- This site is optimized with the Yoast SEO plugin v27.2 - https:\/\/yoast.com\/product\/yoast-seo-wordpress\/ -->\n<title>Cycle Ing\u00e9nieur civil - Centre des Mat\u00e9riaux Mines Paris - PSL<\/title>\n<meta name=\"robots\" content=\"index, follow, max-snippet:-1, max-image-preview:large, max-video-preview:-1\" \/>\n<link rel=\"canonical\" href=\"https:\/\/www.minesparis.psl.eu\/cmat\/formations\/cycle-ingenieur-civil\/\" \/>\n<meta property=\"og:locale\" content=\"fr_FR\" \/>\n<meta property=\"og:type\" content=\"article\" \/>\n<meta property=\"og:title\" content=\"Cycle Ing\u00e9nieur civil - Centre des Mat\u00e9riaux Mines Paris - PSL\" \/>\n<meta property=\"og:url\" content=\"https:\/\/www.minesparis.psl.eu\/cmat\/formations\/cycle-ingenieur-civil\/\" \/>\n<meta property=\"og:site_name\" content=\"Centre des Mat\u00e9riaux Mines Paris - PSL\" \/>\n<meta property=\"article:modified_time\" content=\"2025-09-25T09:23:42+00:00\" \/>\n<meta property=\"og:image\" content=\"https:\/\/www.minesparis.psl.eu\/cmat\/wp-content\/uploads\/sites\/25\/2025\/04\/48820763271_b86ae9d1d8_o1-scaled.jpg\" \/>\n\t<meta property=\"og:image:width\" content=\"2560\" \/>\n\t<meta property=\"og:image:height\" content=\"1707\" \/>\n\t<meta property=\"og:image:type\" content=\"image\/jpeg\" \/>\n<meta name=\"twitter:card\" content=\"summary_large_image\" \/>\n<meta name=\"twitter:label1\" content=\"Dur\u00e9e de lecture estim\u00e9e\" \/>\n\t<meta name=\"twitter:data1\" content=\"1 minute\" \/>\n<script type=\"application\/ld+json\" class=\"yoast-schema-graph\">{\"@context\":\"https:\/\/schema.org\",\"@graph\":[{\"@type\":\"WebPage\",\"@id\":\"https:\/\/www.minesparis.psl.eu\/cmat\/formations\/cycle-ingenieur-civil\/\",\"url\":\"https:\/\/www.minesparis.psl.eu\/cmat\/formations\/cycle-ingenieur-civil\/\",\"name\":\"Cycle Ing\u00e9nieur civil - Centre des Mat\u00e9riaux Mines Paris - PSL\",\"isPartOf\":{\"@id\":\"https:\/\/www.minesparis.psl.eu\/cmat\/#website\"},\"primaryImageOfPage\":{\"@id\":\"https:\/\/www.minesparis.psl.eu\/cmat\/formations\/cycle-ingenieur-civil\/#primaryimage\"},\"image\":{\"@id\":\"https:\/\/www.minesparis.psl.eu\/cmat\/formations\/cycle-ingenieur-civil\/#primaryimage\"},\"thumbnailUrl\":\"https:\/\/www.minesparis.psl.eu\/cmat\/wp-content\/uploads\/sites\/25\/2025\/04\/48820763271_b86ae9d1d8_o1-scaled.jpg\",\"datePublished\":\"2025-02-27T14:48:12+00:00\",\"dateModified\":\"2025-09-25T09:23:42+00:00\",\"breadcrumb\":{\"@id\":\"https:\/\/www.minesparis.psl.eu\/cmat\/formations\/cycle-ingenieur-civil\/#breadcrumb\"},\"inLanguage\":\"fr-FR\",\"potentialAction\":[{\"@type\":\"ReadAction\",\"target\":[\"https:\/\/www.minesparis.psl.eu\/cmat\/formations\/cycle-ingenieur-civil\/\"]}]},{\"@type\":\"ImageObject\",\"inLanguage\":\"fr-FR\",\"@id\":\"https:\/\/www.minesparis.psl.eu\/cmat\/formations\/cycle-ingenieur-civil\/#primaryimage\",\"url\":\"https:\/\/www.minesparis.psl.eu\/cmat\/wp-content\/uploads\/sites\/25\/2025\/04\/48820763271_b86ae9d1d8_o1-scaled.jpg\",\"contentUrl\":\"https:\/\/www.minesparis.psl.eu\/cmat\/wp-content\/uploads\/sites\/25\/2025\/04\/48820763271_b86ae9d1d8_o1-scaled.jpg\",\"width\":2560,\"height\":1707},{\"@type\":\"BreadcrumbList\",\"@id\":\"https:\/\/www.minesparis.psl.eu\/cmat\/formations\/cycle-ingenieur-civil\/#breadcrumb\",\"itemListElement\":[{\"@type\":\"ListItem\",\"position\":1,\"name\":\"Accueil\",\"item\":\"https:\/\/www.minesparis.psl.eu\/cmat\/\"},{\"@type\":\"ListItem\",\"position\":2,\"name\":\"Formations\",\"item\":\"https:\/\/www.minesparis.psl.eu\/cmat\/formations\/\"},{\"@type\":\"ListItem\",\"position\":3,\"name\":\"Cycle Ing\u00e9nieur civil\"}]},{\"@type\":\"WebSite\",\"@id\":\"https:\/\/www.minesparis.psl.eu\/cmat\/#website\",\"url\":\"https:\/\/www.minesparis.psl.eu\/cmat\/\",\"name\":\"Centre des Mat\u00e9riaux Mines Paris - PSL\",\"description\":\"\",\"publisher\":{\"@id\":\"https:\/\/www.minesparis.psl.eu\/cmat\/#organization\"},\"potentialAction\":[{\"@type\":\"SearchAction\",\"target\":{\"@type\":\"EntryPoint\",\"urlTemplate\":\"https:\/\/www.minesparis.psl.eu\/cmat\/?s={search_term_string}\"},\"query-input\":{\"@type\":\"PropertyValueSpecification\",\"valueRequired\":true,\"valueName\":\"search_term_string\"}}],\"inLanguage\":\"fr-FR\"},{\"@type\":\"Organization\",\"@id\":\"https:\/\/www.minesparis.psl.eu\/cmat\/#organization\",\"name\":\"Centre des Mat\u00e9riaux Mines Paris - PSL\",\"url\":\"https:\/\/www.minesparis.psl.eu\/cmat\/\",\"logo\":{\"@type\":\"ImageObject\",\"inLanguage\":\"fr-FR\",\"@id\":\"https:\/\/www.minesparis.psl.eu\/cmat\/#\/schema\/logo\/image\/\",\"url\":\"https:\/\/www.minesparis.psl.eu\/cmat\/wp-content\/uploads\/sites\/25\/2025\/06\/cropped-Logo-Mines-CNRS-scaled-1.png\",\"contentUrl\":\"https:\/\/www.minesparis.psl.eu\/cmat\/wp-content\/uploads\/sites\/25\/2025\/06\/cropped-Logo-Mines-CNRS-scaled-1.png\",\"width\":2479,\"height\":377,\"caption\":\"Centre des Mat\u00e9riaux Mines Paris - PSL\"},\"image\":{\"@id\":\"https:\/\/www.minesparis.psl.eu\/cmat\/#\/schema\/logo\/image\/\"}}]}<\/script>\n<!-- \/ Yoast SEO plugin. -->","yoast_head_json":{"title":"Cycle Ing\u00e9nieur civil - Centre des Mat\u00e9riaux Mines Paris - PSL","robots":{"index":"index","follow":"follow","max-snippet":"max-snippet:-1","max-image-preview":"max-image-preview:large","max-video-preview":"max-video-preview:-1"},"canonical":"https:\/\/www.minesparis.psl.eu\/cmat\/formations\/cycle-ingenieur-civil\/","og_locale":"fr_FR","og_type":"article","og_title":"Cycle Ing\u00e9nieur civil - Centre des Mat\u00e9riaux Mines Paris - PSL","og_url":"https:\/\/www.minesparis.psl.eu\/cmat\/formations\/cycle-ingenieur-civil\/","og_site_name":"Centre des Mat\u00e9riaux Mines Paris - PSL","article_modified_time":"2025-09-25T09:23:42+00:00","og_image":[{"width":2560,"height":1707,"url":"https:\/\/www.minesparis.psl.eu\/cmat\/wp-content\/uploads\/sites\/25\/2025\/04\/48820763271_b86ae9d1d8_o1-scaled.jpg","type":"image\/jpeg"}],"twitter_card":"summary_large_image","twitter_misc":{"Dur\u00e9e de lecture estim\u00e9e":"1 minute"},"schema":{"@context":"https:\/\/schema.org","@graph":[{"@type":"WebPage","@id":"https:\/\/www.minesparis.psl.eu\/cmat\/formations\/cycle-ingenieur-civil\/","url":"https:\/\/www.minesparis.psl.eu\/cmat\/formations\/cycle-ingenieur-civil\/","name":"Cycle Ing\u00e9nieur civil - Centre des Mat\u00e9riaux Mines Paris - PSL","isPartOf":{"@id":"https:\/\/www.minesparis.psl.eu\/cmat\/#website"},"primaryImageOfPage":{"@id":"https:\/\/www.minesparis.psl.eu\/cmat\/formations\/cycle-ingenieur-civil\/#primaryimage"},"image":{"@id":"https:\/\/www.minesparis.psl.eu\/cmat\/formations\/cycle-ingenieur-civil\/#primaryimage"},"thumbnailUrl":"https:\/\/www.minesparis.psl.eu\/cmat\/wp-content\/uploads\/sites\/25\/2025\/04\/48820763271_b86ae9d1d8_o1-scaled.jpg","datePublished":"2025-02-27T14:48:12+00:00","dateModified":"2025-09-25T09:23:42+00:00","breadcrumb":{"@id":"https:\/\/www.minesparis.psl.eu\/cmat\/formations\/cycle-ingenieur-civil\/#breadcrumb"},"inLanguage":"fr-FR","potentialAction":[{"@type":"ReadAction","target":["https:\/\/www.minesparis.psl.eu\/cmat\/formations\/cycle-ingenieur-civil\/"]}]},{"@type":"ImageObject","inLanguage":"fr-FR","@id":"https:\/\/www.minesparis.psl.eu\/cmat\/formations\/cycle-ingenieur-civil\/#primaryimage","url":"https:\/\/www.minesparis.psl.eu\/cmat\/wp-content\/uploads\/sites\/25\/2025\/04\/48820763271_b86ae9d1d8_o1-scaled.jpg","contentUrl":"https:\/\/www.minesparis.psl.eu\/cmat\/wp-content\/uploads\/sites\/25\/2025\/04\/48820763271_b86ae9d1d8_o1-scaled.jpg","width":2560,"height":1707},{"@type":"BreadcrumbList","@id":"https:\/\/www.minesparis.psl.eu\/cmat\/formations\/cycle-ingenieur-civil\/#breadcrumb","itemListElement":[{"@type":"ListItem","position":1,"name":"Accueil","item":"https:\/\/www.minesparis.psl.eu\/cmat\/"},{"@type":"ListItem","position":2,"name":"Formations","item":"https:\/\/www.minesparis.psl.eu\/cmat\/formations\/"},{"@type":"ListItem","position":3,"name":"Cycle Ing\u00e9nieur civil"}]},{"@type":"WebSite","@id":"https:\/\/www.minesparis.psl.eu\/cmat\/#website","url":"https:\/\/www.minesparis.psl.eu\/cmat\/","name":"Centre des Mat\u00e9riaux Mines Paris - PSL","description":"","publisher":{"@id":"https:\/\/www.minesparis.psl.eu\/cmat\/#organization"},"potentialAction":[{"@type":"SearchAction","target":{"@type":"EntryPoint","urlTemplate":"https:\/\/www.minesparis.psl.eu\/cmat\/?s={search_term_string}"},"query-input":{"@type":"PropertyValueSpecification","valueRequired":true,"valueName":"search_term_string"}}],"inLanguage":"fr-FR"},{"@type":"Organization","@id":"https:\/\/www.minesparis.psl.eu\/cmat\/#organization","name":"Centre des Mat\u00e9riaux Mines Paris - PSL","url":"https:\/\/www.minesparis.psl.eu\/cmat\/","logo":{"@type":"ImageObject","inLanguage":"fr-FR","@id":"https:\/\/www.minesparis.psl.eu\/cmat\/#\/schema\/logo\/image\/","url":"https:\/\/www.minesparis.psl.eu\/cmat\/wp-content\/uploads\/sites\/25\/2025\/06\/cropped-Logo-Mines-CNRS-scaled-1.png","contentUrl":"https:\/\/www.minesparis.psl.eu\/cmat\/wp-content\/uploads\/sites\/25\/2025\/06\/cropped-Logo-Mines-CNRS-scaled-1.png","width":2479,"height":377,"caption":"Centre des Mat\u00e9riaux Mines Paris - PSL"},"image":{"@id":"https:\/\/www.minesparis.psl.eu\/cmat\/#\/schema\/logo\/image\/"}}]}},"_links":{"self":[{"href":"https:\/\/www.minesparis.psl.eu\/cmat\/wp-json\/wp\/v2\/pages\/184","targetHints":{"allow":["GET"]}}],"collection":[{"href":"https:\/\/www.minesparis.psl.eu\/cmat\/wp-json\/wp\/v2\/pages"}],"about":[{"href":"https:\/\/www.minesparis.psl.eu\/cmat\/wp-json\/wp\/v2\/types\/page"}],"author":[{"embeddable":true,"href":"https:\/\/www.minesparis.psl.eu\/cmat\/wp-json\/wp\/v2\/users\/4"}],"replies":[{"embeddable":true,"href":"https:\/\/www.minesparis.psl.eu\/cmat\/wp-json\/wp\/v2\/comments?post=184"}],"version-history":[{"count":41,"href":"https:\/\/www.minesparis.psl.eu\/cmat\/wp-json\/wp\/v2\/pages\/184\/revisions"}],"predecessor-version":[{"id":1817,"href":"https:\/\/www.minesparis.psl.eu\/cmat\/wp-json\/wp\/v2\/pages\/184\/revisions\/1817"}],"up":[{"embeddable":true,"href":"https:\/\/www.minesparis.psl.eu\/cmat\/wp-json\/wp\/v2\/pages\/178"}],"wp:featuredmedia":[{"embeddable":true,"href":"https:\/\/www.minesparis.psl.eu\/cmat\/wp-json\/wp\/v2\/media\/1100"}],"wp:attachment":[{"href":"https:\/\/www.minesparis.psl.eu\/cmat\/wp-json\/wp\/v2\/media?parent=184"}],"curies":[{"name":"wp","href":"https:\/\/api.w.org\/{rel}","templated":true}]}}