{"id":182,"date":"2025-02-27T15:47:45","date_gmt":"2025-02-27T14:47:45","guid":{"rendered":"https:\/\/www.minesparis.psl.eu\/cmat\/?page_id=182"},"modified":"2026-04-22T11:28:33","modified_gmt":"2026-04-22T09:28:33","slug":"mastere-specialise","status":"publish","type":"page","link":"https:\/\/www.minesparis.psl.eu\/cmat\/formations\/mastere-specialise\/","title":{"rendered":"Mast\u00e8re Sp\u00e9cialis\u00e9 DMS"},"content":{"rendered":"\n<div class=\"container block-full-largeur\">\n\t<div class=\"row mt-4\">\n\t\t<div class=\"col-md-12\">\n\t\t\t<h3>La campagne de recrutement 2026\/2027 est ouverte.<\/h3>\n<h3><a class=\"button-mines btn-bleu\" href=\"https:\/\/dms.mat.minesparis.psl.eu\/Sem2-Stage\/Propositions-2026-2027\/\">SANS APPRENTISSAGE<\/a><\/h3>\n<h3><a class=\"button-mines btn-bleu\" href=\"https:\/\/www.afi24.org\/formations\/expert-en-design-des-materiaux-et-structures\/\">EN APPRENTISSAGE <\/a><em>inscription au RNCP en cours<\/em><\/h3>\n<p>&nbsp;<\/p>\n\t\t<\/div>\n\t<\/div>\n<\/div>\n\n\n<div class=\"container block-full-largeur\">\n\t<div class=\"row mt-4\">\n\t\t<div class=\"col-md-12\">\n\t\t\t<p><\/p>\n<h2 style=\"text-align: left\" data-mce-style=\"text-align: left;\">Une formation de pointe en design des mat\u00e9riaux et des structures<\/h2>\n<p style=\"text-align: justify\" data-mce-style=\"text-align: justify;\">Le Mast\u00e8re Sp\u00e9cialis\u00e9 DMS propose aux \u00e9tudiants un enseignement approfondi couvrant \u00e0 la fois les mat\u00e9riaux et la m\u00e9canique. Les comp\u00e9tences d\u00e9velopp\u00e9es dans ce programme incluent la compr\u00e9hension des propri\u00e9t\u00e9s physiques et m\u00e9caniques des mat\u00e9riaux, le dimensionnement de structures industrielles, et l\u2019analyse des proc\u00e9d\u00e9s de fabrication associ\u00e9s.Les \u00e9tudiants sont form\u00e9s \u00e0 une approche compl\u00e8te de la conception de structures, depuis la s\u00e9lection des mat\u00e9riaux jusqu&rsquo;\u00e0 la mise en \u0153uvre des solutions techniques dans des environnements industriels exigeants.<\/p>\n<p><\/p>\n<p><\/p>\n\t\t<\/div>\n\t<\/div>\n<\/div>\n\n\n<div class=\"container bloc-50-50\">\n\t<div class=\"row mt-4\">\n\t\t<div class=\"col-md-6\">\n\t\t\t<h3 style=\"text-align: justify\">Un programme structur\u00e9 entre enseignement et projet industriel<\/h3>\n<p style=\"text-align: justify\">Le Mast\u00e8re Sp\u00e9cialis\u00e9 DMS se d\u00e9compose en deux semestres. Le premier semestre est d\u00e9di\u00e9 aux enseignements th\u00e9oriques, tandis que le second est orient\u00e9 vers l\u2019application pratique des connaissances acquises au travers d\u2019un projet industriel. Ce projet permet aux \u00e9tudiants de travailler directement avec des entreprises partenaires, contribuant ainsi \u00e0 leur d\u00e9veloppement professionnel et \u00e0 leur compr\u00e9hension des enjeux r\u00e9els du secteur industriel. La formation se termine par la soutenance d&rsquo;une th\u00e8se professionnelle, concr\u00e9tisant l&rsquo;exp\u00e9rience acquise au sein d&rsquo;une entreprise.<\/p>\n\t\t<\/div>\n\t\t<div class=\"col-md-6\">\n\t\t\t<h3 style=\"text-align: left\">Une double sp\u00e9cialisation en m\u00e9canique et mat\u00e9riaux pour r\u00e9pondre aux besoins industriels<\/h3>\n<p style=\"text-align: justify\">Les dipl\u00f4m\u00e9s du Mast\u00e8re Sp\u00e9cialis\u00e9 DMS sont form\u00e9s \u00e0 devenir des experts dans deux domaines compl\u00e9mentaires : la m\u00e9canique des structures et les mat\u00e9riaux. Le programme s&rsquo;adresse \u00e0 des secteurs strat\u00e9giques tels que l\u2019\u00e9nergie (p\u00e9trole, gaz, nucl\u00e9aire, \u00e9nergies renouvelables), l\u2019a\u00e9ronautique, l\u2019automobile, le ferroviaire, l\u2019espace et la micro\u00e9lectronique. En alliant ces deux sp\u00e9cialit\u00e9s, le programme offre une r\u00e9elle valeur ajout\u00e9e \u00e0 l\u2019industrie, en permettant aux \u00e9tudiants de r\u00e9pondre aux d\u00e9fis complexes de conception, de performance et de durabilit\u00e9 des mat\u00e9riaux et des structures.<\/p>\n\t\t<\/div>\n\t<\/div>\n<\/div>\n\n\n<div class=\"container block-full-largeur\">\n\t<div class=\"row mt-4\">\n\t\t<div class=\"col-md-12\">\n\t\t\t<h3>Un partenariat avec les entreprises pour une insertion professionnelle r\u00e9ussie<\/h3>\n<p style=\"text-align: justify\">Les \u00e9tudiants du Mast\u00e8re Sp\u00e9cialis\u00e9 DMS b\u00e9n\u00e9ficient d\u2019un r\u00e9seau solide de partenaires industriels, qui leur offrent des missions professionnelles en entreprise tout au long de la formation. Ces collaborations permettent aux \u00e9tudiants de travailler sur des probl\u00e9matiques concr\u00e8tes, tout en \u00e9tant r\u00e9mun\u00e9r\u00e9s et en ayant leurs frais de formation pris en charge par l\u2019entreprise d\u2019accueil. Ce lien direct avec le monde professionnel facilite leur insertion dans l\u2019industrie \u00e0 l\u2019issue de la formation.<\/p>\n\t\t<\/div>\n\t<\/div>\n<\/div>\n\n\n<div class=\"container bloc-70-30\">\n\t<div class=\"row mt-4\">\n\t\t<div class=\"col-md-8\">\n\t\t\t<h2>D\u00e9tails de la formation<\/h2>\n<ul>\n<li style=\"text-align: left\"><strong>Lieu :<\/strong> Versailles Satory, au Centre des Mat\u00e9riaux (CMAT)<\/li>\n<li style=\"text-align: left\"><strong>Dur\u00e9e :<\/strong> 12 mois<\/li>\n<li style=\"text-align: left\"><strong>Langue :<\/strong> Fran\u00e7ais<\/li>\n<li style=\"text-align: left\"><strong>Co\u00fbt :<\/strong> 20 000\u20ac, pris en charge par l\u2019entreprise d\u2019accueil pour la mission industrielle<\/li>\n<li style=\"text-align: left\"><strong>Admissions :<\/strong>\n<ul>\n<li style=\"text-align: justify\">Le niveau de recrutement pr\u00e9vu est le M2 universitaire, le dipl\u00f4me d&rsquo;ing\u00e9nieur fran\u00e7ais ou tout dipl\u00f4me \u00e9tranger de niveau \u00e9quivalent. Il sera consid\u00e9r\u00e9 favorablement un niveau M1 suivi de quelques ann\u00e9es (minimum trois) d&rsquo;exp\u00e9rience professionnelle.<\/li>\n<li style=\"text-align: justify\">La premi\u00e8re \u00e9tape est une s\u00e9lection sur dossier. En cas d&rsquo;avis favorable, le candidat est convoqu\u00e9 pour une audition. En cas de besoin, le jury pourra organiser une \u00e9preuve sp\u00e9cifique pour \u00e9valuer le niveau du candidat.<\/li>\n<\/ul>\n<\/li>\n<\/ul>\n<p style=\"text-align: center\"><a class=\"button-mines btn-bleu\" href=\"https:\/\/www.afi24.org\/formations\/expert-en-design-des-materiaux-et-structures\/\">Postuler<\/a><\/p>\n<p>&nbsp;<\/p>\n<p>&nbsp;<\/p>\n\t\t<\/div>\n\t\t<div class=\"col-md-4\">\n\t\t\t<p><img loading=\"lazy\" decoding=\"async\" class=\" wp-image-1062 alignright\" src=\"https:\/\/www.minesparis.psl.eu\/cmat\/wp-content\/uploads\/sites\/8\/2025\/04\/Design-des-materiaux-et-des-structures-768x768-1-300x300.jpg\" alt=\"\" width=\"359\" height=\"359\" srcset=\"https:\/\/www.minesparis.psl.eu\/cmat\/wp-content\/uploads\/sites\/25\/2025\/04\/Design-des-materiaux-et-des-structures-768x768-1-300x300.jpg 300w, https:\/\/www.minesparis.psl.eu\/cmat\/wp-content\/uploads\/sites\/25\/2025\/04\/Design-des-materiaux-et-des-structures-768x768-1-150x150.jpg 150w, https:\/\/www.minesparis.psl.eu\/cmat\/wp-content\/uploads\/sites\/25\/2025\/04\/Design-des-materiaux-et-des-structures-768x768-1.jpg 768w\" sizes=\"auto, (max-width: 359px) 100vw, 359px\" \/><\/p>\n\t\t<\/div>\n\t<\/div>\n<\/div>","protected":false},"excerpt":{"rendered":"","protected":false},"author":4,"featured_media":2021,"parent":178,"menu_order":0,"comment_status":"closed","ping_status":"closed","template":"","meta":{"footnotes":""},"class_list":["post-182","page","type-page","status-publish","has-post-thumbnail","hentry"],"acf":[],"yoast_head":"<!-- This site is optimized with the Yoast SEO plugin v27.2 - https:\/\/yoast.com\/product\/yoast-seo-wordpress\/ -->\n<title>Mast\u00e8re Sp\u00e9cialis\u00e9 DMS - Centre des Mat\u00e9riaux Mines Paris - PSL<\/title>\n<meta name=\"robots\" content=\"index, follow, max-snippet:-1, max-image-preview:large, max-video-preview:-1\" \/>\n<link rel=\"canonical\" href=\"https:\/\/www.minesparis.psl.eu\/cmat\/formations\/mastere-specialise\/\" \/>\n<meta property=\"og:locale\" content=\"fr_FR\" \/>\n<meta property=\"og:type\" content=\"article\" \/>\n<meta property=\"og:title\" content=\"Mast\u00e8re Sp\u00e9cialis\u00e9 DMS - Centre des Mat\u00e9riaux Mines Paris - PSL\" \/>\n<meta property=\"og:url\" content=\"https:\/\/www.minesparis.psl.eu\/cmat\/formations\/mastere-specialise\/\" \/>\n<meta property=\"og:site_name\" content=\"Centre des Mat\u00e9riaux Mines Paris - PSL\" \/>\n<meta property=\"article:modified_time\" content=\"2026-04-22T09:28:33+00:00\" \/>\n<meta property=\"og:image\" content=\"https:\/\/www.minesparis.psl.eu\/cmat\/wp-content\/uploads\/sites\/25\/2026\/03\/20260325_140445-scaled.jpg\" \/>\n\t<meta property=\"og:image:width\" content=\"1920\" \/>\n\t<meta property=\"og:image:height\" content=\"2560\" \/>\n\t<meta property=\"og:image:type\" content=\"image\/jpeg\" \/>\n<meta name=\"twitter:card\" content=\"summary_large_image\" \/>\n<meta name=\"twitter:label1\" content=\"Dur\u00e9e de lecture estim\u00e9e\" \/>\n\t<meta name=\"twitter:data1\" content=\"1 minute\" \/>\n<script type=\"application\/ld+json\" class=\"yoast-schema-graph\">{\"@context\":\"https:\/\/schema.org\",\"@graph\":[{\"@type\":\"WebPage\",\"@id\":\"https:\/\/www.minesparis.psl.eu\/cmat\/formations\/mastere-specialise\/\",\"url\":\"https:\/\/www.minesparis.psl.eu\/cmat\/formations\/mastere-specialise\/\",\"name\":\"Mast\u00e8re Sp\u00e9cialis\u00e9 DMS - Centre des Mat\u00e9riaux Mines Paris - PSL\",\"isPartOf\":{\"@id\":\"https:\/\/www.minesparis.psl.eu\/cmat\/#website\"},\"primaryImageOfPage\":{\"@id\":\"https:\/\/www.minesparis.psl.eu\/cmat\/formations\/mastere-specialise\/#primaryimage\"},\"image\":{\"@id\":\"https:\/\/www.minesparis.psl.eu\/cmat\/formations\/mastere-specialise\/#primaryimage\"},\"thumbnailUrl\":\"https:\/\/www.minesparis.psl.eu\/cmat\/wp-content\/uploads\/sites\/25\/2026\/03\/20260325_140445-scaled.jpg\",\"datePublished\":\"2025-02-27T14:47:45+00:00\",\"dateModified\":\"2026-04-22T09:28:33+00:00\",\"breadcrumb\":{\"@id\":\"https:\/\/www.minesparis.psl.eu\/cmat\/formations\/mastere-specialise\/#breadcrumb\"},\"inLanguage\":\"fr-FR\",\"potentialAction\":[{\"@type\":\"ReadAction\",\"target\":[\"https:\/\/www.minesparis.psl.eu\/cmat\/formations\/mastere-specialise\/\"]}]},{\"@type\":\"ImageObject\",\"inLanguage\":\"fr-FR\",\"@id\":\"https:\/\/www.minesparis.psl.eu\/cmat\/formations\/mastere-specialise\/#primaryimage\",\"url\":\"https:\/\/www.minesparis.psl.eu\/cmat\/wp-content\/uploads\/sites\/25\/2026\/03\/20260325_140445-scaled.jpg\",\"contentUrl\":\"https:\/\/www.minesparis.psl.eu\/cmat\/wp-content\/uploads\/sites\/25\/2026\/03\/20260325_140445-scaled.jpg\",\"width\":1920,\"height\":2560},{\"@type\":\"BreadcrumbList\",\"@id\":\"https:\/\/www.minesparis.psl.eu\/cmat\/formations\/mastere-specialise\/#breadcrumb\",\"itemListElement\":[{\"@type\":\"ListItem\",\"position\":1,\"name\":\"Accueil\",\"item\":\"https:\/\/www.minesparis.psl.eu\/cmat\/\"},{\"@type\":\"ListItem\",\"position\":2,\"name\":\"Formations\",\"item\":\"https:\/\/www.minesparis.psl.eu\/cmat\/formations\/\"},{\"@type\":\"ListItem\",\"position\":3,\"name\":\"Mast\u00e8re Sp\u00e9cialis\u00e9 DMS\"}]},{\"@type\":\"WebSite\",\"@id\":\"https:\/\/www.minesparis.psl.eu\/cmat\/#website\",\"url\":\"https:\/\/www.minesparis.psl.eu\/cmat\/\",\"name\":\"Centre des Mat\u00e9riaux Mines Paris - PSL\",\"description\":\"\",\"publisher\":{\"@id\":\"https:\/\/www.minesparis.psl.eu\/cmat\/#organization\"},\"potentialAction\":[{\"@type\":\"SearchAction\",\"target\":{\"@type\":\"EntryPoint\",\"urlTemplate\":\"https:\/\/www.minesparis.psl.eu\/cmat\/?s={search_term_string}\"},\"query-input\":{\"@type\":\"PropertyValueSpecification\",\"valueRequired\":true,\"valueName\":\"search_term_string\"}}],\"inLanguage\":\"fr-FR\"},{\"@type\":\"Organization\",\"@id\":\"https:\/\/www.minesparis.psl.eu\/cmat\/#organization\",\"name\":\"Centre des Mat\u00e9riaux Mines Paris - PSL\",\"url\":\"https:\/\/www.minesparis.psl.eu\/cmat\/\",\"logo\":{\"@type\":\"ImageObject\",\"inLanguage\":\"fr-FR\",\"@id\":\"https:\/\/www.minesparis.psl.eu\/cmat\/#\/schema\/logo\/image\/\",\"url\":\"https:\/\/www.minesparis.psl.eu\/cmat\/wp-content\/uploads\/sites\/25\/2025\/06\/cropped-Logo-Mines-CNRS-scaled-1.png\",\"contentUrl\":\"https:\/\/www.minesparis.psl.eu\/cmat\/wp-content\/uploads\/sites\/25\/2025\/06\/cropped-Logo-Mines-CNRS-scaled-1.png\",\"width\":2479,\"height\":377,\"caption\":\"Centre des Mat\u00e9riaux Mines Paris - PSL\"},\"image\":{\"@id\":\"https:\/\/www.minesparis.psl.eu\/cmat\/#\/schema\/logo\/image\/\"}}]}<\/script>\n<!-- \/ Yoast SEO plugin. -->","yoast_head_json":{"title":"Mast\u00e8re Sp\u00e9cialis\u00e9 DMS - Centre des Mat\u00e9riaux Mines Paris - PSL","robots":{"index":"index","follow":"follow","max-snippet":"max-snippet:-1","max-image-preview":"max-image-preview:large","max-video-preview":"max-video-preview:-1"},"canonical":"https:\/\/www.minesparis.psl.eu\/cmat\/formations\/mastere-specialise\/","og_locale":"fr_FR","og_type":"article","og_title":"Mast\u00e8re Sp\u00e9cialis\u00e9 DMS - Centre des Mat\u00e9riaux Mines Paris - PSL","og_url":"https:\/\/www.minesparis.psl.eu\/cmat\/formations\/mastere-specialise\/","og_site_name":"Centre des Mat\u00e9riaux Mines Paris - PSL","article_modified_time":"2026-04-22T09:28:33+00:00","og_image":[{"width":1920,"height":2560,"url":"https:\/\/www.minesparis.psl.eu\/cmat\/wp-content\/uploads\/sites\/25\/2026\/03\/20260325_140445-scaled.jpg","type":"image\/jpeg"}],"twitter_card":"summary_large_image","twitter_misc":{"Dur\u00e9e de lecture estim\u00e9e":"1 minute"},"schema":{"@context":"https:\/\/schema.org","@graph":[{"@type":"WebPage","@id":"https:\/\/www.minesparis.psl.eu\/cmat\/formations\/mastere-specialise\/","url":"https:\/\/www.minesparis.psl.eu\/cmat\/formations\/mastere-specialise\/","name":"Mast\u00e8re Sp\u00e9cialis\u00e9 DMS - Centre des Mat\u00e9riaux Mines Paris - PSL","isPartOf":{"@id":"https:\/\/www.minesparis.psl.eu\/cmat\/#website"},"primaryImageOfPage":{"@id":"https:\/\/www.minesparis.psl.eu\/cmat\/formations\/mastere-specialise\/#primaryimage"},"image":{"@id":"https:\/\/www.minesparis.psl.eu\/cmat\/formations\/mastere-specialise\/#primaryimage"},"thumbnailUrl":"https:\/\/www.minesparis.psl.eu\/cmat\/wp-content\/uploads\/sites\/25\/2026\/03\/20260325_140445-scaled.jpg","datePublished":"2025-02-27T14:47:45+00:00","dateModified":"2026-04-22T09:28:33+00:00","breadcrumb":{"@id":"https:\/\/www.minesparis.psl.eu\/cmat\/formations\/mastere-specialise\/#breadcrumb"},"inLanguage":"fr-FR","potentialAction":[{"@type":"ReadAction","target":["https:\/\/www.minesparis.psl.eu\/cmat\/formations\/mastere-specialise\/"]}]},{"@type":"ImageObject","inLanguage":"fr-FR","@id":"https:\/\/www.minesparis.psl.eu\/cmat\/formations\/mastere-specialise\/#primaryimage","url":"https:\/\/www.minesparis.psl.eu\/cmat\/wp-content\/uploads\/sites\/25\/2026\/03\/20260325_140445-scaled.jpg","contentUrl":"https:\/\/www.minesparis.psl.eu\/cmat\/wp-content\/uploads\/sites\/25\/2026\/03\/20260325_140445-scaled.jpg","width":1920,"height":2560},{"@type":"BreadcrumbList","@id":"https:\/\/www.minesparis.psl.eu\/cmat\/formations\/mastere-specialise\/#breadcrumb","itemListElement":[{"@type":"ListItem","position":1,"name":"Accueil","item":"https:\/\/www.minesparis.psl.eu\/cmat\/"},{"@type":"ListItem","position":2,"name":"Formations","item":"https:\/\/www.minesparis.psl.eu\/cmat\/formations\/"},{"@type":"ListItem","position":3,"name":"Mast\u00e8re Sp\u00e9cialis\u00e9 DMS"}]},{"@type":"WebSite","@id":"https:\/\/www.minesparis.psl.eu\/cmat\/#website","url":"https:\/\/www.minesparis.psl.eu\/cmat\/","name":"Centre des Mat\u00e9riaux Mines Paris - PSL","description":"","publisher":{"@id":"https:\/\/www.minesparis.psl.eu\/cmat\/#organization"},"potentialAction":[{"@type":"SearchAction","target":{"@type":"EntryPoint","urlTemplate":"https:\/\/www.minesparis.psl.eu\/cmat\/?s={search_term_string}"},"query-input":{"@type":"PropertyValueSpecification","valueRequired":true,"valueName":"search_term_string"}}],"inLanguage":"fr-FR"},{"@type":"Organization","@id":"https:\/\/www.minesparis.psl.eu\/cmat\/#organization","name":"Centre des Mat\u00e9riaux Mines Paris - PSL","url":"https:\/\/www.minesparis.psl.eu\/cmat\/","logo":{"@type":"ImageObject","inLanguage":"fr-FR","@id":"https:\/\/www.minesparis.psl.eu\/cmat\/#\/schema\/logo\/image\/","url":"https:\/\/www.minesparis.psl.eu\/cmat\/wp-content\/uploads\/sites\/25\/2025\/06\/cropped-Logo-Mines-CNRS-scaled-1.png","contentUrl":"https:\/\/www.minesparis.psl.eu\/cmat\/wp-content\/uploads\/sites\/25\/2025\/06\/cropped-Logo-Mines-CNRS-scaled-1.png","width":2479,"height":377,"caption":"Centre des Mat\u00e9riaux Mines Paris - PSL"},"image":{"@id":"https:\/\/www.minesparis.psl.eu\/cmat\/#\/schema\/logo\/image\/"}}]}},"_links":{"self":[{"href":"https:\/\/www.minesparis.psl.eu\/cmat\/wp-json\/wp\/v2\/pages\/182","targetHints":{"allow":["GET"]}}],"collection":[{"href":"https:\/\/www.minesparis.psl.eu\/cmat\/wp-json\/wp\/v2\/pages"}],"about":[{"href":"https:\/\/www.minesparis.psl.eu\/cmat\/wp-json\/wp\/v2\/types\/page"}],"author":[{"embeddable":true,"href":"https:\/\/www.minesparis.psl.eu\/cmat\/wp-json\/wp\/v2\/users\/4"}],"replies":[{"embeddable":true,"href":"https:\/\/www.minesparis.psl.eu\/cmat\/wp-json\/wp\/v2\/comments?post=182"}],"version-history":[{"count":60,"href":"https:\/\/www.minesparis.psl.eu\/cmat\/wp-json\/wp\/v2\/pages\/182\/revisions"}],"predecessor-version":[{"id":2125,"href":"https:\/\/www.minesparis.psl.eu\/cmat\/wp-json\/wp\/v2\/pages\/182\/revisions\/2125"}],"up":[{"embeddable":true,"href":"https:\/\/www.minesparis.psl.eu\/cmat\/wp-json\/wp\/v2\/pages\/178"}],"wp:featuredmedia":[{"embeddable":true,"href":"https:\/\/www.minesparis.psl.eu\/cmat\/wp-json\/wp\/v2\/media\/2021"}],"wp:attachment":[{"href":"https:\/\/www.minesparis.psl.eu\/cmat\/wp-json\/wp\/v2\/media?parent=182"}],"curies":[{"name":"wp","href":"https:\/\/api.w.org\/{rel}","templated":true}]}}