{"id":176,"date":"2025-02-27T15:46:20","date_gmt":"2025-02-27T14:46:20","guid":{"rendered":"https:\/\/www.minesparis.psl.eu\/cmat\/?page_id=176"},"modified":"2025-09-11T10:53:36","modified_gmt":"2025-09-11T08:53:36","slug":"support-en-informatique-scientifique-et-developpement","status":"publish","type":"page","link":"https:\/\/www.minesparis.psl.eu\/cmat\/plateformes-techniques\/support-en-informatique-scientifique-et-developpement\/","title":{"rendered":"Support en Informatique Scientifique et DEVeloppement"},"content":{"rendered":"\n<div class=\"container block-full-largeur\">\n\t<div class=\"row mt-4\">\n\t\t<div class=\"col-md-12\">\n\t\t\t<h2 style=\"text-align: justify;\">Fournir un cadre technique optimal pour les chercheurs et les partenaires industriels<\/h2>\n<h3 style=\"text-align: justify;\">En assurant l\u2019int\u00e9gration des outils informatiques dans les projets scientifiques<\/h3>\n<p style=\"text-align: justify;\">Que ce soit pour des simulations num\u00e9riques, des mod\u00e9lisations thermiques ou m\u00e9caniques, ou encore pour le d\u00e9veloppement de logiciels d\u00e9di\u00e9s, SISDEV propose des solutions adapt\u00e9es aux d\u00e9fis contemporains de la recherche en mat\u00e9riaux. La plateforme offre un ensemble de services li\u00e9s \u00e0 l&rsquo;informatique scientifique, la simulation num\u00e9rique et le d\u00e9veloppement logiciel :<\/p>\n\t\t<\/div>\n\t<\/div>\n<\/div>\n\n\n<div class=\"container bloc-50-50\">\n\t<div class=\"row mt-4\">\n\t\t<div class=\"col-md-6\">\n\t\t\t<ul>\n<li style=\"text-align: justify;\"><span style=\"color: #015d9e;\"><strong>D\u00e9veloppement et int\u00e9gration de logiciels scientifiques<\/strong> :<\/span> la plateforme aide les chercheurs dans le d\u00e9veloppement d&rsquo;outils logiciels sp\u00e9cifiques aux besoins de leurs projets, que ce soit pour la simulation de mat\u00e9riaux, la mod\u00e9lisation de structures complexes, ou l&rsquo;analyse de donn\u00e9es exp\u00e9rimentales.<\/li>\n<li style=\"text-align: justify;\"><span style=\"color: #015d9e;\"><strong>Simulation num\u00e9rique<\/strong> :<\/span> mise en \u0153uvre de techniques de calcul avanc\u00e9es pour la mod\u00e9lisation de comportements thermiques, m\u00e9caniques, ou \u00e9lectromagn\u00e9tiques des mat\u00e9riaux. SISDEV utilise des logiciels de simulation pour \u00e9tudier les propri\u00e9t\u00e9s des mat\u00e9riaux dans des conditions vari\u00e9es, telles que la r\u00e9sistance \u00e0 la chaleur, les contraintes m\u00e9caniques, ou la diffusion des gaz.<\/li>\n<\/ul>\n\t\t<\/div>\n\t\t<div class=\"col-md-6\">\n\t\t\t<ul>\n<li style=\"text-align: justify;\"><span style=\"color: #015d9e;\"><strong>Support \u00e0 la mod\u00e9lisation et \u00e0 l&rsquo;analyse des donn\u00e9es<\/strong> :<\/span> aide \u00e0 la cr\u00e9ation et \u00e0 l&rsquo;optimisation de mod\u00e8les math\u00e9matiques pour mieux comprendre les ph\u00e9nom\u00e8nes \u00e9tudi\u00e9s, ainsi qu\u2019\u00e0 l\u2019analyse des donn\u00e9es exp\u00e9rimentales pour en extraire des r\u00e9sultats significatifs.<\/li>\n<li style=\"text-align: justify;\"><span style=\"color: #015d9e;\"><strong>Formation et transfert de comp\u00e9tences<\/strong> :<\/span> formation continue pour les chercheurs et les \u00e9tudiants sur les outils de simulation et les bonnes pratiques en informatique scientifique, tout en favorisant le transfert de comp\u00e9tences vers les partenaires industriels.<\/li>\n<\/ul>\n\t\t<\/div>\n\t<\/div>\n<\/div>\n\n\n<div class=\"container block-full-largeur\">\n\t<div class=\"row mt-4\">\n\t\t<div class=\"col-md-12\">\n\t\t\t<p><img loading=\"lazy\" decoding=\"async\" class=\"wp-image-915 aligncenter\" src=\"https:\/\/www.minesparis.psl.eu\/cmat\/wp-content\/uploads\/sites\/8\/2025\/04\/sisdev-1200x200-1-300x50.webp\" alt=\"\" width=\"1042\" height=\"173\" srcset=\"https:\/\/www.minesparis.psl.eu\/cmat\/wp-content\/uploads\/sites\/25\/2025\/04\/sisdev-1200x200-1-300x50.webp 300w, https:\/\/www.minesparis.psl.eu\/cmat\/wp-content\/uploads\/sites\/25\/2025\/04\/sisdev-1200x200-1-1024x171.webp 1024w, https:\/\/www.minesparis.psl.eu\/cmat\/wp-content\/uploads\/sites\/25\/2025\/04\/sisdev-1200x200-1-768x128.webp 768w, https:\/\/www.minesparis.psl.eu\/cmat\/wp-content\/uploads\/sites\/25\/2025\/04\/sisdev-1200x200-1.webp 1200w\" sizes=\"auto, (max-width: 1042px) 100vw, 1042px\" \/><\/p>\n<p>&nbsp;<\/p>\n<h2>Les moyens techniques<\/h2>\n\t\t<\/div>\n\t<\/div>\n<\/div>\n\n\n<div class=\"container bloc-30-30-30\">\n\t<div class=\"row mt-4\">\n\t\t<div class=\"col-md-4\">\n\t\t\t<h3 style=\"text-align: center;\">Infrastructures de calcul haute performance (HPC)<\/h3>\n<p style=\"text-align: center;\"><em>Utilisation de clusters de calculs et de serveurs d\u00e9di\u00e9s pour effectuer des simulations num\u00e9riques complexes, permettant de traiter de grandes quantit\u00e9s de donn\u00e9es et de r\u00e9aliser des calculs exigeants en termes de ressources.<\/em><\/p>\n\t\t<\/div>\n\t\t<div class=\"col-md-4\">\n\t\t\t<h3 style=\"text-align: center;\">Logiciels de simulation scientifique<\/h3>\n<p style=\"text-align: center;\"><em>SISDEV dispose de licences pour des logiciels sp\u00e9cialis\u00e9s dans la mod\u00e9lisation et la simulation, tels que COMSOL Multiphysics, ANSYS, ABAQUS, et d&rsquo;autres outils sp\u00e9cialis\u00e9s dans la m\u00e9canique des mat\u00e9riaux et la simulation thermique.<\/em><\/p>\n\t\t<\/div>\n\t\t<div class=\"col-md-4\">\n\t\t\t<h3 style=\"text-align: center;\">Outils de d\u00e9veloppement<\/h3>\n<p style=\"text-align: center;\"><em>En fonction des projets, des outils de d\u00e9veloppement sp\u00e9cifiques sont utilis\u00e9s pour la cr\u00e9ation de logiciels adapt\u00e9s, en utilisant des langages comme Python, C++, ou Matlab.<\/em><\/p>\n\t\t<\/div>\n\t<\/div>\n<\/div>\n\n\n<div class=\"container block-full-largeur\">\n\t<div class=\"row mt-4\">\n\t\t<div class=\"col-md-12\">\n\t\t\t<h2 style=\"text-align: justify;\">Applications et r\u00e9alisations de la plateforme SISDEV<\/h2>\n<p style=\"text-align: justify;\">Les recherches men\u00e9es au sein du Centre des Mat\u00e9riaux, soutenues par la plateforme SISDEV, couvrent un large \u00e9ventail de domaines, de la m\u00e9canique des mat\u00e9riaux \u00e0 l&rsquo;optimisation de structures complexes. Exemples d\u2019applications concr\u00e8tes de la plateforme :<\/p>\n\t\t<\/div>\n\t<\/div>\n<\/div>\n\n\n<div class=\"container bloc-70-30\">\n\t<div class=\"row mt-4\">\n\t\t<div class=\"col-md-8\">\n\t\t\t<ul>\n<li style=\"text-align: justify;\"><strong>Optimisation des mat\u00e9riaux pour l\u2019a\u00e9ronautique<\/strong> : mod\u00e9lisation du comportement des mat\u00e9riaux sous des contraintes thermiques et m\u00e9caniques pour optimiser les performances des pi\u00e8ces utilis\u00e9es dans les moteurs d&rsquo;avion.<\/li>\n<li style=\"text-align: justify;\"><strong>Mod\u00e9lisation des processus de fabrication<\/strong> : simulation des proc\u00e9d\u00e9s de fabrication (comme la fabrication additive ou le moulage) pour pr\u00e9dire les comportements des mat\u00e9riaux et identifier les meilleures pratiques pour am\u00e9liorer la qualit\u00e9 et r\u00e9duire les co\u00fbts.<\/li>\n<li style=\"text-align: justify;\"><strong>\u00c9tudes thermiques et m\u00e9caniques de structures<\/strong> : utilisation des outils de simulation pour \u00e9tudier la r\u00e9sistance \u00e0 la fatigue thermique et m\u00e9canique des composants m\u00e9talliques et composites, et pr\u00e9voir leur dur\u00e9e de vie dans des conditions extr\u00eames.<\/li>\n<\/ul>\n\t\t<\/div>\n\t\t<div class=\"col-md-4\">\n\t\t\t<p style=\"text-align: justify;\"><img loading=\"lazy\" decoding=\"async\" class=\" wp-image-917 alignright\" src=\"https:\/\/www.minesparis.psl.eu\/cmat\/wp-content\/uploads\/sites\/8\/2025\/04\/58-alpha-beta-B3-SF-284x300.jpg\" alt=\"\" width=\"290\" height=\"307\" srcset=\"https:\/\/www.minesparis.psl.eu\/cmat\/wp-content\/uploads\/sites\/25\/2025\/04\/58-alpha-beta-B3-SF-284x300.jpg 284w, https:\/\/www.minesparis.psl.eu\/cmat\/wp-content\/uploads\/sites\/25\/2025\/04\/58-alpha-beta-B3-SF.jpg 579w\" sizes=\"auto, (max-width: 290px) 100vw, 290px\" \/><\/p>\n\t\t<\/div>\n\t<\/div>\n<\/div>\n\n\n<div class=\"container block-full-largeur\">\n\t<div class=\"row mt-4\">\n\t\t<div class=\"col-md-12\">\n\t\t\t<h2 style=\"text-align: justify;\">Les nouveaut\u00e9s de la plateforme SISDEV<\/h2>\n\t\t<\/div>\n\t<\/div>\n<\/div>\n\n\n<div class=\"container bloc-25-75\">\n\t<div class=\"row mt-4\">\n\t\t<div class=\"col-md-3\">\n\t\t\t<p><img loading=\"lazy\" decoding=\"async\" class=\"alignnone wp-image-710\" src=\"https:\/\/www.minesparis.psl.eu\/cmat\/wp-content\/uploads\/sites\/8\/2025\/04\/SISDEV-1-300x300.jpg\" alt=\"\" width=\"274\" height=\"274\" srcset=\"https:\/\/www.minesparis.psl.eu\/cmat\/wp-content\/uploads\/sites\/25\/2025\/04\/SISDEV-1-300x300.jpg 300w, https:\/\/www.minesparis.psl.eu\/cmat\/wp-content\/uploads\/sites\/25\/2025\/04\/SISDEV-1-150x150.jpg 150w, https:\/\/www.minesparis.psl.eu\/cmat\/wp-content\/uploads\/sites\/25\/2025\/04\/SISDEV-1.jpg 500w\" sizes=\"auto, (max-width: 274px) 100vw, 274px\" \/><\/p>\n\t\t<\/div>\n\t\t<div class=\"col-md-9\">\n\t\t\t<p style=\"text-align: justify;\">La plateforme SISDEV ne cesse d&rsquo;\u00e9voluer pour suivre les derni\u00e8res avanc\u00e9es dans le domaine du calcul scientifique et du d\u00e9veloppement logiciel. Parmi les nouveaut\u00e9s qui enrichissent les capacit\u00e9s de la plateforme, on peut citer :<\/p>\n<ul>\n<li style=\"text-align: justify;\"><strong>Int\u00e9gration des calculs en parall\u00e8le et distribu\u00e9s<\/strong> : d\u00e9veloppement d&rsquo;outils permettant de r\u00e9partir les calculs entre plusieurs machines pour am\u00e9liorer les performances et r\u00e9duire les temps de simulation.<\/li>\n<li style=\"text-align: justify;\"><strong>Optimisation des algorithmes de simulation<\/strong> : am\u00e9lioration des algorithmes utilis\u00e9s pour la simulation des mat\u00e9riaux, avec l&rsquo;int\u00e9gration de m\u00e9thodes plus pr\u00e9cises et plus rapides, ce qui permet des analyses plus approfondies en moins de temps.<\/li>\n<li style=\"text-align: justify;\"><strong>D\u00e9veloppement de nouveaux outils de mod\u00e9lisation<\/strong> : cr\u00e9ation de nouveaux outils logiciels adapt\u00e9s \u00e0 des projets sp\u00e9cifiques, avec un accent particulier sur les mat\u00e9riaux de nouvelle g\u00e9n\u00e9ration et les proc\u00e9d\u00e9s de fabrication innovants.<\/li>\n<\/ul>\n\t\t<\/div>\n\t<\/div>\n<\/div>\n\n\n<div class=\"container block-full-largeur\">\n\t<div class=\"row mt-4\">\n\t\t<div class=\"col-md-12\">\n\t\t\t<hr \/>\n<h2>Services pour les entreprises<\/h2>\n<p style=\"text-align: justify;\">La plateforme SISDEV propose des services adapt\u00e9s aux besoins des entreprises, notamment dans le cadre de projets de R&amp;D collaboratifs. Les entreprises peuvent b\u00e9n\u00e9ficier de l&rsquo;expertise en simulation num\u00e9rique et en d\u00e9veloppement logiciel pour optimiser leurs processus de fabrication, am\u00e9liorer la performance de leurs produits ou encore simuler des conditions de fonctionnement dans des environnements extr\u00eames. La plateforme SISDEV est disponible pour toute demande d&rsquo;information, collaboration ou projet sp\u00e9cifique :<\/p>\n<p style=\"text-align: center;\"><a class=\"button-mines btn-noir flech lf-blanc\" href=\"https:\/\/www.minesparis.psl.eu\/cmat\/contact\/\" target=\"_blank\" rel=\"noopener\">Contact<\/a><\/p>\n\t\t<\/div>\n\t<\/div>\n<\/div>","protected":false},"excerpt":{"rendered":"","protected":false},"author":4,"featured_media":488,"parent":168,"menu_order":0,"comment_status":"closed","ping_status":"closed","template":"","meta":{"footnotes":""},"class_list":["post-176","page","type-page","status-publish","has-post-thumbnail","hentry"],"acf":[],"yoast_head":"<!-- This site is optimized with the Yoast SEO plugin v27.2 - https:\/\/yoast.com\/product\/yoast-seo-wordpress\/ -->\n<title>Support en Informatique Scientifique et DEVeloppement - Centre des Mat\u00e9riaux Mines Paris - PSL<\/title>\n<meta name=\"robots\" content=\"index, follow, max-snippet:-1, max-image-preview:large, max-video-preview:-1\" \/>\n<link rel=\"canonical\" href=\"https:\/\/www.minesparis.psl.eu\/cmat\/plateformes-techniques\/support-en-informatique-scientifique-et-developpement\/\" \/>\n<meta property=\"og:locale\" content=\"fr_FR\" \/>\n<meta property=\"og:type\" content=\"article\" \/>\n<meta property=\"og:title\" content=\"Support en Informatique Scientifique et DEVeloppement - Centre des Mat\u00e9riaux Mines Paris - PSL\" \/>\n<meta property=\"og:url\" content=\"https:\/\/www.minesparis.psl.eu\/cmat\/plateformes-techniques\/support-en-informatique-scientifique-et-developpement\/\" \/>\n<meta property=\"og:site_name\" content=\"Centre des Mat\u00e9riaux Mines Paris - PSL\" \/>\n<meta property=\"article:modified_time\" content=\"2025-09-11T08:53:36+00:00\" \/>\n<meta property=\"og:image\" content=\"https:\/\/www.minesparis.psl.eu\/cmat\/wp-content\/uploads\/sites\/25\/2025\/04\/2807-RECHERCHE-BDEF.jpg\" \/>\n\t<meta property=\"og:image:width\" content=\"544\" \/>\n\t<meta property=\"og:image:height\" content=\"267\" \/>\n\t<meta property=\"og:image:type\" content=\"image\/jpeg\" \/>\n<meta name=\"twitter:card\" content=\"summary_large_image\" \/>\n<script type=\"application\/ld+json\" class=\"yoast-schema-graph\">{\"@context\":\"https:\/\/schema.org\",\"@graph\":[{\"@type\":\"WebPage\",\"@id\":\"https:\/\/www.minesparis.psl.eu\/cmat\/plateformes-techniques\/support-en-informatique-scientifique-et-developpement\/\",\"url\":\"https:\/\/www.minesparis.psl.eu\/cmat\/plateformes-techniques\/support-en-informatique-scientifique-et-developpement\/\",\"name\":\"Support en Informatique Scientifique et DEVeloppement - Centre des Mat\u00e9riaux Mines Paris - PSL\",\"isPartOf\":{\"@id\":\"https:\/\/www.minesparis.psl.eu\/cmat\/#website\"},\"primaryImageOfPage\":{\"@id\":\"https:\/\/www.minesparis.psl.eu\/cmat\/plateformes-techniques\/support-en-informatique-scientifique-et-developpement\/#primaryimage\"},\"image\":{\"@id\":\"https:\/\/www.minesparis.psl.eu\/cmat\/plateformes-techniques\/support-en-informatique-scientifique-et-developpement\/#primaryimage\"},\"thumbnailUrl\":\"https:\/\/www.minesparis.psl.eu\/cmat\/wp-content\/uploads\/sites\/25\/2025\/04\/2807-RECHERCHE-BDEF.jpg\",\"datePublished\":\"2025-02-27T14:46:20+00:00\",\"dateModified\":\"2025-09-11T08:53:36+00:00\",\"breadcrumb\":{\"@id\":\"https:\/\/www.minesparis.psl.eu\/cmat\/plateformes-techniques\/support-en-informatique-scientifique-et-developpement\/#breadcrumb\"},\"inLanguage\":\"fr-FR\",\"potentialAction\":[{\"@type\":\"ReadAction\",\"target\":[\"https:\/\/www.minesparis.psl.eu\/cmat\/plateformes-techniques\/support-en-informatique-scientifique-et-developpement\/\"]}]},{\"@type\":\"ImageObject\",\"inLanguage\":\"fr-FR\",\"@id\":\"https:\/\/www.minesparis.psl.eu\/cmat\/plateformes-techniques\/support-en-informatique-scientifique-et-developpement\/#primaryimage\",\"url\":\"https:\/\/www.minesparis.psl.eu\/cmat\/wp-content\/uploads\/sites\/25\/2025\/04\/2807-RECHERCHE-BDEF.jpg\",\"contentUrl\":\"https:\/\/www.minesparis.psl.eu\/cmat\/wp-content\/uploads\/sites\/25\/2025\/04\/2807-RECHERCHE-BDEF.jpg\",\"width\":544,\"height\":267},{\"@type\":\"BreadcrumbList\",\"@id\":\"https:\/\/www.minesparis.psl.eu\/cmat\/plateformes-techniques\/support-en-informatique-scientifique-et-developpement\/#breadcrumb\",\"itemListElement\":[{\"@type\":\"ListItem\",\"position\":1,\"name\":\"Accueil\",\"item\":\"https:\/\/www.minesparis.psl.eu\/cmat\/\"},{\"@type\":\"ListItem\",\"position\":2,\"name\":\"Plateformes techniques\",\"item\":\"https:\/\/www.minesparis.psl.eu\/cmat\/plateformes-techniques\/\"},{\"@type\":\"ListItem\",\"position\":3,\"name\":\"Support en Informatique Scientifique et DEVeloppement\"}]},{\"@type\":\"WebSite\",\"@id\":\"https:\/\/www.minesparis.psl.eu\/cmat\/#website\",\"url\":\"https:\/\/www.minesparis.psl.eu\/cmat\/\",\"name\":\"Centre des Mat\u00e9riaux Mines Paris - PSL\",\"description\":\"\",\"publisher\":{\"@id\":\"https:\/\/www.minesparis.psl.eu\/cmat\/#organization\"},\"potentialAction\":[{\"@type\":\"SearchAction\",\"target\":{\"@type\":\"EntryPoint\",\"urlTemplate\":\"https:\/\/www.minesparis.psl.eu\/cmat\/?s={search_term_string}\"},\"query-input\":{\"@type\":\"PropertyValueSpecification\",\"valueRequired\":true,\"valueName\":\"search_term_string\"}}],\"inLanguage\":\"fr-FR\"},{\"@type\":\"Organization\",\"@id\":\"https:\/\/www.minesparis.psl.eu\/cmat\/#organization\",\"name\":\"Centre des Mat\u00e9riaux Mines Paris - PSL\",\"url\":\"https:\/\/www.minesparis.psl.eu\/cmat\/\",\"logo\":{\"@type\":\"ImageObject\",\"inLanguage\":\"fr-FR\",\"@id\":\"https:\/\/www.minesparis.psl.eu\/cmat\/#\/schema\/logo\/image\/\",\"url\":\"https:\/\/www.minesparis.psl.eu\/cmat\/wp-content\/uploads\/sites\/25\/2025\/06\/cropped-Logo-Mines-CNRS-scaled-1.png\",\"contentUrl\":\"https:\/\/www.minesparis.psl.eu\/cmat\/wp-content\/uploads\/sites\/25\/2025\/06\/cropped-Logo-Mines-CNRS-scaled-1.png\",\"width\":2479,\"height\":377,\"caption\":\"Centre des Mat\u00e9riaux Mines Paris - PSL\"},\"image\":{\"@id\":\"https:\/\/www.minesparis.psl.eu\/cmat\/#\/schema\/logo\/image\/\"}}]}<\/script>\n<!-- \/ Yoast SEO plugin. -->","yoast_head_json":{"title":"Support en Informatique Scientifique et DEVeloppement - Centre des Mat\u00e9riaux Mines Paris - PSL","robots":{"index":"index","follow":"follow","max-snippet":"max-snippet:-1","max-image-preview":"max-image-preview:large","max-video-preview":"max-video-preview:-1"},"canonical":"https:\/\/www.minesparis.psl.eu\/cmat\/plateformes-techniques\/support-en-informatique-scientifique-et-developpement\/","og_locale":"fr_FR","og_type":"article","og_title":"Support en Informatique Scientifique et DEVeloppement - Centre des Mat\u00e9riaux Mines Paris - PSL","og_url":"https:\/\/www.minesparis.psl.eu\/cmat\/plateformes-techniques\/support-en-informatique-scientifique-et-developpement\/","og_site_name":"Centre des Mat\u00e9riaux Mines Paris - PSL","article_modified_time":"2025-09-11T08:53:36+00:00","og_image":[{"width":544,"height":267,"url":"https:\/\/www.minesparis.psl.eu\/cmat\/wp-content\/uploads\/sites\/25\/2025\/04\/2807-RECHERCHE-BDEF.jpg","type":"image\/jpeg"}],"twitter_card":"summary_large_image","schema":{"@context":"https:\/\/schema.org","@graph":[{"@type":"WebPage","@id":"https:\/\/www.minesparis.psl.eu\/cmat\/plateformes-techniques\/support-en-informatique-scientifique-et-developpement\/","url":"https:\/\/www.minesparis.psl.eu\/cmat\/plateformes-techniques\/support-en-informatique-scientifique-et-developpement\/","name":"Support en Informatique Scientifique et DEVeloppement - Centre des Mat\u00e9riaux Mines Paris - PSL","isPartOf":{"@id":"https:\/\/www.minesparis.psl.eu\/cmat\/#website"},"primaryImageOfPage":{"@id":"https:\/\/www.minesparis.psl.eu\/cmat\/plateformes-techniques\/support-en-informatique-scientifique-et-developpement\/#primaryimage"},"image":{"@id":"https:\/\/www.minesparis.psl.eu\/cmat\/plateformes-techniques\/support-en-informatique-scientifique-et-developpement\/#primaryimage"},"thumbnailUrl":"https:\/\/www.minesparis.psl.eu\/cmat\/wp-content\/uploads\/sites\/25\/2025\/04\/2807-RECHERCHE-BDEF.jpg","datePublished":"2025-02-27T14:46:20+00:00","dateModified":"2025-09-11T08:53:36+00:00","breadcrumb":{"@id":"https:\/\/www.minesparis.psl.eu\/cmat\/plateformes-techniques\/support-en-informatique-scientifique-et-developpement\/#breadcrumb"},"inLanguage":"fr-FR","potentialAction":[{"@type":"ReadAction","target":["https:\/\/www.minesparis.psl.eu\/cmat\/plateformes-techniques\/support-en-informatique-scientifique-et-developpement\/"]}]},{"@type":"ImageObject","inLanguage":"fr-FR","@id":"https:\/\/www.minesparis.psl.eu\/cmat\/plateformes-techniques\/support-en-informatique-scientifique-et-developpement\/#primaryimage","url":"https:\/\/www.minesparis.psl.eu\/cmat\/wp-content\/uploads\/sites\/25\/2025\/04\/2807-RECHERCHE-BDEF.jpg","contentUrl":"https:\/\/www.minesparis.psl.eu\/cmat\/wp-content\/uploads\/sites\/25\/2025\/04\/2807-RECHERCHE-BDEF.jpg","width":544,"height":267},{"@type":"BreadcrumbList","@id":"https:\/\/www.minesparis.psl.eu\/cmat\/plateformes-techniques\/support-en-informatique-scientifique-et-developpement\/#breadcrumb","itemListElement":[{"@type":"ListItem","position":1,"name":"Accueil","item":"https:\/\/www.minesparis.psl.eu\/cmat\/"},{"@type":"ListItem","position":2,"name":"Plateformes techniques","item":"https:\/\/www.minesparis.psl.eu\/cmat\/plateformes-techniques\/"},{"@type":"ListItem","position":3,"name":"Support en Informatique Scientifique et DEVeloppement"}]},{"@type":"WebSite","@id":"https:\/\/www.minesparis.psl.eu\/cmat\/#website","url":"https:\/\/www.minesparis.psl.eu\/cmat\/","name":"Centre des Mat\u00e9riaux Mines Paris - PSL","description":"","publisher":{"@id":"https:\/\/www.minesparis.psl.eu\/cmat\/#organization"},"potentialAction":[{"@type":"SearchAction","target":{"@type":"EntryPoint","urlTemplate":"https:\/\/www.minesparis.psl.eu\/cmat\/?s={search_term_string}"},"query-input":{"@type":"PropertyValueSpecification","valueRequired":true,"valueName":"search_term_string"}}],"inLanguage":"fr-FR"},{"@type":"Organization","@id":"https:\/\/www.minesparis.psl.eu\/cmat\/#organization","name":"Centre des Mat\u00e9riaux Mines Paris - PSL","url":"https:\/\/www.minesparis.psl.eu\/cmat\/","logo":{"@type":"ImageObject","inLanguage":"fr-FR","@id":"https:\/\/www.minesparis.psl.eu\/cmat\/#\/schema\/logo\/image\/","url":"https:\/\/www.minesparis.psl.eu\/cmat\/wp-content\/uploads\/sites\/25\/2025\/06\/cropped-Logo-Mines-CNRS-scaled-1.png","contentUrl":"https:\/\/www.minesparis.psl.eu\/cmat\/wp-content\/uploads\/sites\/25\/2025\/06\/cropped-Logo-Mines-CNRS-scaled-1.png","width":2479,"height":377,"caption":"Centre des Mat\u00e9riaux Mines Paris - PSL"},"image":{"@id":"https:\/\/www.minesparis.psl.eu\/cmat\/#\/schema\/logo\/image\/"}}]}},"_links":{"self":[{"href":"https:\/\/www.minesparis.psl.eu\/cmat\/wp-json\/wp\/v2\/pages\/176","targetHints":{"allow":["GET"]}}],"collection":[{"href":"https:\/\/www.minesparis.psl.eu\/cmat\/wp-json\/wp\/v2\/pages"}],"about":[{"href":"https:\/\/www.minesparis.psl.eu\/cmat\/wp-json\/wp\/v2\/types\/page"}],"author":[{"embeddable":true,"href":"https:\/\/www.minesparis.psl.eu\/cmat\/wp-json\/wp\/v2\/users\/4"}],"replies":[{"embeddable":true,"href":"https:\/\/www.minesparis.psl.eu\/cmat\/wp-json\/wp\/v2\/comments?post=176"}],"version-history":[{"count":22,"href":"https:\/\/www.minesparis.psl.eu\/cmat\/wp-json\/wp\/v2\/pages\/176\/revisions"}],"predecessor-version":[{"id":1617,"href":"https:\/\/www.minesparis.psl.eu\/cmat\/wp-json\/wp\/v2\/pages\/176\/revisions\/1617"}],"up":[{"embeddable":true,"href":"https:\/\/www.minesparis.psl.eu\/cmat\/wp-json\/wp\/v2\/pages\/168"}],"wp:featuredmedia":[{"embeddable":true,"href":"https:\/\/www.minesparis.psl.eu\/cmat\/wp-json\/wp\/v2\/media\/488"}],"wp:attachment":[{"href":"https:\/\/www.minesparis.psl.eu\/cmat\/wp-json\/wp\/v2\/media?parent=176"}],"curies":[{"name":"wp","href":"https:\/\/api.w.org\/{rel}","templated":true}]}}