{"id":174,"date":"2025-02-27T15:46:00","date_gmt":"2025-02-27T14:46:00","guid":{"rendered":"https:\/\/www.minesparis.psl.eu\/cmat\/?page_id=174"},"modified":"2025-11-24T14:00:24","modified_gmt":"2025-11-24T13:00:24","slug":"elaboration-procedes-materiaux","status":"publish","type":"page","link":"https:\/\/www.minesparis.psl.eu\/cmat\/plateformes-techniques\/elaboration-procedes-materiaux\/","title":{"rendered":"Elaboration, PROc\u00e9d\u00e9s & Mat\u00e9riaux"},"content":{"rendered":"\n<div class=\"container block-full-largeur\">\n\t<div class=\"row mt-4\">\n\t\t<div class=\"col-md-12\">\n\t\t\t<h2>Accompagner les \u00e9quipes de recherche et les industriels dans le d\u00e9veloppement de mat\u00e9riaux avanc\u00e9s, l\u00e9gers et r\u00e9sistants<\/h2>\n<p>EPROM couvre diff\u00e9rents p\u00e9rim\u00e8tres :<\/p>\n<ul>\n<li>La <strong>fabrication additive<\/strong>, avec des technologies comme le <strong>L-PBF (Laser Powder Bed Fusion)<\/strong>, le <strong>BJ (Binder Jetting) <\/strong>et le <strong>FDM (fused deposition modeling)<\/strong>.<\/li>\n<li><strong>Rechargement, rev\u00eatement<\/strong> avec le ColdSpray.<\/li>\n<li>Les <strong>traitements thermiques et l\u2019\u00e9laboration des mat\u00e9riaux<\/strong>, incluant fours haute temp\u00e9rature et proc\u00e9d\u00e9s de rev\u00eatements innovants.<\/li>\n<\/ul>\n\t\t<\/div>\n\t<\/div>\n<\/div>\n\n\n<div class=\"container bloc-25-75\">\n\t<div class=\"row mt-4\">\n\t\t<div class=\"col-md-3\">\n\t\t\t<p><img loading=\"lazy\" decoding=\"async\" class=\"alignnone wp-image-809\" src=\"https:\/\/www.minesparis.psl.eu\/cmat\/wp-content\/uploads\/sites\/8\/2025\/04\/eprom2-1-272x300.png\" alt=\"\" width=\"238\" height=\"263\" srcset=\"https:\/\/www.minesparis.psl.eu\/cmat\/wp-content\/uploads\/sites\/25\/2025\/04\/eprom2-1-272x300.png 272w, https:\/\/www.minesparis.psl.eu\/cmat\/wp-content\/uploads\/sites\/25\/2025\/04\/eprom2-1.png 577w\" sizes=\"auto, (max-width: 238px) 100vw, 238px\" \/><\/p>\n\t\t<\/div>\n\t\t<div class=\"col-md-9\">\n\t\t\t<h3>Missions<\/h3>\n<p style=\"text-align: left\">La plateforme EPROM s\u2019articule autour de plusieurs axes strat\u00e9giques :<\/p>\n<ul>\n<li style=\"text-align: left\"><strong>Mise \u00e0 disposition d\u2019\u00e9quipements exp\u00e9rimentaux pour la recherche.<\/strong><\/li>\n<li style=\"text-align: left\"><strong>D\u00e9veloppement et am\u00e9lioration des proc\u00e9d\u00e9s de fabrication.<\/strong><\/li>\n<li style=\"text-align: left\"><strong>Formation des \u00e9tudiants et des personnels sur les technologies \u00e9mergentes.<\/strong><\/li>\n<li style=\"text-align: left\"><strong>Maintenance et optimisation des installations.<\/strong><\/li>\n<li style=\"text-align: left\"><strong>Mise en conformit\u00e9 avec les normes HSE (poudres, gaz, lasers).<\/strong><\/li>\n<li style=\"text-align: left\"><strong>Promotion des avanc\u00e9es technologiques aupr\u00e8s des partenaires industriels.<\/strong><\/li>\n<\/ul>\n\t\t<\/div>\n\t<\/div>\n<\/div>\n\n\n<div class=\"container block-full-largeur\">\n\t<div class=\"row mt-4\">\n\t\t<div class=\"col-md-12\">\n\t\t\t<h2>Proc\u00e9d\u00e9s de fabrication additive et rechargement<\/h2>\n\t\t<\/div>\n\t<\/div>\n<\/div>\n\n\n<div class=\"container bloc-50-50\">\n\t<div class=\"row mt-4\">\n\t\t<div class=\"col-md-6\">\n\t\t\t<h3 style=\"text-align: center\">L-PBF (Laser Powder Bed Fusion)<\/h3>\n<p style=\"text-align: center\"><em>Fusion s\u00e9lective de poudre par laser<\/em><\/p>\n\t\t<\/div>\n\t\t<div class=\"col-md-6\">\n\t\t\t<h3 style=\"text-align: center\">Metal Binder Jetting (MBJ)<\/h3>\n<p style=\"text-align: center\"><em>Impression sans fusion, suivie d\u2019un frittage pour obtenir des pi\u00e8ces isotropes<\/em><\/p>\n\t\t<\/div>\n\t<\/div>\n<\/div>\n\n\n<div class=\"container bloc-50-50\">\n\t<div class=\"row mt-4\">\n\t\t<div class=\"col-md-6\">\n\t\t\t<h3 style=\"text-align: center\"><span>FDM, SLA<\/span><\/h3>\n<p style=\"text-align: center\"><em>Prototypage <\/em><em>rapide et outillage<\/em><\/p>\n\t\t<\/div>\n\t\t<div class=\"col-md-6\">\n\t\t\t<h3 style=\"text-align: center\"><span>Cold Spray (haute et basse pression)<\/span><\/h3>\n<p style=\"text-align: center\"><em>Projection \u00e0 froid de particules m\u00e9talliques<\/em><\/p>\n\t\t<\/div>\n\t<\/div>\n<\/div>\n\n\n<div class=\"container bloc-30-30-30\">\n\t<div class=\"row mt-4\">\n\t\t<div class=\"col-md-4\">\n\t\t\t\t\t<\/div>\n\t\t<div class=\"col-md-4\">\n\t\t\t\t\t<\/div>\n\t\t<div class=\"col-md-4\">\n\t\t\t\t\t<\/div>\n\t<\/div>\n<\/div>\n\n\n<div class=\"container block-full-largeur\">\n\t<div class=\"row mt-4\">\n\t\t<div class=\"col-md-12\">\n\t\t\t<h2>Traitements thermiques<\/h2>\n\t\t<\/div>\n\t<\/div>\n<\/div>\n\n\n<div class=\"container bloc-50-50\">\n\t<div class=\"row mt-4\">\n\t\t<div class=\"col-md-6\">\n\t\t\t<h3 style=\"text-align: center\"><span>Fours d\u2019\u00e9laboration et traitements thermiques<\/span><\/h3>\n<p style=\"text-align: center\"><em>Optimisation des propri\u00e9t\u00e9s m\u00e9caniques et microstructurales<\/em><\/p>\n\t\t<\/div>\n\t\t<div class=\"col-md-6\">\n\t\t\t<h3 style=\"text-align: center\"><span>M\u00e9trologie des poudres<\/span><\/h3>\n<p style=\"text-align: center\"><em>Caract\u00e9risation des mati\u00e8res premi\u00e8res utilis\u00e9es<\/em><\/p>\n\t\t<\/div>\n\t<\/div>\n<\/div>\n\n\n<div class=\"container block-full-largeur\">\n\t<div class=\"row mt-4\">\n\t\t<div class=\"col-md-12\">\n\t\t\t<hr \/>\n<h2>Projet EPROM 2025<\/h2>\n<h3><\/h3>\n\t\t<\/div>\n\t<\/div>\n<\/div>\n\n\n<div class=\"container bloc-70-30\">\n\t<div class=\"row mt-4\">\n\t\t<div class=\"col-md-8\">\n\t\t\t<p style=\"text-align: justify\"><span style=\"color: #015d9e\"><strong>Un projet ambitieux au service de l&rsquo;industrie<\/strong><\/span><\/p>\n<p><em>Soutenu par la\u00a0<strong>R\u00e9gion \u00cele-de-France<\/strong>, le\u00a0<strong>plan France 2030<\/strong>\u00a0et la\u00a0<strong>BPI<\/strong>, le projet\u00a0<strong>EPROM2025<\/strong>\u00a0ouvre la plateforme EPROM aux\u00a0<strong>PME, ETI et start-up<\/strong>\u00a0pour les accompagner dans leur mont\u00e9e en comp\u00e9tence en\u00a0<strong>fabrication additive m\u00e9tallique<\/strong>.<\/em><\/p>\n<p><em>En 2026, le parc sera renforc\u00e9 par une\u00a0<strong>machine WLAM (Wire Laser Additive Manufacturing)<\/strong>\u00a0sous\u00a0<strong>atmosph\u00e8re inerte<\/strong>, adapt\u00e9e aux mat\u00e9riaux sensibles \u00e0 l\u2019oxydation.<\/em><\/p>\n<p><em>A cela s\u2019ajoutent des <strong>formations<\/strong>\u00a0th\u00e9oriques et pratiques, un\u00a0<strong>accompagnement<\/strong>\u00a0au\u00a0<strong>prototypage<\/strong>, et une\u00a0<strong>analyse technico-\u00e9conomique<\/strong> des proc\u00e9d\u00e9s.<\/em><\/p>\n<p>&nbsp;<\/p>\n\t\t<\/div>\n\t\t<div class=\"col-md-4\">\n\t\t\t<p><img loading=\"lazy\" decoding=\"async\" class=\"alignnone size-medium wp-image-1906\" src=\"https:\/\/www.minesparis.psl.eu\/cmat\/wp-content\/uploads\/sites\/25\/2025\/11\/image-300x248.png\" alt=\"\" width=\"300\" height=\"248\" srcset=\"https:\/\/www.minesparis.psl.eu\/cmat\/wp-content\/uploads\/sites\/25\/2025\/11\/image-300x248.png 300w, https:\/\/www.minesparis.psl.eu\/cmat\/wp-content\/uploads\/sites\/25\/2025\/11\/image-1024x848.png 1024w, https:\/\/www.minesparis.psl.eu\/cmat\/wp-content\/uploads\/sites\/25\/2025\/11\/image-768x636.png 768w, https:\/\/www.minesparis.psl.eu\/cmat\/wp-content\/uploads\/sites\/25\/2025\/11\/image.png 1064w\" sizes=\"auto, (max-width: 300px) 100vw, 300px\" \/><\/p>\n\t\t<\/div>\n\t<\/div>\n<\/div>\n\n\n<div class=\"container block-full-largeur\">\n\t<div class=\"row mt-4\">\n\t\t<div class=\"col-md-12\">\n\t\t\t<hr \/>\n<h2 id=\"title-2\">Acc\u00e8s et collaborations<\/h2>\n<p style=\"text-align: justify\">Les plateformes techniques sont accessibles aux \u00e9quipes de recherche ainsi qu\u2019aux partenaires industriels dans le cadre de collaborations, prestations ou formations. Elles permettent de mener des travaux de R&amp;D, de tester de nouvelles approches et d\u2019optimiser les proc\u00e9d\u00e9s et mat\u00e9riaux pour des applications de haute technologie. <strong>Le d\u00e9tail des moyens techniques et des activit\u00e9s de la plateforme EPROM sont accessibles sur demande :<\/strong><\/p>\n<p style=\"text-align: center\"><a class=\"button-mines btn-noir flech lf-blanc\" href=\"mailto:elisa.borges_mendonca@minesparis.psl.eu\" target=\"_blank\" rel=\"noopener\">Contact<\/a><\/p>\n\t\t<\/div>\n\t<\/div>\n<\/div>","protected":false},"excerpt":{"rendered":"","protected":false},"author":4,"featured_media":823,"parent":168,"menu_order":0,"comment_status":"closed","ping_status":"closed","template":"","meta":{"footnotes":""},"class_list":["post-174","page","type-page","status-publish","has-post-thumbnail","hentry"],"acf":[],"yoast_head":"<!-- This site is optimized with the Yoast SEO plugin v27.2 - https:\/\/yoast.com\/product\/yoast-seo-wordpress\/ -->\n<title>Elaboration, PROc\u00e9d\u00e9s &amp; Mat\u00e9riaux - Centre des Mat\u00e9riaux Mines Paris - PSL<\/title>\n<meta name=\"robots\" content=\"index, follow, max-snippet:-1, max-image-preview:large, max-video-preview:-1\" \/>\n<link rel=\"canonical\" href=\"https:\/\/www.minesparis.psl.eu\/cmat\/plateformes-techniques\/elaboration-procedes-materiaux\/\" \/>\n<meta property=\"og:locale\" content=\"fr_FR\" \/>\n<meta property=\"og:type\" content=\"article\" \/>\n<meta property=\"og:title\" content=\"Elaboration, PROc\u00e9d\u00e9s &amp; Mat\u00e9riaux - Centre des Mat\u00e9riaux Mines Paris - PSL\" \/>\n<meta property=\"og:url\" content=\"https:\/\/www.minesparis.psl.eu\/cmat\/plateformes-techniques\/elaboration-procedes-materiaux\/\" \/>\n<meta property=\"og:site_name\" content=\"Centre des Mat\u00e9riaux Mines Paris - PSL\" \/>\n<meta property=\"article:modified_time\" content=\"2025-11-24T13:00:24+00:00\" \/>\n<meta property=\"og:image\" content=\"https:\/\/www.minesparis.psl.eu\/cmat\/wp-content\/uploads\/sites\/25\/2025\/04\/Capture-decran-2025-04-22-182830-e1757514857235.png\" \/>\n\t<meta property=\"og:image:width\" content=\"1420\" \/>\n\t<meta property=\"og:image:height\" content=\"1067\" \/>\n\t<meta property=\"og:image:type\" content=\"image\/png\" \/>\n<meta name=\"twitter:card\" content=\"summary_large_image\" \/>\n<meta name=\"twitter:label1\" content=\"Dur\u00e9e de lecture estim\u00e9e\" \/>\n\t<meta name=\"twitter:data1\" content=\"1 minute\" \/>\n<script type=\"application\/ld+json\" class=\"yoast-schema-graph\">{\"@context\":\"https:\/\/schema.org\",\"@graph\":[{\"@type\":\"WebPage\",\"@id\":\"https:\/\/www.minesparis.psl.eu\/cmat\/plateformes-techniques\/elaboration-procedes-materiaux\/\",\"url\":\"https:\/\/www.minesparis.psl.eu\/cmat\/plateformes-techniques\/elaboration-procedes-materiaux\/\",\"name\":\"Elaboration, PROc\u00e9d\u00e9s &amp; Mat\u00e9riaux - Centre des Mat\u00e9riaux Mines Paris - PSL\",\"isPartOf\":{\"@id\":\"https:\/\/www.minesparis.psl.eu\/cmat\/#website\"},\"primaryImageOfPage\":{\"@id\":\"https:\/\/www.minesparis.psl.eu\/cmat\/plateformes-techniques\/elaboration-procedes-materiaux\/#primaryimage\"},\"image\":{\"@id\":\"https:\/\/www.minesparis.psl.eu\/cmat\/plateformes-techniques\/elaboration-procedes-materiaux\/#primaryimage\"},\"thumbnailUrl\":\"https:\/\/www.minesparis.psl.eu\/cmat\/wp-content\/uploads\/sites\/25\/2025\/04\/Capture-decran-2025-04-22-182830-e1757514857235.png\",\"datePublished\":\"2025-02-27T14:46:00+00:00\",\"dateModified\":\"2025-11-24T13:00:24+00:00\",\"breadcrumb\":{\"@id\":\"https:\/\/www.minesparis.psl.eu\/cmat\/plateformes-techniques\/elaboration-procedes-materiaux\/#breadcrumb\"},\"inLanguage\":\"fr-FR\",\"potentialAction\":[{\"@type\":\"ReadAction\",\"target\":[\"https:\/\/www.minesparis.psl.eu\/cmat\/plateformes-techniques\/elaboration-procedes-materiaux\/\"]}]},{\"@type\":\"ImageObject\",\"inLanguage\":\"fr-FR\",\"@id\":\"https:\/\/www.minesparis.psl.eu\/cmat\/plateformes-techniques\/elaboration-procedes-materiaux\/#primaryimage\",\"url\":\"https:\/\/www.minesparis.psl.eu\/cmat\/wp-content\/uploads\/sites\/25\/2025\/04\/Capture-decran-2025-04-22-182830-e1757514857235.png\",\"contentUrl\":\"https:\/\/www.minesparis.psl.eu\/cmat\/wp-content\/uploads\/sites\/25\/2025\/04\/Capture-decran-2025-04-22-182830-e1757514857235.png\",\"width\":1420,\"height\":1067},{\"@type\":\"BreadcrumbList\",\"@id\":\"https:\/\/www.minesparis.psl.eu\/cmat\/plateformes-techniques\/elaboration-procedes-materiaux\/#breadcrumb\",\"itemListElement\":[{\"@type\":\"ListItem\",\"position\":1,\"name\":\"Accueil\",\"item\":\"https:\/\/www.minesparis.psl.eu\/cmat\/\"},{\"@type\":\"ListItem\",\"position\":2,\"name\":\"Plateformes techniques\",\"item\":\"https:\/\/www.minesparis.psl.eu\/cmat\/plateformes-techniques\/\"},{\"@type\":\"ListItem\",\"position\":3,\"name\":\"Elaboration, PROc\u00e9d\u00e9s & Mat\u00e9riaux\"}]},{\"@type\":\"WebSite\",\"@id\":\"https:\/\/www.minesparis.psl.eu\/cmat\/#website\",\"url\":\"https:\/\/www.minesparis.psl.eu\/cmat\/\",\"name\":\"Centre des Mat\u00e9riaux Mines Paris - PSL\",\"description\":\"\",\"publisher\":{\"@id\":\"https:\/\/www.minesparis.psl.eu\/cmat\/#organization\"},\"potentialAction\":[{\"@type\":\"SearchAction\",\"target\":{\"@type\":\"EntryPoint\",\"urlTemplate\":\"https:\/\/www.minesparis.psl.eu\/cmat\/?s={search_term_string}\"},\"query-input\":{\"@type\":\"PropertyValueSpecification\",\"valueRequired\":true,\"valueName\":\"search_term_string\"}}],\"inLanguage\":\"fr-FR\"},{\"@type\":\"Organization\",\"@id\":\"https:\/\/www.minesparis.psl.eu\/cmat\/#organization\",\"name\":\"Centre des Mat\u00e9riaux Mines Paris - PSL\",\"url\":\"https:\/\/www.minesparis.psl.eu\/cmat\/\",\"logo\":{\"@type\":\"ImageObject\",\"inLanguage\":\"fr-FR\",\"@id\":\"https:\/\/www.minesparis.psl.eu\/cmat\/#\/schema\/logo\/image\/\",\"url\":\"https:\/\/www.minesparis.psl.eu\/cmat\/wp-content\/uploads\/sites\/25\/2025\/06\/cropped-Logo-Mines-CNRS-scaled-1.png\",\"contentUrl\":\"https:\/\/www.minesparis.psl.eu\/cmat\/wp-content\/uploads\/sites\/25\/2025\/06\/cropped-Logo-Mines-CNRS-scaled-1.png\",\"width\":2479,\"height\":377,\"caption\":\"Centre des Mat\u00e9riaux Mines Paris - PSL\"},\"image\":{\"@id\":\"https:\/\/www.minesparis.psl.eu\/cmat\/#\/schema\/logo\/image\/\"}}]}<\/script>\n<!-- \/ Yoast SEO plugin. -->","yoast_head_json":{"title":"Elaboration, PROc\u00e9d\u00e9s &amp; Mat\u00e9riaux - Centre des Mat\u00e9riaux Mines Paris - PSL","robots":{"index":"index","follow":"follow","max-snippet":"max-snippet:-1","max-image-preview":"max-image-preview:large","max-video-preview":"max-video-preview:-1"},"canonical":"https:\/\/www.minesparis.psl.eu\/cmat\/plateformes-techniques\/elaboration-procedes-materiaux\/","og_locale":"fr_FR","og_type":"article","og_title":"Elaboration, PROc\u00e9d\u00e9s &amp; Mat\u00e9riaux - Centre des Mat\u00e9riaux Mines Paris - PSL","og_url":"https:\/\/www.minesparis.psl.eu\/cmat\/plateformes-techniques\/elaboration-procedes-materiaux\/","og_site_name":"Centre des Mat\u00e9riaux Mines Paris - PSL","article_modified_time":"2025-11-24T13:00:24+00:00","og_image":[{"width":1420,"height":1067,"url":"https:\/\/www.minesparis.psl.eu\/cmat\/wp-content\/uploads\/sites\/25\/2025\/04\/Capture-decran-2025-04-22-182830-e1757514857235.png","type":"image\/png"}],"twitter_card":"summary_large_image","twitter_misc":{"Dur\u00e9e de lecture estim\u00e9e":"1 minute"},"schema":{"@context":"https:\/\/schema.org","@graph":[{"@type":"WebPage","@id":"https:\/\/www.minesparis.psl.eu\/cmat\/plateformes-techniques\/elaboration-procedes-materiaux\/","url":"https:\/\/www.minesparis.psl.eu\/cmat\/plateformes-techniques\/elaboration-procedes-materiaux\/","name":"Elaboration, PROc\u00e9d\u00e9s &amp; Mat\u00e9riaux - Centre des Mat\u00e9riaux Mines Paris - PSL","isPartOf":{"@id":"https:\/\/www.minesparis.psl.eu\/cmat\/#website"},"primaryImageOfPage":{"@id":"https:\/\/www.minesparis.psl.eu\/cmat\/plateformes-techniques\/elaboration-procedes-materiaux\/#primaryimage"},"image":{"@id":"https:\/\/www.minesparis.psl.eu\/cmat\/plateformes-techniques\/elaboration-procedes-materiaux\/#primaryimage"},"thumbnailUrl":"https:\/\/www.minesparis.psl.eu\/cmat\/wp-content\/uploads\/sites\/25\/2025\/04\/Capture-decran-2025-04-22-182830-e1757514857235.png","datePublished":"2025-02-27T14:46:00+00:00","dateModified":"2025-11-24T13:00:24+00:00","breadcrumb":{"@id":"https:\/\/www.minesparis.psl.eu\/cmat\/plateformes-techniques\/elaboration-procedes-materiaux\/#breadcrumb"},"inLanguage":"fr-FR","potentialAction":[{"@type":"ReadAction","target":["https:\/\/www.minesparis.psl.eu\/cmat\/plateformes-techniques\/elaboration-procedes-materiaux\/"]}]},{"@type":"ImageObject","inLanguage":"fr-FR","@id":"https:\/\/www.minesparis.psl.eu\/cmat\/plateformes-techniques\/elaboration-procedes-materiaux\/#primaryimage","url":"https:\/\/www.minesparis.psl.eu\/cmat\/wp-content\/uploads\/sites\/25\/2025\/04\/Capture-decran-2025-04-22-182830-e1757514857235.png","contentUrl":"https:\/\/www.minesparis.psl.eu\/cmat\/wp-content\/uploads\/sites\/25\/2025\/04\/Capture-decran-2025-04-22-182830-e1757514857235.png","width":1420,"height":1067},{"@type":"BreadcrumbList","@id":"https:\/\/www.minesparis.psl.eu\/cmat\/plateformes-techniques\/elaboration-procedes-materiaux\/#breadcrumb","itemListElement":[{"@type":"ListItem","position":1,"name":"Accueil","item":"https:\/\/www.minesparis.psl.eu\/cmat\/"},{"@type":"ListItem","position":2,"name":"Plateformes techniques","item":"https:\/\/www.minesparis.psl.eu\/cmat\/plateformes-techniques\/"},{"@type":"ListItem","position":3,"name":"Elaboration, PROc\u00e9d\u00e9s & Mat\u00e9riaux"}]},{"@type":"WebSite","@id":"https:\/\/www.minesparis.psl.eu\/cmat\/#website","url":"https:\/\/www.minesparis.psl.eu\/cmat\/","name":"Centre des Mat\u00e9riaux Mines Paris - PSL","description":"","publisher":{"@id":"https:\/\/www.minesparis.psl.eu\/cmat\/#organization"},"potentialAction":[{"@type":"SearchAction","target":{"@type":"EntryPoint","urlTemplate":"https:\/\/www.minesparis.psl.eu\/cmat\/?s={search_term_string}"},"query-input":{"@type":"PropertyValueSpecification","valueRequired":true,"valueName":"search_term_string"}}],"inLanguage":"fr-FR"},{"@type":"Organization","@id":"https:\/\/www.minesparis.psl.eu\/cmat\/#organization","name":"Centre des Mat\u00e9riaux Mines Paris - PSL","url":"https:\/\/www.minesparis.psl.eu\/cmat\/","logo":{"@type":"ImageObject","inLanguage":"fr-FR","@id":"https:\/\/www.minesparis.psl.eu\/cmat\/#\/schema\/logo\/image\/","url":"https:\/\/www.minesparis.psl.eu\/cmat\/wp-content\/uploads\/sites\/25\/2025\/06\/cropped-Logo-Mines-CNRS-scaled-1.png","contentUrl":"https:\/\/www.minesparis.psl.eu\/cmat\/wp-content\/uploads\/sites\/25\/2025\/06\/cropped-Logo-Mines-CNRS-scaled-1.png","width":2479,"height":377,"caption":"Centre des Mat\u00e9riaux Mines Paris - PSL"},"image":{"@id":"https:\/\/www.minesparis.psl.eu\/cmat\/#\/schema\/logo\/image\/"}}]}},"_links":{"self":[{"href":"https:\/\/www.minesparis.psl.eu\/cmat\/wp-json\/wp\/v2\/pages\/174","targetHints":{"allow":["GET"]}}],"collection":[{"href":"https:\/\/www.minesparis.psl.eu\/cmat\/wp-json\/wp\/v2\/pages"}],"about":[{"href":"https:\/\/www.minesparis.psl.eu\/cmat\/wp-json\/wp\/v2\/types\/page"}],"author":[{"embeddable":true,"href":"https:\/\/www.minesparis.psl.eu\/cmat\/wp-json\/wp\/v2\/users\/4"}],"replies":[{"embeddable":true,"href":"https:\/\/www.minesparis.psl.eu\/cmat\/wp-json\/wp\/v2\/comments?post=174"}],"version-history":[{"count":56,"href":"https:\/\/www.minesparis.psl.eu\/cmat\/wp-json\/wp\/v2\/pages\/174\/revisions"}],"predecessor-version":[{"id":1911,"href":"https:\/\/www.minesparis.psl.eu\/cmat\/wp-json\/wp\/v2\/pages\/174\/revisions\/1911"}],"up":[{"embeddable":true,"href":"https:\/\/www.minesparis.psl.eu\/cmat\/wp-json\/wp\/v2\/pages\/168"}],"wp:featuredmedia":[{"embeddable":true,"href":"https:\/\/www.minesparis.psl.eu\/cmat\/wp-json\/wp\/v2\/media\/823"}],"wp:attachment":[{"href":"https:\/\/www.minesparis.psl.eu\/cmat\/wp-json\/wp\/v2\/media?parent=174"}],"curies":[{"name":"wp","href":"https:\/\/api.w.org\/{rel}","templated":true}]}}