{"id":168,"date":"2025-02-27T15:43:14","date_gmt":"2025-02-27T14:43:14","guid":{"rendered":"https:\/\/www.minesparis.psl.eu\/cmat\/?page_id=168"},"modified":"2025-09-22T10:47:43","modified_gmt":"2025-09-22T08:47:43","slug":"plateformes-techniques","status":"publish","type":"page","link":"https:\/\/www.minesparis.psl.eu\/cmat\/plateformes-techniques\/","title":{"rendered":"Plateformes techniques"},"content":{"rendered":"\n<div class=\"container block-full-largeur\">\n\t<div class=\"row mt-4\">\n\t\t<div class=\"col-md-12\">\n\t\t\t<h2 style=\"text-align: justify;\">Un p\u00f4le de ressources technologiques et scientifiques<\/h2>\n<h3 style=\"text-align: justify;\">Une infrastructure int\u00e9gr\u00e9e, au service de la recherche partenariale<\/h3>\n<p style=\"text-align: justify;\">Les plateformes techniques sont organis\u00e9es autour de cinq p\u00f4les compl\u00e9mentaires, couvrant l\u2019ensemble des besoins en \u00e9laboration, caract\u00e9risation et mod\u00e9lisation des mat\u00e9riaux. Ces infrastructures permettent d\u2019acc\u00e9der \u00e0 une large gamme de technologies, incluant :<\/p>\n<ul>\n<li style=\"text-align: justify;\"><strong>Atelier et fabrication<\/strong> : usinage, assemblage et prototypage m\u00e9canique.<\/li>\n<li style=\"text-align: justify;\"><strong>Microscopie et analyse des mat\u00e9riaux<\/strong> : caract\u00e9risation optique et \u00e9lectronique, diffraction des rayons X.<\/li>\n<li style=\"text-align: justify;\"><strong>Fabrication additive et proc\u00e9d\u00e9s avanc\u00e9s<\/strong> : d\u00e9veloppement de mat\u00e9riaux et proc\u00e9d\u00e9s innovants.<\/li>\n<li style=\"text-align: justify;\"><strong>Instrumentation et informatique scientifique<\/strong> : acquisition et traitement de donn\u00e9es exp\u00e9rimentales.<\/li>\n<\/ul>\n<h3>Expertise et accompagnement personnalis\u00e9<\/h3>\n<p style=\"text-align: justify;\">Ces plateformes s\u2019appuient sur une \u00e9quipe exp\u00e9riment\u00e9e d\u2019ing\u00e9nieurs, techniciens et op\u00e9rateurs, qui assure :<\/p>\n<ul>\n<li style=\"text-align: justify;\"><strong>La conception de dispositifs exp\u00e9rimentaux sur-mesure<\/strong><\/li>\n<li style=\"text-align: justify;\"><strong>La formation des \u00e9tudiants, doctorants et jeunes chercheurs<\/strong><\/li>\n<li style=\"text-align: justify;\"><strong>L\u2019accompagnement de projets R&amp;D avec les entreprises (de la start-up au grand groupe)<\/strong><\/li>\n<li style=\"text-align: justify;\"><strong>La r\u00e9alisation de prestations techniques et expertises, en particulier pour les PME et ETI<\/strong><\/li>\n<\/ul>\n<h3 data-start=\"4212\" data-end=\"4273\">Un outil strat\u00e9gique pour la souverainet\u00e9 technologique<\/h3>\n<p class=\"\" style=\"text-align: justify;\" data-start=\"4277\" data-end=\"4396\">Les plateformes du Centre des Mat\u00e9riaux sont un atout majeur pour la recherche industrielle fran\u00e7aise, au service :<\/p>\n<ul>\n<li><strong>de la souverainet\u00e9 en mat\u00e9riaux et proc\u00e9d\u00e9s,<\/strong><\/li>\n<li><strong>du d\u00e9veloppement de technologies critiques,<\/strong><\/li>\n<li><strong>et de la r\u00e9industrialisation par l\u2019innovation.<\/strong><\/li>\n<\/ul>\n<p class=\"\" data-start=\"4565\" data-end=\"4675\">Elles incarnent notre vision d\u2019une recherche ancr\u00e9e dans le r\u00e9el, ouverte, agile et tourn\u00e9e vers l\u2019impact.<\/p>\n<p>&nbsp;<\/p>\n<h2>Les cinq plateformes techniques<\/h2>\n<p style=\"text-align: justify;\">Chaque plateforme r\u00e9pond \u00e0 des besoins sp\u00e9cifiques et offre un acc\u00e8s \u00e0 des \u00e9quipements et comp\u00e9tences sp\u00e9cialis\u00e9s :<\/p>\n\t\t<\/div>\n\t<\/div>\n<\/div>\n\n\n<div class=\"container bloc-30-30-30\">\n\t<div class=\"row mt-4\">\n\t\t<div class=\"col-md-4\">\n\t\t\t<h3><img loading=\"lazy\" decoding=\"async\" class=\"size-medium wp-image-702 aligncenter\" src=\"https:\/\/www.minesparis.psl.eu\/cmat\/wp-content\/uploads\/sites\/8\/2025\/04\/AT-JPE-300x300.jpg\" alt=\"\" width=\"300\" height=\"300\" srcset=\"https:\/\/www.minesparis.psl.eu\/cmat\/wp-content\/uploads\/sites\/25\/2025\/04\/AT-JPE-300x300.jpg 300w, https:\/\/www.minesparis.psl.eu\/cmat\/wp-content\/uploads\/sites\/25\/2025\/04\/AT-JPE-150x150.jpg 150w, https:\/\/www.minesparis.psl.eu\/cmat\/wp-content\/uploads\/sites\/25\/2025\/04\/AT-JPE.jpg 500w\" sizes=\"auto, (max-width: 300px) 100vw, 300px\" \/><\/h3>\n<h3 style=\"text-align: center;\"><span style=\"color: #015d9e;\">AT JPE<\/span><\/h3>\n<p style=\"text-align: center;\"><strong>ATelier Jean-Pierre Etourneau<\/strong><\/p>\n<p style=\"text-align: center;\"><em>Fabrication m\u00e9canique et prototypage<\/em><\/p>\n<p style=\"text-align: center;\"><a class=\"button-mines btn-bleu flech lf-blanc\" href=\"https:\/\/www.minesparis.psl.eu\/cmat\/plateformes-techniques\/atelier-mecanique\/\" target=\"_blank\" rel=\"noopener\">En savoir plus<\/a><\/p>\n\t\t<\/div>\n\t\t<div class=\"col-md-4\">\n\t\t\t<p><img loading=\"lazy\" decoding=\"async\" class=\"size-medium wp-image-705 aligncenter\" src=\"https:\/\/www.minesparis.psl.eu\/cmat\/wp-content\/uploads\/sites\/8\/2025\/04\/SESAMES-300x300.png\" alt=\"\" width=\"300\" height=\"300\" srcset=\"https:\/\/www.minesparis.psl.eu\/cmat\/wp-content\/uploads\/sites\/25\/2025\/04\/SESAMES-300x300.png 300w, https:\/\/www.minesparis.psl.eu\/cmat\/wp-content\/uploads\/sites\/25\/2025\/04\/SESAMES-150x150.png 150w, https:\/\/www.minesparis.psl.eu\/cmat\/wp-content\/uploads\/sites\/25\/2025\/04\/SESAMES.png 500w\" sizes=\"auto, (max-width: 300px) 100vw, 300px\" \/><\/p>\n<h3 style=\"text-align: center;\"><span style=\"color: #015d9e;\">SESAMES<\/span><\/h3>\n<p style=\"text-align: center;\"><strong>Soutien Exp\u00e9rimental Sur l&rsquo;Analyse des Mat\u00e9riaux Et des Structures<\/strong><\/p>\n<p style=\"text-align: center;\"><em>Caract\u00e9risation avanc\u00e9e des mat\u00e9riaux et structures.<\/em><\/p>\n<p style=\"text-align: center;\"><a class=\"button-mines btn-bleu flech lf-blanc\" href=\"https:\/\/www.minesparis.psl.eu\/cmat\/plateformes-techniques\/soutien-experimental-sur-lanalyse-des-materiaux-et-des-structures\/\" target=\"_blank\" rel=\"noopener\">En savoir plus<\/a><\/p>\n\t\t<\/div>\n\t\t<div class=\"col-md-4\">\n\t\t\t<p style=\"text-align: center;\"><img loading=\"lazy\" decoding=\"async\" class=\"alignnone size-medium wp-image-703\" src=\"https:\/\/www.minesparis.psl.eu\/cmat\/wp-content\/uploads\/sites\/8\/2025\/04\/EPROM-300x300.jpg\" alt=\"\" width=\"300\" height=\"300\" srcset=\"https:\/\/www.minesparis.psl.eu\/cmat\/wp-content\/uploads\/sites\/25\/2025\/04\/EPROM-300x300.jpg 300w, https:\/\/www.minesparis.psl.eu\/cmat\/wp-content\/uploads\/sites\/25\/2025\/04\/EPROM-150x150.jpg 150w, https:\/\/www.minesparis.psl.eu\/cmat\/wp-content\/uploads\/sites\/25\/2025\/04\/EPROM.jpg 500w\" sizes=\"auto, (max-width: 300px) 100vw, 300px\" \/><\/p>\n<h3 style=\"text-align: center;\"><span style=\"color: #015d9e;\">EPROM<\/span><\/h3>\n<p style=\"text-align: center;\"><strong>\u00c9laboration PROc\u00e9d\u00e9s et Mat\u00e9riaux<\/strong><\/p>\n<p style=\"text-align: center;\"><em>Fabrication additive et traitements thermiques<\/em><\/p>\n<p style=\"text-align: center;\"><a class=\"button-mines btn-bleu flech lf-blanc\" href=\"https:\/\/www.minesparis.psl.eu\/cmat\/plateformes-techniques\/elaboration-procedes-materiaux\/\" target=\"_blank\" rel=\"noopener\">En savoir plus<\/a><\/p>\n\t\t<\/div>\n\t<\/div>\n<\/div>\n\n\n<div class=\"container bloc-50-50\">\n\t<div class=\"row mt-4\">\n\t\t<div class=\"col-md-6\">\n\t\t\t<p style=\"text-align: center;\"><img loading=\"lazy\" decoding=\"async\" src=\"https:\/\/www.minesparis.psl.eu\/cmat\/wp-content\/uploads\/sites\/8\/2025\/09\/Logo-\u00b5MAX--300x262.jpg\" alt=\"\" width=\"322\" height=\"281\" class=\"alignnone  wp-image-1713\" srcset=\"https:\/\/www.minesparis.psl.eu\/cmat\/wp-content\/uploads\/sites\/25\/2025\/09\/Logo-\u00b5MAX--300x262.jpg 300w, https:\/\/www.minesparis.psl.eu\/cmat\/wp-content\/uploads\/sites\/25\/2025\/09\/Logo-\u00b5MAX--1024x893.jpg 1024w, https:\/\/www.minesparis.psl.eu\/cmat\/wp-content\/uploads\/sites\/25\/2025\/09\/Logo-\u00b5MAX--768x670.jpg 768w, https:\/\/www.minesparis.psl.eu\/cmat\/wp-content\/uploads\/sites\/25\/2025\/09\/Logo-\u00b5MAX-.jpg 1280w\" sizes=\"auto, (max-width: 322px) 100vw, 322px\" \/><\/p>\n<h3 style=\"text-align: center;\"><span style=\"color: #015d9e;\">micromax<\/span><\/h3>\n<p style=\"text-align: center;\"><strong>Microscopie, M\u00e9tallographie,<\/strong>\n<strong>Analyse et rayon X<\/strong><\/p>\n<p style=\"text-align: center;\"><em>Analyses microstructurales et diffraction des rayons X<\/em><\/p>\n<p style=\"text-align: center;\"><a class=\"button-mines btn-bleu flech lf-blanc\" href=\"https:\/\/www.minesparis.psl.eu\/cmat\/plateformes-techniques\/microstructure-metallographie-analyse-diffraction-des-rayons-x\/\" target=\"_blank\" rel=\"noopener\">En savoir plus<\/a><\/p>\n\t\t<\/div>\n\t\t<div class=\"col-md-6\">\n\t\t\t<p><img loading=\"lazy\" decoding=\"async\" class=\"size-medium wp-image-706 aligncenter\" src=\"https:\/\/www.minesparis.psl.eu\/cmat\/wp-content\/uploads\/sites\/8\/2025\/04\/SISDEV-300x300.jpg\" alt=\"\" width=\"300\" height=\"300\" srcset=\"https:\/\/www.minesparis.psl.eu\/cmat\/wp-content\/uploads\/sites\/25\/2025\/04\/SISDEV-300x300.jpg 300w, https:\/\/www.minesparis.psl.eu\/cmat\/wp-content\/uploads\/sites\/25\/2025\/04\/SISDEV-150x150.jpg 150w, https:\/\/www.minesparis.psl.eu\/cmat\/wp-content\/uploads\/sites\/25\/2025\/04\/SISDEV.jpg 500w\" sizes=\"auto, (max-width: 300px) 100vw, 300px\" \/><\/p>\n<h3 style=\"text-align: center;\"><span style=\"color: #015d9e;\">SISDEV<\/span><\/h3>\n<p style=\"text-align: center;\"><strong>Support en Informatique Scientifique et d\u00e9veloppement<\/strong><\/p>\n<p style=\"text-align: center;\"><em>Instrumentation, acquisition de donn\u00e9es et mod\u00e9lisation num\u00e9rique<\/em><\/p>\n<p style=\"text-align: center;\"><a class=\"button-mines btn-bleu flech lf-blanc\" href=\"https:\/\/www.minesparis.psl.eu\/cmat\/plateformes-techniques\/support-en-informatique-scientifique-et-developpement\/\" target=\"_blank\" rel=\"noopener\">En savoir plus<\/a><\/p>\n\t\t<\/div>\n\t<\/div>\n<\/div>\n\n\n<div class=\"container block-full-largeur\">\n\t<div class=\"row mt-4\">\n\t\t<div class=\"col-md-12\">\n\t\t\t<hr \/>\n<h2 style=\"text-align: justify;\">Acc\u00e8s et collaborations<\/h2>\n<p class=\"\" data-start=\"3655\" data-end=\"3850\">Les plateformes techniques sont <strong data-start=\"3687\" data-end=\"3752\">ouvertes aux \u00e9quipes acad\u00e9miques, aux partenaires industriels<\/strong>, ainsi qu\u2019aux structures d\u2019innovation (start-ups deeptech, instituts techniques, laboratoires).<\/p>\n<p class=\"\" data-start=\"3857\" data-end=\"3902\">Elles peuvent \u00eatre mobilis\u00e9es dans le cadre :<\/p>\n<ul>\n<li>de projets collaboratifs (th\u00e8ses, ANR, Carnot, Horizon Europe\u2026)<\/li>\n<li>de prestations R&amp;D (tests, mesures, prototypes)<\/li>\n<li>de formations techniques avanc\u00e9es<\/li>\n<\/ul>\n<p style=\"text-align: center;\"><a class=\"button-mines btn-noir flech lf-blanc\" href=\"https:\/\/www.minesparis.psl.eu\/cmat\/contact\/\" target=\"_blank\" rel=\"noopener\">Contact<\/a><\/p>\n\t\t<\/div>\n\t<\/div>\n<\/div>","protected":false},"excerpt":{"rendered":"","protected":false},"author":4,"featured_media":700,"parent":0,"menu_order":0,"comment_status":"closed","ping_status":"closed","template":"","meta":{"footnotes":""},"class_list":["post-168","page","type-page","status-publish","has-post-thumbnail","hentry"],"acf":[],"yoast_head":"<!-- This site is optimized with the Yoast SEO plugin v27.2 - https:\/\/yoast.com\/product\/yoast-seo-wordpress\/ -->\n<title>Plateformes techniques - Centre des Mat\u00e9riaux Mines Paris - PSL<\/title>\n<meta name=\"robots\" content=\"index, follow, max-snippet:-1, max-image-preview:large, max-video-preview:-1\" \/>\n<link rel=\"canonical\" href=\"https:\/\/www.minesparis.psl.eu\/cmat\/plateformes-techniques\/\" \/>\n<meta property=\"og:locale\" content=\"fr_FR\" \/>\n<meta property=\"og:type\" content=\"article\" \/>\n<meta property=\"og:title\" content=\"Plateformes techniques - Centre des Mat\u00e9riaux Mines Paris - PSL\" \/>\n<meta property=\"og:url\" content=\"https:\/\/www.minesparis.psl.eu\/cmat\/plateformes-techniques\/\" \/>\n<meta property=\"og:site_name\" content=\"Centre des Mat\u00e9riaux Mines Paris - PSL\" \/>\n<meta property=\"article:modified_time\" content=\"2025-09-22T08:47:43+00:00\" \/>\n<meta property=\"og:image\" content=\"https:\/\/www.minesparis.psl.eu\/cmat\/wp-content\/uploads\/sites\/25\/2025\/04\/Les-plateformes-techniques-1.png\" \/>\n\t<meta property=\"og:image:width\" content=\"1920\" \/>\n\t<meta property=\"og:image:height\" content=\"1080\" \/>\n\t<meta property=\"og:image:type\" content=\"image\/png\" \/>\n<meta name=\"twitter:card\" content=\"summary_large_image\" \/>\n<script type=\"application\/ld+json\" class=\"yoast-schema-graph\">{\"@context\":\"https:\/\/schema.org\",\"@graph\":[{\"@type\":\"WebPage\",\"@id\":\"https:\/\/www.minesparis.psl.eu\/cmat\/plateformes-techniques\/\",\"url\":\"https:\/\/www.minesparis.psl.eu\/cmat\/plateformes-techniques\/\",\"name\":\"Plateformes techniques - Centre des Mat\u00e9riaux Mines Paris - PSL\",\"isPartOf\":{\"@id\":\"https:\/\/www.minesparis.psl.eu\/cmat\/#website\"},\"primaryImageOfPage\":{\"@id\":\"https:\/\/www.minesparis.psl.eu\/cmat\/plateformes-techniques\/#primaryimage\"},\"image\":{\"@id\":\"https:\/\/www.minesparis.psl.eu\/cmat\/plateformes-techniques\/#primaryimage\"},\"thumbnailUrl\":\"https:\/\/www.minesparis.psl.eu\/cmat\/wp-content\/uploads\/sites\/25\/2025\/04\/Les-plateformes-techniques-1.png\",\"datePublished\":\"2025-02-27T14:43:14+00:00\",\"dateModified\":\"2025-09-22T08:47:43+00:00\",\"breadcrumb\":{\"@id\":\"https:\/\/www.minesparis.psl.eu\/cmat\/plateformes-techniques\/#breadcrumb\"},\"inLanguage\":\"fr-FR\",\"potentialAction\":[{\"@type\":\"ReadAction\",\"target\":[\"https:\/\/www.minesparis.psl.eu\/cmat\/plateformes-techniques\/\"]}]},{\"@type\":\"ImageObject\",\"inLanguage\":\"fr-FR\",\"@id\":\"https:\/\/www.minesparis.psl.eu\/cmat\/plateformes-techniques\/#primaryimage\",\"url\":\"https:\/\/www.minesparis.psl.eu\/cmat\/wp-content\/uploads\/sites\/25\/2025\/04\/Les-plateformes-techniques-1.png\",\"contentUrl\":\"https:\/\/www.minesparis.psl.eu\/cmat\/wp-content\/uploads\/sites\/25\/2025\/04\/Les-plateformes-techniques-1.png\",\"width\":1920,\"height\":1080},{\"@type\":\"BreadcrumbList\",\"@id\":\"https:\/\/www.minesparis.psl.eu\/cmat\/plateformes-techniques\/#breadcrumb\",\"itemListElement\":[{\"@type\":\"ListItem\",\"position\":1,\"name\":\"Accueil\",\"item\":\"https:\/\/www.minesparis.psl.eu\/cmat\/\"},{\"@type\":\"ListItem\",\"position\":2,\"name\":\"Plateformes techniques\"}]},{\"@type\":\"WebSite\",\"@id\":\"https:\/\/www.minesparis.psl.eu\/cmat\/#website\",\"url\":\"https:\/\/www.minesparis.psl.eu\/cmat\/\",\"name\":\"Centre des Mat\u00e9riaux Mines Paris - PSL\",\"description\":\"\",\"publisher\":{\"@id\":\"https:\/\/www.minesparis.psl.eu\/cmat\/#organization\"},\"potentialAction\":[{\"@type\":\"SearchAction\",\"target\":{\"@type\":\"EntryPoint\",\"urlTemplate\":\"https:\/\/www.minesparis.psl.eu\/cmat\/?s={search_term_string}\"},\"query-input\":{\"@type\":\"PropertyValueSpecification\",\"valueRequired\":true,\"valueName\":\"search_term_string\"}}],\"inLanguage\":\"fr-FR\"},{\"@type\":\"Organization\",\"@id\":\"https:\/\/www.minesparis.psl.eu\/cmat\/#organization\",\"name\":\"Centre des Mat\u00e9riaux Mines Paris - PSL\",\"url\":\"https:\/\/www.minesparis.psl.eu\/cmat\/\",\"logo\":{\"@type\":\"ImageObject\",\"inLanguage\":\"fr-FR\",\"@id\":\"https:\/\/www.minesparis.psl.eu\/cmat\/#\/schema\/logo\/image\/\",\"url\":\"https:\/\/www.minesparis.psl.eu\/cmat\/wp-content\/uploads\/sites\/25\/2025\/06\/cropped-Logo-Mines-CNRS-scaled-1.png\",\"contentUrl\":\"https:\/\/www.minesparis.psl.eu\/cmat\/wp-content\/uploads\/sites\/25\/2025\/06\/cropped-Logo-Mines-CNRS-scaled-1.png\",\"width\":2479,\"height\":377,\"caption\":\"Centre des Mat\u00e9riaux Mines Paris - PSL\"},\"image\":{\"@id\":\"https:\/\/www.minesparis.psl.eu\/cmat\/#\/schema\/logo\/image\/\"}}]}<\/script>\n<!-- \/ Yoast SEO plugin. -->","yoast_head_json":{"title":"Plateformes techniques - Centre des Mat\u00e9riaux Mines Paris - PSL","robots":{"index":"index","follow":"follow","max-snippet":"max-snippet:-1","max-image-preview":"max-image-preview:large","max-video-preview":"max-video-preview:-1"},"canonical":"https:\/\/www.minesparis.psl.eu\/cmat\/plateformes-techniques\/","og_locale":"fr_FR","og_type":"article","og_title":"Plateformes techniques - Centre des Mat\u00e9riaux Mines Paris - PSL","og_url":"https:\/\/www.minesparis.psl.eu\/cmat\/plateformes-techniques\/","og_site_name":"Centre des Mat\u00e9riaux Mines Paris - PSL","article_modified_time":"2025-09-22T08:47:43+00:00","og_image":[{"width":1920,"height":1080,"url":"https:\/\/www.minesparis.psl.eu\/cmat\/wp-content\/uploads\/sites\/25\/2025\/04\/Les-plateformes-techniques-1.png","type":"image\/png"}],"twitter_card":"summary_large_image","schema":{"@context":"https:\/\/schema.org","@graph":[{"@type":"WebPage","@id":"https:\/\/www.minesparis.psl.eu\/cmat\/plateformes-techniques\/","url":"https:\/\/www.minesparis.psl.eu\/cmat\/plateformes-techniques\/","name":"Plateformes techniques - Centre des Mat\u00e9riaux Mines Paris - PSL","isPartOf":{"@id":"https:\/\/www.minesparis.psl.eu\/cmat\/#website"},"primaryImageOfPage":{"@id":"https:\/\/www.minesparis.psl.eu\/cmat\/plateformes-techniques\/#primaryimage"},"image":{"@id":"https:\/\/www.minesparis.psl.eu\/cmat\/plateformes-techniques\/#primaryimage"},"thumbnailUrl":"https:\/\/www.minesparis.psl.eu\/cmat\/wp-content\/uploads\/sites\/25\/2025\/04\/Les-plateformes-techniques-1.png","datePublished":"2025-02-27T14:43:14+00:00","dateModified":"2025-09-22T08:47:43+00:00","breadcrumb":{"@id":"https:\/\/www.minesparis.psl.eu\/cmat\/plateformes-techniques\/#breadcrumb"},"inLanguage":"fr-FR","potentialAction":[{"@type":"ReadAction","target":["https:\/\/www.minesparis.psl.eu\/cmat\/plateformes-techniques\/"]}]},{"@type":"ImageObject","inLanguage":"fr-FR","@id":"https:\/\/www.minesparis.psl.eu\/cmat\/plateformes-techniques\/#primaryimage","url":"https:\/\/www.minesparis.psl.eu\/cmat\/wp-content\/uploads\/sites\/25\/2025\/04\/Les-plateformes-techniques-1.png","contentUrl":"https:\/\/www.minesparis.psl.eu\/cmat\/wp-content\/uploads\/sites\/25\/2025\/04\/Les-plateformes-techniques-1.png","width":1920,"height":1080},{"@type":"BreadcrumbList","@id":"https:\/\/www.minesparis.psl.eu\/cmat\/plateformes-techniques\/#breadcrumb","itemListElement":[{"@type":"ListItem","position":1,"name":"Accueil","item":"https:\/\/www.minesparis.psl.eu\/cmat\/"},{"@type":"ListItem","position":2,"name":"Plateformes techniques"}]},{"@type":"WebSite","@id":"https:\/\/www.minesparis.psl.eu\/cmat\/#website","url":"https:\/\/www.minesparis.psl.eu\/cmat\/","name":"Centre des Mat\u00e9riaux Mines Paris - PSL","description":"","publisher":{"@id":"https:\/\/www.minesparis.psl.eu\/cmat\/#organization"},"potentialAction":[{"@type":"SearchAction","target":{"@type":"EntryPoint","urlTemplate":"https:\/\/www.minesparis.psl.eu\/cmat\/?s={search_term_string}"},"query-input":{"@type":"PropertyValueSpecification","valueRequired":true,"valueName":"search_term_string"}}],"inLanguage":"fr-FR"},{"@type":"Organization","@id":"https:\/\/www.minesparis.psl.eu\/cmat\/#organization","name":"Centre des Mat\u00e9riaux Mines Paris - PSL","url":"https:\/\/www.minesparis.psl.eu\/cmat\/","logo":{"@type":"ImageObject","inLanguage":"fr-FR","@id":"https:\/\/www.minesparis.psl.eu\/cmat\/#\/schema\/logo\/image\/","url":"https:\/\/www.minesparis.psl.eu\/cmat\/wp-content\/uploads\/sites\/25\/2025\/06\/cropped-Logo-Mines-CNRS-scaled-1.png","contentUrl":"https:\/\/www.minesparis.psl.eu\/cmat\/wp-content\/uploads\/sites\/25\/2025\/06\/cropped-Logo-Mines-CNRS-scaled-1.png","width":2479,"height":377,"caption":"Centre des Mat\u00e9riaux Mines Paris - PSL"},"image":{"@id":"https:\/\/www.minesparis.psl.eu\/cmat\/#\/schema\/logo\/image\/"}}]}},"_links":{"self":[{"href":"https:\/\/www.minesparis.psl.eu\/cmat\/wp-json\/wp\/v2\/pages\/168","targetHints":{"allow":["GET"]}}],"collection":[{"href":"https:\/\/www.minesparis.psl.eu\/cmat\/wp-json\/wp\/v2\/pages"}],"about":[{"href":"https:\/\/www.minesparis.psl.eu\/cmat\/wp-json\/wp\/v2\/types\/page"}],"author":[{"embeddable":true,"href":"https:\/\/www.minesparis.psl.eu\/cmat\/wp-json\/wp\/v2\/users\/4"}],"replies":[{"embeddable":true,"href":"https:\/\/www.minesparis.psl.eu\/cmat\/wp-json\/wp\/v2\/comments?post=168"}],"version-history":[{"count":22,"href":"https:\/\/www.minesparis.psl.eu\/cmat\/wp-json\/wp\/v2\/pages\/168\/revisions"}],"predecessor-version":[{"id":1719,"href":"https:\/\/www.minesparis.psl.eu\/cmat\/wp-json\/wp\/v2\/pages\/168\/revisions\/1719"}],"wp:featuredmedia":[{"embeddable":true,"href":"https:\/\/www.minesparis.psl.eu\/cmat\/wp-json\/wp\/v2\/media\/700"}],"wp:attachment":[{"href":"https:\/\/www.minesparis.psl.eu\/cmat\/wp-json\/wp\/v2\/media?parent=168"}],"curies":[{"name":"wp","href":"https:\/\/api.w.org\/{rel}","templated":true}]}}