{"id":158,"date":"2025-02-27T15:40:21","date_gmt":"2025-02-27T14:40:21","guid":{"rendered":"https:\/\/www.minesparis.psl.eu\/cmat\/?page_id=158"},"modified":"2025-09-11T10:50:25","modified_gmt":"2025-09-11T08:50:25","slug":"domaines-dapplication","status":"publish","type":"page","link":"https:\/\/www.minesparis.psl.eu\/cmat\/le-centre-des-materiaux\/domaines-dapplication\/","title":{"rendered":"Domaines d\u2019application"},"content":{"rendered":"\n<div class=\"container bloc-30-30-30\">\n\t<div class=\"row mt-4\">\n\t\t<div class=\"col-md-4\">\n\t\t\t<h3 style=\"text-align: center;\"><span style=\"color: #015d9e;\">Automobile<\/span><\/h3>\n<p style=\"text-align: center;\">Dans le secteur automobile, le CMAT travaille \u00e0 l\u2019am\u00e9lioration des mat\u00e9riaux pour optimiser les performances des v\u00e9hicules, tout en prenant en compte des enjeux li\u00e9s \u00e0 la s\u00e9curit\u00e9, \u00e0 la l\u00e9g\u00e8ret\u00e9 et \u00e0 l\u2019impact environnemental. Les recherches incluent la caract\u00e9risation des mat\u00e9riaux pour am\u00e9liorer leur r\u00e9sistance, ainsi que l\u2019optimisation des structures pour r\u00e9duire la consommation d\u2019\u00e9nergie et les \u00e9missions de CO2.\nEn plus de collaborations historiques avec de grands groupes, le Centre accompagne \u00e9galement des PME et ETI dans l\u2019am\u00e9lioration de leurs proc\u00e9d\u00e9s mat\u00e9riaux, en proposant des solutions rapides, modulables et adapt\u00e9es \u00e0 leurs enjeux industriels sp\u00e9cifiques.<\/p>\n\t\t<\/div>\n\t\t<div class=\"col-md-4\">\n\t\t\t<h3 style=\"text-align: center;\"><span style=\"color: #015d9e;\"> Aviation &amp; Espace<\/span><\/h3>\n<p style=\"text-align: center;\">Les mat\u00e9riaux dans l\u2019a\u00e9ronautique et le spatial doivent r\u00e9pondre \u00e0 des contraintes extr\u00eames, notamment des temp\u00e9ratures \u00e9lev\u00e9es, des pressions et des sollicitations m\u00e9caniques complexes. Le CMAT participe au d\u00e9veloppement de mat\u00e9riaux ultra-r\u00e9sistants et l\u00e9gers pour les composants des avions et des satellites, avec un accent particulier sur la fiabilit\u00e9 \u00e0 long terme et la r\u00e9duction des co\u00fbts de maintenance.<\/p>\n\t\t<\/div>\n\t\t<div class=\"col-md-4\">\n\t\t\t<h3 style=\"text-align: center;\"><span style=\"color: #015d9e;\">\u00c9nergie<\/span><\/h3>\n<p style=\"text-align: center;\">Les enjeux li\u00e9s \u00e0 la transition \u00e9nerg\u00e9tique am\u00e8nent le Centre des Mat\u00e9riaux \u00e0 explorer des mat\u00e9riaux pour des applications telles que le stockage d&rsquo;\u00e9nergie, la production d&rsquo;\u00e9nergie renouvelable et les syst\u00e8mes \u00e9nerg\u00e9tiques efficaces. Le d\u00e9veloppement de mat\u00e9riaux pour les piles \u00e0 combustible ou les batteries haute performance est une de ses priorit\u00e9s. De plus, le Centre m\u00e8ne des recherches pour optimiser les mat\u00e9riaux utilis\u00e9s dans les centrales thermiques et nucl\u00e9aires afin d\u2019en am\u00e9liorer la s\u00e9curit\u00e9 et la performance.<\/p>\n\t\t<\/div>\n\t<\/div>\n<\/div>\n\n\n<div class=\"container bloc-30-30-30\">\n\t<div class=\"row mt-4\">\n\t\t<div class=\"col-md-4\">\n\t\t\t<h3 style=\"text-align: center;\"><span style=\"color: #015d9e;\"> M\u00e9tallurgie<\/span><\/h3>\n<p style=\"text-align: center;\">Le Centre des Mat\u00e9riaux est un acteur majeur dans l&rsquo;\u00e9tude des mat\u00e9riaux m\u00e9talliques. L\u2019objectif est de comprendre les m\u00e9canismes qui sous-tendent les propri\u00e9t\u00e9s m\u00e9caniques et thermiques des alliages m\u00e9talliques, afin de concevoir des mat\u00e9riaux plus performants et r\u00e9sistants dans des conditions industrielles s\u00e9v\u00e8res. Ces recherches sont cruciales pour des industries comme la m\u00e9tallurgie, la construction, l\u2019automobile et l\u2019a\u00e9ronautique.<\/p>\n\t\t<\/div>\n\t\t<div class=\"col-md-4\">\n\t\t\t<h3 style=\"text-align: center;\"><span style=\"color: #015d9e;\">Dispositifs exp\u00e9rimentaux sp\u00e9cifiques<\/span><\/h3>\n<p style=\"text-align: center;\">Le Centre d\u00e9veloppe et met en \u0153uvre des dispositifs exp\u00e9rimentaux pour caract\u00e9riser de mani\u00e8re pr\u00e9cise les mat\u00e9riaux sous des conditions contr\u00f4l\u00e9es. Cela inclut des \u00e9quipements de pointe pour l\u2019analyse microstructurale et m\u00e9canique des mat\u00e9riaux, permettant de mieux comprendre leur comportement dans des conditions sp\u00e9cifiques (telles que l\u2019irradiation ou des conditions extr\u00eames de temp\u00e9rature).<\/p>\n\t\t<\/div>\n\t\t<div class=\"col-md-4\">\n\t\t\t<h3 style=\"text-align: center;\"><span style=\"color: #015d9e;\">Caract\u00e9risation des mat\u00e9riaux<\/span><\/h3>\n<p style=\"text-align: center;\">Les recherches du Centre des Mat\u00e9riaux incluent des m\u00e9thodes avanc\u00e9es pour la caract\u00e9risation exp\u00e9rimentale des mat\u00e9riaux. Gr\u00e2ce \u00e0 des technologies de microscopie \u00e9lectronique, de diffraction des rayons X, et d&rsquo;autres techniques de caract\u00e9risation multi-\u00e9chelles, le Centre est capable de d\u00e9terminer pr\u00e9cis\u00e9ment les propri\u00e9t\u00e9s des mat\u00e9riaux \u00e0 diff\u00e9rentes \u00e9chelles, de l\u2019\u00e9chelle atomique \u00e0 l\u2019\u00e9chelle macroscopique.<\/p>\n\t\t<\/div>\n\t<\/div>\n<\/div>\n\n\n<div class=\"container bloc-30-30-30\">\n\t<div class=\"row mt-4\">\n\t\t<div class=\"col-md-4\">\n\t\t\t<h3 style=\"text-align: center;\"><span style=\"color: #015d9e;\">Calculs de structures<\/span><\/h3>\n<p style=\"text-align: center;\">L\u2019une des forces du Centre des Mat\u00e9riaux r\u00e9side dans son expertise en mod\u00e9lisation num\u00e9rique, permettant de simuler et d\u2019optimiser le comportement des mat\u00e9riaux et des structures sous diverses contraintes. Ces calculs permettent de pr\u00e9voir la r\u00e9sistance et la durabilit\u00e9 des mat\u00e9riaux dans des applications industrielles complexes, notamment dans les secteurs de l\u2019a\u00e9ronautique, de l\u2019\u00e9nergie et de l\u2019automobile.<\/p>\n\t\t<\/div>\n\t\t<div class=\"col-md-4\">\n\t\t\t<h3 style=\"text-align: center;\"><span style=\"color: #015d9e;\">Optimisation des mat\u00e9riaux (calculs de microstructures)<\/span><\/h3>\n<p style=\"text-align: center;\">L\u2019optimisation des microstructures des mat\u00e9riaux est essentielle pour am\u00e9liorer leurs performances, notamment en termes de r\u00e9sistance \u00e0 l\u2019usure, de fatigue et de rupture. Le Centre des Mat\u00e9riaux utilise des mod\u00e8les num\u00e9riques avanc\u00e9s pour simuler les propri\u00e9t\u00e9s m\u00e9caniques et thermiques des mat\u00e9riaux en fonction de leur microstructure, afin d&rsquo;identifier les solutions les plus adapt\u00e9es aux besoins industriels.<\/p>\n\t\t<\/div>\n\t\t<div class=\"col-md-4\">\n\t\t\t<h3 style=\"text-align: center;\" data-start=\"1248\" data-end=\"1270\"><span style=\"color: #015d9e;\">D\u00e9fense &amp; S\u00e9curit\u00e9<\/span><\/h3>\n<p class=\"\" style=\"text-align: center;\" data-start=\"1272\" data-end=\"1532\">Situ\u00e9 au c\u0153ur d\u2019un \u00e9cosyst\u00e8me d\u2019acteurs majeurs de la d\u00e9fense, le Centre participe activement \u00e0 la recherche duale en d\u00e9veloppant des mat\u00e9riaux et mod\u00e8les adapt\u00e9s aux contraintes extr\u00eames du secteur militaire. Les travaux incluent la conception de mat\u00e9riaux \u00e0 haute performance pour les blindages l\u00e9gers et composants critiques, l&rsquo;\u00e9valuation de la durabilit\u00e9 des mat\u00e9riaux dans des environnements s\u00e9v\u00e8res (chocs, corrosion, temp\u00e9rature) ou encore la simulation num\u00e9rique pour optimiser la fiabilit\u00e9 des structures dans des applications militaires.<\/p>\n\t\t<\/div>\n\t<\/div>\n<\/div>\n\n\n<div class=\"container block-full-largeur\">\n\t<div class=\"row mt-4\">\n\t\t<div class=\"col-md-12\">\n\t\t\t<hr \/>\n<h2 style=\"text-align: left;\">Une offre de recherches compl\u00e8te pour l\u2019industrie et l\u2019innovation<\/h2>\n\t\t<\/div>\n\t<\/div>\n<\/div>\n\n\n<div class=\"container bloc-70-30\">\n\t<div class=\"row mt-4\">\n\t\t<div class=\"col-md-8\">\n\t\t\t<p style=\"text-align: justify;\">En collaborant avec des partenaires industriels et acad\u00e9miques nationaux et internationaux, le Centre des Mat\u00e9riaux propose des solutions sur mesure pour r\u00e9pondre aux enjeux sp\u00e9cifiques de chaque secteur. L\u2019objectif est de fournir aux industriels les outils n\u00e9cessaires pour am\u00e9liorer leurs produits et leurs proc\u00e9d\u00e9s tout en r\u00e9pondant aux exigences \u00e9conomiques, environnementales et sociales du march\u00e9.<\/p>\n<p style=\"text-align: justify;\">Le Centre s\u2019engage \u00e0 accompagner les entreprises dans leurs d\u00e9marches d\u2019innovation, \u00e0 travers des projets de recherche collaborative, des partenariats industriels et des prototypes adapt\u00e9s aux besoins des diff\u00e9rents secteurs d\u2019application.<\/p>\n<p style=\"text-align: justify;\">Le Centre propose une offre personnalis\u00e9e \u00e0 destination des entreprises, incluant :<\/p>\n<ul>\n<li style=\"text-align: justify;\">L\u2019acc\u00e8s \u00e0 ses \u00e9quipements de pointe,<\/li>\n<li style=\"text-align: justify;\">L\u2019expertise en mod\u00e9lisation, calculs de structure, et caract\u00e9risation,<\/li>\n<li style=\"text-align: justify;\">Des accompagnements pour le transfert technologique, la propri\u00e9t\u00e9 intellectuelle et le d\u00e9veloppement produit.<\/li>\n<\/ul>\n\t\t<\/div>\n\t\t<div class=\"col-md-4\">\n\t\t\t<p><img loading=\"lazy\" decoding=\"async\" class=\" wp-image-1299 aligncenter\" src=\"https:\/\/www.minesparis.psl.eu\/cmat\/wp-content\/uploads\/sites\/8\/2025\/04\/CampusVersaillesSatoryMai2025-086-MDweb-200x300.jpg\" alt=\"\" width=\"270\" height=\"405\" srcset=\"https:\/\/www.minesparis.psl.eu\/cmat\/wp-content\/uploads\/sites\/25\/2025\/04\/CampusVersaillesSatoryMai2025-086-MDweb-200x300.jpg 200w, https:\/\/www.minesparis.psl.eu\/cmat\/wp-content\/uploads\/sites\/25\/2025\/04\/CampusVersaillesSatoryMai2025-086-MDweb-683x1024.jpg 683w, https:\/\/www.minesparis.psl.eu\/cmat\/wp-content\/uploads\/sites\/25\/2025\/04\/CampusVersaillesSatoryMai2025-086-MDweb-768x1151.jpg 768w, https:\/\/www.minesparis.psl.eu\/cmat\/wp-content\/uploads\/sites\/25\/2025\/04\/CampusVersaillesSatoryMai2025-086-MDweb-1025x1536.jpg 1025w, https:\/\/www.minesparis.psl.eu\/cmat\/wp-content\/uploads\/sites\/25\/2025\/04\/CampusVersaillesSatoryMai2025-086-MDweb-1300x1949.jpg 1300w, https:\/\/www.minesparis.psl.eu\/cmat\/wp-content\/uploads\/sites\/25\/2025\/04\/CampusVersaillesSatoryMai2025-086-MDweb.jpg 1334w\" sizes=\"auto, (max-width: 270px) 100vw, 270px\" \/><\/p>\n\t\t<\/div>\n\t<\/div>\n<\/div>\n\n\n<div class=\"container block-full-largeur\">\n\t<div class=\"row mt-4\">\n\t\t<div class=\"col-md-12\">\n\t\t\t<h3 class=\"\" data-start=\"2152\" data-end=\"2192\">Projets collaboratifs &amp; financement<\/h3>\n<p style=\"text-align: justify;\" data-start=\"2152\" data-end=\"2192\">Le Centre s\u2019engage dans des projets nationaux et europ\u00e9ens en lien avec la transition \u00e9nerg\u00e9tique, la d\u00e9fense, et la durabilit\u00e9 des mat\u00e9riaux. Il est r\u00e9guli\u00e8rement impliqu\u00e9 dans des appels \u00e0 projets comp\u00e9titifs (ANR, Horizon Europe, France 2030) en partenariat avec des industriels, PME et start-ups.<\/p>\n<p style=\"text-align: center;\"><a class=\"button-mines btn-noir flech lf-blanc\" href=\"https:\/\/www.minesparis.psl.eu\/cmat\/contact\/\" target=\"_blank\" rel=\"noopener\">Contact<\/a><\/p>\n<p>&nbsp;<\/p>\n\t\t<\/div>\n\t<\/div>\n<\/div>","protected":false},"excerpt":{"rendered":"","protected":false},"author":4,"featured_media":1337,"parent":146,"menu_order":0,"comment_status":"closed","ping_status":"closed","template":"","meta":{"footnotes":""},"class_list":["post-158","page","type-page","status-publish","has-post-thumbnail","hentry"],"acf":[],"yoast_head":"<!-- This site is optimized with the Yoast SEO plugin v27.2 - https:\/\/yoast.com\/product\/yoast-seo-wordpress\/ -->\n<title>Domaines d&#039;application - Centre des Mat\u00e9riaux Mines Paris - PSL<\/title>\n<meta name=\"robots\" content=\"index, follow, max-snippet:-1, max-image-preview:large, max-video-preview:-1\" \/>\n<link rel=\"canonical\" href=\"https:\/\/www.minesparis.psl.eu\/cmat\/le-centre-des-materiaux\/domaines-dapplication\/\" \/>\n<meta property=\"og:locale\" content=\"fr_FR\" \/>\n<meta property=\"og:type\" content=\"article\" \/>\n<meta property=\"og:title\" content=\"Domaines d&#039;application - Centre des Mat\u00e9riaux Mines Paris - PSL\" \/>\n<meta property=\"og:url\" content=\"https:\/\/www.minesparis.psl.eu\/cmat\/le-centre-des-materiaux\/domaines-dapplication\/\" \/>\n<meta property=\"og:site_name\" content=\"Centre des Mat\u00e9riaux Mines Paris - PSL\" \/>\n<meta property=\"article:modified_time\" content=\"2025-09-11T08:50:25+00:00\" \/>\n<meta property=\"og:image\" content=\"https:\/\/www.minesparis.psl.eu\/cmat\/wp-content\/uploads\/sites\/25\/2025\/06\/CampusVersaillesSatoryMai2025-099-MDweb.jpg\" \/>\n\t<meta property=\"og:image:width\" content=\"2000\" \/>\n\t<meta property=\"og:image:height\" content=\"1089\" \/>\n\t<meta property=\"og:image:type\" content=\"image\/jpeg\" \/>\n<meta name=\"twitter:card\" content=\"summary_large_image\" \/>\n<script type=\"application\/ld+json\" class=\"yoast-schema-graph\">{\"@context\":\"https:\/\/schema.org\",\"@graph\":[{\"@type\":\"WebPage\",\"@id\":\"https:\/\/www.minesparis.psl.eu\/cmat\/le-centre-des-materiaux\/domaines-dapplication\/\",\"url\":\"https:\/\/www.minesparis.psl.eu\/cmat\/le-centre-des-materiaux\/domaines-dapplication\/\",\"name\":\"Domaines d'application - Centre des Mat\u00e9riaux Mines Paris - PSL\",\"isPartOf\":{\"@id\":\"https:\/\/www.minesparis.psl.eu\/cmat\/#website\"},\"primaryImageOfPage\":{\"@id\":\"https:\/\/www.minesparis.psl.eu\/cmat\/le-centre-des-materiaux\/domaines-dapplication\/#primaryimage\"},\"image\":{\"@id\":\"https:\/\/www.minesparis.psl.eu\/cmat\/le-centre-des-materiaux\/domaines-dapplication\/#primaryimage\"},\"thumbnailUrl\":\"https:\/\/www.minesparis.psl.eu\/cmat\/wp-content\/uploads\/sites\/25\/2025\/06\/CampusVersaillesSatoryMai2025-099-MDweb.jpg\",\"datePublished\":\"2025-02-27T14:40:21+00:00\",\"dateModified\":\"2025-09-11T08:50:25+00:00\",\"breadcrumb\":{\"@id\":\"https:\/\/www.minesparis.psl.eu\/cmat\/le-centre-des-materiaux\/domaines-dapplication\/#breadcrumb\"},\"inLanguage\":\"fr-FR\",\"potentialAction\":[{\"@type\":\"ReadAction\",\"target\":[\"https:\/\/www.minesparis.psl.eu\/cmat\/le-centre-des-materiaux\/domaines-dapplication\/\"]}]},{\"@type\":\"ImageObject\",\"inLanguage\":\"fr-FR\",\"@id\":\"https:\/\/www.minesparis.psl.eu\/cmat\/le-centre-des-materiaux\/domaines-dapplication\/#primaryimage\",\"url\":\"https:\/\/www.minesparis.psl.eu\/cmat\/wp-content\/uploads\/sites\/25\/2025\/06\/CampusVersaillesSatoryMai2025-099-MDweb.jpg\",\"contentUrl\":\"https:\/\/www.minesparis.psl.eu\/cmat\/wp-content\/uploads\/sites\/25\/2025\/06\/CampusVersaillesSatoryMai2025-099-MDweb.jpg\",\"width\":2000,\"height\":1089},{\"@type\":\"BreadcrumbList\",\"@id\":\"https:\/\/www.minesparis.psl.eu\/cmat\/le-centre-des-materiaux\/domaines-dapplication\/#breadcrumb\",\"itemListElement\":[{\"@type\":\"ListItem\",\"position\":1,\"name\":\"Accueil\",\"item\":\"https:\/\/www.minesparis.psl.eu\/cmat\/\"},{\"@type\":\"ListItem\",\"position\":2,\"name\":\"Le Centre des Mat\u00e9riaux\",\"item\":\"https:\/\/www.minesparis.psl.eu\/cmat\/le-centre-des-materiaux\/\"},{\"@type\":\"ListItem\",\"position\":3,\"name\":\"Domaines d\u2019application\"}]},{\"@type\":\"WebSite\",\"@id\":\"https:\/\/www.minesparis.psl.eu\/cmat\/#website\",\"url\":\"https:\/\/www.minesparis.psl.eu\/cmat\/\",\"name\":\"Centre des Mat\u00e9riaux Mines Paris - PSL\",\"description\":\"\",\"publisher\":{\"@id\":\"https:\/\/www.minesparis.psl.eu\/cmat\/#organization\"},\"potentialAction\":[{\"@type\":\"SearchAction\",\"target\":{\"@type\":\"EntryPoint\",\"urlTemplate\":\"https:\/\/www.minesparis.psl.eu\/cmat\/?s={search_term_string}\"},\"query-input\":{\"@type\":\"PropertyValueSpecification\",\"valueRequired\":true,\"valueName\":\"search_term_string\"}}],\"inLanguage\":\"fr-FR\"},{\"@type\":\"Organization\",\"@id\":\"https:\/\/www.minesparis.psl.eu\/cmat\/#organization\",\"name\":\"Centre des Mat\u00e9riaux Mines Paris - PSL\",\"url\":\"https:\/\/www.minesparis.psl.eu\/cmat\/\",\"logo\":{\"@type\":\"ImageObject\",\"inLanguage\":\"fr-FR\",\"@id\":\"https:\/\/www.minesparis.psl.eu\/cmat\/#\/schema\/logo\/image\/\",\"url\":\"https:\/\/www.minesparis.psl.eu\/cmat\/wp-content\/uploads\/sites\/25\/2025\/06\/cropped-Logo-Mines-CNRS-scaled-1.png\",\"contentUrl\":\"https:\/\/www.minesparis.psl.eu\/cmat\/wp-content\/uploads\/sites\/25\/2025\/06\/cropped-Logo-Mines-CNRS-scaled-1.png\",\"width\":2479,\"height\":377,\"caption\":\"Centre des Mat\u00e9riaux Mines Paris - PSL\"},\"image\":{\"@id\":\"https:\/\/www.minesparis.psl.eu\/cmat\/#\/schema\/logo\/image\/\"}}]}<\/script>\n<!-- \/ Yoast SEO plugin. -->","yoast_head_json":{"title":"Domaines d'application - Centre des Mat\u00e9riaux Mines Paris - PSL","robots":{"index":"index","follow":"follow","max-snippet":"max-snippet:-1","max-image-preview":"max-image-preview:large","max-video-preview":"max-video-preview:-1"},"canonical":"https:\/\/www.minesparis.psl.eu\/cmat\/le-centre-des-materiaux\/domaines-dapplication\/","og_locale":"fr_FR","og_type":"article","og_title":"Domaines d'application - Centre des Mat\u00e9riaux Mines Paris - PSL","og_url":"https:\/\/www.minesparis.psl.eu\/cmat\/le-centre-des-materiaux\/domaines-dapplication\/","og_site_name":"Centre des Mat\u00e9riaux Mines Paris - PSL","article_modified_time":"2025-09-11T08:50:25+00:00","og_image":[{"width":2000,"height":1089,"url":"https:\/\/www.minesparis.psl.eu\/cmat\/wp-content\/uploads\/sites\/25\/2025\/06\/CampusVersaillesSatoryMai2025-099-MDweb.jpg","type":"image\/jpeg"}],"twitter_card":"summary_large_image","schema":{"@context":"https:\/\/schema.org","@graph":[{"@type":"WebPage","@id":"https:\/\/www.minesparis.psl.eu\/cmat\/le-centre-des-materiaux\/domaines-dapplication\/","url":"https:\/\/www.minesparis.psl.eu\/cmat\/le-centre-des-materiaux\/domaines-dapplication\/","name":"Domaines d'application - Centre des Mat\u00e9riaux Mines Paris - PSL","isPartOf":{"@id":"https:\/\/www.minesparis.psl.eu\/cmat\/#website"},"primaryImageOfPage":{"@id":"https:\/\/www.minesparis.psl.eu\/cmat\/le-centre-des-materiaux\/domaines-dapplication\/#primaryimage"},"image":{"@id":"https:\/\/www.minesparis.psl.eu\/cmat\/le-centre-des-materiaux\/domaines-dapplication\/#primaryimage"},"thumbnailUrl":"https:\/\/www.minesparis.psl.eu\/cmat\/wp-content\/uploads\/sites\/25\/2025\/06\/CampusVersaillesSatoryMai2025-099-MDweb.jpg","datePublished":"2025-02-27T14:40:21+00:00","dateModified":"2025-09-11T08:50:25+00:00","breadcrumb":{"@id":"https:\/\/www.minesparis.psl.eu\/cmat\/le-centre-des-materiaux\/domaines-dapplication\/#breadcrumb"},"inLanguage":"fr-FR","potentialAction":[{"@type":"ReadAction","target":["https:\/\/www.minesparis.psl.eu\/cmat\/le-centre-des-materiaux\/domaines-dapplication\/"]}]},{"@type":"ImageObject","inLanguage":"fr-FR","@id":"https:\/\/www.minesparis.psl.eu\/cmat\/le-centre-des-materiaux\/domaines-dapplication\/#primaryimage","url":"https:\/\/www.minesparis.psl.eu\/cmat\/wp-content\/uploads\/sites\/25\/2025\/06\/CampusVersaillesSatoryMai2025-099-MDweb.jpg","contentUrl":"https:\/\/www.minesparis.psl.eu\/cmat\/wp-content\/uploads\/sites\/25\/2025\/06\/CampusVersaillesSatoryMai2025-099-MDweb.jpg","width":2000,"height":1089},{"@type":"BreadcrumbList","@id":"https:\/\/www.minesparis.psl.eu\/cmat\/le-centre-des-materiaux\/domaines-dapplication\/#breadcrumb","itemListElement":[{"@type":"ListItem","position":1,"name":"Accueil","item":"https:\/\/www.minesparis.psl.eu\/cmat\/"},{"@type":"ListItem","position":2,"name":"Le Centre des Mat\u00e9riaux","item":"https:\/\/www.minesparis.psl.eu\/cmat\/le-centre-des-materiaux\/"},{"@type":"ListItem","position":3,"name":"Domaines d\u2019application"}]},{"@type":"WebSite","@id":"https:\/\/www.minesparis.psl.eu\/cmat\/#website","url":"https:\/\/www.minesparis.psl.eu\/cmat\/","name":"Centre des Mat\u00e9riaux Mines Paris - PSL","description":"","publisher":{"@id":"https:\/\/www.minesparis.psl.eu\/cmat\/#organization"},"potentialAction":[{"@type":"SearchAction","target":{"@type":"EntryPoint","urlTemplate":"https:\/\/www.minesparis.psl.eu\/cmat\/?s={search_term_string}"},"query-input":{"@type":"PropertyValueSpecification","valueRequired":true,"valueName":"search_term_string"}}],"inLanguage":"fr-FR"},{"@type":"Organization","@id":"https:\/\/www.minesparis.psl.eu\/cmat\/#organization","name":"Centre des Mat\u00e9riaux Mines Paris - PSL","url":"https:\/\/www.minesparis.psl.eu\/cmat\/","logo":{"@type":"ImageObject","inLanguage":"fr-FR","@id":"https:\/\/www.minesparis.psl.eu\/cmat\/#\/schema\/logo\/image\/","url":"https:\/\/www.minesparis.psl.eu\/cmat\/wp-content\/uploads\/sites\/25\/2025\/06\/cropped-Logo-Mines-CNRS-scaled-1.png","contentUrl":"https:\/\/www.minesparis.psl.eu\/cmat\/wp-content\/uploads\/sites\/25\/2025\/06\/cropped-Logo-Mines-CNRS-scaled-1.png","width":2479,"height":377,"caption":"Centre des Mat\u00e9riaux Mines Paris - PSL"},"image":{"@id":"https:\/\/www.minesparis.psl.eu\/cmat\/#\/schema\/logo\/image\/"}}]}},"_links":{"self":[{"href":"https:\/\/www.minesparis.psl.eu\/cmat\/wp-json\/wp\/v2\/pages\/158","targetHints":{"allow":["GET"]}}],"collection":[{"href":"https:\/\/www.minesparis.psl.eu\/cmat\/wp-json\/wp\/v2\/pages"}],"about":[{"href":"https:\/\/www.minesparis.psl.eu\/cmat\/wp-json\/wp\/v2\/types\/page"}],"author":[{"embeddable":true,"href":"https:\/\/www.minesparis.psl.eu\/cmat\/wp-json\/wp\/v2\/users\/4"}],"replies":[{"embeddable":true,"href":"https:\/\/www.minesparis.psl.eu\/cmat\/wp-json\/wp\/v2\/comments?post=158"}],"version-history":[{"count":40,"href":"https:\/\/www.minesparis.psl.eu\/cmat\/wp-json\/wp\/v2\/pages\/158\/revisions"}],"predecessor-version":[{"id":1615,"href":"https:\/\/www.minesparis.psl.eu\/cmat\/wp-json\/wp\/v2\/pages\/158\/revisions\/1615"}],"up":[{"embeddable":true,"href":"https:\/\/www.minesparis.psl.eu\/cmat\/wp-json\/wp\/v2\/pages\/146"}],"wp:featuredmedia":[{"embeddable":true,"href":"https:\/\/www.minesparis.psl.eu\/cmat\/wp-json\/wp\/v2\/media\/1337"}],"wp:attachment":[{"href":"https:\/\/www.minesparis.psl.eu\/cmat\/wp-json\/wp\/v2\/media?parent=158"}],"curies":[{"name":"wp","href":"https:\/\/api.w.org\/{rel}","templated":true}]}}