{"id":156,"date":"2025-02-27T15:39:56","date_gmt":"2025-02-27T14:39:56","guid":{"rendered":"https:\/\/www.minesparis.psl.eu\/cmat\/?page_id=156"},"modified":"2025-06-13T16:27:00","modified_gmt":"2025-06-13T14:27:00","slug":"collaborations","status":"publish","type":"page","link":"https:\/\/www.minesparis.psl.eu\/cmat\/le-centre-des-materiaux\/collaborations\/","title":{"rendered":"Collaborations"},"content":{"rendered":"\n<div class=\"container block-full-largeur\">\n\t<div class=\"row mt-4\">\n\t\t<div class=\"col-md-12\">\n\t\t\t<p style=\"text-align: justify;\"><strong>Le Centre des Mat\u00e9riaux s\u2019appuie sur des partenariats solides et p\u00e9rennes, tant avec des entreprises de renomm\u00e9e internationale qu\u2019avec des institutions acad\u00e9miques et des centres de recherche de premier plan. Ces relations de longue dur\u00e9e lui permettent de r\u00e9pondre aux d\u00e9fis industriels actuels tout en assurant un transfert de technologies efficace et rapide.<\/strong><\/p>\n<h2>Un \u00e9cosyst\u00e8me multi-partenarial au service de l\u2019innovation<\/h2>\n<p>Le Centre des Mat\u00e9riaux construit ses collaborations autour de trois piliers :<\/p>\n<ul>\n<li><strong>Les industriels<\/strong>, pour le d\u00e9veloppement de mat\u00e9riaux innovants r\u00e9pondant \u00e0 des besoins sp\u00e9cifiques.<\/li>\n<li><strong>Les acteurs publics et les centres techniques<\/strong>, pour structurer des projets strat\u00e9giques \u00e0 long terme.<\/li>\n<li><strong>Les r\u00e9seaux acad\u00e9miques,<\/strong> pour enrichir l\u2019excellence scientifique et la formation par la recherche.<\/li>\n<\/ul>\n<h2>Un \u00e9quilibre entre recherche fondamentale et appliqu\u00e9e<\/h2>\n<p style=\"text-align: justify;\">Le Centre des Mat\u00e9riaux pratique une politique de recherche \u00e9quilibr\u00e9e, associant \u00e0 la fois des \u00e9tudes th\u00e9oriques visant \u00e0 faire progresser les connaissances fondamentales, et des projets industriels appliqu\u00e9s, orient\u00e9s vers des r\u00e9sultats concrets et rapidement exploitables. Cet \u00e9quilibre est rendu possible gr\u00e2ce \u00e0 la diversit\u00e9 des partenariats et des modalit\u00e9s de collaboration avec les acteurs industriels.<\/p>\n<h2 style=\"text-align: justify;\">Partenaires industriels<\/h2>\n<p style=\"text-align: justify;\">Le Centre des Mat\u00e9riaux entretient des relations suivies et renforc\u00e9es avec des grands groupes industriels, souvent par le biais de projets communs, de th\u00e8ses et de contrats de recherche collaboratifs.<\/p>\n<h3>Recherche duale et souverainet\u00e9 technologique<\/h3>\n<p style=\"text-align: justify;\">Implant\u00e9 \u00e0 proximit\u00e9 de grands donneurs d\u2019ordre du secteur d\u00e9fense? le Centre des Mat\u00e9riaux est un acteur reconnu de la recherche duale. Il d\u00e9veloppe des technologies critiques pour les applications civiles et militaires, notamment :<\/p>\n<ul>\n<li style=\"text-align: justify;\">des mat\u00e9riaux \u00e0 haute tenue pour la protection balistique,<\/li>\n<li style=\"text-align: justify;\">des structures fiables en environnements extr\u00eames,<\/li>\n<li style=\"text-align: justify;\">des mod\u00e8les de pr\u00e9vision de dur\u00e9e de vie de composants sensibles.<\/li>\n<\/ul>\n<p style=\"text-align: justify;\">Ces travaux soutiennent les enjeux de souverainet\u00e9 technologique, en lien avec les politiques publiques fran\u00e7aises et europ\u00e9ennes.<\/p>\n<h2 style=\"text-align: justify;\">Collaboration avec des \u00e9tablissements de recherche et des centres techniques<\/h2>\n<p style=\"text-align: justify;\">Le Centre des Mat\u00e9riaux\u00a0 travaille \u00e9galement en synergie \u00e9troite avec des institutions de recherche publiques et des centres techniques, permettant de cr\u00e9er des ponts entre les diff\u00e9rentes communaut\u00e9s scientifiques. Parmi les plus importants figurent :<\/p>\n<ul style=\"text-align: justify;\">\n<li><strong>CEA (Commissariat \u00e0 l&rsquo;\u00c9nergie Atomique et aux \u00c9nergies Alternatives)<\/strong><\/li>\n<li><strong>ONERA (Office National d&rsquo;\u00c9tudes et de Recherches A\u00e9rospatiales)<\/strong><\/li>\n<li><strong>CETIM (Centre Technique des Industries M\u00e9caniques)<\/strong><\/li>\n<\/ul>\n<p style=\"text-align: justify;\">Ces partenariats permettent au Centre des Mat\u00e9riaux de renforcer ses activit\u00e9s de recherche fondamentale tout en r\u00e9pondant aux besoins industriels sp\u00e9cifiques des secteurs concern\u00e9s.<\/p>\n<h2 style=\"text-align: left;\">Projets collaboratifs et dimension internationale<\/h2>\n<p style=\"text-align: justify;\">Outre ses partenaires industriels et acad\u00e9miques historiques, le Centre des Mat\u00e9riaux collabore \u00e9galement avec de nombreuses entreprises, nationales et internationales, dans le cadre de projets sp\u00e9cifiques ou d&rsquo;appels \u00e0 projets. Ces collaborations peuvent se faire dans le cadre de :<\/p>\n<ul style=\"text-align: justify;\">\n<li><strong>Accords bilat\u00e9raux<\/strong><\/li>\n<li><strong>Appels d&rsquo;offres nationaux (ANR, FUI, PSPC)<\/strong><\/li>\n<li><strong>Appels d&rsquo;offres europ\u00e9ens (Horizon Europe, etc.)<\/strong><\/li>\n<\/ul>\n<p style=\"text-align: justify;\">Ces accords permettent au Centre des Mat\u00e9riaux de participer \u00e0 des projets \u00e0 fort impact, qui impliquent des acteurs industriels de premier plan, tout en enrichissant ses collaborations avec des partenaires internationaux.<\/p>\n<h2 class=\"o-page-template-home__title is-animated\" data-app-target=\"text\" data-direction=\"leftToRight\">Recherche partenariale<\/h2>\n\t\t<\/div>\n\t<\/div>\n<\/div>\n\n<div class=\"container bloc-30-70\">\n\t<div class=\"row mt-4\">\n\t\t<div class=\"col-md-4\">\n\t\t\t<p><img loading=\"lazy\" decoding=\"async\" class=\"alignnone size-medium wp-image-554\" src=\"https:\/\/www.minesparis.psl.eu\/cmat\/wp-content\/uploads\/sites\/8\/2025\/04\/CARNOT_1105_M.I.N.E.S-300x122.jpg\" alt=\"\" width=\"300\" height=\"122\" srcset=\"https:\/\/www.minesparis.psl.eu\/cmat\/wp-content\/uploads\/sites\/25\/2025\/04\/CARNOT_1105_M.I.N.E.S-300x122.jpg 300w, https:\/\/www.minesparis.psl.eu\/cmat\/wp-content\/uploads\/sites\/25\/2025\/04\/CARNOT_1105_M.I.N.E.S.jpg 350w\" sizes=\"auto, (max-width: 300px) 100vw, 300px\" \/><\/p>\n\t\t<\/div>\n\t\t<div class=\"col-md-8\">\n\t\t\t<p class=\"\" style=\"text-align: justify;\" data-start=\"4789\" data-end=\"4923\">Membre de l\u2019Institut Carnot M.I.N.E.S, le Centre b\u00e9n\u00e9ficie du label Carnot, garant de la qualit\u00e9 de sa recherche partenariale.<\/p>\n<p class=\"\" style=\"text-align: justify;\" data-start=\"4930\" data-end=\"5125\">Ce label, d\u00e9livr\u00e9 par l\u2019ANR, reconna\u00eet sa capacit\u00e9 \u00e0 transformer la recherche publique en innovation \u00e9conomique, et \u00e0 nouer des partenariats R&amp;D solides et efficaces avec les entreprises.<\/p>\n<p style=\"text-align: center;\"><a class=\"button-mines btn-bleu flech lf-blanc\" href=\"https:\/\/www.carnot-mines.eu\/\" target=\"_blank\" rel=\"noopener\">Site internet Carnot M.I.N.E.S<\/a><\/p>\n\t\t<\/div>\n\t<\/div>\n<\/div>","protected":false},"excerpt":{"rendered":"","protected":false},"author":4,"featured_media":571,"parent":146,"menu_order":0,"comment_status":"closed","ping_status":"closed","template":"","meta":{"footnotes":""},"class_list":["post-156","page","type-page","status-publish","has-post-thumbnail","hentry"],"acf":[],"yoast_head":"<!-- This site is optimized with the Yoast SEO plugin v27.2 - https:\/\/yoast.com\/product\/yoast-seo-wordpress\/ -->\n<title>Collaborations - Centre des Mat\u00e9riaux Mines Paris - PSL<\/title>\n<meta name=\"robots\" content=\"index, follow, max-snippet:-1, max-image-preview:large, max-video-preview:-1\" \/>\n<link rel=\"canonical\" href=\"https:\/\/www.minesparis.psl.eu\/cmat\/le-centre-des-materiaux\/collaborations\/\" \/>\n<meta property=\"og:locale\" content=\"fr_FR\" \/>\n<meta property=\"og:type\" content=\"article\" \/>\n<meta property=\"og:title\" content=\"Collaborations - Centre des Mat\u00e9riaux Mines Paris - PSL\" \/>\n<meta property=\"og:url\" content=\"https:\/\/www.minesparis.psl.eu\/cmat\/le-centre-des-materiaux\/collaborations\/\" \/>\n<meta property=\"og:site_name\" content=\"Centre des Mat\u00e9riaux Mines Paris - PSL\" \/>\n<meta property=\"article:modified_time\" content=\"2025-06-13T14:27:00+00:00\" \/>\n<meta property=\"og:image\" content=\"https:\/\/www.minesparis.psl.eu\/cmat\/wp-content\/uploads\/sites\/25\/2025\/04\/Capture-decran-2025-04-16-180038-1.png\" \/>\n\t<meta property=\"og:image:width\" content=\"982\" \/>\n\t<meta property=\"og:image:height\" content=\"491\" \/>\n\t<meta property=\"og:image:type\" content=\"image\/png\" \/>\n<meta name=\"twitter:card\" content=\"summary_large_image\" \/>\n<script type=\"application\/ld+json\" class=\"yoast-schema-graph\">{\"@context\":\"https:\/\/schema.org\",\"@graph\":[{\"@type\":\"WebPage\",\"@id\":\"https:\/\/www.minesparis.psl.eu\/cmat\/le-centre-des-materiaux\/collaborations\/\",\"url\":\"https:\/\/www.minesparis.psl.eu\/cmat\/le-centre-des-materiaux\/collaborations\/\",\"name\":\"Collaborations - Centre des Mat\u00e9riaux Mines Paris - PSL\",\"isPartOf\":{\"@id\":\"https:\/\/www.minesparis.psl.eu\/cmat\/#website\"},\"primaryImageOfPage\":{\"@id\":\"https:\/\/www.minesparis.psl.eu\/cmat\/le-centre-des-materiaux\/collaborations\/#primaryimage\"},\"image\":{\"@id\":\"https:\/\/www.minesparis.psl.eu\/cmat\/le-centre-des-materiaux\/collaborations\/#primaryimage\"},\"thumbnailUrl\":\"https:\/\/www.minesparis.psl.eu\/cmat\/wp-content\/uploads\/sites\/25\/2025\/04\/Capture-decran-2025-04-16-180038-1.png\",\"datePublished\":\"2025-02-27T14:39:56+00:00\",\"dateModified\":\"2025-06-13T14:27:00+00:00\",\"breadcrumb\":{\"@id\":\"https:\/\/www.minesparis.psl.eu\/cmat\/le-centre-des-materiaux\/collaborations\/#breadcrumb\"},\"inLanguage\":\"fr-FR\",\"potentialAction\":[{\"@type\":\"ReadAction\",\"target\":[\"https:\/\/www.minesparis.psl.eu\/cmat\/le-centre-des-materiaux\/collaborations\/\"]}]},{\"@type\":\"ImageObject\",\"inLanguage\":\"fr-FR\",\"@id\":\"https:\/\/www.minesparis.psl.eu\/cmat\/le-centre-des-materiaux\/collaborations\/#primaryimage\",\"url\":\"https:\/\/www.minesparis.psl.eu\/cmat\/wp-content\/uploads\/sites\/25\/2025\/04\/Capture-decran-2025-04-16-180038-1.png\",\"contentUrl\":\"https:\/\/www.minesparis.psl.eu\/cmat\/wp-content\/uploads\/sites\/25\/2025\/04\/Capture-decran-2025-04-16-180038-1.png\",\"width\":982,\"height\":491},{\"@type\":\"BreadcrumbList\",\"@id\":\"https:\/\/www.minesparis.psl.eu\/cmat\/le-centre-des-materiaux\/collaborations\/#breadcrumb\",\"itemListElement\":[{\"@type\":\"ListItem\",\"position\":1,\"name\":\"Accueil\",\"item\":\"https:\/\/www.minesparis.psl.eu\/cmat\/\"},{\"@type\":\"ListItem\",\"position\":2,\"name\":\"Le Centre des Mat\u00e9riaux\",\"item\":\"https:\/\/www.minesparis.psl.eu\/cmat\/le-centre-des-materiaux\/\"},{\"@type\":\"ListItem\",\"position\":3,\"name\":\"Collaborations\"}]},{\"@type\":\"WebSite\",\"@id\":\"https:\/\/www.minesparis.psl.eu\/cmat\/#website\",\"url\":\"https:\/\/www.minesparis.psl.eu\/cmat\/\",\"name\":\"Centre des Mat\u00e9riaux Mines Paris - PSL\",\"description\":\"\",\"publisher\":{\"@id\":\"https:\/\/www.minesparis.psl.eu\/cmat\/#organization\"},\"potentialAction\":[{\"@type\":\"SearchAction\",\"target\":{\"@type\":\"EntryPoint\",\"urlTemplate\":\"https:\/\/www.minesparis.psl.eu\/cmat\/?s={search_term_string}\"},\"query-input\":{\"@type\":\"PropertyValueSpecification\",\"valueRequired\":true,\"valueName\":\"search_term_string\"}}],\"inLanguage\":\"fr-FR\"},{\"@type\":\"Organization\",\"@id\":\"https:\/\/www.minesparis.psl.eu\/cmat\/#organization\",\"name\":\"Centre des Mat\u00e9riaux Mines Paris - PSL\",\"url\":\"https:\/\/www.minesparis.psl.eu\/cmat\/\",\"logo\":{\"@type\":\"ImageObject\",\"inLanguage\":\"fr-FR\",\"@id\":\"https:\/\/www.minesparis.psl.eu\/cmat\/#\/schema\/logo\/image\/\",\"url\":\"https:\/\/www.minesparis.psl.eu\/cmat\/wp-content\/uploads\/sites\/25\/2025\/06\/cropped-Logo-Mines-CNRS-scaled-1.png\",\"contentUrl\":\"https:\/\/www.minesparis.psl.eu\/cmat\/wp-content\/uploads\/sites\/25\/2025\/06\/cropped-Logo-Mines-CNRS-scaled-1.png\",\"width\":2479,\"height\":377,\"caption\":\"Centre des Mat\u00e9riaux Mines Paris - PSL\"},\"image\":{\"@id\":\"https:\/\/www.minesparis.psl.eu\/cmat\/#\/schema\/logo\/image\/\"}}]}<\/script>\n<!-- \/ Yoast SEO plugin. -->","yoast_head_json":{"title":"Collaborations - Centre des Mat\u00e9riaux Mines Paris - PSL","robots":{"index":"index","follow":"follow","max-snippet":"max-snippet:-1","max-image-preview":"max-image-preview:large","max-video-preview":"max-video-preview:-1"},"canonical":"https:\/\/www.minesparis.psl.eu\/cmat\/le-centre-des-materiaux\/collaborations\/","og_locale":"fr_FR","og_type":"article","og_title":"Collaborations - Centre des Mat\u00e9riaux Mines Paris - PSL","og_url":"https:\/\/www.minesparis.psl.eu\/cmat\/le-centre-des-materiaux\/collaborations\/","og_site_name":"Centre des Mat\u00e9riaux Mines Paris - PSL","article_modified_time":"2025-06-13T14:27:00+00:00","og_image":[{"width":982,"height":491,"url":"https:\/\/www.minesparis.psl.eu\/cmat\/wp-content\/uploads\/sites\/25\/2025\/04\/Capture-decran-2025-04-16-180038-1.png","type":"image\/png"}],"twitter_card":"summary_large_image","schema":{"@context":"https:\/\/schema.org","@graph":[{"@type":"WebPage","@id":"https:\/\/www.minesparis.psl.eu\/cmat\/le-centre-des-materiaux\/collaborations\/","url":"https:\/\/www.minesparis.psl.eu\/cmat\/le-centre-des-materiaux\/collaborations\/","name":"Collaborations - Centre des Mat\u00e9riaux Mines Paris - PSL","isPartOf":{"@id":"https:\/\/www.minesparis.psl.eu\/cmat\/#website"},"primaryImageOfPage":{"@id":"https:\/\/www.minesparis.psl.eu\/cmat\/le-centre-des-materiaux\/collaborations\/#primaryimage"},"image":{"@id":"https:\/\/www.minesparis.psl.eu\/cmat\/le-centre-des-materiaux\/collaborations\/#primaryimage"},"thumbnailUrl":"https:\/\/www.minesparis.psl.eu\/cmat\/wp-content\/uploads\/sites\/25\/2025\/04\/Capture-decran-2025-04-16-180038-1.png","datePublished":"2025-02-27T14:39:56+00:00","dateModified":"2025-06-13T14:27:00+00:00","breadcrumb":{"@id":"https:\/\/www.minesparis.psl.eu\/cmat\/le-centre-des-materiaux\/collaborations\/#breadcrumb"},"inLanguage":"fr-FR","potentialAction":[{"@type":"ReadAction","target":["https:\/\/www.minesparis.psl.eu\/cmat\/le-centre-des-materiaux\/collaborations\/"]}]},{"@type":"ImageObject","inLanguage":"fr-FR","@id":"https:\/\/www.minesparis.psl.eu\/cmat\/le-centre-des-materiaux\/collaborations\/#primaryimage","url":"https:\/\/www.minesparis.psl.eu\/cmat\/wp-content\/uploads\/sites\/25\/2025\/04\/Capture-decran-2025-04-16-180038-1.png","contentUrl":"https:\/\/www.minesparis.psl.eu\/cmat\/wp-content\/uploads\/sites\/25\/2025\/04\/Capture-decran-2025-04-16-180038-1.png","width":982,"height":491},{"@type":"BreadcrumbList","@id":"https:\/\/www.minesparis.psl.eu\/cmat\/le-centre-des-materiaux\/collaborations\/#breadcrumb","itemListElement":[{"@type":"ListItem","position":1,"name":"Accueil","item":"https:\/\/www.minesparis.psl.eu\/cmat\/"},{"@type":"ListItem","position":2,"name":"Le Centre des Mat\u00e9riaux","item":"https:\/\/www.minesparis.psl.eu\/cmat\/le-centre-des-materiaux\/"},{"@type":"ListItem","position":3,"name":"Collaborations"}]},{"@type":"WebSite","@id":"https:\/\/www.minesparis.psl.eu\/cmat\/#website","url":"https:\/\/www.minesparis.psl.eu\/cmat\/","name":"Centre des Mat\u00e9riaux Mines Paris - PSL","description":"","publisher":{"@id":"https:\/\/www.minesparis.psl.eu\/cmat\/#organization"},"potentialAction":[{"@type":"SearchAction","target":{"@type":"EntryPoint","urlTemplate":"https:\/\/www.minesparis.psl.eu\/cmat\/?s={search_term_string}"},"query-input":{"@type":"PropertyValueSpecification","valueRequired":true,"valueName":"search_term_string"}}],"inLanguage":"fr-FR"},{"@type":"Organization","@id":"https:\/\/www.minesparis.psl.eu\/cmat\/#organization","name":"Centre des Mat\u00e9riaux Mines Paris - PSL","url":"https:\/\/www.minesparis.psl.eu\/cmat\/","logo":{"@type":"ImageObject","inLanguage":"fr-FR","@id":"https:\/\/www.minesparis.psl.eu\/cmat\/#\/schema\/logo\/image\/","url":"https:\/\/www.minesparis.psl.eu\/cmat\/wp-content\/uploads\/sites\/25\/2025\/06\/cropped-Logo-Mines-CNRS-scaled-1.png","contentUrl":"https:\/\/www.minesparis.psl.eu\/cmat\/wp-content\/uploads\/sites\/25\/2025\/06\/cropped-Logo-Mines-CNRS-scaled-1.png","width":2479,"height":377,"caption":"Centre des Mat\u00e9riaux Mines Paris - PSL"},"image":{"@id":"https:\/\/www.minesparis.psl.eu\/cmat\/#\/schema\/logo\/image\/"}}]}},"_links":{"self":[{"href":"https:\/\/www.minesparis.psl.eu\/cmat\/wp-json\/wp\/v2\/pages\/156","targetHints":{"allow":["GET"]}}],"collection":[{"href":"https:\/\/www.minesparis.psl.eu\/cmat\/wp-json\/wp\/v2\/pages"}],"about":[{"href":"https:\/\/www.minesparis.psl.eu\/cmat\/wp-json\/wp\/v2\/types\/page"}],"author":[{"embeddable":true,"href":"https:\/\/www.minesparis.psl.eu\/cmat\/wp-json\/wp\/v2\/users\/4"}],"replies":[{"embeddable":true,"href":"https:\/\/www.minesparis.psl.eu\/cmat\/wp-json\/wp\/v2\/comments?post=156"}],"version-history":[{"count":25,"href":"https:\/\/www.minesparis.psl.eu\/cmat\/wp-json\/wp\/v2\/pages\/156\/revisions"}],"predecessor-version":[{"id":1491,"href":"https:\/\/www.minesparis.psl.eu\/cmat\/wp-json\/wp\/v2\/pages\/156\/revisions\/1491"}],"up":[{"embeddable":true,"href":"https:\/\/www.minesparis.psl.eu\/cmat\/wp-json\/wp\/v2\/pages\/146"}],"wp:featuredmedia":[{"embeddable":true,"href":"https:\/\/www.minesparis.psl.eu\/cmat\/wp-json\/wp\/v2\/media\/571"}],"wp:attachment":[{"href":"https:\/\/www.minesparis.psl.eu\/cmat\/wp-json\/wp\/v2\/media?parent=156"}],"curies":[{"name":"wp","href":"https:\/\/api.w.org\/{rel}","templated":true}]}}