{"id":661,"date":"2025-07-04T15:33:21","date_gmt":"2025-07-04T13:33:21","guid":{"rendered":"https:\/\/www.minesparis.psl.eu\/cbio\/?page_id=661"},"modified":"2026-02-24T10:28:08","modified_gmt":"2026-02-24T09:28:08","slug":"rejoindre-le-cbio","status":"publish","type":"page","link":"https:\/\/www.minesparis.psl.eu\/cbio\/rejoindre-le-cbio\/","title":{"rendered":"Rejoindre le CBIO"},"content":{"rendered":"\n<div class=\"container block-full-largeur\">\n\t<div class=\"row mt-4\">\n\t\t<div class=\"col-md-12\">\n\t\t\t<h2 data-start=\"1208\" data-end=\"1234\">Profils recherch\u00e9s<\/h2>\n<p data-start=\"1236\" data-end=\"1280\"><b>Nous n&rsquo;avons pas d&rsquo;offre pr\u00e9cise actuellement, mais les candidatures spontan\u00e9es sont appr\u00e9ci\u00e9es.<\/b><\/p>\n<p data-start=\"1236\" data-end=\"1280\"><strong>Le CBIO peut recruter pour :<\/strong><\/p>\n<ul>\n<li data-start=\"1283\" data-end=\"1386\">Stages de recherche<\/li>\n<li data-start=\"1283\" data-end=\"1386\">Doctorat ou post-doctorat.<\/li>\n<li data-start=\"1435\" data-end=\"1524\">Ing\u00e9nieurs de recherche ou data scientists.<\/li>\n<\/ul>\n<p>&nbsp;<\/p>\n<h2>Postuler<\/h2>\n<p><strong>Envoyez un e-mail avec les \u00e9l\u00e9ments ci-dessous \u00e0 l&rsquo;adresse :<\/strong> <a class=\"button-mines btn-noir flech lf-blanc\" href=\"mailto:Thomas.Walter@minesparis.psl.eu\">Job Inquiry<\/a><\/p>\n<ul>\n<li data-start=\"1043\" data-end=\"1056\">Un CV \u00e0 jour<\/li>\n<li data-start=\"1061\" data-end=\"1093\">Une lettre de motivation courte,<\/li>\n<li data-start=\"1098\" data-end=\"1206\">Et toute information pertinente (parcours, comp\u00e9tences, projet de stage ou de th\u00e8se, financement \u00e9ventuel\u2026).<\/li>\n<\/ul>\n<p>&nbsp;<\/p>\n\t\t<\/div>\n\t<\/div>\n<\/div>","protected":false},"excerpt":{"rendered":"","protected":false},"author":4,"featured_media":817,"parent":0,"menu_order":0,"comment_status":"closed","ping_status":"closed","template":"","meta":{"footnotes":""},"class_list":["post-661","page","type-page","status-publish","has-post-thumbnail","hentry"],"acf":[],"yoast_head":"<!-- This site is optimized with the Yoast SEO plugin v27.2 - https:\/\/yoast.com\/product\/yoast-seo-wordpress\/ -->\n<title>Rejoindre le CBIO - CBIO Mines Paris - PSL<\/title>\n<meta name=\"robots\" content=\"index, follow, max-snippet:-1, max-image-preview:large, max-video-preview:-1\" \/>\n<link rel=\"canonical\" href=\"https:\/\/www.minesparis.psl.eu\/cbio\/rejoindre-le-cbio\/\" \/>\n<meta property=\"og:locale\" content=\"fr_FR\" \/>\n<meta property=\"og:type\" content=\"article\" \/>\n<meta property=\"og:title\" content=\"Rejoindre le CBIO - CBIO Mines Paris - PSL\" \/>\n<meta property=\"og:url\" content=\"https:\/\/www.minesparis.psl.eu\/cbio\/rejoindre-le-cbio\/\" \/>\n<meta property=\"og:site_name\" content=\"CBIO Mines Paris - PSL\" \/>\n<meta property=\"article:modified_time\" content=\"2026-02-24T09:28:08+00:00\" \/>\n<meta property=\"og:image\" content=\"https:\/\/www.minesparis.psl.eu\/cbio\/wp-content\/uploads\/sites\/24\/2025\/07\/CBIO-1.png\" \/>\n\t<meta property=\"og:image:width\" content=\"1458\" \/>\n\t<meta property=\"og:image:height\" content=\"957\" \/>\n\t<meta property=\"og:image:type\" content=\"image\/png\" \/>\n<meta name=\"twitter:card\" content=\"summary_large_image\" \/>\n<meta name=\"twitter:label1\" content=\"Dur\u00e9e de lecture estim\u00e9e\" \/>\n\t<meta name=\"twitter:data1\" content=\"1 minute\" \/>\n<script type=\"application\/ld+json\" class=\"yoast-schema-graph\">{\"@context\":\"https:\/\/schema.org\",\"@graph\":[{\"@type\":\"WebPage\",\"@id\":\"https:\/\/www.minesparis.psl.eu\/cbio\/rejoindre-le-cbio\/\",\"url\":\"https:\/\/www.minesparis.psl.eu\/cbio\/rejoindre-le-cbio\/\",\"name\":\"Rejoindre le CBIO - CBIO Mines Paris - PSL\",\"isPartOf\":{\"@id\":\"https:\/\/www.minesparis.psl.eu\/cbio\/#website\"},\"primaryImageOfPage\":{\"@id\":\"https:\/\/www.minesparis.psl.eu\/cbio\/rejoindre-le-cbio\/#primaryimage\"},\"image\":{\"@id\":\"https:\/\/www.minesparis.psl.eu\/cbio\/rejoindre-le-cbio\/#primaryimage\"},\"thumbnailUrl\":\"https:\/\/www.minesparis.psl.eu\/cbio\/wp-content\/uploads\/sites\/24\/2025\/07\/CBIO-1.png\",\"datePublished\":\"2025-07-04T13:33:21+00:00\",\"dateModified\":\"2026-02-24T09:28:08+00:00\",\"breadcrumb\":{\"@id\":\"https:\/\/www.minesparis.psl.eu\/cbio\/rejoindre-le-cbio\/#breadcrumb\"},\"inLanguage\":\"fr-FR\",\"potentialAction\":[{\"@type\":\"ReadAction\",\"target\":[\"https:\/\/www.minesparis.psl.eu\/cbio\/rejoindre-le-cbio\/\"]}]},{\"@type\":\"ImageObject\",\"inLanguage\":\"fr-FR\",\"@id\":\"https:\/\/www.minesparis.psl.eu\/cbio\/rejoindre-le-cbio\/#primaryimage\",\"url\":\"https:\/\/www.minesparis.psl.eu\/cbio\/wp-content\/uploads\/sites\/24\/2025\/07\/CBIO-1.png\",\"contentUrl\":\"https:\/\/www.minesparis.psl.eu\/cbio\/wp-content\/uploads\/sites\/24\/2025\/07\/CBIO-1.png\",\"width\":1458,\"height\":957},{\"@type\":\"BreadcrumbList\",\"@id\":\"https:\/\/www.minesparis.psl.eu\/cbio\/rejoindre-le-cbio\/#breadcrumb\",\"itemListElement\":[{\"@type\":\"ListItem\",\"position\":1,\"name\":\"Accueil\",\"item\":\"https:\/\/www.minesparis.psl.eu\/cbio\/\"},{\"@type\":\"ListItem\",\"position\":2,\"name\":\"Rejoindre le CBIO\"}]},{\"@type\":\"WebSite\",\"@id\":\"https:\/\/www.minesparis.psl.eu\/cbio\/#website\",\"url\":\"https:\/\/www.minesparis.psl.eu\/cbio\/\",\"name\":\"CBIO Mines Paris - PSL\",\"description\":\"\",\"publisher\":{\"@id\":\"https:\/\/www.minesparis.psl.eu\/cbio\/#organization\"},\"potentialAction\":[{\"@type\":\"SearchAction\",\"target\":{\"@type\":\"EntryPoint\",\"urlTemplate\":\"https:\/\/www.minesparis.psl.eu\/cbio\/?s={search_term_string}\"},\"query-input\":{\"@type\":\"PropertyValueSpecification\",\"valueRequired\":true,\"valueName\":\"search_term_string\"}}],\"inLanguage\":\"fr-FR\"},{\"@type\":\"Organization\",\"@id\":\"https:\/\/www.minesparis.psl.eu\/cbio\/#organization\",\"name\":\"CBIO Mines Paris - PSL\",\"url\":\"https:\/\/www.minesparis.psl.eu\/cbio\/\",\"logo\":{\"@type\":\"ImageObject\",\"inLanguage\":\"fr-FR\",\"@id\":\"https:\/\/www.minesparis.psl.eu\/cbio\/#\/schema\/logo\/image\/\",\"url\":\"https:\/\/www.minesparis.psl.eu\/cbio\/wp-content\/uploads\/sites\/24\/2025\/05\/cropped-cropped-CBIO-Logo-Mines-Paris-PSL-Bloc-Marque-Bleu-VF-scaled-1.jpg\",\"contentUrl\":\"https:\/\/www.minesparis.psl.eu\/cbio\/wp-content\/uploads\/sites\/24\/2025\/05\/cropped-cropped-CBIO-Logo-Mines-Paris-PSL-Bloc-Marque-Bleu-VF-scaled-1.jpg\",\"width\":2560,\"height\":573,\"caption\":\"CBIO Mines Paris - PSL\"},\"image\":{\"@id\":\"https:\/\/www.minesparis.psl.eu\/cbio\/#\/schema\/logo\/image\/\"}}]}<\/script>\n<!-- \/ Yoast SEO plugin. -->","yoast_head_json":{"title":"Rejoindre le CBIO - CBIO Mines Paris - PSL","robots":{"index":"index","follow":"follow","max-snippet":"max-snippet:-1","max-image-preview":"max-image-preview:large","max-video-preview":"max-video-preview:-1"},"canonical":"https:\/\/www.minesparis.psl.eu\/cbio\/rejoindre-le-cbio\/","og_locale":"fr_FR","og_type":"article","og_title":"Rejoindre le CBIO - CBIO Mines Paris - PSL","og_url":"https:\/\/www.minesparis.psl.eu\/cbio\/rejoindre-le-cbio\/","og_site_name":"CBIO Mines Paris - PSL","article_modified_time":"2026-02-24T09:28:08+00:00","og_image":[{"width":1458,"height":957,"url":"https:\/\/www.minesparis.psl.eu\/cbio\/wp-content\/uploads\/sites\/24\/2025\/07\/CBIO-1.png","type":"image\/png"}],"twitter_card":"summary_large_image","twitter_misc":{"Dur\u00e9e de lecture estim\u00e9e":"1 minute"},"schema":{"@context":"https:\/\/schema.org","@graph":[{"@type":"WebPage","@id":"https:\/\/www.minesparis.psl.eu\/cbio\/rejoindre-le-cbio\/","url":"https:\/\/www.minesparis.psl.eu\/cbio\/rejoindre-le-cbio\/","name":"Rejoindre le CBIO - CBIO Mines Paris - PSL","isPartOf":{"@id":"https:\/\/www.minesparis.psl.eu\/cbio\/#website"},"primaryImageOfPage":{"@id":"https:\/\/www.minesparis.psl.eu\/cbio\/rejoindre-le-cbio\/#primaryimage"},"image":{"@id":"https:\/\/www.minesparis.psl.eu\/cbio\/rejoindre-le-cbio\/#primaryimage"},"thumbnailUrl":"https:\/\/www.minesparis.psl.eu\/cbio\/wp-content\/uploads\/sites\/24\/2025\/07\/CBIO-1.png","datePublished":"2025-07-04T13:33:21+00:00","dateModified":"2026-02-24T09:28:08+00:00","breadcrumb":{"@id":"https:\/\/www.minesparis.psl.eu\/cbio\/rejoindre-le-cbio\/#breadcrumb"},"inLanguage":"fr-FR","potentialAction":[{"@type":"ReadAction","target":["https:\/\/www.minesparis.psl.eu\/cbio\/rejoindre-le-cbio\/"]}]},{"@type":"ImageObject","inLanguage":"fr-FR","@id":"https:\/\/www.minesparis.psl.eu\/cbio\/rejoindre-le-cbio\/#primaryimage","url":"https:\/\/www.minesparis.psl.eu\/cbio\/wp-content\/uploads\/sites\/24\/2025\/07\/CBIO-1.png","contentUrl":"https:\/\/www.minesparis.psl.eu\/cbio\/wp-content\/uploads\/sites\/24\/2025\/07\/CBIO-1.png","width":1458,"height":957},{"@type":"BreadcrumbList","@id":"https:\/\/www.minesparis.psl.eu\/cbio\/rejoindre-le-cbio\/#breadcrumb","itemListElement":[{"@type":"ListItem","position":1,"name":"Accueil","item":"https:\/\/www.minesparis.psl.eu\/cbio\/"},{"@type":"ListItem","position":2,"name":"Rejoindre le CBIO"}]},{"@type":"WebSite","@id":"https:\/\/www.minesparis.psl.eu\/cbio\/#website","url":"https:\/\/www.minesparis.psl.eu\/cbio\/","name":"CBIO Mines Paris - PSL","description":"","publisher":{"@id":"https:\/\/www.minesparis.psl.eu\/cbio\/#organization"},"potentialAction":[{"@type":"SearchAction","target":{"@type":"EntryPoint","urlTemplate":"https:\/\/www.minesparis.psl.eu\/cbio\/?s={search_term_string}"},"query-input":{"@type":"PropertyValueSpecification","valueRequired":true,"valueName":"search_term_string"}}],"inLanguage":"fr-FR"},{"@type":"Organization","@id":"https:\/\/www.minesparis.psl.eu\/cbio\/#organization","name":"CBIO Mines Paris - PSL","url":"https:\/\/www.minesparis.psl.eu\/cbio\/","logo":{"@type":"ImageObject","inLanguage":"fr-FR","@id":"https:\/\/www.minesparis.psl.eu\/cbio\/#\/schema\/logo\/image\/","url":"https:\/\/www.minesparis.psl.eu\/cbio\/wp-content\/uploads\/sites\/24\/2025\/05\/cropped-cropped-CBIO-Logo-Mines-Paris-PSL-Bloc-Marque-Bleu-VF-scaled-1.jpg","contentUrl":"https:\/\/www.minesparis.psl.eu\/cbio\/wp-content\/uploads\/sites\/24\/2025\/05\/cropped-cropped-CBIO-Logo-Mines-Paris-PSL-Bloc-Marque-Bleu-VF-scaled-1.jpg","width":2560,"height":573,"caption":"CBIO Mines Paris - PSL"},"image":{"@id":"https:\/\/www.minesparis.psl.eu\/cbio\/#\/schema\/logo\/image\/"}}]}},"_links":{"self":[{"href":"https:\/\/www.minesparis.psl.eu\/cbio\/wp-json\/wp\/v2\/pages\/661","targetHints":{"allow":["GET"]}}],"collection":[{"href":"https:\/\/www.minesparis.psl.eu\/cbio\/wp-json\/wp\/v2\/pages"}],"about":[{"href":"https:\/\/www.minesparis.psl.eu\/cbio\/wp-json\/wp\/v2\/types\/page"}],"author":[{"embeddable":true,"href":"https:\/\/www.minesparis.psl.eu\/cbio\/wp-json\/wp\/v2\/users\/4"}],"replies":[{"embeddable":true,"href":"https:\/\/www.minesparis.psl.eu\/cbio\/wp-json\/wp\/v2\/comments?post=661"}],"version-history":[{"count":19,"href":"https:\/\/www.minesparis.psl.eu\/cbio\/wp-json\/wp\/v2\/pages\/661\/revisions"}],"predecessor-version":[{"id":1060,"href":"https:\/\/www.minesparis.psl.eu\/cbio\/wp-json\/wp\/v2\/pages\/661\/revisions\/1060"}],"wp:featuredmedia":[{"embeddable":true,"href":"https:\/\/www.minesparis.psl.eu\/cbio\/wp-json\/wp\/v2\/media\/817"}],"wp:attachment":[{"href":"https:\/\/www.minesparis.psl.eu\/cbio\/wp-json\/wp\/v2\/media?parent=661"}],"curies":[{"name":"wp","href":"https:\/\/api.w.org\/{rel}","templated":true}]}}