{"id":568,"date":"2025-07-03T16:22:13","date_gmt":"2025-07-03T14:22:13","guid":{"rendered":"https:\/\/www.minesparis.psl.eu\/cbio\/?page_id=568"},"modified":"2026-04-21T14:29:31","modified_gmt":"2026-04-21T12:29:31","slug":"lequipe","status":"publish","type":"page","link":"https:\/\/www.minesparis.psl.eu\/cbio\/lequipe\/","title":{"rendered":"\u00c9quipe"},"content":{"rendered":"\n<div class=\"container block-full-largeur\">\n\t<div class=\"row mt-4\">\n\t\t<div class=\"col-md-12\">\n\t\t\t<h2>Membres permanents<\/h2>\n\t\t<\/div>\n\t<\/div>\n<\/div>\n\n\n<div class=\"container bloc-50-50\">\n\t<div class=\"row mt-4\">\n\t\t<div class=\"col-md-6\">\n\t\t\t<ul>\n<li data-start=\"635\" data-end=\"772\"><a href=\"https:\/\/thomaswalter.github.io\/\"><strong><span style=\"color: #015d9e\">Thomas Walter<\/span><\/strong> <\/a>\u2014<strong> Directeur du CBIO, Professeur<\/strong><br data-start=\"684\" data-end=\"687\" \/>Sp\u00e9cialiste en vision par ordinateur appliqu\u00e9e \u00e0 l\u2019analyse d\u2019images biom\u00e9dicales.<\/li>\n<li data-start=\"635\" data-end=\"772\"><strong><span style=\"color: #015d9e\">Catherine Neto<\/span><\/strong>\u00a0\u2014<strong> Assistante administrative<\/strong><\/li>\n<li data-start=\"832\" data-end=\"983\"><a href=\"https:\/\/cazencott.info\/index.php\/\"><strong><span style=\"color: #015d9e\">Chlo\u00e9-Agathe Azencott <\/span><\/strong><\/a>\u2014 <b>Professeure<\/b><br data-start=\"882\" data-end=\"885\" \/>Expertise en s\u00e9lection de variables dans des donn\u00e9es multi-omiques, apprentissage statistique.<\/li>\n<li data-start=\"986\" data-end=\"1137\"><strong><span style=\"color: #015d9e\">V\u00e9ronique Stoven<\/span><\/strong> \u2014 <strong>Professeure<\/strong><br data-start=\"1020\" data-end=\"1023\" \/>Bio-informatique structurale, interactions prot\u00e9ines-ligands, docking et IA pour la conception de m\u00e9dicaments.<\/li>\n<\/ul>\n\t\t<\/div>\n\t\t<div class=\"col-md-6\">\n\t\t\t<ul>\n<li data-start=\"1140\" data-end=\"1274\"><a href=\"https:\/\/flomass.github.io\/\"><strong><span style=\"color: #015d9e\">Florian Massip<\/span><\/strong><\/a> \u2014 <strong>Charg\u00e9 de recherche<\/strong><br data-start=\"1180\" data-end=\"1183\" \/>Mod\u00e9lisation de l\u2019\u00e9volution g\u00e9nomique, \u00e9tude des m\u00e9canismes li\u00e9s aux maladies humaines.<\/li>\n<li data-start=\"1277\" data-end=\"1408\"><a href=\"https:\/\/vincentx15.github.io\/\"><strong><span style=\"color: #015d9e\">Vincent Mallet<\/span><\/strong><\/a> \u2014 <strong>Charg\u00e9 de recherche<\/strong><br data-start=\"1317\" data-end=\"1320\" \/>Apprentissage profond g\u00e9om\u00e9trique appliqu\u00e9 \u00e0 la structure des prot\u00e9ines et de l\u2019ARN.<\/li>\n<li data-start=\"1411\" data-end=\"1564\"><a href=\"https:\/\/elo-nsrb.github.io\/eloiseberson\/\"><strong><span style=\"color: #015d9e\">Elo\u00efse Berson <\/span><\/strong><\/a>\u2014 <strong>Professeure junior (Chaire)<\/strong><br data-start=\"1458\" data-end=\"1461\" \/>Apprentissage profond multimodal appliqu\u00e9 aux donn\u00e9es patients et multi-omiques pour la m\u00e9decine de pr\u00e9cision.<\/li>\n<\/ul>\n<p>&nbsp;<\/p>\n\t\t<\/div>\n\t<\/div>\n<\/div>\n\n\n<div class=\"container bloc-50-50\">\n\t<div class=\"row mt-4\">\n\t\t<div class=\"col-md-6\">\n\t\t\t<h2 data-start=\"503\" data-end=\"517\">Doctorantes et doctorants<\/h2>\n<ul>\n<li data-start=\"655\" data-end=\"673\">In\u00e8s Kardous<\/li>\n<li data-start=\"655\" data-end=\"673\">Victor Gertner<\/li>\n<li data-start=\"655\" data-end=\"673\">Kareem Elgohary<\/li>\n<li data-start=\"655\" data-end=\"673\">Youmna Ayadi<\/li>\n<li data-start=\"655\" data-end=\"673\">Wissam Karroucha<\/li>\n<li data-start=\"634\" data-end=\"652\">Rapha\u00ebl Bourgade<\/li>\n<li data-start=\"595\" data-end=\"613\">Guillaume Balezo<\/li>\n<li data-start=\"616\" data-end=\"631\">Victor Laigle<\/li>\n<li data-start=\"577\" data-end=\"592\">Alice Blondel<\/li>\n<li data-start=\"559\" data-end=\"574\">Paul Etheimer<\/li>\n<\/ul>\n<h2 data-start=\"801\" data-end=\"823\">Stagiaires<\/h2>\n\t\t<\/div>\n\t\t<div class=\"col-md-6\">\n\t\t\t<h2 data-start=\"680\" data-end=\"699\">Post-docs<\/h2>\n<ul>\n<li data-start=\"703\" data-end=\"719\">Alice Lacan<\/li>\n<li data-start=\"703\" data-end=\"719\">Lily Monnier<\/li>\n<li data-start=\"703\" data-end=\"719\">Nicolas Portal<\/li>\n<li data-start=\"703\" data-end=\"719\">Ikram Mahmoudi<\/li>\n<li data-start=\"722\" data-end=\"743\">Ekaterina Antonenko<\/li>\n<li data-start=\"746\" data-end=\"775\">Giann Karlo Aguirre-Sambon\u00ed<\/li>\n<li data-start=\"778\" data-end=\"794\">Matthieu Blons<\/li>\n<li>Julie Cartier<\/li>\n<\/ul>\n\t\t<\/div>\n\t<\/div>\n<\/div>\n\n\n<div class=\"container block-full-largeur\">\n\t<div class=\"row mt-4\">\n\t\t<div class=\"col-md-12\">\n\t\t\t<h2 data-start=\"905\" data-end=\"936\">Alumni<\/h2>\n<p data-start=\"938\" data-end=\"1130\">Une centaine de chercheuses et chercheurs, doctorants, post-doctorants, ing\u00e9nieurs et stagiaires ont contribu\u00e9 aux projets du CBIO depuis sa cr\u00e9ation. Voici une s\u00e9lection des anciens membres :<\/p>\n\t\t<\/div>\n\t<\/div>\n<\/div>\n\n\n<div class=\"container bloc-50-50\">\n\t<div class=\"row mt-4\">\n\t\t<div class=\"col-md-6\">\n\t\t\t<h3 data-start=\"1137\" data-end=\"1165\">Anciens doctorants (PhD)<\/h3>\n<ul>\n<li>Julie Cartier (2022-2025)<\/li>\n<li>Gwenn Guichaoua (2022-2025)<\/li>\n<li>Thomas Bonte (2022\u20132025)<\/li>\n<li>Thomas Defard (2021\u20132025)<\/li>\n<li>Daniel Zyss (2020\u20132024)<\/li>\n<li>Nd\u00e8ye Maguette Mbaye (2019\u20132024)<\/li>\n<li>Philippe Pinel (2021\u20132024)<\/li>\n<li>Matthieu Najm (2019\u20132023)<\/li>\n<li>Tristan Lazard (2019\u20132023)<\/li>\n<li>M\u00e9lanie Lubrano (2020\u20132023)<\/li>\n<li>\u00c9lise Dumas (2019\u20132022)<\/li>\n<li>Vincent Mallet (2019\u20132022)<\/li>\n<li>Arthur Imbert (2019\u20132022)<\/li>\n<li>Asma Nouira (2019\u20132022)<\/li>\n<li>Marc Michel (2019\u20132022)<\/li>\n<li>Matthieu Cornet (2020\u20132022)<\/li>\n<li>Romain M\u00e9n\u00e9gaux (2017\u20132021)<\/li>\n<li>Joseph Boyd, Lotfi Slim, Judith Abecassis, H\u00e9ctor Climente-Gonz\u00e1lez (2016\u20132020)<\/li>\n<li>Peter Naylor, Benoit Playe, Beyrem Khalfaoui (2015\u20132019)<\/li>\n<li>Marine Le Morvan (2015\u20132018)<\/li>\n<li>Yunlong Jiao, Victor Bellon (2013\u20132017)<\/li>\n<li>Nelle Varoquaux, Alice Schoenauer Sebag, Erwan Scornet, Kevin Vervier, Matahi Moarii (2011\u20132015)<\/li>\n<li>Pierre Chiche, Edouard Pauwels (2010\u20132013)<\/li>\n<li>Toby Dylan Hocking (2009\u20132012)<\/li>\n<li>Fantine Mordelet (2007\u20132010)<\/li>\n<li>Brice Hoffmann (2007\u20132011)<\/li>\n<li>Martial Hue (2004\u20132011)<\/li>\n<li>Franck Rapaport (2004\u20132008)<\/li>\n<li>Pierre Mah\u00e9, Joannes Vermorel (2003\u20132006)<\/li>\n<li>Marco Cuturi (2002\u20132005)<\/li>\n<li>Laurent Jacob, Mikhail Zaslavskiy (2006\u20132009)<\/li>\n<\/ul>\n\t\t<\/div>\n\t\t<div class=\"col-md-6\">\n\t\t\t<h3>Anciens post-doctorants<\/h3>\n<ul>\n<li data-start=\"2315\" data-end=\"2346\">Marvin Lerousseau (2022\u20132024)<\/li>\n<li data-start=\"2349\" data-end=\"2399\">Aur\u00e9lie Beaufr\u00e8re, Gwena\u00eblle Lemoine (2022\u20132023)<\/li>\n<li data-start=\"2402\" data-end=\"2447\">Adeline Fermanian, Anne Jouinot (2020\u20132022)<\/li>\n<li data-start=\"2450\" data-end=\"2476\">Vivien Goepp (2020\u20132021)<\/li>\n<li data-start=\"2479\" data-end=\"2509\">Antoine R\u00e9canati (2018\u20132020)<\/li>\n<li data-start=\"2512\" data-end=\"2543\">Nino Shervashidze (2014\u20132017)<\/li>\n<li data-start=\"2546\" data-end=\"2577\">Svetlana Gribkova (2014\u20132016)<\/li>\n<li data-start=\"2580\" data-end=\"2607\">Emile Richard (2012\u20132013)<\/li>\n<li data-start=\"2610\" data-end=\"2657\">Xiwei Zhang, Jean-Louis Plouhinec (2014\u20132015)<\/li>\n<li data-start=\"2660\" data-end=\"2706\">Azadeh Khaleghi, Olivier Collier (2013\u20132015)<\/li>\n<li data-start=\"2709\" data-end=\"2737\">Kevin Bleakley (2008\u20132010)<\/li>\n<li data-start=\"2740\" data-end=\"2772\">Philippe Rouillier (2008\u20132009)<\/li>\n<li data-start=\"2775\" data-end=\"2804\">Karen Willbrand (2004\u20132005)<\/li>\n<\/ul>\n\t\t<\/div>\n\t<\/div>\n<\/div>\n\n\n<div class=\"container block-full-largeur\">\n\t<div class=\"row mt-4\">\n\t\t<div class=\"col-md-12\">\n\t\t\t<h3>Anciens ing\u00e9nieurs, assistants et chercheurs associ\u00e9s<\/h3>\n<ul>\n<li data-start=\"2872\" data-end=\"2922\">Julian Ostermaier (Ing\u00e9nieur de recherche, 2024)<\/li>\n<li data-start=\"2925\" data-end=\"2983\">Isabelle Schmitt (Responsable administrative, 2006\u20132018)<\/li>\n<li data-start=\"2986\" data-end=\"3049\">Jean-Philippe Vert (ancien membre permanent, chercheur associ\u00e9)<\/li>\n<\/ul>\n<h3>Ancien\u00b7nes stagiaires et visiteurs<\/h3>\n<p data-start=\"3096\" data-end=\"3188\">De nombreuses personnes ont contribu\u00e9 \u00e0 la vie du centre au fil des ann\u00e9es, parmi lesquelles :<\/p>\n<ul>\n<li data-start=\"3191\" data-end=\"3596\">Marie Dogo, Ana\u00eblle Hulbert, Johanna Lagoas, J\u00e9r\u00e9my Cohen, Paul Gagna, Florine Galois, Timoth\u00e9 Schmidt, Mounir Messaoudi, Dhruv Shidhaye, Axel Pr\u00e9vot, Camille Lebrun, Simon Gutwein, Sophia Chirrane, Chaimae Lahrairi, Thibaud Martinez, Ath\u00e9na\u00efs Vaginay, Samyadeep Basu, Jean-Daniel Granet, Denis Samuylov, Carl-Johann Simon-Gabriel, Yang Zhao, Omar Dhobb, Khalid Jebbari, Sayaka Mizutani, Yosuke Nishimura, Warith Harchaoui&#8230;<br data-start=\"3569\" data-end=\"3572\" \/>et bien d&rsquo;autres encore.<\/li>\n<\/ul>\n\t\t<\/div>\n\t<\/div>\n<\/div>","protected":false},"excerpt":{"rendered":"","protected":false},"author":4,"featured_media":1029,"parent":0,"menu_order":0,"comment_status":"closed","ping_status":"closed","template":"","meta":{"footnotes":""},"class_list":["post-568","page","type-page","status-publish","has-post-thumbnail","hentry"],"acf":[],"yoast_head":"<!-- This site is optimized with the Yoast SEO plugin v27.2 - https:\/\/yoast.com\/product\/yoast-seo-wordpress\/ -->\n<title>\u00c9quipe - CBIO Mines Paris - PSL<\/title>\n<meta name=\"robots\" content=\"index, follow, max-snippet:-1, max-image-preview:large, max-video-preview:-1\" \/>\n<link rel=\"canonical\" href=\"https:\/\/www.minesparis.psl.eu\/cbio\/lequipe\/\" \/>\n<meta property=\"og:locale\" content=\"fr_FR\" \/>\n<meta property=\"og:type\" content=\"article\" \/>\n<meta property=\"og:title\" content=\"\u00c9quipe - CBIO Mines Paris - PSL\" \/>\n<meta property=\"og:url\" content=\"https:\/\/www.minesparis.psl.eu\/cbio\/lequipe\/\" \/>\n<meta property=\"og:site_name\" content=\"CBIO Mines Paris - PSL\" \/>\n<meta property=\"article:modified_time\" content=\"2026-04-21T12:29:31+00:00\" \/>\n<meta property=\"og:image\" content=\"https:\/\/www.minesparis.psl.eu\/cbio\/wp-content\/uploads\/sites\/24\/2026\/02\/CBIO-1.jpeg\" \/>\n\t<meta property=\"og:image:width\" content=\"1474\" \/>\n\t<meta property=\"og:image:height\" content=\"916\" \/>\n\t<meta property=\"og:image:type\" content=\"image\/jpeg\" \/>\n<meta name=\"twitter:card\" content=\"summary_large_image\" \/>\n<meta name=\"twitter:label1\" content=\"Dur\u00e9e de lecture estim\u00e9e\" \/>\n\t<meta name=\"twitter:data1\" content=\"1 minute\" \/>\n<script type=\"application\/ld+json\" class=\"yoast-schema-graph\">{\"@context\":\"https:\/\/schema.org\",\"@graph\":[{\"@type\":\"WebPage\",\"@id\":\"https:\/\/www.minesparis.psl.eu\/cbio\/lequipe\/\",\"url\":\"https:\/\/www.minesparis.psl.eu\/cbio\/lequipe\/\",\"name\":\"\u00c9quipe - CBIO Mines Paris - PSL\",\"isPartOf\":{\"@id\":\"https:\/\/www.minesparis.psl.eu\/cbio\/#website\"},\"primaryImageOfPage\":{\"@id\":\"https:\/\/www.minesparis.psl.eu\/cbio\/lequipe\/#primaryimage\"},\"image\":{\"@id\":\"https:\/\/www.minesparis.psl.eu\/cbio\/lequipe\/#primaryimage\"},\"thumbnailUrl\":\"https:\/\/www.minesparis.psl.eu\/cbio\/wp-content\/uploads\/sites\/24\/2026\/02\/CBIO-1.jpeg\",\"datePublished\":\"2025-07-03T14:22:13+00:00\",\"dateModified\":\"2026-04-21T12:29:31+00:00\",\"breadcrumb\":{\"@id\":\"https:\/\/www.minesparis.psl.eu\/cbio\/lequipe\/#breadcrumb\"},\"inLanguage\":\"fr-FR\",\"potentialAction\":[{\"@type\":\"ReadAction\",\"target\":[\"https:\/\/www.minesparis.psl.eu\/cbio\/lequipe\/\"]}]},{\"@type\":\"ImageObject\",\"inLanguage\":\"fr-FR\",\"@id\":\"https:\/\/www.minesparis.psl.eu\/cbio\/lequipe\/#primaryimage\",\"url\":\"https:\/\/www.minesparis.psl.eu\/cbio\/wp-content\/uploads\/sites\/24\/2026\/02\/CBIO-1.jpeg\",\"contentUrl\":\"https:\/\/www.minesparis.psl.eu\/cbio\/wp-content\/uploads\/sites\/24\/2026\/02\/CBIO-1.jpeg\",\"width\":1474,\"height\":916},{\"@type\":\"BreadcrumbList\",\"@id\":\"https:\/\/www.minesparis.psl.eu\/cbio\/lequipe\/#breadcrumb\",\"itemListElement\":[{\"@type\":\"ListItem\",\"position\":1,\"name\":\"Accueil\",\"item\":\"https:\/\/www.minesparis.psl.eu\/cbio\/\"},{\"@type\":\"ListItem\",\"position\":2,\"name\":\"\u00c9quipe\"}]},{\"@type\":\"WebSite\",\"@id\":\"https:\/\/www.minesparis.psl.eu\/cbio\/#website\",\"url\":\"https:\/\/www.minesparis.psl.eu\/cbio\/\",\"name\":\"CBIO Mines Paris - PSL\",\"description\":\"\",\"publisher\":{\"@id\":\"https:\/\/www.minesparis.psl.eu\/cbio\/#organization\"},\"potentialAction\":[{\"@type\":\"SearchAction\",\"target\":{\"@type\":\"EntryPoint\",\"urlTemplate\":\"https:\/\/www.minesparis.psl.eu\/cbio\/?s={search_term_string}\"},\"query-input\":{\"@type\":\"PropertyValueSpecification\",\"valueRequired\":true,\"valueName\":\"search_term_string\"}}],\"inLanguage\":\"fr-FR\"},{\"@type\":\"Organization\",\"@id\":\"https:\/\/www.minesparis.psl.eu\/cbio\/#organization\",\"name\":\"CBIO Mines Paris - PSL\",\"url\":\"https:\/\/www.minesparis.psl.eu\/cbio\/\",\"logo\":{\"@type\":\"ImageObject\",\"inLanguage\":\"fr-FR\",\"@id\":\"https:\/\/www.minesparis.psl.eu\/cbio\/#\/schema\/logo\/image\/\",\"url\":\"https:\/\/www.minesparis.psl.eu\/cbio\/wp-content\/uploads\/sites\/24\/2025\/05\/cropped-cropped-CBIO-Logo-Mines-Paris-PSL-Bloc-Marque-Bleu-VF-scaled-1.jpg\",\"contentUrl\":\"https:\/\/www.minesparis.psl.eu\/cbio\/wp-content\/uploads\/sites\/24\/2025\/05\/cropped-cropped-CBIO-Logo-Mines-Paris-PSL-Bloc-Marque-Bleu-VF-scaled-1.jpg\",\"width\":2560,\"height\":573,\"caption\":\"CBIO Mines Paris - PSL\"},\"image\":{\"@id\":\"https:\/\/www.minesparis.psl.eu\/cbio\/#\/schema\/logo\/image\/\"}}]}<\/script>\n<!-- \/ Yoast SEO plugin. -->","yoast_head_json":{"title":"\u00c9quipe - CBIO Mines Paris - PSL","robots":{"index":"index","follow":"follow","max-snippet":"max-snippet:-1","max-image-preview":"max-image-preview:large","max-video-preview":"max-video-preview:-1"},"canonical":"https:\/\/www.minesparis.psl.eu\/cbio\/lequipe\/","og_locale":"fr_FR","og_type":"article","og_title":"\u00c9quipe - CBIO Mines Paris - PSL","og_url":"https:\/\/www.minesparis.psl.eu\/cbio\/lequipe\/","og_site_name":"CBIO Mines Paris - PSL","article_modified_time":"2026-04-21T12:29:31+00:00","og_image":[{"width":1474,"height":916,"url":"https:\/\/www.minesparis.psl.eu\/cbio\/wp-content\/uploads\/sites\/24\/2026\/02\/CBIO-1.jpeg","type":"image\/jpeg"}],"twitter_card":"summary_large_image","twitter_misc":{"Dur\u00e9e de lecture estim\u00e9e":"1 minute"},"schema":{"@context":"https:\/\/schema.org","@graph":[{"@type":"WebPage","@id":"https:\/\/www.minesparis.psl.eu\/cbio\/lequipe\/","url":"https:\/\/www.minesparis.psl.eu\/cbio\/lequipe\/","name":"\u00c9quipe - CBIO Mines Paris - PSL","isPartOf":{"@id":"https:\/\/www.minesparis.psl.eu\/cbio\/#website"},"primaryImageOfPage":{"@id":"https:\/\/www.minesparis.psl.eu\/cbio\/lequipe\/#primaryimage"},"image":{"@id":"https:\/\/www.minesparis.psl.eu\/cbio\/lequipe\/#primaryimage"},"thumbnailUrl":"https:\/\/www.minesparis.psl.eu\/cbio\/wp-content\/uploads\/sites\/24\/2026\/02\/CBIO-1.jpeg","datePublished":"2025-07-03T14:22:13+00:00","dateModified":"2026-04-21T12:29:31+00:00","breadcrumb":{"@id":"https:\/\/www.minesparis.psl.eu\/cbio\/lequipe\/#breadcrumb"},"inLanguage":"fr-FR","potentialAction":[{"@type":"ReadAction","target":["https:\/\/www.minesparis.psl.eu\/cbio\/lequipe\/"]}]},{"@type":"ImageObject","inLanguage":"fr-FR","@id":"https:\/\/www.minesparis.psl.eu\/cbio\/lequipe\/#primaryimage","url":"https:\/\/www.minesparis.psl.eu\/cbio\/wp-content\/uploads\/sites\/24\/2026\/02\/CBIO-1.jpeg","contentUrl":"https:\/\/www.minesparis.psl.eu\/cbio\/wp-content\/uploads\/sites\/24\/2026\/02\/CBIO-1.jpeg","width":1474,"height":916},{"@type":"BreadcrumbList","@id":"https:\/\/www.minesparis.psl.eu\/cbio\/lequipe\/#breadcrumb","itemListElement":[{"@type":"ListItem","position":1,"name":"Accueil","item":"https:\/\/www.minesparis.psl.eu\/cbio\/"},{"@type":"ListItem","position":2,"name":"\u00c9quipe"}]},{"@type":"WebSite","@id":"https:\/\/www.minesparis.psl.eu\/cbio\/#website","url":"https:\/\/www.minesparis.psl.eu\/cbio\/","name":"CBIO Mines Paris - PSL","description":"","publisher":{"@id":"https:\/\/www.minesparis.psl.eu\/cbio\/#organization"},"potentialAction":[{"@type":"SearchAction","target":{"@type":"EntryPoint","urlTemplate":"https:\/\/www.minesparis.psl.eu\/cbio\/?s={search_term_string}"},"query-input":{"@type":"PropertyValueSpecification","valueRequired":true,"valueName":"search_term_string"}}],"inLanguage":"fr-FR"},{"@type":"Organization","@id":"https:\/\/www.minesparis.psl.eu\/cbio\/#organization","name":"CBIO Mines Paris - PSL","url":"https:\/\/www.minesparis.psl.eu\/cbio\/","logo":{"@type":"ImageObject","inLanguage":"fr-FR","@id":"https:\/\/www.minesparis.psl.eu\/cbio\/#\/schema\/logo\/image\/","url":"https:\/\/www.minesparis.psl.eu\/cbio\/wp-content\/uploads\/sites\/24\/2025\/05\/cropped-cropped-CBIO-Logo-Mines-Paris-PSL-Bloc-Marque-Bleu-VF-scaled-1.jpg","contentUrl":"https:\/\/www.minesparis.psl.eu\/cbio\/wp-content\/uploads\/sites\/24\/2025\/05\/cropped-cropped-CBIO-Logo-Mines-Paris-PSL-Bloc-Marque-Bleu-VF-scaled-1.jpg","width":2560,"height":573,"caption":"CBIO Mines Paris - PSL"},"image":{"@id":"https:\/\/www.minesparis.psl.eu\/cbio\/#\/schema\/logo\/image\/"}}]}},"_links":{"self":[{"href":"https:\/\/www.minesparis.psl.eu\/cbio\/wp-json\/wp\/v2\/pages\/568","targetHints":{"allow":["GET"]}}],"collection":[{"href":"https:\/\/www.minesparis.psl.eu\/cbio\/wp-json\/wp\/v2\/pages"}],"about":[{"href":"https:\/\/www.minesparis.psl.eu\/cbio\/wp-json\/wp\/v2\/types\/page"}],"author":[{"embeddable":true,"href":"https:\/\/www.minesparis.psl.eu\/cbio\/wp-json\/wp\/v2\/users\/4"}],"replies":[{"embeddable":true,"href":"https:\/\/www.minesparis.psl.eu\/cbio\/wp-json\/wp\/v2\/comments?post=568"}],"version-history":[{"count":55,"href":"https:\/\/www.minesparis.psl.eu\/cbio\/wp-json\/wp\/v2\/pages\/568\/revisions"}],"predecessor-version":[{"id":1085,"href":"https:\/\/www.minesparis.psl.eu\/cbio\/wp-json\/wp\/v2\/pages\/568\/revisions\/1085"}],"wp:featuredmedia":[{"embeddable":true,"href":"https:\/\/www.minesparis.psl.eu\/cbio\/wp-json\/wp\/v2\/media\/1029"}],"wp:attachment":[{"href":"https:\/\/www.minesparis.psl.eu\/cbio\/wp-json\/wp\/v2\/media?parent=568"}],"curies":[{"name":"wp","href":"https:\/\/api.w.org\/{rel}","templated":true}]}}